{"id":4092,"date":"2024-04-22T18:11:59","date_gmt":"2024-04-22T16:11:59","guid":{"rendered":"https:\/\/wimoov.shop\/naboso-duo-einlegesohlen\/"},"modified":"2025-04-26T13:08:12","modified_gmt":"2025-04-26T11:08:12","slug":"naboso-duo-einlegesohlen","status":"publish","type":"product","link":"https:\/\/wimoov.shop\/de\/naboso-duo-einlegesohlen\/","title":{"rendered":"Naboso Duo Einlegesohlen"},"content":{"rendered":"\n\t<section class=\"section\" id=\"section_452781580\">\n\t\t<div class=\"section-bg fill\" >\n\t\t\t\t\t\t\t\t\t\n\t\t\t\n\n\t\t<\/div>\n\n\t\t\n\n\t\t<div class=\"section-content relative\">\n\t\t\t\n\n<div class=\"row\"  id=\"row-1871113330\">\n\n\n\t<div id=\"col-1217109135\" class=\"col small-12 large-12\"  >\n\t\t\t\t<div class=\"col-inner\"  >\n\t\t\t\n\t\t\t\n\n\t<div id=\"text-3561496956\" class=\"text\">\n\t\t\n\n<h2>Warum Naboso?<\/h2>\n\t\t\n<style>\n#text-3561496956 {\n  font-size: 1.5rem;\n  text-align: center;\n}\n<\/style>\n\t<\/div>\n\t\n\n\t\t<\/div>\n\t\t\t\t\t<\/div>\n\n\t\n\n<\/div>\n<div class=\"row\"  id=\"row-1645297987\">\n\n\n\t<div id=\"col-1696061136\" class=\"col medium-4 small-12 large-4\"  >\n\t\t\t\t<div class=\"col-inner\"  >\n\t\t\t\n\t\t\t\n\n\n\t\t<div class=\"icon-box featured-box icon-box-center text-center\"  >\n\t\t\t\t\t<div class=\"icon-box-img\" style=\"width: 152px\">\n\t\t\t\t<div class=\"icon\">\n\t\t\t\t\t<div class=\"icon-inner\" >\n\t\t\t\t\t\t<img decoding=\"async\" width=\"1\" height=\"1\" src=\"https:\/\/wimoov.shop\/wp-content\/uploads\/2024\/06\/Icon_Sensory_Connection.svg\" class=\"attachment-medium size-medium\" alt=\"\" title=\"\">\t\t\t\t\t<\/div>\n\t\t\t\t<\/div>\n\t\t\t<\/div>\n\t\t\t\t<div class=\"icon-box-text last-reset\">\n\t\t\t\t\t\t\t\t\t\n\n<h3>NEURONALE VERBINDUNG<\/h3>\n<p>Optimale Stimulation gibt dem Gehirn eine bessere Kontrolle \u00fcber die Bewegung<\/p>\n\n\t\t<\/div>\n\t<\/div>\n\t\n\t\n\n\t\t<\/div>\n\t\t\t\t\t<\/div>\n\n\t\n\n\t<div id=\"col-502835395\" class=\"col medium-4 small-12 large-4\"  >\n\t\t\t\t<div class=\"col-inner\"  >\n\t\t\t\n\t\t\t\n\n\n\t\t<div class=\"icon-box featured-box icon-box-center text-center\"  >\n\t\t\t\t\t<div class=\"icon-box-img\" style=\"width: 152px\">\n\t\t\t\t<div class=\"icon\">\n\t\t\t\t\t<div class=\"icon-inner\" >\n\t\t\t\t\t\t<img decoding=\"async\" width=\"1\" height=\"1\" src=\"https:\/\/wimoov.shop\/wp-content\/uploads\/2024\/06\/Icon_Foot_Stimulation.svg\" class=\"attachment-medium size-medium\" alt=\"\" title=\"\">\t\t\t\t\t<\/div>\n\t\t\t\t<\/div>\n\t\t\t<\/div>\n\t\t\t\t<div class=\"icon-box-text last-reset\">\n\t\t\t\t\t\t\t\t\t\n\n<h3>ALLEINIGE STIMULATION<\/h3>\n<p>Entwickelt, um die Nervenenden im Fu\u00df auf einzigartige Weise zu stimulieren<\/p>\n\n\t\t<\/div>\n\t<\/div>\n\t\n\t\n\n\t\t<\/div>\n\t\t\t\t\t<\/div>\n\n\t\n\n\t<div id=\"col-1799585352\" class=\"col medium-4 small-12 large-4\"  >\n\t\t\t\t<div class=\"col-inner\"  >\n\t\t\t\n\t\t\t\n\n\n\t\t<div class=\"icon-box featured-box icon-box-center text-center\"  >\n\t\t\t\t\t<div class=\"icon-box-img\" style=\"width: 152px\">\n\t\t\t\t<div class=\"icon\">\n\t\t\t\t\t<div class=\"icon-inner\" >\n\t\t\t\t\t\t<img decoding=\"async\" width=\"1\" height=\"1\" src=\"https:\/\/wimoov.shop\/wp-content\/uploads\/2024\/06\/Icon_Insoles.svg\" class=\"attachment-medium size-medium\" alt=\"\" title=\"\">\t\t\t\t\t<\/div>\n\t\t\t\t<\/div>\n\t\t\t<\/div>\n\t\t\t\t<div class=\"icon-box-text last-reset\">\n\t\t\t\t\t\t\t\t\t\n\n<h3>STABILIT\u00c4T UND KONTROLLE<\/h3>\n<p>Unsere Haltung, Bewegung und sportliche Leistung beginnen auf dem Boden<\/p>\n\n\t\t<\/div>\n\t<\/div>\n\t\n\t\n\n\t\t<\/div>\n\t\t\t\t\t<\/div>\n\n\t\n\n<\/div>\n\n\t\t<\/div>\n\n\t\t\n<style>\n#section_452781580 {\n  padding-top: 30px;\n  padding-bottom: 30px;\n  background-color: rgb(240, 240, 240);\n}\n<\/style>\n\t<\/section>\n\t\n\n\t<section class=\"section has-parallax\" id=\"section_1272734165\">\n\t\t<div class=\"section-bg fill\" data-parallax-container=\".section\" data-parallax-background data-parallax=\"-5\">\n\t\t\t<img decoding=\"async\" width=\"2560\" height=\"1599\" src=\"https:\/\/wimoov.shop\/wp-content\/uploads\/2024\/06\/Insole_Full_Bleed_Lifestyle_Image-scaled.jpg\" class=\"bg attachment- size-\" alt=\"\" title=\"\">\t\t\t\t\t\t<div class=\"section-bg-overlay absolute fill\"><\/div>\n\t\t\t\n\t<div class=\"is-border\"\n\t\tstyle=\"border-color:rgb(235, 235, 235);border-width:0px 0px 0px 0px;\">\n\t<\/div>\n\n\t\t<\/div>\n\n\t\t\n\n\t\t<div class=\"section-content relative\">\n\t\t\t\n\n<div class=\"row row-large align-center\"  id=\"row-333905583\">\n\n\n\t<div id=\"col-1978928967\" class=\"col small-12 large-12\"  data-animate=\"fadeInDown\">\n\t\t\t\t<div class=\"col-inner text-center dark\"  >\n\t\t\t\n\t\t\t\n\n\t<div id=\"text-1998308779\" class=\"text\">\n\t\t\n\n<h2>Das Fundament, auf das du bauen kannst<\/h2>\nSensoraktivierungsprodukte mit einer einzigartigen Oberfl\u00e4che, die die Fu\u00dffunktion und Bewegung von Grund auf entwickelt, damit du dich besser f\u00fchlst, deine Haltung verbesserst und dich besser bewegen kannst.\n\t\t\n<style>\n#text-1998308779 {\n  font-size: 1.2rem;\n}\n@media (min-width:550px) {\n  #text-1998308779 {\n    font-size: 1.5rem;\n  }\n}\n<\/style>\n\t<\/div>\n\t\n\n\t\t<\/div>\n\t\t\t\t\n<style>\n#col-1978928967 > .col-inner {\n  padding: 15px 15px 15px 15px;\n  border-radius: 15px;\n}\n<\/style>\n\t<\/div>\n\n\t\n\n<\/div>\n\n\t\t<\/div>\n\n\t\t\n<style>\n#section_1272734165 {\n  padding-top: 59px;\n  padding-bottom: 59px;\n  min-height: 514px;\n}\n#section_1272734165 .section-bg-overlay {\n  background-color: rgba(0, 0, 0, 0.343);\n}\n#section_1272734165 .section-bg img {\n  object-position: 70% 37%;\n}\n@media (min-width:550px) {\n  #section_1272734165 {\n    min-height: 900px;\n  }\n}\n<\/style>\n\t<\/section>\n\t\n<div class=\"row\"  id=\"row-1767823087\">\n\n\n\t<div id=\"col-847544838\" class=\"col medium-6 small-12 large-6\"  >\n\t\t\t\t<div class=\"col-inner\"  >\n\t\t\t\n\t\t\t\n\n\t<div class=\"img has-hover x md-x lg-x y md-y lg-y\" id=\"image_1656895306\">\n\t\t\t\t\t\t\t\t<div class=\"img-inner dark\" >\n\t\t\t<img decoding=\"async\" width=\"360\" height=\"596\" src=\"https:\/\/wimoov.shop\/wp-content\/uploads\/2024\/06\/TGU_on_mat_360x.jpg\" class=\"attachment-large size-large\" alt=\"\" srcset=\"https:\/\/wimoov.shop\/wp-content\/uploads\/2024\/06\/TGU_on_mat_360x.jpg 360w, https:\/\/wimoov.shop\/wp-content\/uploads\/2024\/06\/TGU_on_mat_360x-181x300.jpg 181w\" sizes=\"(max-width: 360px) 100vw, 360px\" title=\"\">\t\t\t\t\t\t\n\t\t\t\t\t<\/div>\n\t\t\t\t\t\t\t\t\n<style>\n#image_1656895306 {\n  width: 100%;\n}\n<\/style>\n\t<\/div>\n\t\n\n\n\t\t<\/div>\n\t\t\t\t\t<\/div>\n\n\t\n\n\t<div id=\"col-946250004\" class=\"col medium-6 small-12 large-6\"  >\n\t\t\t\t<div class=\"col-inner dark\"  >\n\t\t\t\n\t\t\t\n\n\n  <div class=\"banner has-hover\" id=\"banner-898141120\">\n          <div class=\"banner-inner fill\">\n        <div class=\"banner-bg fill\" >\n                                                \n                    <\/div>\n\t\t\n        <div class=\"banner-layers container\">\n            <div class=\"fill banner-link\"><\/div>            \n\n   <div id=\"text-box-1963377973\" class=\"text-box banner-layer x50 md-x50 lg-x50 y50 md-y50 lg-y50 res-text\">\n                                <div class=\"text-box-content text \">\n              \n              <div class=\"text-inner text-center\">\n                  \n\n\t<div id=\"text-2809308192\" class=\"text\">\n\t\t\n\n<h3>Mach mit bei der #FromTheGroundUp Bewegung<\/h3>\nMit dem Fokus auf gesunde F\u00fc\u00dfe wollen wir den Ansatz f\u00f6rdern, dass optimale Bewegung mit dem Boden beginnt. Mach mit!\n\t\t\n<style>\n#text-2809308192 {\n  font-size: 0.95rem;\n  line-height: 1.5;\n  color: rgb(0,0,0);\n}\n#text-2809308192 > * {\n  color: rgb(0,0,0);\n}\n@media (min-width:550px) {\n  #text-2809308192 {\n    font-size: 1rem;\n    line-height: 2.05;\n  }\n}\n<\/style>\n\t<\/div>\n\t\n<a href=\"https:\/\/naboso.hu\/kuldetesunk\/\" target=\"_blank\" class=\"button primary is-larger\" rel=\"noopener\" style=\"border-radius:99px;\">\n\t\t<span>Unser Auftrag<\/span>\n\t<\/a>\n\n\n\n              <\/div>\n           <\/div>\n                            \n<style>\n#text-box-1963377973 {\n  width: 100%;\n}\n#text-box-1963377973 .text-box-content {\n  font-size: 100%;\n}\n<\/style>\n    <\/div>\n \n\n        <\/div>\n      <\/div>\n\n            \n<style>\n#banner-898141120 {\n  padding-top: 150%;\n  background-color: rgb(255, 255, 255);\n}\n<\/style>\n  <\/div>\n\n\n\n\t\t<\/div>\n\t\t\t\t\t<\/div>\n\n\t\n\n\t<div id=\"col-109547660\" class=\"col small-12 large-12\"  >\n\t\t\t\t<div class=\"col-inner\"  >\n\t\t\t\n\t\t\t\n\n<div class=\"video video-fit mb\" style=\"padding-top:56.25%;\"><p><iframe loading=\"lazy\" title=\"Which Naboso Insole Is Right for Me?\" width=\"1020\" height=\"574\" src=\"https:\/\/www.youtube.com\/embed\/-6OD2cUHCRo?feature=oembed\" frameborder=\"0\" allow=\"accelerometer; autoplay; clipboard-write; encrypted-media; gyroscope; picture-in-picture; web-share\" referrerpolicy=\"strict-origin-when-cross-origin\" allowfullscreen><\/iframe><\/p>\n<\/div>\n\n\n\t\t<\/div>\n\t\t\t\t\t<\/div>\n\n\t\n\n<\/div>\n\n\t<section class=\"section dark\" id=\"section_485391484\">\n\t\t<div class=\"section-bg fill\" >\n\t\t\t<img decoding=\"async\" width=\"2560\" height=\"1599\" src=\"https:\/\/wimoov.shop\/wp-content\/uploads\/2024\/06\/Mat_Full_Bleed_Lifestyle_Image-scaled.jpg\" class=\"bg attachment- size-\" alt=\"\" title=\"\">\t\t\t\t\t\t\n\t\t\t\n\n\t\t<\/div>\n\n\t\t\n\n\t\t<div class=\"section-content relative\">\n\t\t\t\n\n\t<div id=\"text-3857133259\" class=\"text\">\n\t\t\n\n<h2>Einzigartige Oberfl\u00e4che f\u00fcr optimale Stimulation des Fu\u00dfes<\/h2>\n\t\t\n<style>\n#text-3857133259 {\n  font-size: 1.65rem;\n  text-align: center;\n}\n@media (min-width:550px) {\n  #text-3857133259 {\n    font-size: 2rem;\n  }\n}\n@media (min-width:850px) {\n  #text-3857133259 {\n    font-size: 2.4rem;\n  }\n}\n<\/style>\n\t<\/div>\n\t\n<div class=\"row\"  id=\"row-1993546845\">\n\n\n\t<div id=\"col-1153319876\" class=\"col small-12 large-12\"  >\n\t\t\t\t<div class=\"col-inner text-center\"  >\n\t\t\t\n\t\t\t\n\n<a href=\"\/termekkategoria\/szonyegek\/\" class=\"button white is-outline is-large\" style=\"border-radius:99px;\">\n\t\t<span>Teppich w\u00e4hlen<\/span>\n\t<\/a>\n\n\n\n\t\t<\/div>\n\t\t\t\t\t<\/div>\n\n\t\n\n<\/div>\n\n\t\t<\/div>\n\n\t\t\n<style>\n#section_485391484 {\n  padding-top: 30px;\n  padding-bottom: 30px;\n  min-height: 532px;\n  background-color: rgb(40, 40, 40);\n}\n#section_485391484 .section-bg img {\n  object-position: 55% 87%;\n}\n@media (min-width:550px) {\n  #section_485391484 {\n    min-height: 900px;\n  }\n}\n<\/style>\n\t<\/section>\n\t\n","protected":false},"excerpt":{"rendered":"<div>Die neue Naboso\u00ae Duo ist die Zukunft der Einlegesohlen. Diese wendbare Silikoneinlage bietet zwei verschiedene Stimulationsstufen und wirkt immer auf der Stufe, die deinen Bed\u00fcrfnissen entspricht.  Egal, ob du einfach nur deine Beine &#8220;aufwecken&#8221;, ihre Kraft erh\u00f6hen, die Erm\u00fcdung verlangsamen oder deine Leistung verbessern willst, Naboso\u00ae Duo ist f\u00fcr dich da.<\/div>\n<div>Auf der einen Seite der Einlegesohle findest du die Oberfl\u00e4che unserer Activation-Einlegesohle, auf der anderen Seite die Oberfl\u00e4che unserer Performance-Einlegesohle.<\/div>\n<div><\/div>\n<div>Die Naboso\u00ae-Einlegesohle ist die einzige propriozeptive, stimulierende Einlegesohle auf dem Markt, die so d\u00fcnn ist, dass sie in jedem Schuh oder \u00fcber vorhandenen Fu\u00dfgew\u00f6lbest\u00fctzen oder Orthesen getragen werden kann.<\/div>\n<div>\t<div id=\"gap-1350855961\" class=\"gap-element clearfix\" style=\"display:block; height:auto;\">\n\t\t\n<style>\n#gap-1350855961 {\n  padding-top: 15px;\n}\n<\/style>\n\t<\/div>\n\t<\/div>\n<div><\/div>\n<div><strong>Empfohlen f\u00fcr:<\/strong><\/div>\n<ul>\n<li>Um deine Beine im Stehen bei der Arbeit, im Fitnessstudio &#8230; jederzeit und \u00fcberall aufzuwecken.<\/li>\n<li>Um das Bewusstsein f\u00fcr die Beine zu sch\u00e4rfen, das Gleichgewicht zu verbessern und die Bewegungseffizienz zu steigern.<\/li>\n<li>F\u00fcr eine optimale Beinstimulation, um den Schritt zu stimulieren und Beinschmerzen zu reduzieren<\/li>\n<li>Verbesserung des Haltungsbewusstseins und des Gleichgewichts beim Stehen und Gehen<\/li>\n<li>Nicht gepolsterte, f\u00fchlende Einlegesohlen f\u00fcr den t\u00e4glichen Gebrauch.<\/li>\n<\/ul>\n<p><strong>Gut zu wissen:<\/strong><\/p>\n<ul>\n<li>D\u00fcnn genug, um mit allen Arten von Schuhen zu funktionieren.<\/li>\n<li>Kann \u00fcber bestehende Einlegesohlen gelegt werden.<\/li>\n<li>Trage sie barfu\u00df oder mit d\u00fcnnen Socken.<\/li>\n<\/ul>\n<div>Nicht gepolsterte, stimulierende Einlegesohlen f\u00fcr den t\u00e4glichen Gebrauch.<\/div>\n<div>Die Produkte werden in der gr\u00f6\u00dften Gr\u00f6\u00dfe (Gr\u00f6\u00dfe 48,5) geliefert, eine individuelle Anpassung ist erforderlich!<\/div>\n<div><strong>Medizinisches Silikon | Latexfrei | BPA-frei<\/strong><\/div>\n<div>30 Tage Zufriedenheitsgarantie<\/div>\n","protected":false},"featured_media":5315,"comment_status":"open","ping_status":"closed","template":"","meta":{"bwfblock_default_font":""},"product_brand":[],"product_cat":[243,123,239,129,140],"product_tag":[],"class_list":{"0":"post-4092","1":"product","2":"type-product","3":"status-publish","4":"has-post-thumbnail","6":"product_cat-einlegesohlen","7":"product_cat-entspannung-regeneration","8":"product_cat-kraftentwicklung","9":"product_cat-naboso","10":"product_cat-workout-de","11":"pa_marka-naboso","13":"first","14":"instock","15":"taxable","16":"shipping-taxable","17":"purchasable","18":"product-type-simple"},"_links":{"self":[{"href":"https:\/\/wimoov.shop\/de\/wp-json\/wp\/v2\/product\/4092","targetHints":{"allow":["GET"]}}],"collection":[{"href":"https:\/\/wimoov.shop\/de\/wp-json\/wp\/v2\/product"}],"about":[{"href":"https:\/\/wimoov.shop\/de\/wp-json\/wp\/v2\/types\/product"}],"replies":[{"embeddable":true,"href":"https:\/\/wimoov.shop\/de\/wp-json\/wp\/v2\/comments?post=4092"}],"wp:featuredmedia":[{"embeddable":true,"href":"https:\/\/wimoov.shop\/de\/wp-json\/wp\/v2\/media\/5315"}],"wp:attachment":[{"href":"https:\/\/wimoov.shop\/de\/wp-json\/wp\/v2\/media?parent=4092"}],"wp:term":[{"taxonomy":"product_brand","embeddable":true,"href":"https:\/\/wimoov.shop\/de\/wp-json\/wp\/v2\/product_brand?post=4092"},{"taxonomy":"product_cat","embeddable":true,"href":"https:\/\/wimoov.shop\/de\/wp-json\/wp\/v2\/product_cat?post=4092"},{"taxonomy":"product_tag","embeddable":true,"href":"https:\/\/wimoov.shop\/de\/wp-json\/wp\/v2\/product_tag?post=4092"}],"curies":[{"name":"wp","href":"https:\/\/api.w.org\/{rel}","templated":true}]}}