{"id":4083,"date":"2024-04-22T18:11:59","date_gmt":"2024-04-22T16:11:59","guid":{"rendered":"https:\/\/wimoov.shop\/naboso-foot-recovery-soeckchen\/"},"modified":"2025-06-02T14:55:05","modified_gmt":"2025-06-02T12:55:05","slug":"naboso-foot-recovery-soeckchen","status":"publish","type":"product","link":"https:\/\/wimoov.shop\/de\/naboso-foot-recovery-soeckchen\/","title":{"rendered":"Naboso Foot Recovery S\u00f6ckchen"},"content":{"rendered":"\n\t<section class=\"section\" id=\"section_1752254833\">\n\t\t<div class=\"section-bg fill\" >\n\t\t\t\t\t\t\t\t\t\n\t\t\t\n\n\t\t<\/div>\n\n\t\t\n\n\t\t<div class=\"section-content relative\">\n\t\t\t\n\n<div class=\"row\"  id=\"row-316894376\">\n\n\n\t<div id=\"col-32080727\" class=\"col small-12 large-12\"  >\n\t\t\t\t<div class=\"col-inner\"  >\n\t\t\t\n\t\t\t\n\n\t<div id=\"text-2150770953\" class=\"text\">\n\t\t\n\n<h2>Warum Naboso?<\/h2>\n\t\t\n<style>\n#text-2150770953 {\n  font-size: 1.5rem;\n  text-align: center;\n}\n<\/style>\n\t<\/div>\n\t\n\n\t\t<\/div>\n\t\t\t\t\t<\/div>\n\n\t\n\n<\/div>\n<div class=\"row\"  id=\"row-1757902290\">\n\n\n\t<div id=\"col-1515223161\" class=\"col medium-4 small-12 large-4\"  >\n\t\t\t\t<div class=\"col-inner\"  >\n\t\t\t\n\t\t\t\n\n\n\t\t<div class=\"icon-box featured-box icon-box-center text-center\"  >\n\t\t\t\t\t<div class=\"icon-box-img\" style=\"width: 152px\">\n\t\t\t\t<div class=\"icon\">\n\t\t\t\t\t<div class=\"icon-inner\" >\n\t\t\t\t\t\t<img decoding=\"async\" width=\"1\" height=\"1\" src=\"https:\/\/wimoov.shop\/wp-content\/uploads\/2024\/06\/Icon_Sensory_Connection.svg\" class=\"attachment-medium size-medium\" alt=\"\" title=\"\">\t\t\t\t\t<\/div>\n\t\t\t\t<\/div>\n\t\t\t<\/div>\n\t\t\t\t<div class=\"icon-box-text last-reset\">\n\t\t\t\t\t\t\t\t\t\n\n\t<div id=\"text-1802653883\" class=\"text\">\n\t\t\n\n<h3>NEURONALE VERBINDUNG<\/h3>\nOptimale Stimulation gibt dem Gehirn eine bessere Kontrolle \u00fcber die Bewegung\n\t\t\n<style>\n#text-1802653883 {\n  text-align: center;\n}\n<\/style>\n\t<\/div>\n\t\n\n\t\t<\/div>\n\t<\/div>\n\t\n\t\n\n\t\t<\/div>\n\t\t\t\t\t<\/div>\n\n\t\n\n\t<div id=\"col-1698579941\" class=\"col medium-4 small-12 large-4\"  >\n\t\t\t\t<div class=\"col-inner\"  >\n\t\t\t\n\t\t\t\n\n\n\t\t<div class=\"icon-box featured-box icon-box-center text-center\"  >\n\t\t\t\t\t<div class=\"icon-box-img\" style=\"width: 152px\">\n\t\t\t\t<div class=\"icon\">\n\t\t\t\t\t<div class=\"icon-inner\" >\n\t\t\t\t\t\t<img decoding=\"async\" width=\"1\" height=\"1\" src=\"https:\/\/wimoov.shop\/wp-content\/uploads\/2024\/06\/Icon_Foot_Stimulation.svg\" class=\"attachment-medium size-medium\" alt=\"\" title=\"\">\t\t\t\t\t<\/div>\n\t\t\t\t<\/div>\n\t\t\t<\/div>\n\t\t\t\t<div class=\"icon-box-text last-reset\">\n\t\t\t\t\t\t\t\t\t\n\n\t<div id=\"text-506045540\" class=\"text\">\n\t\t\n\n<h3>ALLEINIGE STIMULATION<\/h3>\nEntwickelt, um die Nervenenden im Fu\u00df auf einzigartige Weise zu stimulieren\n\t\t\n<style>\n#text-506045540 {\n  text-align: center;\n}\n<\/style>\n\t<\/div>\n\t\n\n\t\t<\/div>\n\t<\/div>\n\t\n\t\n\n\t\t<\/div>\n\t\t\t\t\t<\/div>\n\n\t\n\n\t<div id=\"col-625217251\" class=\"col medium-4 small-12 large-4\"  >\n\t\t\t\t<div class=\"col-inner\"  >\n\t\t\t\n\t\t\t\n\n\n\t\t<div class=\"icon-box featured-box icon-box-center text-center\"  >\n\t\t\t\t\t<div class=\"icon-box-img\" style=\"width: 152px\">\n\t\t\t\t<div class=\"icon\">\n\t\t\t\t\t<div class=\"icon-inner\" >\n\t\t\t\t\t\t<img decoding=\"async\" width=\"1\" height=\"1\" src=\"https:\/\/wimoov.shop\/wp-content\/uploads\/2024\/06\/Icon_Stability_and_Control.svg\" class=\"attachment-medium size-medium\" alt=\"\" title=\"\">\t\t\t\t\t<\/div>\n\t\t\t\t<\/div>\n\t\t\t<\/div>\n\t\t\t\t<div class=\"icon-box-text last-reset\">\n\t\t\t\t\t\t\t\t\t\n\n\t<div id=\"text-3326229240\" class=\"text\">\n\t\t\n\n<h3>STABILIT\u00c4T UND KONTROLLE<\/h3>\nUnsere Haltung, Bewegung und sportliche Leistung beginnen auf dem Boden\n\t\t\n<style>\n#text-3326229240 {\n  text-align: center;\n}\n<\/style>\n\t<\/div>\n\t\n\n\t\t<\/div>\n\t<\/div>\n\t\n\t\n\n\t\t<\/div>\n\t\t\t\t\t<\/div>\n\n\t\n\n<\/div>\n\n\t\t<\/div>\n\n\t\t\n<style>\n#section_1752254833 {\n  padding-top: 30px;\n  padding-bottom: 30px;\n  background-color: rgb(240, 240, 240);\n}\n<\/style>\n\t<\/section>\n\t\n\n\t<section class=\"section has-parallax\" id=\"section_1494587268\">\n\t\t<div class=\"section-bg fill\" data-parallax-container=\".section\" data-parallax-background data-parallax=\"-5\">\n\t\t\t<img decoding=\"async\" width=\"750\" height=\"625\" src=\"https:\/\/wimoov.shop\/wp-content\/uploads\/2024\/06\/nabososockshomepage_750x.png\" class=\"bg attachment- size-\" alt=\"\" title=\"\">\t\t\t\t\t\t<div class=\"section-bg-overlay absolute fill\"><\/div>\n\t\t\t\n\n\t\t<\/div>\n\n\t\t\n\n\t\t<div class=\"section-content relative\">\n\t\t\t\n\n<div class=\"row\"  id=\"row-785771198\">\n\n\n\t<div id=\"col-131246739\" class=\"col small-12 large-12\"  >\n\t\t\t\t<div class=\"col-inner dark\"  >\n\t\t\t\n\t\t\t\n\n\t<div id=\"text-3836881582\" class=\"text\">\n\t\t\n\n<h2>Das Fundament, auf das du bauen kannst<\/h2>\nSensoraktivierungsprodukte mit einer einzigartigen Oberfl\u00e4che, die die Fu\u00dffunktion und Bewegung von Grund auf entwickelt, damit du dich besser f\u00fchlst, deine Haltung verbesserst und dich besser bewegen kannst.\n\t\t\n<style>\n#text-3836881582 {\n  font-size: 1.2rem;\n  text-align: center;\n}\n@media (min-width:550px) {\n  #text-3836881582 {\n    font-size: 1.5rem;\n  }\n}\n<\/style>\n\t<\/div>\n\t\n\n\t\t<\/div>\n\t\t\t\t\n<style>\n#col-131246739 > .col-inner {\n  border-radius: 15px;\n}\n<\/style>\n\t<\/div>\n\n\t\n\n<\/div>\n\n\t\t<\/div>\n\n\t\t\n<style>\n#section_1494587268 {\n  padding-top: 30px;\n  padding-bottom: 30px;\n  min-height: 512px;\n}\n#section_1494587268 .section-bg-overlay {\n  background-color: rgba(0, 0, 0, 0.221);\n}\n#section_1494587268 .section-bg img {\n  object-position: 56% 65%;\n}\n@media (min-width:550px) {\n  #section_1494587268 {\n    min-height: 730px;\n  }\n}\n@media (min-width:850px) {\n  #section_1494587268 {\n    min-height: 900px;\n  }\n}\n<\/style>\n\t<\/section>\n\t\n<div class=\"row\"  id=\"row-1675181956\">\n\n\n\t<div id=\"col-1266190011\" class=\"col medium-6 small-12 large-6\"  >\n\t\t\t\t<div class=\"col-inner dark\"  >\n\t\t\t\n\t\t\t\n\n\n  <div class=\"banner has-hover\" id=\"banner-1918376952\">\n          <div class=\"banner-inner fill\">\n        <div class=\"banner-bg fill\" >\n            <img decoding=\"async\" width=\"684\" height=\"1024\" src=\"https:\/\/wimoov.shop\/wp-content\/uploads\/2024\/06\/Naboso_Sensory_Socks_PDP_Feet_1800x1800-684x1024.jpg\" class=\"bg attachment-large size-large\" alt=\"\" title=\"\">                                    \n                    <\/div>\n\t\t\n        <div class=\"banner-layers container\">\n            <div class=\"fill banner-link\"><\/div>            \n\n\n        <\/div>\n      <\/div>\n\n            \n<style>\n#banner-1918376952 {\n  padding-top: 500px;\n}\n<\/style>\n  <\/div>\n\n\n\n\t\t<\/div>\n\t\t\t\t\t<\/div>\n\n\t\n\n\t<div id=\"col-157670133\" class=\"col medium-6 small-12 large-6\"  >\n\t\t\t\t<div class=\"col-inner\"  >\n\t\t\t\n\t\t\t\n\n\n  <div class=\"banner has-hover\" id=\"banner-1826500670\">\n          <div class=\"banner-inner fill\">\n        <div class=\"banner-bg fill\" >\n                                                \n                    <\/div>\n\t\t\n        <div class=\"banner-layers container\">\n            <div class=\"fill banner-link\"><\/div>            \n\n   <div id=\"text-box-265087012\" class=\"text-box banner-layer x50 md-x50 lg-x50 y50 md-y50 lg-y50 res-text\">\n                                <div class=\"text-box-content text dark\">\n              \n              <div class=\"text-inner text-center\">\n                  \n\n\t<div id=\"text-2902018133\" class=\"text\">\n\t\t\n\n<h3>Mach mit bei der #FromTheGroundUp Bewegung<\/h3>\nMit dem Fokus auf gesunde F\u00fc\u00dfe wollen wir den Ansatz f\u00f6rdern, dass optimale Bewegung mit dem Boden beginnt. Mach mit!\n\t\t\n<style>\n#text-2902018133 {\n  font-size: 0.95rem;\n  line-height: 1.5;\n  text-align: center;\n  color: rgb(0, 0, 0);\n}\n#text-2902018133 > * {\n  color: rgb(0, 0, 0);\n}\n@media (min-width:550px) {\n  #text-2902018133 {\n    font-size: 1rem;\n  }\n}\n<\/style>\n\t<\/div>\n\t\n<a href=\"https:\/\/naboso.hu\/kuldetesunk\/\" target=\"_blank\" class=\"button primary is-larger\" rel=\"noopener\" style=\"border-radius:99px;\">\n\t\t<span>Unser Auftrag<\/span>\n\t<\/a>\n\n\n\n              <\/div>\n           <\/div>\n                            \n<style>\n#text-box-265087012 {\n  width: 100%;\n}\n#text-box-265087012 .text-box-content {\n  font-size: 100%;\n}\n@media (min-width:550px) {\n  #text-box-265087012 {\n    width: 100%;\n  }\n}\n@media (min-width:850px) {\n  #text-box-265087012 {\n    width: 60%;\n  }\n}\n<\/style>\n    <\/div>\n \n\n        <\/div>\n      <\/div>\n\n            \n<style>\n#banner-1826500670 {\n  padding-top: 500px;\n  background-color: rgb(255, 255, 255);\n}\n<\/style>\n  <\/div>\n\n\n\n\t\t<\/div>\n\t\t\t\t\t<\/div>\n\n\t\n\n\t<div id=\"col-550082121\" class=\"col small-12 large-12\"  >\n\t\t\t\t<div class=\"col-inner\"  >\n\t\t\t\n\t\t\t\n\n<div class=\"video video-fit mb\" style=\"padding-top:56.25%;\"><p><iframe loading=\"lazy\" title=\"Reduce Foot Pain with the Naboso Recovery Sock\" width=\"1020\" height=\"574\" src=\"https:\/\/www.youtube.com\/embed\/ucpOcvMBPio?feature=oembed\" frameborder=\"0\" allow=\"accelerometer; autoplay; clipboard-write; encrypted-media; gyroscope; picture-in-picture; web-share\" referrerpolicy=\"strict-origin-when-cross-origin\" allowfullscreen><\/iframe><\/p>\n<\/div>\n\n\n\t\t<\/div>\n\t\t\t\t\t<\/div>\n\n\t\n\n<\/div>\n","protected":false},"excerpt":{"rendered":"<p>Revolution\u00e4re Innovation f\u00fcr die Fu\u00dfgesundheit: die Naboso\u00ae Recovery Ankle Socks<\/p>\n<p>Stell dir vor, dass jeder Schritt, den du machst, einer gezielten Fu\u00dfmassage gleichkommt! Die Naboso Recovery-Socke gibt dir genau das &#8211; eine ganz neue Dimension der Fu\u00dferholung. <\/p>\n<p>Was macht sie einzigartig?<br \/>\nEs ist die patentierte Naboso\u00ae Textur im Inneren der Socke, die alles ver\u00e4ndert.<\/p>\n<p>Diese spezielle neurostimulierende Oberfl\u00e4che: \u2713 Bietet eine Mikromassage bei jedem Schritt \u2713 Stimuliert die Blutzirkulation \u2713 Aktiviert Nervenrezeptoren \u2713 Entspannt Faszien und Muskeln \u2713 Verbessert den Gleichgewichtssinn <\/p>\n<p>F\u00fcr wen ist es besonders empfehlenswert? &#8211; Sportler zur Erholung nach dem Training &#8211; Menschen mit neurologischen Beschwerden &#8211; Menschen mit Diabetes &#8211; Menschen mit altersbedingter Fu\u00dftaubheit &#8211; Alle, die viel auf den Beinen sind<\/p>\n<p>Gebrauchsanweisung f\u00fcr maximale Wirksamkeit: &#8211; Mindestens 60 Minuten pro Tag empfohlen &#8211; Ideal am Ende des Tages oder nach einem intensiven Training &#8211; Allm\u00e4hliche Eingew\u00f6hnung f\u00fcr optimale Ergebnisse &#8211; Regelm\u00e4\u00dfige Anwendung ist der Schl\u00fcssel zu lang anhaltender Erholung<\/p>\n<p>Das Premium-Kompressionsdesign passt sich dem Fu\u00df perfekt an, w\u00e4hrend die patentierte Naboso\u00ae-Technologie deine F\u00fc\u00dfe gesund h\u00e4lt.<\/p>\n<p>Erlebe den Unterschied &#8211; wir garantieren, dass dies keine gew\u00f6hnliche Socke ist!<\/p>\n<p><strong>Sorge daf\u00fcr, dass deine F\u00fc\u00dfe jetzt gesund sind, damit du morgen mit Selbstvertrauen laufen kannst!<\/strong><\/p>\n<p>&nbsp;<\/p>\n<p><iframe loading=\"lazy\" title=\"YouTube-Video-Player\" src=\"https:\/\/www.youtube.com\/embed\/ucpOcvMBPio?controls=0\" width=\"560\" height=\"315\" frameborder=\"0\" allowfullscreen=\"allowfullscreen\" data-mce-fragment=\"1\"><\/iframe><\/p>\n<p>Gr\u00f6\u00dfentabelle (wenn du zwischen zwei Gr\u00f6\u00dfen liegst, w\u00e4hle die gr\u00f6\u00dfere):<\/p>\n\n<table class=\"tg\">\n<thead>\n<tr>\n<th class=\"tg-0lax\"><\/th>\n<th class=\"tg-0lax\"><span style=\"font-weight: bold;\">UK<\/span><\/th>\n<th class=\"tg-0lax\"><span style=\"font-weight: bold;\">EUR<\/span><\/th>\n<\/tr>\n<\/thead>\n<tbody>\n<tr>\n<td class=\"tg-0lax\"><span style=\"font-weight: bold;\">Extra klein (XS)<\/span><\/td>\n<td class=\"tg-0lax\">3 &#8211; 4.5<\/td>\n<td class=\"tg-0lax\">35 &#8211; 36.5<\/td>\n<\/tr>\n<tr>\n<td class=\"tg-0lax\"><span style=\"font-weight: bold;\">Klein (S)<\/span><\/td>\n<td class=\"tg-0lax\">5 &#8211; 7<\/td>\n<td class=\"tg-0lax\">37.5 &#8211; 40<\/td>\n<\/tr>\n<tr>\n<td class=\"tg-0lax\"><span style=\"font-weight: bold;\">Mittel (M)<\/span><\/td>\n<td class=\"tg-0lax\">7.5 &#8211; 9<\/td>\n<td class=\"tg-0lax\">40.5 &#8211; 42.5<\/td>\n<\/tr>\n<tr>\n<td class=\"tg-0lax\"><span style=\"font-weight: bold;\">Gro\u00df (L)<\/span><\/td>\n<td class=\"tg-0lax\">9.5 &#8211; 11<\/td>\n<td class=\"tg-0lax\">43.5 &#8211; 45.5<\/td>\n<\/tr>\n<tr>\n<td class=\"tg-0lax\"><span style=\"font-weight: bold;\">Extra gro\u00df (XL)<\/span><\/td>\n<td class=\"tg-0lax\">11.5 &#8211; 13.5<\/td>\n<td class=\"tg-0lax\">46 &#8211; 48.5<\/td>\n<\/tr>\n<\/tbody>\n<\/table>\n\n","protected":false},"featured_media":5311,"comment_status":"open","ping_status":"closed","template":"","meta":{"bwfblock_default_font":""},"product_brand":[],"product_cat":[123,129,127,232],"product_tag":[],"class_list":{"0":"post-4083","1":"product","2":"type-product","3":"status-publish","4":"has-post-thumbnail","6":"product_cat-entspannung-regeneration","7":"product_cat-naboso","8":"product_cat-regeneration-sammlung","9":"product_cat-socken","10":"pa_marka-naboso","11":"pa_meret-extra-gros-xl","12":"pa_meret-extra-klein-xs","13":"pa_meret-gros-l","14":"pa_meret-klein-s","15":"pa_meret-mittel-m","17":"first","18":"instock","19":"taxable","20":"shipping-taxable","21":"purchasable","22":"product-type-variable"},"_links":{"self":[{"href":"https:\/\/wimoov.shop\/de\/wp-json\/wp\/v2\/product\/4083","targetHints":{"allow":["GET"]}}],"collection":[{"href":"https:\/\/wimoov.shop\/de\/wp-json\/wp\/v2\/product"}],"about":[{"href":"https:\/\/wimoov.shop\/de\/wp-json\/wp\/v2\/types\/product"}],"replies":[{"embeddable":true,"href":"https:\/\/wimoov.shop\/de\/wp-json\/wp\/v2\/comments?post=4083"}],"wp:featuredmedia":[{"embeddable":true,"href":"https:\/\/wimoov.shop\/de\/wp-json\/wp\/v2\/media\/5311"}],"wp:attachment":[{"href":"https:\/\/wimoov.shop\/de\/wp-json\/wp\/v2\/media?parent=4083"}],"wp:term":[{"taxonomy":"product_brand","embeddable":true,"href":"https:\/\/wimoov.shop\/de\/wp-json\/wp\/v2\/product_brand?post=4083"},{"taxonomy":"product_cat","embeddable":true,"href":"https:\/\/wimoov.shop\/de\/wp-json\/wp\/v2\/product_cat?post=4083"},{"taxonomy":"product_tag","embeddable":true,"href":"https:\/\/wimoov.shop\/de\/wp-json\/wp\/v2\/product_tag?post=4083"}],"curies":[{"name":"wp","href":"https:\/\/api.w.org\/{rel}","templated":true}]}}