{"id":4068,"date":"2024-04-22T18:12:01","date_gmt":"2024-04-22T16:12:01","guid":{"rendered":"https:\/\/wimoov.shop\/naboso-pro-trainingsmatte\/"},"modified":"2025-04-26T13:08:30","modified_gmt":"2025-04-26T11:08:30","slug":"naboso-pro-trainingsmatte","status":"publish","type":"product","link":"https:\/\/wimoov.shop\/de\/naboso-pro-trainingsmatte\/","title":{"rendered":"Naboso Pro Trainingsmatte"},"content":{"rendered":"\n\t<section class=\"section\" id=\"section_1184064377\">\n\t\t<div class=\"section-bg fill\" >\n\t\t\t\t\t\t\t\t\t\n\t\t\t\n\n\t\t<\/div>\n\n\t\t\n\n\t\t<div class=\"section-content relative\">\n\t\t\t\n\n<div class=\"row\"  id=\"row-1894556598\">\n\n\n\t<div id=\"col-55650135\" class=\"col small-12 large-12\"  >\n\t\t\t\t<div class=\"col-inner\"  >\n\t\t\t\n\t\t\t\n\n\t<div id=\"text-1760127426\" class=\"text\">\n\t\t\n\n<h2>Warum Naboso?<\/h2>\n\t\t\n<style>\n#text-1760127426 {\n  font-size: 1.5rem;\n  text-align: center;\n}\n<\/style>\n\t<\/div>\n\t\n\n\t\t<\/div>\n\t\t\t\t\t<\/div>\n\n\t\n\n<\/div>\n<div class=\"row\"  id=\"row-1655934000\">\n\n\n\t<div id=\"col-556472909\" class=\"col medium-4 small-12 large-4\"  >\n\t\t\t\t<div class=\"col-inner\"  >\n\t\t\t\n\t\t\t\n\n\n\t\t<div class=\"icon-box featured-box icon-box-center text-center\"  >\n\t\t\t\t\t<div class=\"icon-box-img\" style=\"width: 152px\">\n\t\t\t\t<div class=\"icon\">\n\t\t\t\t\t<div class=\"icon-inner\" >\n\t\t\t\t\t\t<img decoding=\"async\" width=\"1\" height=\"1\" src=\"https:\/\/wimoov.shop\/wp-content\/uploads\/2024\/06\/Icon_Sensory_Connection.svg\" class=\"attachment-medium size-medium\" alt=\"\" title=\"\">\t\t\t\t\t<\/div>\n\t\t\t\t<\/div>\n\t\t\t<\/div>\n\t\t\t\t<div class=\"icon-box-text last-reset\">\n\t\t\t\t\t\t\t\t\t\n\n<h3>NEURONALE VERBINDUNG<\/h3>\n<p>Optimale Stimulation gibt dem Gehirn eine bessere Kontrolle \u00fcber die Bewegung<\/p>\n\n\t\t<\/div>\n\t<\/div>\n\t\n\t\n\n\t\t<\/div>\n\t\t\t\t\t<\/div>\n\n\t\n\n\t<div id=\"col-1587000973\" class=\"col medium-4 small-12 large-4\"  >\n\t\t\t\t<div class=\"col-inner\"  >\n\t\t\t\n\t\t\t\n\n\n\t\t<div class=\"icon-box featured-box icon-box-center text-center\"  >\n\t\t\t\t\t<div class=\"icon-box-img\" style=\"width: 152px\">\n\t\t\t\t<div class=\"icon\">\n\t\t\t\t\t<div class=\"icon-inner\" >\n\t\t\t\t\t\t<img decoding=\"async\" width=\"1\" height=\"1\" src=\"https:\/\/wimoov.shop\/wp-content\/uploads\/2024\/06\/Icon_Foot_Stimulation.svg\" class=\"attachment-medium size-medium\" alt=\"\" title=\"\">\t\t\t\t\t<\/div>\n\t\t\t\t<\/div>\n\t\t\t<\/div>\n\t\t\t\t<div class=\"icon-box-text last-reset\">\n\t\t\t\t\t\t\t\t\t\n\n<h3>ALLEINIGE STIMULATION<\/h3>\n<p>Entwickelt, um die Nervenenden im Fu\u00df auf einzigartige Weise zu stimulieren<\/p>\n\n\t\t<\/div>\n\t<\/div>\n\t\n\t\n\n\t\t<\/div>\n\t\t\t\t\t<\/div>\n\n\t\n\n\t<div id=\"col-1059688118\" class=\"col medium-4 small-12 large-4\"  >\n\t\t\t\t<div class=\"col-inner\"  >\n\t\t\t\n\t\t\t\n\n\n\t\t<div class=\"icon-box featured-box icon-box-center text-center\"  >\n\t\t\t\t\t<div class=\"icon-box-img\" style=\"width: 152px\">\n\t\t\t\t<div class=\"icon\">\n\t\t\t\t\t<div class=\"icon-inner\" >\n\t\t\t\t\t\t<img decoding=\"async\" width=\"1\" height=\"1\" src=\"https:\/\/wimoov.shop\/wp-content\/uploads\/2024\/06\/Icon_Stability_and_Control.svg\" class=\"attachment-medium size-medium\" alt=\"\" title=\"\">\t\t\t\t\t<\/div>\n\t\t\t\t<\/div>\n\t\t\t<\/div>\n\t\t\t\t<div class=\"icon-box-text last-reset\">\n\t\t\t\t\t\t\t\t\t\n\n<h3>STABILIT\u00c4T UND KONTROLLE<\/h3>\n<p>Unsere Haltung, Bewegung und sportliche Leistung beginnen auf dem Boden<\/p>\n\n\t\t<\/div>\n\t<\/div>\n\t\n\t\n\n\t\t<\/div>\n\t\t\t\t\t<\/div>\n\n\t\n\n<\/div>\n\n\t\t<\/div>\n\n\t\t\n<style>\n#section_1184064377 {\n  padding-top: 30px;\n  padding-bottom: 30px;\n  background-color: rgb(240, 240, 240);\n}\n<\/style>\n\t<\/section>\n\t\n\n\t<section class=\"section\" id=\"section_476589024\">\n\t\t<div class=\"section-bg fill\" >\n\t\t\t<img decoding=\"async\" width=\"2560\" height=\"1599\" src=\"https:\/\/wimoov.shop\/wp-content\/uploads\/2024\/06\/Mat_Full_Bleed_Lifestyle_Image-scaled.jpg\" class=\"bg attachment- size-\" alt=\"\" title=\"\">\t\t\t\t\t\t<div class=\"section-bg-overlay absolute fill\"><\/div>\n\t\t\t\n\n\t\t<\/div>\n\n\t\t\n\n\t\t<div class=\"section-content relative\">\n\t\t\t\n\n<div class=\"row align-center\"  id=\"row-2088564115\">\n\n\n\t<div id=\"col-1859200591\" class=\"col small-12 large-12\"  >\n\t\t\t\t<div class=\"col-inner text-center dark\"  >\n\t\t\t\n\t\t\t\n\n\t<div id=\"text-1420780155\" class=\"text\">\n\t\t\n\n<h2>Das Fundament, auf das du bauen kannst<\/h2>\nSensoraktivierungsprodukte mit einer einzigartigen Oberfl\u00e4che, die die Fu\u00dffunktion und Bewegung von Grund auf entwickelt, damit du dich besser f\u00fchlst, deine Haltung verbesserst und dich besser bewegen kannst.\n\t\t\n<style>\n#text-1420780155 {\n  font-size: 1.2rem;\n  text-align: center;\n}\n@media (min-width:550px) {\n  #text-1420780155 {\n    font-size: 1.5rem;\n  }\n}\n<\/style>\n\t<\/div>\n\t\n\n\t\t<\/div>\n\t\t\t\t\n<style>\n#col-1859200591 > .col-inner {\n  padding: 15px 15px 15px 15px;\n  border-radius: 15px;\n}\n<\/style>\n\t<\/div>\n\n\t\n\n<\/div>\n\n\t\t<\/div>\n\n\t\t\n<style>\n#section_476589024 {\n  padding-top: 30px;\n  padding-bottom: 30px;\n  min-height: 514px;\n}\n#section_476589024 .section-bg-overlay {\n  background-color: rgba(0, 0, 0, 0.285);\n}\n#section_476589024 .section-bg img {\n  object-position: 55% 87%;\n}\n@media (min-width:550px) {\n  #section_476589024 {\n    min-height: 900px;\n  }\n}\n<\/style>\n\t<\/section>\n\t\n<div class=\"row\"  id=\"row-2144491777\">\n\n\n\t<div id=\"col-226169744\" class=\"col medium-6 small-12 large-6\"  >\n\t\t\t\t<div class=\"col-inner\"  >\n\t\t\t\n\t\t\t\n\n\t<div class=\"img has-hover x md-x lg-x y md-y lg-y\" id=\"image_400591875\">\n\t\t\t\t\t\t\t\t<div class=\"img-inner dark\" >\n\t\t\t<img decoding=\"async\" width=\"1020\" height=\"1020\" src=\"https:\/\/wimoov.shop\/wp-content\/uploads\/2024\/06\/Naboso_Amzn_05_Lifestyle2_Performance_1800x1800-1024x1024.jpg\" class=\"attachment-large size-large\" alt=\"\" srcset=\"https:\/\/wimoov.shop\/wp-content\/uploads\/2024\/06\/Naboso_Amzn_05_Lifestyle2_Performance_1800x1800-1024x1024.jpg 1024w, https:\/\/wimoov.shop\/wp-content\/uploads\/2024\/06\/Naboso_Amzn_05_Lifestyle2_Performance_1800x1800-300x300.jpg 300w, https:\/\/wimoov.shop\/wp-content\/uploads\/2024\/06\/Naboso_Amzn_05_Lifestyle2_Performance_1800x1800-150x150.jpg 150w, https:\/\/wimoov.shop\/wp-content\/uploads\/2024\/06\/Naboso_Amzn_05_Lifestyle2_Performance_1800x1800-768x768.jpg 768w, https:\/\/wimoov.shop\/wp-content\/uploads\/2024\/06\/Naboso_Amzn_05_Lifestyle2_Performance_1800x1800-1536x1536.jpg 1536w, https:\/\/wimoov.shop\/wp-content\/uploads\/2024\/06\/Naboso_Amzn_05_Lifestyle2_Performance_1800x1800-1000x1000.jpg 1000w, https:\/\/wimoov.shop\/wp-content\/uploads\/2024\/06\/Naboso_Amzn_05_Lifestyle2_Performance_1800x1800-100x100.jpg 100w, https:\/\/wimoov.shop\/wp-content\/uploads\/2024\/06\/Naboso_Amzn_05_Lifestyle2_Performance_1800x1800.jpg 1800w\" sizes=\"(max-width: 1020px) 100vw, 1020px\" title=\"\">\t\t\t\t\t\t\n\t\t\t\t\t<\/div>\n\t\t\t\t\t\t\t\t\n<style>\n#image_400591875 {\n  width: 100%;\n}\n<\/style>\n\t<\/div>\n\t\n\n\n\t\t<\/div>\n\t\t\t\t\t<\/div>\n\n\t\n\n\t<div id=\"col-1787063822\" class=\"col medium-6 small-12 large-6\"  >\n\t\t\t\t<div class=\"col-inner\"  >\n\t\t\t\n\t\t\t\n\n\n  <div class=\"banner has-hover\" id=\"banner-974241832\">\n          <div class=\"banner-inner fill\">\n        <div class=\"banner-bg fill\" >\n                                                \n                    <\/div>\n\t\t\n        <div class=\"banner-layers container\">\n            <div class=\"fill banner-link\"><\/div>            \n\n   <div id=\"text-box-1530405308\" class=\"text-box banner-layer x50 md-x50 lg-x50 y50 md-y50 lg-y50 res-text\">\n                                <div class=\"text-box-content text dark\">\n              \n              <div class=\"text-inner text-center\">\n                  \n\n\t<div id=\"text-2684836946\" class=\"text\">\n\t\t\n\n<h3>Mach mit bei der #FromTheGroundUp Bewegung<\/h3>\nMit dem Fokus auf gesunde F\u00fc\u00dfe wollen wir den Ansatz f\u00f6rdern, dass optimale Bewegung mit dem Boden beginnt. Mach mit!\n\t\t\n<style>\n#text-2684836946 {\n  font-size: 0.85rem;\n  line-height: 1.2;\n  text-align: center;\n}\n@media (min-width:550px) {\n  #text-2684836946 {\n    font-size: 1rem;\n    line-height: 1.5;\n  }\n}\n<\/style>\n\t<\/div>\n\t\n<a href=\"https:\/\/naboso.hu\/kuldetesunk\/\" target=\"_blank\" class=\"button white is-outline is-larger\" rel=\"noopener\" style=\"border-radius:99px;\">\n\t\t<span>Unser Auftrag<\/span>\n\t<\/a>\n\n\n\n              <\/div>\n           <\/div>\n                            \n<style>\n#text-box-1530405308 {\n  width: 90%;\n}\n#text-box-1530405308 .text-box-content {\n  font-size: 100%;\n}\n@media (min-width:550px) {\n  #text-box-1530405308 {\n    width: 90%;\n  }\n}\n@media (min-width:850px) {\n  #text-box-1530405308 {\n    width: 60%;\n  }\n}\n<\/style>\n    <\/div>\n \n\n        <\/div>\n      <\/div>\n\n            \n<style>\n#banner-974241832 {\n  padding-top: 99.99%;\n}\n<\/style>\n  <\/div>\n\n\n\n\t\t<\/div>\n\t\t\t\t\t<\/div>\n\n\t\n\n\t<div id=\"col-1526353102\" class=\"col small-12 large-12\"  >\n\t\t\t\t<div class=\"col-inner\"  >\n\t\t\t\n\t\t\t\n\n<div class=\"video video-fit mb\" style=\"padding-top:56.25%;\"><p><iframe loading=\"lazy\" title=\"Which Naboso Mat is Best for Me?\" width=\"1020\" height=\"574\" src=\"https:\/\/www.youtube.com\/embed\/_P0vL1AWTkI?feature=oembed\" frameborder=\"0\" allow=\"accelerometer; autoplay; clipboard-write; encrypted-media; gyroscope; picture-in-picture; web-share\" referrerpolicy=\"strict-origin-when-cross-origin\" allowfullscreen><\/iframe><\/p>\n<\/div>\n\n\n\t\t<\/div>\n\t\t\t\t\t<\/div>\n\n\t\n\n<\/div>\n\n\t<section class=\"section dark\" id=\"section_62433508\">\n\t\t<div class=\"section-bg fill\" >\n\t\t\t<img decoding=\"async\" width=\"2560\" height=\"1408\" src=\"https:\/\/wimoov.shop\/wp-content\/uploads\/2024\/06\/Mat_Insole_CTA_Image-scaled.jpg\" class=\"bg attachment- size-\" alt=\"\" title=\"\">\t\t\t\t\t\t\n\t\t\t\n\n\t\t<\/div>\n\n\t\t\n\n\t\t<div class=\"section-content relative\">\n\t\t\t\n\n<div class=\"row row-full-width align-center\"  id=\"row-1695112065\">\n\n\n\t<div id=\"col-1594417817\" class=\"col medium-8 small-12 large-8\"  >\n\t\t\t\t<div class=\"col-inner text-center\"  >\n\t\t\t\n\t\t\t\n\n\t<div id=\"text-1778203760\" class=\"text\">\n\t\t\n\n<h2>Verbessere deine F\u00fc\u00dfe und deine Bewegung: Beginne mit dem Boden<\/h2>\n\t\t\n<style>\n#text-1778203760 {\n  font-size: 2.4rem;\n  text-align: center;\n}\n<\/style>\n\t<\/div>\n\t\n<a href=\"\/termekkategoria\/talpbetetek\" class=\"button white is-outline is-large\" style=\"border-radius:99px;\">\n\t\t<span>Einlegesohlen w\u00e4hlen<\/span>\n\t<\/a>\n\n\n\n\t\t<\/div>\n\t\t\t\t\t<\/div>\n\n\t\n\n<\/div>\n\n\t\t<\/div>\n\n\t\t\n<style>\n#section_62433508 {\n  padding-top: 30px;\n  padding-bottom: 30px;\n  min-height: 532px;\n}\n#section_62433508 .section-bg img {\n  object-position: 58% 100%;\n}\n@media (min-width:550px) {\n  #section_62433508 {\n    min-height: 900px;\n  }\n}\n<\/style>\n\t<\/section>\n\t\n","protected":false},"excerpt":{"rendered":"<div>\n<p class=\"whitespace-pre-wrap break-words\">Auch bei dynamischen Bewegungen sind die richtige Aktivierung des Nervensystems und die Qualit\u00e4t der Gehirn-Hirn-Verbindung entscheidend.<\/p>\n<p class=\"whitespace-pre-wrap break-words\">Naboso\u00ae Stimulationsmatten haben die einzigartige Eigenschaft, die Nervenenden des Fu\u00dfes sofort w\u00e4hrend deiner Barfu\u00df\u00fcbungen zu aktivieren. Das f\u00fchrt zu einer schnelleren Erholung und einer effektiveren Haltungskontrolle bei jeder Bewegung &#8211; ob zu Hause oder im Fitnessstudio. <\/p>\n<p class=\"whitespace-pre-wrap break-words\">Die patentierte Oberfl\u00e4che der Naboso\u00ae Pro Matte basiert auf den neuesten Erkenntnissen der Textur- und Oberfl\u00e4chenforschung. Das speziell entwickelte Muster zielt \u00fcber die sensorischen Rezeptoren im Fu\u00df auf das Nervensystem ab und erm\u00f6glicht den Nutzern eine deutliche Verbesserung der Haltungskontrolle, Stabilit\u00e4t und Kraft. <\/p>\n<p class=\"whitespace-pre-wrap break-words\">Entdecke die Vorteile der wissenschaftlich entwickelten Neurostimulation mit Naboso\u00ae-Matten!<\/p>\n<p>Naboso\u00ae Pro Trainingsmatten sind derzeit erh\u00e4ltlich bei  <strong>NFL<\/strong>, die  <strong>MLC<\/strong>, die  <strong>NRL<\/strong>  Athleten und Trainer aus den Ligen, aber auch Wettk\u00e4mpfer aus vielen anderen Sportarten (Skifahren, Rudern, Tanzen) haben es in ihre Arbeit integriert.<\/p>\n<p><span style=\"color: #333333; font-size: 14.4px;\">\t<div id=\"gap-853439159\" class=\"gap-element clearfix\" style=\"display:block; height:auto;\">\n\t\t\n<style>\n#gap-853439159 {\n  padding-top: 15px;\n}\n<\/style>\n\t<\/div>\n\t<\/span><\/p>\n<\/div>\n<div><strong>Empfohlen f\u00fcr:<\/strong><\/div>\n<ul>\n<li>F\u00fcr den Einsatz im Fitnessstudio, f\u00fcr das Barfu\u00dftraining<\/li>\n<li>Um die Stimulation des Fu\u00dfes bei Barfu\u00df\u00fcbungen zu optimieren<\/li>\n<li>F\u00fcr Steh\u00fcbungen mit Kettlebell, Sandsack, Gewichtheben, etc.<\/li>\n<li>F\u00fcr stehende, barfu\u00df ausgef\u00fchrte K\u00f6rpergewichts\u00fcbungen wie Kicks, Ausfallschritte usw.<\/li>\n<\/ul>\n<div><strong>Nicht empfohlen:<\/strong><\/div>\n<ul>\n<li>F\u00fcr Boden\u00fcbungen, einschlie\u00dflich Yoga, Pilates, Stretching oder myofasziale Arbeit. Wenn du daran interessiert bist, empfehlen wir dir die <a href=\"https:\/\/naboso.hu\/termek\/naboso-joga-szonyeg\/\">Naboso\u00ae Mind Body<\/a> Matte <\/li>\n<li>Sie kann wie eine Yogamatte zusammengerollt werden, ideal f\u00fcr unterwegs. Wenn du auf der Suche nach einer verbesserten Oberfl\u00e4chenstimulation mit einfacher Tragbarkeit bist, empfehlen wir dir auch die <a href=\"https:\/\/naboso.hu\/termek\/naboso-edzo-szonyeg\/\">Naboso\u00ae Trainingsmatte<\/a>  <\/li>\n<\/ul>\n<div>Mit den Ma\u00dfen 183 x 61 cm x 7 mm und einem Gewicht von 3,5 kg ist die Trainingsmatte so konzipiert, dass sie das Barfu\u00df-Trainingsprogramm jedes Sportlers optimiert.<\/div>\n","protected":false},"featured_media":2082,"comment_status":"open","ping_status":"closed","template":"","meta":{"bwfblock_default_font":""},"product_brand":[],"product_cat":[123,129,240,140,155],"product_tag":[],"class_list":{"0":"post-4068","1":"product","2":"type-product","3":"status-publish","4":"has-post-thumbnail","6":"product_cat-entspannung-regeneration","7":"product_cat-naboso","8":"product_cat-trainingsmatten","9":"product_cat-workout-de","10":"product_cat-yoga-und-mobilisierung","11":"pa_marka-naboso","13":"first","14":"outofstock","15":"taxable","16":"shipping-taxable","17":"purchasable","18":"product-type-simple"},"_links":{"self":[{"href":"https:\/\/wimoov.shop\/de\/wp-json\/wp\/v2\/product\/4068","targetHints":{"allow":["GET"]}}],"collection":[{"href":"https:\/\/wimoov.shop\/de\/wp-json\/wp\/v2\/product"}],"about":[{"href":"https:\/\/wimoov.shop\/de\/wp-json\/wp\/v2\/types\/product"}],"replies":[{"embeddable":true,"href":"https:\/\/wimoov.shop\/de\/wp-json\/wp\/v2\/comments?post=4068"}],"wp:featuredmedia":[{"embeddable":true,"href":"https:\/\/wimoov.shop\/de\/wp-json\/wp\/v2\/media\/2082"}],"wp:attachment":[{"href":"https:\/\/wimoov.shop\/de\/wp-json\/wp\/v2\/media?parent=4068"}],"wp:term":[{"taxonomy":"product_brand","embeddable":true,"href":"https:\/\/wimoov.shop\/de\/wp-json\/wp\/v2\/product_brand?post=4068"},{"taxonomy":"product_cat","embeddable":true,"href":"https:\/\/wimoov.shop\/de\/wp-json\/wp\/v2\/product_cat?post=4068"},{"taxonomy":"product_tag","embeddable":true,"href":"https:\/\/wimoov.shop\/de\/wp-json\/wp\/v2\/product_tag?post=4068"}],"curies":[{"name":"wp","href":"https:\/\/api.w.org\/{rel}","templated":true}]}}