{"id":4041,"date":"2024-04-22T18:14:11","date_gmt":"2024-04-22T16:14:11","guid":{"rendered":"https:\/\/wimoov.shop\/naboso-keile-fuer-fuesse\/"},"modified":"2025-09-03T10:50:08","modified_gmt":"2025-09-03T08:50:08","slug":"naboso-keile-fuer-fuesse","status":"publish","type":"product","link":"https:\/\/wimoov.shop\/de\/naboso-keile-fuer-fuesse\/","title":{"rendered":"Naboso Keile f\u00fcr F\u00fc\u00dfe"},"content":{"rendered":"\n\t<section class=\"section\" id=\"section_417619603\">\n\t\t<div class=\"section-bg fill\" >\n\t\t\t\t\t\t\t\t\t\n\t\t\t\n\n\t\t<\/div>\n\n\t\t\n\n\t\t<div class=\"section-content relative\">\n\t\t\t\n\n<div class=\"row\"  id=\"row-220823349\">\n\n\n\t<div id=\"col-1189741676\" class=\"col small-12 large-12\"  >\n\t\t\t\t<div class=\"col-inner\"  >\n\t\t\t\n\t\t\t\n\n\t<div id=\"text-3648126745\" class=\"text\">\n\t\t\n\n<h2>Warum Naboso?<\/h2>\n\t\t\n<style>\n#text-3648126745 {\n  font-size: 1.5rem;\n  text-align: center;\n}\n<\/style>\n\t<\/div>\n\t\n\n\t\t<\/div>\n\t\t\t\t\t<\/div>\n\n\t\n\n<\/div>\n<div class=\"row\"  id=\"row-1882460694\">\n\n\n\t<div id=\"col-211877415\" class=\"col medium-4 small-12 large-4\"  >\n\t\t\t\t<div class=\"col-inner\"  >\n\t\t\t\n\t\t\t\n\n\n\t\t<div class=\"icon-box featured-box icon-box-center text-center\"  >\n\t\t\t\t\t<div class=\"icon-box-img\" style=\"width: 152px\">\n\t\t\t\t<div class=\"icon\">\n\t\t\t\t\t<div class=\"icon-inner\" >\n\t\t\t\t\t\t<img decoding=\"async\" width=\"1\" height=\"1\" src=\"https:\/\/wimoov.shop\/wp-content\/uploads\/2024\/06\/Icon_Sensory_Connection.svg\" class=\"attachment-medium size-medium\" alt=\"\" title=\"\">\t\t\t\t\t<\/div>\n\t\t\t\t<\/div>\n\t\t\t<\/div>\n\t\t\t\t<div class=\"icon-box-text last-reset\">\n\t\t\t\t\t\t\t\t\t\n\n<h3>NEURONALE VERBINDUNG<\/h3>\n<p>Optimale Stimulation gibt dem Gehirn eine bessere Kontrolle \u00fcber die Bewegung<\/p>\n\n\t\t<\/div>\n\t<\/div>\n\t\n\t\n\n\t\t<\/div>\n\t\t\t\t\t<\/div>\n\n\t\n\n\t<div id=\"col-1655867366\" class=\"col medium-4 small-12 large-4\"  >\n\t\t\t\t<div class=\"col-inner\"  >\n\t\t\t\n\t\t\t\n\n\n\t\t<div class=\"icon-box featured-box icon-box-center text-center\"  >\n\t\t\t\t\t<div class=\"icon-box-img\" style=\"width: 152px\">\n\t\t\t\t<div class=\"icon\">\n\t\t\t\t\t<div class=\"icon-inner\" >\n\t\t\t\t\t\t<img decoding=\"async\" width=\"1\" height=\"1\" src=\"https:\/\/wimoov.shop\/wp-content\/uploads\/2024\/06\/Icon_Foot_Stimulation.svg\" class=\"attachment-medium size-medium\" alt=\"\" title=\"\">\t\t\t\t\t<\/div>\n\t\t\t\t<\/div>\n\t\t\t<\/div>\n\t\t\t\t<div class=\"icon-box-text last-reset\">\n\t\t\t\t\t\t\t\t\t\n\n<h3>ALLEINIGE STIMULATION<\/h3>\n<p>Entwickelt, um die Nervenenden im Fu\u00df auf einzigartige Weise zu stimulieren<\/p>\n\n\t\t<\/div>\n\t<\/div>\n\t\n\t\n\n\t\t<\/div>\n\t\t\t\t\t<\/div>\n\n\t\n\n\t<div id=\"col-1554067450\" class=\"col medium-4 small-12 large-4\"  >\n\t\t\t\t<div class=\"col-inner\"  >\n\t\t\t\n\t\t\t\n\n\n\t\t<div class=\"icon-box featured-box icon-box-center text-center\"  >\n\t\t\t\t\t<div class=\"icon-box-img\" style=\"width: 152px\">\n\t\t\t\t<div class=\"icon\">\n\t\t\t\t\t<div class=\"icon-inner\" >\n\t\t\t\t\t\t<img decoding=\"async\" width=\"1\" height=\"1\" src=\"https:\/\/wimoov.shop\/wp-content\/uploads\/2024\/06\/Icon_Insoles.svg\" class=\"attachment-medium size-medium\" alt=\"\" title=\"\">\t\t\t\t\t<\/div>\n\t\t\t\t<\/div>\n\t\t\t<\/div>\n\t\t\t\t<div class=\"icon-box-text last-reset\">\n\t\t\t\t\t\t\t\t\t\n\n<h3>STABILIT\u00c4T UND KONTROLLE<\/h3>\n<p>Unsere Haltung, Bewegung und sportliche Leistung beginnen auf dem Boden<\/p>\n\n\t\t<\/div>\n\t<\/div>\n\t\n\t\n\n\t\t<\/div>\n\t\t\t\t\t<\/div>\n\n\t\n\n<\/div>\n\n\t\t<\/div>\n\n\t\t\n<style>\n#section_417619603 {\n  padding-top: 30px;\n  padding-bottom: 30px;\n  background-color: rgb(240, 240, 240);\n}\n<\/style>\n\t<\/section>\n\t\n\n\t<section class=\"section has-parallax\" id=\"section_183206349\">\n\t\t<div class=\"section-bg fill\" data-parallax-container=\".section\" data-parallax-background data-parallax=\"-5\">\n\t\t\t<img decoding=\"async\" width=\"2560\" height=\"1599\" src=\"https:\/\/wimoov.shop\/wp-content\/uploads\/2024\/06\/Insole_Full_Bleed_Lifestyle_Image-scaled.jpg\" class=\"bg attachment- size-\" alt=\"\" title=\"\">\t\t\t\t\t\t<div class=\"section-bg-overlay absolute fill\"><\/div>\n\t\t\t\n\t<div class=\"is-border\"\n\t\tstyle=\"border-color:rgb(235, 235, 235);border-width:0px 0px 0px 0px;\">\n\t<\/div>\n\n\t\t<\/div>\n\n\t\t\n\n\t\t<div class=\"section-content relative\">\n\t\t\t\n\n<div class=\"row row-large align-center\"  id=\"row-817875455\">\n\n\n\t<div id=\"col-1042992210\" class=\"col small-12 large-12\"  data-animate=\"fadeInDown\">\n\t\t\t\t<div class=\"col-inner text-center dark\"  >\n\t\t\t\n\t\t\t\n\n\t<div id=\"text-2216681355\" class=\"text\">\n\t\t\n\n<h2>Das Fundament, auf das du bauen kannst<\/h2>\nSensoraktivierungsprodukte mit einer einzigartigen Oberfl\u00e4che, die die Fu\u00dffunktion und Bewegung von Grund auf entwickelt, damit du dich besser f\u00fchlst, deine Haltung verbesserst und dich besser bewegen kannst.\n\t\t\n<style>\n#text-2216681355 {\n  font-size: 1.2rem;\n}\n@media (min-width:550px) {\n  #text-2216681355 {\n    font-size: 1.5rem;\n  }\n}\n<\/style>\n\t<\/div>\n\t\n\n\t\t<\/div>\n\t\t\t\t\n<style>\n#col-1042992210 > .col-inner {\n  padding: 15px 15px 15px 15px;\n  border-radius: 15px;\n}\n<\/style>\n\t<\/div>\n\n\t\n\n<\/div>\n\n\t\t<\/div>\n\n\t\t\n<style>\n#section_183206349 {\n  padding-top: 59px;\n  padding-bottom: 59px;\n  min-height: 514px;\n}\n#section_183206349 .section-bg-overlay {\n  background-color: rgba(0, 0, 0, 0.343);\n}\n#section_183206349 .section-bg img {\n  object-position: 70% 37%;\n}\n@media (min-width:550px) {\n  #section_183206349 {\n    min-height: 900px;\n  }\n}\n<\/style>\n\t<\/section>\n\t\n<div class=\"row\"  id=\"row-1069277108\">\n\n\n\t<div id=\"col-539935427\" class=\"col medium-6 small-12 large-6\"  >\n\t\t\t\t<div class=\"col-inner\"  >\n\t\t\t\n\t\t\t\n\n\t<div class=\"img has-hover x md-x lg-x y md-y lg-y\" id=\"image_924528891\">\n\t\t\t\t\t\t\t\t<div class=\"img-inner dark\" >\n\t\t\t<img decoding=\"async\" width=\"360\" height=\"596\" src=\"https:\/\/wimoov.shop\/wp-content\/uploads\/2024\/06\/TGU_on_mat_360x.jpg\" class=\"attachment-large size-large\" alt=\"\" srcset=\"https:\/\/wimoov.shop\/wp-content\/uploads\/2024\/06\/TGU_on_mat_360x.jpg 360w, https:\/\/wimoov.shop\/wp-content\/uploads\/2024\/06\/TGU_on_mat_360x-181x300.jpg 181w\" sizes=\"(max-width: 360px) 100vw, 360px\" title=\"\">\t\t\t\t\t\t\n\t\t\t\t\t<\/div>\n\t\t\t\t\t\t\t\t\n<style>\n#image_924528891 {\n  width: 100%;\n}\n<\/style>\n\t<\/div>\n\t\n\n\n\t\t<\/div>\n\t\t\t\t\t<\/div>\n\n\t\n\n\t<div id=\"col-1630226378\" class=\"col medium-6 small-12 large-6\"  >\n\t\t\t\t<div class=\"col-inner dark\"  >\n\t\t\t\n\t\t\t\n\n\n  <div class=\"banner has-hover\" id=\"banner-1252994889\">\n          <div class=\"banner-inner fill\">\n        <div class=\"banner-bg fill\" >\n                                                \n                    <\/div>\n\t\t\n        <div class=\"banner-layers container\">\n            <div class=\"fill banner-link\"><\/div>            \n\n   <div id=\"text-box-1117046181\" class=\"text-box banner-layer x50 md-x50 lg-x50 y50 md-y50 lg-y50 res-text\">\n                                <div class=\"text-box-content text \">\n              \n              <div class=\"text-inner text-center\">\n                  \n\n\t<div id=\"text-285281855\" class=\"text\">\n\t\t\n\n<h3>Mach mit bei der #FromTheGroundUp Bewegung<\/h3>\nMit dem Fokus auf gesunde F\u00fc\u00dfe wollen wir den Ansatz f\u00f6rdern, dass optimale Bewegung mit dem Boden beginnt. Mach mit!\n\t\t\n<style>\n#text-285281855 {\n  font-size: 0.95rem;\n  line-height: 1.5;\n  color: rgb(0,0,0);\n}\n#text-285281855 > * {\n  color: rgb(0,0,0);\n}\n@media (min-width:550px) {\n  #text-285281855 {\n    font-size: 1rem;\n    line-height: 2.05;\n  }\n}\n<\/style>\n\t<\/div>\n\t\n<a href=\"https:\/\/naboso.hu\/kuldetesunk\/\" target=\"_blank\" class=\"button primary is-larger\" rel=\"noopener\" style=\"border-radius:99px;\">\n\t\t<span>Unser Auftrag<\/span>\n\t<\/a>\n\n\n\n              <\/div>\n           <\/div>\n                            \n<style>\n#text-box-1117046181 {\n  width: 100%;\n}\n#text-box-1117046181 .text-box-content {\n  font-size: 100%;\n}\n<\/style>\n    <\/div>\n \n\n        <\/div>\n      <\/div>\n\n            \n<style>\n#banner-1252994889 {\n  padding-top: 150%;\n  background-color: rgb(255, 255, 255);\n}\n<\/style>\n  <\/div>\n\n\n\n\t\t<\/div>\n\t\t\t\t\t<\/div>\n\n\t\n\n\t<div id=\"col-740093620\" class=\"col small-12 large-12\"  >\n\t\t\t\t<div class=\"col-inner\"  >\n\t\t\t\n\t\t\t\n\n<div class=\"video video-fit mb\" style=\"padding-top:56.25%;\"><p><iframe loading=\"lazy\" title=\"Which Naboso Insole Is Right for Me?\" width=\"1020\" height=\"574\" src=\"https:\/\/www.youtube.com\/embed\/-6OD2cUHCRo?feature=oembed\" frameborder=\"0\" allow=\"accelerometer; autoplay; clipboard-write; encrypted-media; gyroscope; picture-in-picture; web-share\" referrerpolicy=\"strict-origin-when-cross-origin\" allowfullscreen><\/iframe><\/p>\n<\/div>\n\n\n\t\t<\/div>\n\t\t\t\t\t<\/div>\n\n\t\n\n<\/div>\n\n\t<section class=\"section dark\" id=\"section_537356348\">\n\t\t<div class=\"section-bg fill\" >\n\t\t\t<img decoding=\"async\" width=\"2560\" height=\"1599\" src=\"https:\/\/wimoov.shop\/wp-content\/uploads\/2024\/06\/Mat_Full_Bleed_Lifestyle_Image-scaled.jpg\" class=\"bg attachment- size-\" alt=\"\" title=\"\">\t\t\t\t\t\t\n\t\t\t\n\n\t\t<\/div>\n\n\t\t\n\n\t\t<div class=\"section-content relative\">\n\t\t\t\n\n\t<div id=\"text-2854372653\" class=\"text\">\n\t\t\n\n<h2>Einzigartige Oberfl\u00e4che f\u00fcr optimale Stimulation des Fu\u00dfes<\/h2>\n\t\t\n<style>\n#text-2854372653 {\n  font-size: 1.65rem;\n  text-align: center;\n}\n@media (min-width:550px) {\n  #text-2854372653 {\n    font-size: 2rem;\n  }\n}\n@media (min-width:850px) {\n  #text-2854372653 {\n    font-size: 2.4rem;\n  }\n}\n<\/style>\n\t<\/div>\n\t\n<div class=\"row\"  id=\"row-1326712887\">\n\n\n\t<div id=\"col-1120621449\" class=\"col small-12 large-12\"  >\n\t\t\t\t<div class=\"col-inner text-center\"  >\n\t\t\t\n\t\t\t\n\n<a href=\"\/termekkategoria\/szonyegek\/\" class=\"button white is-outline is-large\" style=\"border-radius:99px;\">\n\t\t<span>Teppich w\u00e4hlen<\/span>\n\t<\/a>\n\n\n\n\t\t<\/div>\n\t\t\t\t\t<\/div>\n\n\t\n\n<\/div>\n\n\t\t<\/div>\n\n\t\t\n<style>\n#section_537356348 {\n  padding-top: 30px;\n  padding-bottom: 30px;\n  min-height: 532px;\n  background-color: rgb(40, 40, 40);\n}\n#section_537356348 .section-bg img {\n  object-position: 55% 87%;\n}\n@media (min-width:550px) {\n  #section_537356348 {\n    min-height: 900px;\n  }\n}\n<\/style>\n\t<\/section>\n\t\n","protected":false},"excerpt":{"rendered":"<p><strong>Kombiniere die Kraft der Biomechanik mit der Barfu\u00dfstimulation mit den Naboso Foot Wedges.<\/strong><\/p>\n<p>Die Kraft in den Beinen h\u00e4ngt eng mit deiner gesamten K\u00f6rperhaltung, Kraft und Leistung zusammen. Mit Hilfe der Fu\u00dfkeile von Naboso kannst du jetzt mit der richtigen Fu\u00dfhaltung und der Kraft unserer neurosensorischen Textur noch einfacher zu einer schnelleren Fu\u00dfaktivierung gelangen. <\/p>\n<p>Es beinhaltet:<\/p>\n<p>(2) 25-Grad-Zehenkeile und (2) 10-Grad-Fersenkeile (Supinationskeile).<\/p>\n<p>Hergestellt aus lebensmittelechtem Silikon.<\/p>\n<div class=\"video video-fit mb\" style=\"padding-top:56.25%;\"><p><iframe loading=\"lazy\" title=\"Meet the all-new Foot Wedges by Naboso |  Where biomechanics meets barefoot science\" width=\"1020\" height=\"574\" src=\"https:\/\/www.youtube.com\/embed\/ZmWY5A_Hq_U?feature=oembed\" frameborder=\"0\" allow=\"accelerometer; autoplay; clipboard-write; encrypted-media; gyroscope; picture-in-picture; web-share\" referrerpolicy=\"strict-origin-when-cross-origin\" allowfullscreen><\/iframe><\/p>\n<\/div>\n","protected":false},"featured_media":2218,"comment_status":"open","ping_status":"closed","template":"","meta":{"bwfblock_default_font":""},"product_brand":[263],"product_cat":[128,237,123,129],"product_tag":[],"class_list":{"0":"post-4041","1":"product","2":"type-product","3":"status-publish","4":"has-post-thumbnail","6":"product_brand-naboso","7":"product_cat-andere-produkte","8":"product_cat-balance-sammlung","9":"product_cat-entspannung-regeneration","10":"product_cat-naboso","11":"pa_marka-naboso","13":"first","14":"instock","15":"taxable","16":"shipping-taxable","17":"purchasable","18":"product-type-simple"},"_links":{"self":[{"href":"https:\/\/wimoov.shop\/de\/wp-json\/wp\/v2\/product\/4041","targetHints":{"allow":["GET"]}}],"collection":[{"href":"https:\/\/wimoov.shop\/de\/wp-json\/wp\/v2\/product"}],"about":[{"href":"https:\/\/wimoov.shop\/de\/wp-json\/wp\/v2\/types\/product"}],"replies":[{"embeddable":true,"href":"https:\/\/wimoov.shop\/de\/wp-json\/wp\/v2\/comments?post=4041"}],"wp:featuredmedia":[{"embeddable":true,"href":"https:\/\/wimoov.shop\/de\/wp-json\/wp\/v2\/media\/2218"}],"wp:attachment":[{"href":"https:\/\/wimoov.shop\/de\/wp-json\/wp\/v2\/media?parent=4041"}],"wp:term":[{"taxonomy":"product_brand","embeddable":true,"href":"https:\/\/wimoov.shop\/de\/wp-json\/wp\/v2\/product_brand?post=4041"},{"taxonomy":"product_cat","embeddable":true,"href":"https:\/\/wimoov.shop\/de\/wp-json\/wp\/v2\/product_cat?post=4041"},{"taxonomy":"product_tag","embeddable":true,"href":"https:\/\/wimoov.shop\/de\/wp-json\/wp\/v2\/product_tag?post=4041"}],"curies":[{"name":"wp","href":"https:\/\/api.w.org\/{rel}","templated":true}]}}