{"id":4022,"date":"2024-04-22T18:16:00","date_gmt":"2024-04-22T16:16:00","guid":{"rendered":"https:\/\/wimoov.shop\/naboso-aktivierungseinlage-und-neuro-ball-paket\/"},"modified":"2025-04-26T13:08:55","modified_gmt":"2025-04-26T11:08:55","slug":"naboso-aktivierungseinlage-und-neuro-ball-paket","status":"publish","type":"product","link":"https:\/\/wimoov.shop\/de\/naboso-aktivierungseinlage-und-neuro-ball-paket\/","title":{"rendered":"Naboso Aktivierungseinlage und Neuro Ball Paket"},"content":{"rendered":"\n\t<section class=\"section\" id=\"section_228733367\">\n\t\t<div class=\"section-bg fill\" >\n\t\t\t\t\t\t\t\t\t\n\t\t\t\n\n\t\t<\/div>\n\n\t\t\n\n\t\t<div class=\"section-content relative\">\n\t\t\t\n\n<div class=\"row\"  id=\"row-699826901\">\n\n\n\t<div id=\"col-152566877\" class=\"col small-12 large-12\"  >\n\t\t\t\t<div class=\"col-inner\"  >\n\t\t\t\n\t\t\t\n\n\t<div id=\"text-4034090160\" class=\"text\">\n\t\t\n\n<h2>Warum Naboso?<\/h2>\n\t\t\n<style>\n#text-4034090160 {\n  font-size: 1.5rem;\n  text-align: center;\n}\n<\/style>\n\t<\/div>\n\t\n\n\t\t<\/div>\n\t\t\t\t\t<\/div>\n\n\t\n\n<\/div>\n<div class=\"row\"  id=\"row-951497144\">\n\n\n\t<div id=\"col-1489579809\" class=\"col medium-4 small-12 large-4\"  >\n\t\t\t\t<div class=\"col-inner\"  >\n\t\t\t\n\t\t\t\n\n\n\t\t<div class=\"icon-box featured-box icon-box-center text-center\"  >\n\t\t\t\t\t<div class=\"icon-box-img\" style=\"width: 152px\">\n\t\t\t\t<div class=\"icon\">\n\t\t\t\t\t<div class=\"icon-inner\" >\n\t\t\t\t\t\t<img decoding=\"async\" width=\"1\" height=\"1\" src=\"https:\/\/wimoov.shop\/wp-content\/uploads\/2024\/06\/Icon_Sensory_Connection.svg\" class=\"attachment-medium size-medium\" alt=\"\" title=\"\">\t\t\t\t\t<\/div>\n\t\t\t\t<\/div>\n\t\t\t<\/div>\n\t\t\t\t<div class=\"icon-box-text last-reset\">\n\t\t\t\t\t\t\t\t\t\n\n<h3>NEURONALE VERBINDUNG<\/h3>\n<p>Optimale Stimulation gibt dem Gehirn eine bessere Kontrolle \u00fcber die Bewegung<\/p>\n\n\t\t<\/div>\n\t<\/div>\n\t\n\t\n\n\t\t<\/div>\n\t\t\t\t\t<\/div>\n\n\t\n\n\t<div id=\"col-1313298704\" class=\"col medium-4 small-12 large-4\"  >\n\t\t\t\t<div class=\"col-inner\"  >\n\t\t\t\n\t\t\t\n\n\n\t\t<div class=\"icon-box featured-box icon-box-center text-center\"  >\n\t\t\t\t\t<div class=\"icon-box-img\" style=\"width: 152px\">\n\t\t\t\t<div class=\"icon\">\n\t\t\t\t\t<div class=\"icon-inner\" >\n\t\t\t\t\t\t<img decoding=\"async\" width=\"1\" height=\"1\" src=\"https:\/\/wimoov.shop\/wp-content\/uploads\/2024\/06\/Icon_Foot_Stimulation.svg\" class=\"attachment-medium size-medium\" alt=\"\" title=\"\">\t\t\t\t\t<\/div>\n\t\t\t\t<\/div>\n\t\t\t<\/div>\n\t\t\t\t<div class=\"icon-box-text last-reset\">\n\t\t\t\t\t\t\t\t\t\n\n<h3>ALLEINIGE STIMULATION<\/h3>\n<p>Entwickelt, um die Nervenenden im Fu\u00df auf einzigartige Weise zu stimulieren<\/p>\n\n\t\t<\/div>\n\t<\/div>\n\t\n\t\n\n\t\t<\/div>\n\t\t\t\t\t<\/div>\n\n\t\n\n\t<div id=\"col-1438626121\" class=\"col medium-4 small-12 large-4\"  >\n\t\t\t\t<div class=\"col-inner\"  >\n\t\t\t\n\t\t\t\n\n\n\t\t<div class=\"icon-box featured-box icon-box-center text-center\"  >\n\t\t\t\t\t<div class=\"icon-box-img\" style=\"width: 152px\">\n\t\t\t\t<div class=\"icon\">\n\t\t\t\t\t<div class=\"icon-inner\" >\n\t\t\t\t\t\t<img decoding=\"async\" width=\"1\" height=\"1\" src=\"https:\/\/wimoov.shop\/wp-content\/uploads\/2024\/06\/Icon_Insoles.svg\" class=\"attachment-medium size-medium\" alt=\"\" title=\"\">\t\t\t\t\t<\/div>\n\t\t\t\t<\/div>\n\t\t\t<\/div>\n\t\t\t\t<div class=\"icon-box-text last-reset\">\n\t\t\t\t\t\t\t\t\t\n\n<h3>STABILIT\u00c4T UND KONTROLLE<\/h3>\n<p>Unsere Haltung, Bewegung und sportliche Leistung beginnen auf dem Boden<\/p>\n\n\t\t<\/div>\n\t<\/div>\n\t\n\t\n\n\t\t<\/div>\n\t\t\t\t\t<\/div>\n\n\t\n\n<\/div>\n\n\t\t<\/div>\n\n\t\t\n<style>\n#section_228733367 {\n  padding-top: 30px;\n  padding-bottom: 30px;\n  background-color: rgb(240, 240, 240);\n}\n<\/style>\n\t<\/section>\n\t\n\n\t<section class=\"section has-parallax\" id=\"section_1856956750\">\n\t\t<div class=\"section-bg fill\" data-parallax-container=\".section\" data-parallax-background data-parallax=\"-5\">\n\t\t\t<img decoding=\"async\" width=\"2560\" height=\"1599\" src=\"https:\/\/wimoov.shop\/wp-content\/uploads\/2024\/06\/Insole_Full_Bleed_Lifestyle_Image-scaled.jpg\" class=\"bg attachment- size-\" alt=\"\" title=\"\">\t\t\t\t\t\t<div class=\"section-bg-overlay absolute fill\"><\/div>\n\t\t\t\n\t<div class=\"is-border\"\n\t\tstyle=\"border-color:rgb(235, 235, 235);border-width:0px 0px 0px 0px;\">\n\t<\/div>\n\n\t\t<\/div>\n\n\t\t\n\n\t\t<div class=\"section-content relative\">\n\t\t\t\n\n<div class=\"row row-large align-center\"  id=\"row-1953143072\">\n\n\n\t<div id=\"col-1239702694\" class=\"col small-12 large-12\"  data-animate=\"fadeInDown\">\n\t\t\t\t<div class=\"col-inner text-center dark\"  >\n\t\t\t\n\t\t\t\n\n\t<div id=\"text-1250124272\" class=\"text\">\n\t\t\n\n<h2>Das Fundament, auf das du bauen kannst<\/h2>\nSensoraktivierungsprodukte mit einer einzigartigen Oberfl\u00e4che, die die Fu\u00dffunktion und Bewegung von Grund auf entwickelt, damit du dich besser f\u00fchlst, deine Haltung verbesserst und dich besser bewegen kannst.\n\t\t\n<style>\n#text-1250124272 {\n  font-size: 1.2rem;\n}\n@media (min-width:550px) {\n  #text-1250124272 {\n    font-size: 1.5rem;\n  }\n}\n<\/style>\n\t<\/div>\n\t\n\n\t\t<\/div>\n\t\t\t\t\n<style>\n#col-1239702694 > .col-inner {\n  padding: 15px 15px 15px 15px;\n  border-radius: 15px;\n}\n<\/style>\n\t<\/div>\n\n\t\n\n<\/div>\n\n\t\t<\/div>\n\n\t\t\n<style>\n#section_1856956750 {\n  padding-top: 59px;\n  padding-bottom: 59px;\n  min-height: 514px;\n}\n#section_1856956750 .section-bg-overlay {\n  background-color: rgba(0, 0, 0, 0.343);\n}\n#section_1856956750 .section-bg img {\n  object-position: 70% 37%;\n}\n@media (min-width:550px) {\n  #section_1856956750 {\n    min-height: 900px;\n  }\n}\n<\/style>\n\t<\/section>\n\t\n<div class=\"row\"  id=\"row-1434701953\">\n\n\n\t<div id=\"col-1888103407\" class=\"col medium-6 small-12 large-6\"  >\n\t\t\t\t<div class=\"col-inner\"  >\n\t\t\t\n\t\t\t\n\n\t<div class=\"img has-hover x md-x lg-x y md-y lg-y\" id=\"image_1791968656\">\n\t\t\t\t\t\t\t\t<div class=\"img-inner dark\" >\n\t\t\t<img decoding=\"async\" width=\"360\" height=\"596\" src=\"https:\/\/wimoov.shop\/wp-content\/uploads\/2024\/06\/TGU_on_mat_360x.jpg\" class=\"attachment-large size-large\" alt=\"\" srcset=\"https:\/\/wimoov.shop\/wp-content\/uploads\/2024\/06\/TGU_on_mat_360x.jpg 360w, https:\/\/wimoov.shop\/wp-content\/uploads\/2024\/06\/TGU_on_mat_360x-181x300.jpg 181w\" sizes=\"(max-width: 360px) 100vw, 360px\" title=\"\">\t\t\t\t\t\t\n\t\t\t\t\t<\/div>\n\t\t\t\t\t\t\t\t\n<style>\n#image_1791968656 {\n  width: 100%;\n}\n<\/style>\n\t<\/div>\n\t\n\n\n\t\t<\/div>\n\t\t\t\t\t<\/div>\n\n\t\n\n\t<div id=\"col-1243714914\" class=\"col medium-6 small-12 large-6\"  >\n\t\t\t\t<div class=\"col-inner dark\"  >\n\t\t\t\n\t\t\t\n\n\n  <div class=\"banner has-hover\" id=\"banner-264095651\">\n          <div class=\"banner-inner fill\">\n        <div class=\"banner-bg fill\" >\n                                                \n                    <\/div>\n\t\t\n        <div class=\"banner-layers container\">\n            <div class=\"fill banner-link\"><\/div>            \n\n   <div id=\"text-box-309716284\" class=\"text-box banner-layer x50 md-x50 lg-x50 y50 md-y50 lg-y50 res-text\">\n                                <div class=\"text-box-content text \">\n              \n              <div class=\"text-inner text-center\">\n                  \n\n\t<div id=\"text-2298030702\" class=\"text\">\n\t\t\n\n<h3>Mach mit bei der #FromTheGroundUp Bewegung<\/h3>\nMit dem Fokus auf gesunde F\u00fc\u00dfe wollen wir den Ansatz f\u00f6rdern, dass optimale Bewegung mit dem Boden beginnt. Mach mit!\n\t\t\n<style>\n#text-2298030702 {\n  font-size: 0.95rem;\n  line-height: 1.5;\n  color: rgb(0,0,0);\n}\n#text-2298030702 > * {\n  color: rgb(0,0,0);\n}\n@media (min-width:550px) {\n  #text-2298030702 {\n    font-size: 1rem;\n    line-height: 2.05;\n  }\n}\n<\/style>\n\t<\/div>\n\t\n<a href=\"https:\/\/naboso.hu\/kuldetesunk\/\" target=\"_blank\" class=\"button primary is-larger\" rel=\"noopener\" style=\"border-radius:99px;\">\n\t\t<span>Unser Auftrag<\/span>\n\t<\/a>\n\n\n\n              <\/div>\n           <\/div>\n                            \n<style>\n#text-box-309716284 {\n  width: 100%;\n}\n#text-box-309716284 .text-box-content {\n  font-size: 100%;\n}\n<\/style>\n    <\/div>\n \n\n        <\/div>\n      <\/div>\n\n            \n<style>\n#banner-264095651 {\n  padding-top: 150%;\n  background-color: rgb(255, 255, 255);\n}\n<\/style>\n  <\/div>\n\n\n\n\t\t<\/div>\n\t\t\t\t\t<\/div>\n\n\t\n\n\t<div id=\"col-651367125\" class=\"col small-12 large-12\"  >\n\t\t\t\t<div class=\"col-inner\"  >\n\t\t\t\n\t\t\t\n\n<div class=\"video video-fit mb\" style=\"padding-top:56.25%;\"><p><iframe loading=\"lazy\" title=\"Which Naboso Insole Is Right for Me?\" width=\"1020\" height=\"574\" src=\"https:\/\/www.youtube.com\/embed\/-6OD2cUHCRo?feature=oembed\" frameborder=\"0\" allow=\"accelerometer; autoplay; clipboard-write; encrypted-media; gyroscope; picture-in-picture; web-share\" referrerpolicy=\"strict-origin-when-cross-origin\" allowfullscreen><\/iframe><\/p>\n<\/div>\n\n\n\t\t<\/div>\n\t\t\t\t\t<\/div>\n\n\t\n\n<\/div>\n\n\t<section class=\"section dark\" id=\"section_289946877\">\n\t\t<div class=\"section-bg fill\" >\n\t\t\t<img decoding=\"async\" width=\"2560\" height=\"1599\" src=\"https:\/\/wimoov.shop\/wp-content\/uploads\/2024\/06\/Mat_Full_Bleed_Lifestyle_Image-scaled.jpg\" class=\"bg attachment- size-\" alt=\"\" title=\"\">\t\t\t\t\t\t\n\t\t\t\n\n\t\t<\/div>\n\n\t\t\n\n\t\t<div class=\"section-content relative\">\n\t\t\t\n\n\t<div id=\"text-4078221178\" class=\"text\">\n\t\t\n\n<h2>Einzigartige Oberfl\u00e4che f\u00fcr optimale Stimulation des Fu\u00dfes<\/h2>\n\t\t\n<style>\n#text-4078221178 {\n  font-size: 1.65rem;\n  text-align: center;\n}\n@media (min-width:550px) {\n  #text-4078221178 {\n    font-size: 2rem;\n  }\n}\n@media (min-width:850px) {\n  #text-4078221178 {\n    font-size: 2.4rem;\n  }\n}\n<\/style>\n\t<\/div>\n\t\n<div class=\"row\"  id=\"row-175900300\">\n\n\n\t<div id=\"col-2074569444\" class=\"col small-12 large-12\"  >\n\t\t\t\t<div class=\"col-inner text-center\"  >\n\t\t\t\n\t\t\t\n\n<a href=\"\/termekkategoria\/szonyegek\/\" class=\"button white is-outline is-large\" style=\"border-radius:99px;\">\n\t\t<span>Teppich w\u00e4hlen<\/span>\n\t<\/a>\n\n\n\n\t\t<\/div>\n\t\t\t\t\t<\/div>\n\n\t\n\n<\/div>\n\n\t\t<\/div>\n\n\t\t\n<style>\n#section_289946877 {\n  padding-top: 30px;\n  padding-bottom: 30px;\n  min-height: 532px;\n  background-color: rgb(40, 40, 40);\n}\n#section_289946877 .section-bg img {\n  object-position: 55% 87%;\n}\n@media (min-width:550px) {\n  #section_289946877 {\n    min-height: 900px;\n  }\n}\n<\/style>\n\t<\/section>\n\t\n","protected":false},"excerpt":{"rendered":"<p>Erlebe die sensorische Stimulation und die Kraft der Naboso Activation Einlegesohle und des Naboso Neuro Ball. Diese Produktkombination ist der perfekte Weg, um die Kraft und Beweglichkeit der F\u00fc\u00dfe zu verbessern! <\/p>\n<p><strong>Aktivierungseinlagen<\/strong><\/p>\n<p>Naboso\u00ae Activation ist unsere beliebteste stimulierende Einlegesohle. Probiere aus, wie es sich anf\u00fchlt, wenn du den ganzen Tag mit deinen F\u00fc\u00dfen verbunden bist: bei der Arbeit oder beim Sport. Die einzige stimulierende Einlegesohle auf dem Markt, die die Fu\u00dfkraft und gleichzeitig das Gleichgewicht verbessert.  <\/p>\n<p>&nbsp;<\/p>\n<p><strong>Neuro-Ball<\/strong><\/p>\n<p>Der Neuro Ball ist ein 3-in-1-Ger\u00e4t und eines der vielseitigsten Muskelentspannungsger\u00e4te auf dem Markt. Der Neuro Ball kann als Massageball oder als zwei Halbkugeln verwendet werden. In all seinen Funktionen bietet er eine hervorragende sensorische Stimulation und\/oder die L\u00f6sung von Triggerpunkten.  <\/p>\n","protected":false},"featured_media":2230,"comment_status":"open","ping_status":"closed","template":"","meta":{"bwfblock_default_font":""},"product_brand":[],"product_cat":[123,129,234],"product_tag":[],"class_list":{"0":"post-4022","1":"product","2":"type-product","3":"status-publish","4":"has-post-thumbnail","6":"product_cat-entspannung-regeneration","7":"product_cat-naboso","8":"product_cat-pakete","9":"pa_marka-naboso","11":"first","12":"instock","13":"taxable","14":"shipping-taxable","15":"purchasable","16":"product-type-woosb"},"_links":{"self":[{"href":"https:\/\/wimoov.shop\/de\/wp-json\/wp\/v2\/product\/4022","targetHints":{"allow":["GET"]}}],"collection":[{"href":"https:\/\/wimoov.shop\/de\/wp-json\/wp\/v2\/product"}],"about":[{"href":"https:\/\/wimoov.shop\/de\/wp-json\/wp\/v2\/types\/product"}],"replies":[{"embeddable":true,"href":"https:\/\/wimoov.shop\/de\/wp-json\/wp\/v2\/comments?post=4022"}],"wp:featuredmedia":[{"embeddable":true,"href":"https:\/\/wimoov.shop\/de\/wp-json\/wp\/v2\/media\/2230"}],"wp:attachment":[{"href":"https:\/\/wimoov.shop\/de\/wp-json\/wp\/v2\/media?parent=4022"}],"wp:term":[{"taxonomy":"product_brand","embeddable":true,"href":"https:\/\/wimoov.shop\/de\/wp-json\/wp\/v2\/product_brand?post=4022"},{"taxonomy":"product_cat","embeddable":true,"href":"https:\/\/wimoov.shop\/de\/wp-json\/wp\/v2\/product_cat?post=4022"},{"taxonomy":"product_tag","embeddable":true,"href":"https:\/\/wimoov.shop\/de\/wp-json\/wp\/v2\/product_tag?post=4022"}],"curies":[{"name":"wp","href":"https:\/\/api.w.org\/{rel}","templated":true}]}}