{"id":4010,"date":"2024-04-22T18:17:28","date_gmt":"2024-04-22T16:17:28","guid":{"rendered":"https:\/\/wimoov.shop\/naboso-textured-grip-socken\/"},"modified":"2025-06-02T14:55:07","modified_gmt":"2025-06-02T12:55:07","slug":"naboso-textured-grip-socken","status":"publish","type":"product","link":"https:\/\/wimoov.shop\/de\/naboso-textured-grip-socken\/","title":{"rendered":"Naboso Textured Grip Socken"},"content":{"rendered":"\n\t<section class=\"section\" id=\"section_1949395402\">\n\t\t<div class=\"section-bg fill\" >\n\t\t\t\t\t\t\t\t\t\n\t\t\t\n\n\t\t<\/div>\n\n\t\t\n\n\t\t<div class=\"section-content relative\">\n\t\t\t\n\n<div class=\"row\"  id=\"row-1775730693\">\n\n\n\t<div id=\"col-777123265\" class=\"col small-12 large-12\"  >\n\t\t\t\t<div class=\"col-inner\"  >\n\t\t\t\n\t\t\t\n\n\t<div id=\"text-2132868326\" class=\"text\">\n\t\t\n\n<h2>Warum Naboso?<\/h2>\n\t\t\n<style>\n#text-2132868326 {\n  font-size: 1.5rem;\n  text-align: center;\n}\n<\/style>\n\t<\/div>\n\t\n\n\t\t<\/div>\n\t\t\t\t\t<\/div>\n\n\t\n\n<\/div>\n<div class=\"row\"  id=\"row-1973602235\">\n\n\n\t<div id=\"col-1649441411\" class=\"col medium-4 small-12 large-4\"  >\n\t\t\t\t<div class=\"col-inner\"  >\n\t\t\t\n\t\t\t\n\n\n\t\t<div class=\"icon-box featured-box icon-box-center text-center\"  >\n\t\t\t\t\t<div class=\"icon-box-img\" style=\"width: 152px\">\n\t\t\t\t<div class=\"icon\">\n\t\t\t\t\t<div class=\"icon-inner\" >\n\t\t\t\t\t\t<img decoding=\"async\" width=\"1\" height=\"1\" src=\"https:\/\/wimoov.shop\/wp-content\/uploads\/2024\/06\/Icon_Sensory_Connection.svg\" class=\"attachment-medium size-medium\" alt=\"\" title=\"\">\t\t\t\t\t<\/div>\n\t\t\t\t<\/div>\n\t\t\t<\/div>\n\t\t\t\t<div class=\"icon-box-text last-reset\">\n\t\t\t\t\t\t\t\t\t\n\n\t<div id=\"text-1979724707\" class=\"text\">\n\t\t\n\n<h3>NEURONALE VERBINDUNG<\/h3>\nOptimale Stimulation gibt dem Gehirn eine bessere Kontrolle \u00fcber die Bewegung\n\t\t\n<style>\n#text-1979724707 {\n  text-align: center;\n}\n<\/style>\n\t<\/div>\n\t\n\n\t\t<\/div>\n\t<\/div>\n\t\n\t\n\n\t\t<\/div>\n\t\t\t\t\t<\/div>\n\n\t\n\n\t<div id=\"col-611101193\" class=\"col medium-4 small-12 large-4\"  >\n\t\t\t\t<div class=\"col-inner\"  >\n\t\t\t\n\t\t\t\n\n\n\t\t<div class=\"icon-box featured-box icon-box-center text-center\"  >\n\t\t\t\t\t<div class=\"icon-box-img\" style=\"width: 152px\">\n\t\t\t\t<div class=\"icon\">\n\t\t\t\t\t<div class=\"icon-inner\" >\n\t\t\t\t\t\t<img decoding=\"async\" width=\"1\" height=\"1\" src=\"https:\/\/wimoov.shop\/wp-content\/uploads\/2024\/06\/Icon_Foot_Stimulation.svg\" class=\"attachment-medium size-medium\" alt=\"\" title=\"\">\t\t\t\t\t<\/div>\n\t\t\t\t<\/div>\n\t\t\t<\/div>\n\t\t\t\t<div class=\"icon-box-text last-reset\">\n\t\t\t\t\t\t\t\t\t\n\n\t<div id=\"text-2104927778\" class=\"text\">\n\t\t\n\n<h3>ALLEINIGE STIMULATION<\/h3>\nEntwickelt, um die Nervenenden im Fu\u00df auf einzigartige Weise zu stimulieren\n\t\t\n<style>\n#text-2104927778 {\n  text-align: center;\n}\n<\/style>\n\t<\/div>\n\t\n\n\t\t<\/div>\n\t<\/div>\n\t\n\t\n\n\t\t<\/div>\n\t\t\t\t\t<\/div>\n\n\t\n\n\t<div id=\"col-373355976\" class=\"col medium-4 small-12 large-4\"  >\n\t\t\t\t<div class=\"col-inner\"  >\n\t\t\t\n\t\t\t\n\n\n\t\t<div class=\"icon-box featured-box icon-box-center text-center\"  >\n\t\t\t\t\t<div class=\"icon-box-img\" style=\"width: 152px\">\n\t\t\t\t<div class=\"icon\">\n\t\t\t\t\t<div class=\"icon-inner\" >\n\t\t\t\t\t\t<img decoding=\"async\" width=\"1\" height=\"1\" src=\"https:\/\/wimoov.shop\/wp-content\/uploads\/2024\/06\/Icon_Stability_and_Control.svg\" class=\"attachment-medium size-medium\" alt=\"\" title=\"\">\t\t\t\t\t<\/div>\n\t\t\t\t<\/div>\n\t\t\t<\/div>\n\t\t\t\t<div class=\"icon-box-text last-reset\">\n\t\t\t\t\t\t\t\t\t\n\n\t<div id=\"text-3864132712\" class=\"text\">\n\t\t\n\n<h3>STABILIT\u00c4T UND KONTROLLE<\/h3>\nUnsere Haltung, Bewegung und sportliche Leistung beginnen auf dem Boden\n\t\t\n<style>\n#text-3864132712 {\n  text-align: center;\n}\n<\/style>\n\t<\/div>\n\t\n\n\t\t<\/div>\n\t<\/div>\n\t\n\t\n\n\t\t<\/div>\n\t\t\t\t\t<\/div>\n\n\t\n\n<\/div>\n\n\t\t<\/div>\n\n\t\t\n<style>\n#section_1949395402 {\n  padding-top: 30px;\n  padding-bottom: 30px;\n  background-color: rgb(240, 240, 240);\n}\n<\/style>\n\t<\/section>\n\t\n\n\t<section class=\"section has-parallax\" id=\"section_81303460\">\n\t\t<div class=\"section-bg fill\" data-parallax-container=\".section\" data-parallax-background data-parallax=\"-5\">\n\t\t\t<img decoding=\"async\" width=\"750\" height=\"625\" src=\"https:\/\/wimoov.shop\/wp-content\/uploads\/2024\/06\/nabososockshomepage_750x.png\" class=\"bg attachment- size-\" alt=\"\" title=\"\">\t\t\t\t\t\t<div class=\"section-bg-overlay absolute fill\"><\/div>\n\t\t\t\n\n\t\t<\/div>\n\n\t\t\n\n\t\t<div class=\"section-content relative\">\n\t\t\t\n\n<div class=\"row\"  id=\"row-1552241502\">\n\n\n\t<div id=\"col-1991990898\" class=\"col small-12 large-12\"  >\n\t\t\t\t<div class=\"col-inner dark\"  >\n\t\t\t\n\t\t\t\n\n\t<div id=\"text-2261831759\" class=\"text\">\n\t\t\n\n<h2>Das Fundament, auf das du bauen kannst<\/h2>\nSensoraktivierungsprodukte mit einer einzigartigen Oberfl\u00e4che, die die Fu\u00dffunktion und Bewegung von Grund auf entwickelt, damit du dich besser f\u00fchlst, deine Haltung verbesserst und dich besser bewegen kannst.\n\t\t\n<style>\n#text-2261831759 {\n  font-size: 1.2rem;\n  text-align: center;\n}\n@media (min-width:550px) {\n  #text-2261831759 {\n    font-size: 1.5rem;\n  }\n}\n<\/style>\n\t<\/div>\n\t\n\n\t\t<\/div>\n\t\t\t\t\n<style>\n#col-1991990898 > .col-inner {\n  border-radius: 15px;\n}\n<\/style>\n\t<\/div>\n\n\t\n\n<\/div>\n\n\t\t<\/div>\n\n\t\t\n<style>\n#section_81303460 {\n  padding-top: 30px;\n  padding-bottom: 30px;\n  min-height: 512px;\n}\n#section_81303460 .section-bg-overlay {\n  background-color: rgba(0, 0, 0, 0.221);\n}\n#section_81303460 .section-bg img {\n  object-position: 56% 65%;\n}\n@media (min-width:550px) {\n  #section_81303460 {\n    min-height: 730px;\n  }\n}\n@media (min-width:850px) {\n  #section_81303460 {\n    min-height: 900px;\n  }\n}\n<\/style>\n\t<\/section>\n\t\n<div class=\"row\"  id=\"row-52752295\">\n\n\n\t<div id=\"col-1846265755\" class=\"col medium-6 small-12 large-6\"  >\n\t\t\t\t<div class=\"col-inner dark\"  >\n\t\t\t\n\t\t\t\n\n\n  <div class=\"banner has-hover\" id=\"banner-1841783746\">\n          <div class=\"banner-inner fill\">\n        <div class=\"banner-bg fill\" >\n            <img decoding=\"async\" width=\"684\" height=\"1024\" src=\"https:\/\/wimoov.shop\/wp-content\/uploads\/2024\/06\/Naboso_Sensory_Socks_PDP_Feet_1800x1800-684x1024.jpg\" class=\"bg attachment-large size-large\" alt=\"\" title=\"\">                                    \n                    <\/div>\n\t\t\n        <div class=\"banner-layers container\">\n            <div class=\"fill banner-link\"><\/div>            \n\n\n        <\/div>\n      <\/div>\n\n            \n<style>\n#banner-1841783746 {\n  padding-top: 500px;\n}\n<\/style>\n  <\/div>\n\n\n\n\t\t<\/div>\n\t\t\t\t\t<\/div>\n\n\t\n\n\t<div id=\"col-2054088656\" class=\"col medium-6 small-12 large-6\"  >\n\t\t\t\t<div class=\"col-inner\"  >\n\t\t\t\n\t\t\t\n\n\n  <div class=\"banner has-hover\" id=\"banner-862058468\">\n          <div class=\"banner-inner fill\">\n        <div class=\"banner-bg fill\" >\n                                                \n                    <\/div>\n\t\t\n        <div class=\"banner-layers container\">\n            <div class=\"fill banner-link\"><\/div>            \n\n   <div id=\"text-box-1489855231\" class=\"text-box banner-layer x50 md-x50 lg-x50 y50 md-y50 lg-y50 res-text\">\n                                <div class=\"text-box-content text dark\">\n              \n              <div class=\"text-inner text-center\">\n                  \n\n\t<div id=\"text-4078275030\" class=\"text\">\n\t\t\n\n<h3>Mach mit bei der #FromTheGroundUp Bewegung<\/h3>\nMit dem Fokus auf gesunde F\u00fc\u00dfe wollen wir den Ansatz f\u00f6rdern, dass optimale Bewegung mit dem Boden beginnt. Mach mit!\n\t\t\n<style>\n#text-4078275030 {\n  font-size: 0.95rem;\n  line-height: 1.5;\n  text-align: center;\n  color: rgb(0, 0, 0);\n}\n#text-4078275030 > * {\n  color: rgb(0, 0, 0);\n}\n@media (min-width:550px) {\n  #text-4078275030 {\n    font-size: 1rem;\n  }\n}\n<\/style>\n\t<\/div>\n\t\n<a href=\"https:\/\/naboso.hu\/kuldetesunk\/\" target=\"_blank\" class=\"button primary is-larger\" rel=\"noopener\" style=\"border-radius:99px;\">\n\t\t<span>Unser Auftrag<\/span>\n\t<\/a>\n\n\n\n              <\/div>\n           <\/div>\n                            \n<style>\n#text-box-1489855231 {\n  width: 100%;\n}\n#text-box-1489855231 .text-box-content {\n  font-size: 100%;\n}\n@media (min-width:550px) {\n  #text-box-1489855231 {\n    width: 100%;\n  }\n}\n@media (min-width:850px) {\n  #text-box-1489855231 {\n    width: 60%;\n  }\n}\n<\/style>\n    <\/div>\n \n\n        <\/div>\n      <\/div>\n\n            \n<style>\n#banner-862058468 {\n  padding-top: 500px;\n  background-color: rgb(255, 255, 255);\n}\n<\/style>\n  <\/div>\n\n\n\n\t\t<\/div>\n\t\t\t\t\t<\/div>\n\n\t\n\n\t<div id=\"col-2121381555\" class=\"col small-12 large-12\"  >\n\t\t\t\t<div class=\"col-inner\"  >\n\t\t\t\n\t\t\t\n\n<div class=\"video video-fit mb\" style=\"padding-top:56.25%;\"><p><iframe loading=\"lazy\" title=\"Reduce Foot Pain with the Naboso Recovery Sock\" width=\"1020\" height=\"574\" src=\"https:\/\/www.youtube.com\/embed\/ucpOcvMBPio?feature=oembed\" frameborder=\"0\" allow=\"accelerometer; autoplay; clipboard-write; encrypted-media; gyroscope; picture-in-picture; web-share\" referrerpolicy=\"strict-origin-when-cross-origin\" allowfullscreen><\/iframe><\/p>\n<\/div>\n\n\n\t\t<\/div>\n\t\t\t\t\t<\/div>\n\n\t\n\n<\/div>\n","protected":false},"excerpt":{"rendered":"<p>Die brandneue Naboso Textured Grip griffige Kn\u00f6chelsocke entlastet und regeneriert deine F\u00fc\u00dfe, ganz einfach, w\u00e4hrend du gehst.<\/p>\n<p>Im Inneren der Socke findest du die patentierte Naboso\u00ae-Textur. Unsere neurostimulierende Textur steigert die Durchblutung, stimuliert die Nerven und lockert Muskeln und Faszien bei jedem Schritt, den du machst. Und an der Sohle der Socke findest du griffige Abschnitte aus geschlossenzelligem, wasserabweisendem RBEVA-Gummi, damit du ohne Schuhe nicht ausrutschst.  <\/p>\n<p>Empfohlen f\u00fcr:<\/p>\n<ul>\n<li>Zur Regeneration der Beine am Ende eines langen Tages oder eines harten Trainings.<\/li>\n<li>Zur Minimierung von Fu\u00dfm\u00fcdigkeit und Fu\u00dfschmerzen, die mit Plantarfasziitis oder Plantarfasziitis-Schmerzen verbunden sein k\u00f6nnen.<\/li>\n<li>Zur Verringerung der Erm\u00fcdung der Beine f\u00fcr Menschen, die im Stehen arbeiten, z. B. Krankenschwestern, Friseure, Trainer.<\/li>\n<li>Zur Verbesserung der Durchblutung des Fu\u00dfes und der Gesundheit der peripheren Nerven.<\/li>\n<li>Es wird empfohlen, dass du dich allm\u00e4hlich an das Tragen gew\u00f6hnst. Trage sie so lange, wie du dich damit wohlf\u00fchlst. <\/li>\n<\/ul>\n<p>Die Naboso Textured Grip Socke ist anders als jede andere Socke, die du je getragen hast &#8211; vielleicht nur eine andere Naboso Socke. Eine konsequente Anwendung kann die Entspannung und Regeneration bringen, die unsere F\u00fc\u00dfe verdient haben.<\/p>\n<p>F\u00fcr die beste Passform wird empfohlen, sie vor dem Tragen zu waschen.<\/p>\n\n<table class=\"tg\">\n<thead>\n<tr>\n<th class=\"tg-0lax\"><\/th>\n<th class=\"tg-0lax\"><span style=\"font-weight: bold;\">UK<\/span><\/th>\n<th class=\"tg-0lax\"><span style=\"font-weight: bold;\">EUR<\/span><\/th>\n<\/tr>\n<\/thead>\n<tbody>\n<tr>\n<td class=\"tg-0lax\"><span style=\"font-weight: bold;\">Extra klein (XS)<\/span><\/td>\n<td class=\"tg-0lax\">3 &#8211; 4.5<\/td>\n<td class=\"tg-0lax\">35 &#8211; 37<\/td>\n<\/tr>\n<tr>\n<td class=\"tg-0lax\"><span style=\"font-weight: bold;\">Klein (S)<\/span><\/td>\n<td class=\"tg-0lax\">5 &#8211; 7<\/td>\n<td class=\"tg-0lax\">37.5 &#8211; 40<\/td>\n<\/tr>\n<tr>\n<td class=\"tg-0lax\"><span style=\"font-weight: bold;\">Mittel (M)<\/span><\/td>\n<td class=\"tg-0lax\">7.5 &#8211; 9<\/td>\n<td class=\"tg-0lax\">40.5 &#8211; 42.5<\/td>\n<\/tr>\n<tr>\n<td class=\"tg-0lax\"><span style=\"font-weight: bold;\">Gro\u00df (L)<\/span><\/td>\n<td class=\"tg-0lax\">9.5 &#8211; 11<\/td>\n<td class=\"tg-0lax\">43 &#8211; 45.5<\/td>\n<\/tr>\n<tr>\n<td class=\"tg-0lax\"><span style=\"font-weight: bold;\">Extra gro\u00df (XL)<\/span><\/td>\n<td class=\"tg-0lax\">11.5 &#8211; 13.5<\/td>\n<td class=\"tg-0lax\">46 &#8211; 48.5<\/td>\n<\/tr>\n<\/tbody>\n<\/table>\n\n","protected":false},"featured_media":2238,"comment_status":"open","ping_status":"closed","template":"","meta":{"bwfblock_default_font":""},"product_brand":[263],"product_cat":[123,129,127,232],"product_tag":[],"class_list":{"0":"post-4010","1":"product","2":"type-product","3":"status-publish","4":"has-post-thumbnail","6":"product_brand-naboso","7":"product_cat-entspannung-regeneration","8":"product_cat-naboso","9":"product_cat-regeneration-sammlung","10":"product_cat-socken","11":"pa_marka-naboso","12":"pa_meret-extra-gros-xl","13":"pa_meret-extra-klein-xs","14":"pa_meret-gros-l","15":"pa_meret-klein-s","16":"pa_meret-mittel-m","18":"first","19":"instock","20":"taxable","21":"shipping-taxable","22":"purchasable","23":"product-type-variable"},"_links":{"self":[{"href":"https:\/\/wimoov.shop\/de\/wp-json\/wp\/v2\/product\/4010","targetHints":{"allow":["GET"]}}],"collection":[{"href":"https:\/\/wimoov.shop\/de\/wp-json\/wp\/v2\/product"}],"about":[{"href":"https:\/\/wimoov.shop\/de\/wp-json\/wp\/v2\/types\/product"}],"replies":[{"embeddable":true,"href":"https:\/\/wimoov.shop\/de\/wp-json\/wp\/v2\/comments?post=4010"}],"wp:featuredmedia":[{"embeddable":true,"href":"https:\/\/wimoov.shop\/de\/wp-json\/wp\/v2\/media\/2238"}],"wp:attachment":[{"href":"https:\/\/wimoov.shop\/de\/wp-json\/wp\/v2\/media?parent=4010"}],"wp:term":[{"taxonomy":"product_brand","embeddable":true,"href":"https:\/\/wimoov.shop\/de\/wp-json\/wp\/v2\/product_brand?post=4010"},{"taxonomy":"product_cat","embeddable":true,"href":"https:\/\/wimoov.shop\/de\/wp-json\/wp\/v2\/product_cat?post=4010"},{"taxonomy":"product_tag","embeddable":true,"href":"https:\/\/wimoov.shop\/de\/wp-json\/wp\/v2\/product_tag?post=4010"}],"curies":[{"name":"wp","href":"https:\/\/api.w.org\/{rel}","templated":true}]}}