{"id":3992,"date":"2024-04-22T18:37:50","date_gmt":"2024-04-22T16:37:50","guid":{"rendered":"https:\/\/wimoov.shop\/rad-point-release-kit\/"},"modified":"2026-02-24T11:06:04","modified_gmt":"2026-02-24T09:06:04","slug":"rad-point-release-kit","status":"publish","type":"product","link":"https:\/\/wimoov.shop\/de\/rad-point-release-kit\/","title":{"rendered":"RAD Point Release Kit"},"content":{"rendered":"<div class=\"row row-full-width align-center\"  id=\"row-1645807037\">\n\n\n\t<div id=\"col-223345334\" class=\"col small-12 large-12\"  >\n\t\t\t\t<div class=\"col-inner\"  >\n\t\t\t\n\t\t\t\n\n<div class=\"video video-fit mb rounded-media\" style=\"padding-top:56.25%;\"><p><iframe loading=\"lazy\" title=\"POINT RELEASE KIT\" width=\"1020\" height=\"574\" src=\"https:\/\/www.youtube.com\/embed\/TMCXnwLxJZQ?feature=oembed\" frameborder=\"0\" allow=\"accelerometer; autoplay; clipboard-write; encrypted-media; gyroscope; picture-in-picture; web-share\" referrerpolicy=\"strict-origin-when-cross-origin\" allowfullscreen><\/iframe><\/p>\n<\/div>\n\n\n\t\t<\/div>\n\t\t\t\t\t<\/div>\n\n\t\n\n\n<style>\n#row-1645807037 > .col > .col-inner {\n  padding: 0px 0px 0px 0px;\n}\n<\/style>\n<\/div>\n\n\t<section class=\"section\" id=\"section_309360694\">\n\t\t<div class=\"section-bg fill\" >\n\t\t\t\t\t\t\t\t\t\n\t\t\t\n\n\t\t<\/div>\n\n\t\t\n\n\t\t<div class=\"section-content relative\">\n\t\t\t\n\n<div class=\"row align-equal\"  id=\"row-1838295052\">\n\n\n\t<div id=\"col-1039910342\" class=\"col medium-6 small-12 large-6\"  >\n\t\t\t\t<div class=\"col-inner\"  >\n\t\t\t\n\t\t\t\n\n\t<div class=\"img has-hover rounded-media x md-x lg-x y md-y lg-y\" id=\"image_1110440456\">\n\t\t\t\t\t\t\t\t<div class=\"img-inner image-cover dark\" style=\"padding-top:67%;\">\n\t\t\t<img decoding=\"async\" width=\"627\" height=\"800\" src=\"https:\/\/wimoov.shop\/wp-content\/uploads\/2024\/06\/Roller_Block_3_2000x.jpg\" class=\"attachment-large size-large\" alt=\"\" srcset=\"https:\/\/wimoov.shop\/wp-content\/uploads\/2024\/06\/Roller_Block_3_2000x.jpg 627w, https:\/\/wimoov.shop\/wp-content\/uploads\/2024\/06\/Roller_Block_3_2000x-235x300.jpg 235w\" sizes=\"(max-width: 627px) 100vw, 627px\" title=\"\">\t\t\t\t\t\t\n\t\t\t\t\t<\/div>\n\t\t\t\t\t\t\t\t\n<style>\n#image_1110440456 {\n  width: 100%;\n}\n<\/style>\n\t<\/div>\n\t\n\n\n\t\t<\/div>\n\t\t\t\t\t<\/div>\n\n\t\n\n\t<div id=\"col-1770804471\" class=\"col medium-6 small-12 large-6\"  >\n\t\t\t\t<div class=\"col-inner\"  >\n\t\t\t\n\t\t\t\n\n\t<div class=\"img has-hover rounded-media x md-x lg-x y md-y lg-y\" id=\"image_1662979882\">\n\t\t\t\t\t\t\t\t<div class=\"img-inner dark\" >\n\t\t\t<img decoding=\"async\" width=\"1020\" height=\"686\" src=\"https:\/\/wimoov.shop\/wp-content\/uploads\/2024\/06\/pointreleasekit14-edited-1632777203238-scaled-1024x689.webp\" class=\"attachment-large size-large\" alt=\"\" srcset=\"https:\/\/wimoov.shop\/wp-content\/uploads\/2024\/06\/pointreleasekit14-edited-1632777203238-scaled-1024x689.webp 1024w, https:\/\/wimoov.shop\/wp-content\/uploads\/2024\/06\/pointreleasekit14-edited-1632777203238-scaled-300x202.webp 300w, https:\/\/wimoov.shop\/wp-content\/uploads\/2024\/06\/pointreleasekit14-edited-1632777203238-scaled-768x517.webp 768w, https:\/\/wimoov.shop\/wp-content\/uploads\/2024\/06\/pointreleasekit14-edited-1632777203238-scaled-1536x1033.webp 1536w, https:\/\/wimoov.shop\/wp-content\/uploads\/2024\/06\/pointreleasekit14-edited-1632777203238-scaled-2048x1378.webp 2048w, https:\/\/wimoov.shop\/wp-content\/uploads\/2024\/06\/pointreleasekit14-edited-1632777203238-scaled-1000x673.webp 1000w\" sizes=\"(max-width: 1020px) 100vw, 1020px\" title=\"\">\t\t\t\t\t\t\n\t\t\t\t\t<\/div>\n\t\t\t\t\t\t\t\t\n<style>\n#image_1662979882 {\n  width: 100%;\n}\n<\/style>\n\t<\/div>\n\t\n\n\n\t\t<\/div>\n\t\t\t\t\t<\/div>\n\n\t\n\n<\/div>\n<div class=\"row align-equal\"  id=\"row-2004122293\">\n\n\n\t<div id=\"col-1496513103\" class=\"col medium-4 small-12 large-4\"  >\n\t\t\t\t<div class=\"col-inner\"  >\n\t\t\t\n\t\t\t\n\n\t<div class=\"img has-hover rounded-media x md-x lg-x y md-y lg-y\" id=\"image_2040599413\">\n\t\t\t\t\t\t\t\t<div class=\"img-inner dark\" >\n\t\t\t<img decoding=\"async\" width=\"627\" height=\"800\" src=\"https:\/\/wimoov.shop\/wp-content\/uploads\/2024\/04\/Rounds_Block_3_2000x.jpg\" class=\"attachment-large size-large\" alt=\"\" srcset=\"https:\/\/wimoov.shop\/wp-content\/uploads\/2024\/04\/Rounds_Block_3_2000x.jpg 627w, https:\/\/wimoov.shop\/wp-content\/uploads\/2024\/04\/Rounds_Block_3_2000x-235x300.jpg 235w\" sizes=\"(max-width: 627px) 100vw, 627px\" title=\"\">\t\t\t\t\t\t\n\t\t\t\t\t<\/div>\n\t\t\t\t\t\t\t\t\n<style>\n#image_2040599413 {\n  width: 100%;\n}\n<\/style>\n\t<\/div>\n\t\n\n\n\t\t<\/div>\n\t\t\t\t\t<\/div>\n\n\t\n\n\t<div id=\"col-1117487820\" class=\"col medium-4 small-12 large-4\"  >\n\t\t\t\t<div class=\"col-inner\"  >\n\t\t\t\n\t\t\t\n\n\t<div class=\"img has-hover rounded-media x md-x lg-x y md-y lg-y\" id=\"image_1773242267\">\n\t\t\t\t\t\t\t\t<div class=\"img-inner dark\" >\n\t\t\t<img decoding=\"async\" width=\"627\" height=\"800\" src=\"https:\/\/wimoov.shop\/wp-content\/uploads\/2024\/04\/Roller_Block_7_2000x.jpg\" class=\"attachment-large size-large\" alt=\"\" srcset=\"https:\/\/wimoov.shop\/wp-content\/uploads\/2024\/04\/Roller_Block_7_2000x.jpg 627w, https:\/\/wimoov.shop\/wp-content\/uploads\/2024\/04\/Roller_Block_7_2000x-235x300.jpg 235w\" sizes=\"(max-width: 627px) 100vw, 627px\" title=\"\">\t\t\t\t\t\t\n\t\t\t\t\t<\/div>\n\t\t\t\t\t\t\t\t\n<style>\n#image_1773242267 {\n  width: 100%;\n}\n<\/style>\n\t<\/div>\n\t\n\n\n\t\t<\/div>\n\t\t\t\t\t<\/div>\n\n\t\n\n\t<div id=\"col-54043501\" class=\"col medium-4 small-12 large-4\"  >\n\t\t\t\t<div class=\"col-inner\"  >\n\t\t\t\n\t\t\t\n\n\t<div class=\"img has-hover rounded-media x md-x lg-x y md-y lg-y\" id=\"image_1537643654\">\n\t\t\t\t\t\t\t\t<div class=\"img-inner dark\" >\n\t\t\t<img decoding=\"async\" width=\"627\" height=\"800\" src=\"https:\/\/wimoov.shop\/wp-content\/uploads\/2024\/04\/Rounds_8_46817d6f-488b-4234-b8cf-699e6bbf4ea3_2000x.jpg\" class=\"attachment-large size-large\" alt=\"\" srcset=\"https:\/\/wimoov.shop\/wp-content\/uploads\/2024\/04\/Rounds_8_46817d6f-488b-4234-b8cf-699e6bbf4ea3_2000x.jpg 627w, https:\/\/wimoov.shop\/wp-content\/uploads\/2024\/04\/Rounds_8_46817d6f-488b-4234-b8cf-699e6bbf4ea3_2000x-235x300.jpg 235w\" sizes=\"(max-width: 627px) 100vw, 627px\" title=\"\">\t\t\t\t\t\t\n\t\t\t\t\t<\/div>\n\t\t\t\t\t\t\t\t\n<style>\n#image_1537643654 {\n  width: 100%;\n}\n<\/style>\n\t<\/div>\n\t\n\n\n\t\t<\/div>\n\t\t\t\t\t<\/div>\n\n\t\n\n<\/div>\n\n\t\t<\/div>\n\n\t\t\n<style>\n#section_309360694 {\n  padding-top: 30px;\n  padding-bottom: 30px;\n}\n<\/style>\n\t<\/section>\n\t\n\n\t<section class=\"section dark\" id=\"section_1464726770\">\n\t\t<div class=\"section-bg fill\" >\n\t\t\t\t\t\t\t\t\t\n\t\t\t\n\n\t\t<\/div>\n\n\t\t\n\n\t\t<div class=\"section-content relative\">\n\t\t\t\n\n<div class=\"row align-middle\"  id=\"row-549713659\">\n\n\n\t<div id=\"col-1924629063\" class=\"col medium-8 small-12 large-8\"  >\n\t\t\t\t<div class=\"col-inner text-left\"  >\n\t\t\t\n\t\t\t\n\n<h3 class=\"accordion_title\">DETAILS<\/h3><div class=\"accordion\">\n\n\t<div id=\"accordion-1537841028\" class=\"accordion-item\">\n\t\t<a id=\"accordion-1537841028-label\" class=\"accordion-title plain\" href=\"#accordion-item-was-im-paket-enthalten-ist\" aria-expanded=\"false\" aria-controls=\"accordion-1537841028-content\">\n\t\t\t<button class=\"toggle\" aria-label=\"Umschalten\"><i class=\"icon-angle-down\" aria-hidden=\"true\"><\/i><\/button>\n\t\t\t<span>WAS IM PAKET ENTHALTEN IST<\/span>\n\t\t<\/a>\n\t\t<div id=\"accordion-1537841028-content\" class=\"accordion-inner\" aria-labelledby=\"accordion-1537841028-label\">\n\t\t\t\n\n<p>Eine Runde, ein Block und eine Walze mit normaler H\u00e4rte.<\/p>\n\n\t\t<\/div>\n\t<\/div>\n\t\n\t<div id=\"accordion-1513604490\" class=\"accordion-item\">\n\t\t<a id=\"accordion-1513604490-label\" class=\"accordion-title plain\" href=\"#accordion-item-zusammenfassung\" aria-expanded=\"false\" aria-controls=\"accordion-1513604490-content\">\n\t\t\t<button class=\"toggle\" aria-label=\"Umschalten\"><i class=\"icon-angle-down\" aria-hidden=\"true\"><\/i><\/button>\n\t\t\t<span>ZUSAMMENFASSUNG<\/span>\n\t\t<\/a>\n\t\t<div id=\"accordion-1513604490-content\" class=\"accordion-inner\" aria-labelledby=\"accordion-1513604490-label\">\n\t\t\t\n\n<p>Block: hochdichter Schaumstoff<br>Rolle: Umweltfreundliches Silikon<br>Rounds: Umweltfreundliches Silikon<\/p>\n\n\t\t<\/div>\n\t<\/div>\n\t\n\t<div id=\"accordion-1456127229\" class=\"accordion-item\">\n\t\t<a id=\"accordion-1456127229-label\" class=\"accordion-title plain\" href=\"#accordion-item-abmessungen\" aria-expanded=\"false\" aria-controls=\"accordion-1456127229-content\">\n\t\t\t<button class=\"toggle\" aria-label=\"Umschalten\"><i class=\"icon-angle-down\" aria-hidden=\"true\"><\/i><\/button>\n\t\t\t<span>ABMESSUNGEN<\/span>\n\t\t<\/a>\n\t\t<div id=\"accordion-1456127229-content\" class=\"accordion-inner\" aria-labelledby=\"accordion-1456127229-label\">\n\t\t\t\n\n<p>Block: 21 x 16 x 9,5 cm<br>Rolle: 12,5 x 6 cm<br>Rounds: 2 cm (Schwarz), 4 cm (Blau), 6 cm (Gr\u00fcn)<\/p>\n\n\t\t<\/div>\n\t<\/div>\n\t\n\t<div id=\"accordion-313377630\" class=\"accordion-item\">\n\t\t<a id=\"accordion-313377630-label\" class=\"accordion-title plain\" href=\"#accordion-item-s\u00daly\" aria-expanded=\"false\" aria-controls=\"accordion-313377630-content\">\n\t\t\t<button class=\"toggle\" aria-label=\"Umschalten\"><i class=\"icon-angle-down\" aria-hidden=\"true\"><\/i><\/button>\n\t\t\t<span>S\u00daLY<\/span>\n\t\t<\/a>\n\t\t<div id=\"accordion-313377630-content\" class=\"accordion-inner\" aria-labelledby=\"accordion-313377630-label\">\n\t\t\t\n\n<p>Block: 300 g<br>Rolle: 369 g<br>Rounds: 8,5 g (Schwarz), 45 g (Blau), 102 g (Gr\u00fcn)<\/p>\n\n\t\t<\/div>\n\t<\/div>\n\t\n\t<div id=\"accordion-4165403113\" class=\"accordion-item\">\n\t\t<a id=\"accordion-4165403113-label\" class=\"accordion-title plain\" href=\"#accordion-item-andere\" aria-expanded=\"false\" aria-controls=\"accordion-4165403113-content\">\n\t\t\t<button class=\"toggle\" aria-label=\"Umschalten\"><i class=\"icon-angle-down\" aria-hidden=\"true\"><\/i><\/button>\n\t\t\t<span>ANDERE<\/span>\n\t\t<\/a>\n\t\t<div id=\"accordion-4165403113-content\" class=\"accordion-inner\" aria-labelledby=\"accordion-4165403113-label\">\n\t\t\t\n\n<p>BPA-, latex- und plastikfrei<br>Recycelbare Verpackung<br>Lebenslange Herstellergarantie<\/p>\n\n\t\t<\/div>\n\t<\/div>\n\t\n\n<\/div>\n\n\t\t<\/div>\n\t\t\t\t\t<\/div>\n\n\t\n\n\t<div id=\"col-121073914\" class=\"col medium-4 small-12 large-4\"  >\n\t\t\t\t<div class=\"col-inner\"  >\n\t\t\t\n\t\t\t\n\n\t<div class=\"img has-hover x md-x lg-x y md-y lg-y\" id=\"image_1372189868\">\n\t\t\t\t\t\t\t\t<div class=\"img-inner dark\" >\n\t\t\t<img decoding=\"async\" width=\"619\" height=\"619\" src=\"https:\/\/wimoov.shop\/wp-content\/uploads\/2024\/06\/2021-rad-usage-card-4x4-front-1633450492044.webp\" class=\"attachment-large size-large\" alt=\"\" srcset=\"https:\/\/wimoov.shop\/wp-content\/uploads\/2024\/06\/2021-rad-usage-card-4x4-front-1633450492044.webp 619w, https:\/\/wimoov.shop\/wp-content\/uploads\/2024\/06\/2021-rad-usage-card-4x4-front-1633450492044-300x300.webp 300w, https:\/\/wimoov.shop\/wp-content\/uploads\/2024\/06\/2021-rad-usage-card-4x4-front-1633450492044-150x150.webp 150w, https:\/\/wimoov.shop\/wp-content\/uploads\/2024\/06\/2021-rad-usage-card-4x4-front-1633450492044-100x100.webp 100w\" sizes=\"(max-width: 619px) 100vw, 619px\" title=\"\">\t\t\t\t\t\t\n\t\t\t\t\t<\/div>\n\t\t\t\t\t\t\t\t\n<style>\n#image_1372189868 {\n  width: 100%;\n}\n<\/style>\n\t<\/div>\n\t\n\n\n\t\t<\/div>\n\t\t\t\t\t<\/div>\n\n\t\n\n<\/div>\n\n\t\t<\/div>\n\n\t\t\n<style>\n#section_1464726770 {\n  padding-top: 30px;\n  padding-bottom: 30px;\n  background-color: #54c0e8;\n}\n<\/style>\n\t<\/section>\n\t\n\n\t<section class=\"section\" id=\"section_70587885\">\n\t\t<div class=\"section-bg fill\" >\n\t\t\t\t\t\t\t\t\t\n\t\t\t\n\n\t\t<\/div>\n\n\t\t\n\n\t\t<div class=\"section-content relative\">\n\t\t\t\n\n<div class=\"row row-large align-equal\"  id=\"row-1288512870\">\n\n\n\t<div id=\"col-1666431903\" class=\"col medium-4 small-12 large-4\"  >\n\t\t\t\t<div class=\"col-inner dark\" style=\"background-color:rgb(84, 192, 232);\" >\n\t\t\t\n\t\t\t\n\n\t<div class=\"box has-hover   has-hover box-text-bottom\" >\n\n\t\t<div class=\"box-image\" >\n\t\t\t\t\t\t<div class=\"\" >\n\t\t\t\t<img decoding=\"async\" width=\"2560\" height=\"1707\" src=\"https:\/\/wimoov.shop\/wp-content\/uploads\/2024\/06\/point-release-kit67-1633123785136-scaled.jpg\" class=\"attachment- size-\" alt=\"\" srcset=\"https:\/\/wimoov.shop\/wp-content\/uploads\/2024\/06\/point-release-kit67-1633123785136-scaled.jpg 2560w, https:\/\/wimoov.shop\/wp-content\/uploads\/2024\/06\/point-release-kit67-1633123785136-scaled-300x200.jpg 300w, https:\/\/wimoov.shop\/wp-content\/uploads\/2024\/06\/point-release-kit67-1633123785136-scaled-1024x683.jpg 1024w, https:\/\/wimoov.shop\/wp-content\/uploads\/2024\/06\/point-release-kit67-1633123785136-scaled-768x512.jpg 768w, https:\/\/wimoov.shop\/wp-content\/uploads\/2024\/06\/point-release-kit67-1633123785136-scaled-1536x1024.jpg 1536w, https:\/\/wimoov.shop\/wp-content\/uploads\/2024\/06\/point-release-kit67-1633123785136-scaled-2048x1366.jpg 2048w, https:\/\/wimoov.shop\/wp-content\/uploads\/2024\/06\/point-release-kit67-1633123785136-scaled-1000x667.jpg 1000w\" sizes=\"(max-width: 2560px) 100vw, 2560px\" title=\"\">\t\t\t\t\t\t\t\t\t\t\t<\/div>\n\t\t\t\t\t<\/div>\n\n\t\t<div class=\"box-text text-center\" >\n\t\t\t<div class=\"box-text-inner\">\n\t\t\t\t\n\n<h4>MASSAGEBALL-SET<\/h4>\n<p>Unsere Pakete enthalten empfohlene Kombinationen zu einem g\u00fcnstigeren Preis als wenn du sie einzeln kaufst.<\/p>\n\n\t\t\t<\/div>\n\t\t<\/div>\n\t<\/div>\n\t\n\n\t\t<\/div>\n\t\t\t\t\t<\/div>\n\n\t\n\n\t<div id=\"col-1878678857\" class=\"col medium-4 small-12 large-4\"  >\n\t\t\t\t<div class=\"col-inner dark\" style=\"background-color:#54c0e8;\" >\n\t\t\t\n\t\t\t\n\n\t<div class=\"box has-hover   has-hover box-text-bottom\" >\n\n\t\t<div class=\"box-image\" >\n\t\t\t\t\t\t<div class=\"\" >\n\t\t\t\t<img decoding=\"async\" width=\"2560\" height=\"1707\" src=\"https:\/\/wimoov.shop\/wp-content\/uploads\/2024\/06\/rounds42-1633386882588-scaled.jpg\" class=\"attachment- size-\" alt=\"\" srcset=\"https:\/\/wimoov.shop\/wp-content\/uploads\/2024\/06\/rounds42-1633386882588-scaled.jpg 2560w, https:\/\/wimoov.shop\/wp-content\/uploads\/2024\/06\/rounds42-1633386882588-scaled-300x200.jpg 300w, https:\/\/wimoov.shop\/wp-content\/uploads\/2024\/06\/rounds42-1633386882588-scaled-1024x683.jpg 1024w, https:\/\/wimoov.shop\/wp-content\/uploads\/2024\/06\/rounds42-1633386882588-scaled-768x512.jpg 768w, https:\/\/wimoov.shop\/wp-content\/uploads\/2024\/06\/rounds42-1633386882588-scaled-1536x1024.jpg 1536w, https:\/\/wimoov.shop\/wp-content\/uploads\/2024\/06\/rounds42-1633386882588-scaled-2048x1366.jpg 2048w, https:\/\/wimoov.shop\/wp-content\/uploads\/2024\/06\/rounds42-1633386882588-scaled-1000x667.jpg 1000w\" sizes=\"(max-width: 2560px) 100vw, 2560px\" title=\"\">\t\t\t\t\t\t\t\t\t\t\t<\/div>\n\t\t\t\t\t<\/div>\n\n\t\t<div class=\"box-text text-center\" >\n\t\t\t<div class=\"box-text-inner\">\n\t\t\t\t\n\n<h4 class=\"uppercase\">Triggerpunkt-Behandlung<\/h4>\n<p>Verw\u00f6hne deinen K\u00f6rper von Kopf bis Fu\u00df mit diesem Massagepaket.<\/p>\n\n\t\t\t<\/div>\n\t\t<\/div>\n\t<\/div>\n\t\n\n\t\t<\/div>\n\t\t\t\t\t<\/div>\n\n\t\n\n\t<div id=\"col-1470252790\" class=\"col medium-4 small-12 large-4\"  >\n\t\t\t\t<div class=\"col-inner\"  >\n\t\t\t\n\t\t\t\n\n\t<div class=\"box has-hover   has-hover box-text-bottom\" >\n\n\t\t<div class=\"box-image\" style=\"width:52%;\">\n\t\t\t\t\t\t<div class=\"\" >\n\t\t\t\t<img decoding=\"async\" width=\"840\" height=\"1080\" src=\"https:\/\/wimoov.shop\/wp-content\/uploads\/2024\/06\/8_2000x.webp\" class=\"attachment- size-\" alt=\"\" srcset=\"https:\/\/wimoov.shop\/wp-content\/uploads\/2024\/06\/8_2000x.webp 840w, https:\/\/wimoov.shop\/wp-content\/uploads\/2024\/06\/8_2000x-233x300.webp 233w, https:\/\/wimoov.shop\/wp-content\/uploads\/2024\/06\/8_2000x-796x1024.webp 796w, https:\/\/wimoov.shop\/wp-content\/uploads\/2024\/06\/8_2000x-768x987.webp 768w\" sizes=\"(max-width: 840px) 100vw, 840px\" title=\"\">\t\t\t\t\t\t\t\t\t\t\t<\/div>\n\t\t\t\t\t<\/div>\n\n\t\t<div class=\"box-text text-center\" >\n\t\t\t<div class=\"box-text-inner\">\n\t\t\t\t\n\n<h4>GRATIS APP<\/h4>\n<p>L\u00f6se Blockaden, verbessere deine Mobilit\u00e4t und vor allem: F\u00fchle dich besser!<\/p>\n\n\t\t\t<\/div>\n\t\t<\/div>\n\t<\/div>\n\t\n\n\t\t<\/div>\n\t\t\t\t\t<\/div>\n\n\t\n\n<\/div>\n\n\t\t<\/div>\n\n\t\t\n<style>\n#section_70587885 {\n  padding-top: 60px;\n  padding-bottom: 60px;\n}\n<\/style>\n\t<\/section>\n\t\n","protected":false},"excerpt":{"rendered":"<p class=\"\" data-start=\"190\" data-end=\"271\"><span class=\"relative -mx-px my-[-0.2rem] rounded px-px py-[0.2rem] transition-colors duration-100 ease-in-out\">Dieses sorgf\u00e4ltig zusammengestellte Massage-Kit enth\u00e4lt drei wichtige Hilfsmittel, mit denen du Muskeln und Faszien zu Hause oder unterwegs gezielt und tiefgreifend behandeln kannst.<\/span><\/p>\n<ul data-start=\"273\" data-end=\"702\">\n<li class=\"\" data-start=\"273\" data-end=\"413\">\n<p class=\"\" data-start=\"275\" data-end=\"413\"><strong data-start=\"275\" data-end=\"289\">RAD Roller<\/strong><br data-start=\"289\" data-end=\"292\"><span class=\"relative -mx-px my-[-0.2rem] rounded px-px py-[0.2rem] transition-colors duration-100 ease-in-out\">Ein kompakter, doppelter Massageball, der speziell f\u00fcr die Mobilisierung der Muskeln entlang der Wirbels\u00e4ule entwickelt wurde. Sein dreidimensionales Design erm\u00f6glicht eine tiefe, pr\u00e4zise Massage fast aller Muskelgruppen des K\u00f6rpers und vermeidet gleichzeitig \u00fcberm\u00e4\u00dfigen Druck auf die Wirbels\u00e4ule. <\/span><\/p>\n<\/li>\n<li class=\"\" data-start=\"415\" data-end=\"555\">\n<p class=\"\" data-start=\"417\" data-end=\"555\"><strong data-start=\"417\" data-end=\"431\">RAD Rounds<\/strong><br data-start=\"431\" data-end=\"434\"><span class=\"relative -mx-px my-[-0.2rem] rounded px-px py-[0.2rem] transition-colors duration-100 ease-in-out\">Ein Set mit drei Massagekugeln in verschiedenen Gr\u00f6\u00dfen und H\u00e4rten, ideal f\u00fcr die Behandlung von Knoten und verspannten Muskeln an schwer zug\u00e4nglichen Stellen. Die verschiedenen Gr\u00f6\u00dfen erm\u00f6glichen eine gezielte Behandlung verschiedener K\u00f6rperbereiche, einschlie\u00dflich Kiefer, H\u00e4nde und F\u00fc\u00dfe. <\/span><\/p>\n<\/li>\n<li class=\"\" data-start=\"557\" data-end=\"702\">\n<p class=\"\" data-start=\"559\" data-end=\"702\"><strong data-start=\"559\" data-end=\"572\">RAD-Block<\/strong><br data-start=\"572\" data-end=\"575\"><span class=\"relative -mx-px my-[-0.2rem] rounded px-px py-[0.2rem] transition-colors duration-100 ease-in-out\">Ein vielseitiges Zubeh\u00f6r, das eine stabile Basis f\u00fcr den Einsatz von Roller- oder Rounds-Tools bietet, insbesondere bei der Arbeit an schwer zug\u00e4nglichen Muskeln wie den Brustmuskeln oder Adduktoren. Au\u00dferdem dient es als praktische Ablage, damit die Werkzeuge immer griffbereit sind. <\/span><\/p>\n<\/li>\n<\/ul>\n<p class=\"\" data-start=\"704\" data-end=\"789\"><span class=\"relative -mx-px my-[-0.2rem] rounded px-px py-[0.2rem] transition-colors duration-100 ease-in-out\">Dieses Paket ist die ideale Wahl f\u00fcr alle, die nach einer kompletten, pr\u00e4zisen Selbstmassagel\u00f6sung suchen, sei es zur Erholung nach der Arbeit, zur Bew\u00e4ltigung von Muskelverspannungen durch B\u00fcroarbeit oder zur Steigerung der allgemeinen Mobilit\u00e4t.<\/span><\/p>\n","protected":false},"featured_media":2344,"comment_status":"open","ping_status":"closed","template":"","meta":{"bwfblock_default_font":""},"product_brand":[],"product_cat":[123,199,198,155],"product_tag":[200,218,204,201,223,202,203,217,205],"class_list":{"0":"post-3992","1":"product","2":"type-product","3":"status-publish","4":"has-post-thumbnail","6":"product_cat-entspannung-regeneration","7":"product_cat-radroller","8":"product_cat-smr-pakete","9":"product_cat-yoga-und-mobilisierung","10":"product_tag-entspannung-der-muskeln","11":"product_tag-freischalten","12":"product_tag-massage-rolle","13":"product_tag-massageball","14":"product_tag-myofasziale-selbstmassage","15":"product_tag-rehabilitation","16":"product_tag-schaumstoffrolle","17":"product_tag-smr-de","18":"product_tag-smr-zylinder","19":"pa_marka-rad-roller","21":"first","22":"instock","23":"taxable","24":"shipping-taxable","25":"purchasable","26":"product-type-simple"},"_links":{"self":[{"href":"https:\/\/wimoov.shop\/de\/wp-json\/wp\/v2\/product\/3992","targetHints":{"allow":["GET"]}}],"collection":[{"href":"https:\/\/wimoov.shop\/de\/wp-json\/wp\/v2\/product"}],"about":[{"href":"https:\/\/wimoov.shop\/de\/wp-json\/wp\/v2\/types\/product"}],"replies":[{"embeddable":true,"href":"https:\/\/wimoov.shop\/de\/wp-json\/wp\/v2\/comments?post=3992"}],"wp:featuredmedia":[{"embeddable":true,"href":"https:\/\/wimoov.shop\/de\/wp-json\/wp\/v2\/media\/2344"}],"wp:attachment":[{"href":"https:\/\/wimoov.shop\/de\/wp-json\/wp\/v2\/media?parent=3992"}],"wp:term":[{"taxonomy":"product_brand","embeddable":true,"href":"https:\/\/wimoov.shop\/de\/wp-json\/wp\/v2\/product_brand?post=3992"},{"taxonomy":"product_cat","embeddable":true,"href":"https:\/\/wimoov.shop\/de\/wp-json\/wp\/v2\/product_cat?post=3992"},{"taxonomy":"product_tag","embeddable":true,"href":"https:\/\/wimoov.shop\/de\/wp-json\/wp\/v2\/product_tag?post=3992"}],"curies":[{"name":"wp","href":"https:\/\/api.w.org\/{rel}","templated":true}]}}