{"id":3986,"date":"2024-04-22T18:37:51","date_gmt":"2024-04-22T16:37:51","guid":{"rendered":"https:\/\/wimoov.shop\/rad-all-in-kit\/"},"modified":"2025-05-02T09:59:00","modified_gmt":"2025-05-02T07:59:00","slug":"rad-all-in-kit","status":"publish","type":"product","link":"https:\/\/wimoov.shop\/de\/rad-all-in-kit\/","title":{"rendered":"RAD All-in-Kit"},"content":{"rendered":"<p class=\"whitespace-pre-wrap break-words\">\n\t<section class=\"section\" id=\"section_1918253595\">\n\t\t<div class=\"section-bg fill\" >\n\t\t\t\t\t\t\t\t\t\n\t\t\t\n\n\t\t<\/div>\n\n\t\t\n\n\t\t<div class=\"section-content relative\">\n\t\t\t\n\n<div class=\"row row-full-width align-center\"  id=\"row-1015425172\">\n\n\n\t<div id=\"col-2034223586\" class=\"col medium-4 small-12 large-4\"  >\n\t\t\t\t<div class=\"col-inner\"  >\n\t\t\t\n\t\t\t\n\n<div class=\"video video-fit mb\" style=\"padding-top:56.25%;\"><p><iframe loading=\"lazy\" title=\"ALL IN KIT\" width=\"1020\" height=\"574\" src=\"https:\/\/www.youtube.com\/embed\/FM1NtJ-8oVw?feature=oembed\" frameborder=\"0\" allow=\"accelerometer; autoplay; clipboard-write; encrypted-media; gyroscope; picture-in-picture; web-share\" referrerpolicy=\"strict-origin-when-cross-origin\" allowfullscreen><\/iframe><\/p>\n<\/div>\n\n\n\t\t<\/div>\n\t\t\t\t\t<\/div>\n\n\t\n\n\t<div id=\"col-1337389311\" class=\"col medium-4 small-12 large-4\"  >\n\t\t\t\t<div class=\"col-inner\"  >\n\t\t\t\n\t\t\t\n\n<div class=\"video video-fit mb\" style=\"padding-top:56.25%;\"><p><iframe loading=\"lazy\" title=\"WHAT IS RAD\" width=\"1020\" height=\"574\" src=\"https:\/\/www.youtube.com\/embed\/OipdqJJeVcU?feature=oembed\" frameborder=\"0\" allow=\"accelerometer; autoplay; clipboard-write; encrypted-media; gyroscope; picture-in-picture; web-share\" referrerpolicy=\"strict-origin-when-cross-origin\" allowfullscreen><\/iframe><\/p>\n<\/div>\n\n\n\t\t<\/div>\n\t\t\t\t\t<\/div>\n\n\t\n\n\n<style>\n#row-1015425172 > .col > .col-inner {\n  padding: 0px 0px 0px 0px;\n}\n<\/style>\n<\/div>\n\n\t\t<\/div>\n\n\t\t\n<style>\n#section_1918253595 {\n  padding-top: 30px;\n  padding-bottom: 30px;\n  background-color: rgb(84, 192, 232);\n}\n<\/style>\n\t<\/section>\n\t\n\n\t<section class=\"section\" id=\"section_2086322940\">\n\t\t<div class=\"section-bg fill\" >\n\t\t\t\t\t\t\t\t\t\n\t\t\t\n\n\t\t<\/div>\n\n\t\t\n\n\t\t<div class=\"section-content relative\">\n\t\t\t\n\n<div class=\"row row-large align-equal\"  id=\"row-947299306\">\n\n\n\t<div id=\"col-1376942292\" class=\"col medium-4 small-12 large-4\"  >\n\t\t\t\t<div class=\"col-inner dark\" style=\"background-color:rgb(84, 192, 232);\" >\n\t\t\t\n\t\t\t\n\n\t<div class=\"box has-hover   has-hover box-text-bottom\" >\n\n\t\t<div class=\"box-image\" >\n\t\t\t\t\t\t<div class=\"\" >\n\t\t\t\t<img decoding=\"async\" width=\"1536\" height=\"1024\" src=\"https:\/\/wimoov.shop\/wp-content\/uploads\/2024\/05\/f6radr17605-copy-1633023926179-1536x1024-1.webp\" class=\"attachment- size-\" alt=\"\" srcset=\"https:\/\/wimoov.shop\/wp-content\/uploads\/2024\/05\/f6radr17605-copy-1633023926179-1536x1024-1.webp 1536w, https:\/\/wimoov.shop\/wp-content\/uploads\/2024\/05\/f6radr17605-copy-1633023926179-1536x1024-1-300x200.webp 300w, https:\/\/wimoov.shop\/wp-content\/uploads\/2024\/05\/f6radr17605-copy-1633023926179-1536x1024-1-1024x683.webp 1024w, https:\/\/wimoov.shop\/wp-content\/uploads\/2024\/05\/f6radr17605-copy-1633023926179-1536x1024-1-768x512.webp 768w, https:\/\/wimoov.shop\/wp-content\/uploads\/2024\/05\/f6radr17605-copy-1633023926179-1536x1024-1-1000x667.webp 1000w\" sizes=\"(max-width: 1536px) 100vw, 1536px\" title=\"\">\t\t\t\t\t\t\t\t\t\t\t<\/div>\n\t\t\t\t\t<\/div>\n\n\t\t<div class=\"box-text text-center\" >\n\t\t\t<div class=\"box-text-inner\">\n\t\t\t\t\n\n<h4>DAS PERFEKTE SMR KIT<\/h4>\n<p>Unsere Pakete enthalten empfohlene Kombinationen zu einem g\u00fcnstigeren Preis als wenn du sie einzeln kaufst.<\/p>\n\n\t\t\t<\/div>\n\t\t<\/div>\n\t<\/div>\n\t\n\n\t\t<\/div>\n\t\t\t\t\t<\/div>\n\n\t\n\n\t<div id=\"col-929818083\" class=\"col medium-4 small-12 large-4\"  >\n\t\t\t\t<div class=\"col-inner dark\" style=\"background-color:#54c0e8;\" >\n\t\t\t\n\t\t\t\n\n\t<div class=\"box has-hover   has-hover box-text-bottom\" >\n\n\t\t<div class=\"box-image\" >\n\t\t\t\t\t\t<div class=\"\" >\n\t\t\t\t<img decoding=\"async\" width=\"1536\" height=\"1024\" src=\"https:\/\/wimoov.shop\/wp-content\/uploads\/2024\/05\/point-release-kit68-1632843772987-1536x1024-1.jpg\" class=\"attachment- size-\" alt=\"\" srcset=\"https:\/\/wimoov.shop\/wp-content\/uploads\/2024\/05\/point-release-kit68-1632843772987-1536x1024-1.jpg 1536w, https:\/\/wimoov.shop\/wp-content\/uploads\/2024\/05\/point-release-kit68-1632843772987-1536x1024-1-300x200.jpg 300w, https:\/\/wimoov.shop\/wp-content\/uploads\/2024\/05\/point-release-kit68-1632843772987-1536x1024-1-1024x683.jpg 1024w, https:\/\/wimoov.shop\/wp-content\/uploads\/2024\/05\/point-release-kit68-1632843772987-1536x1024-1-768x512.jpg 768w, https:\/\/wimoov.shop\/wp-content\/uploads\/2024\/05\/point-release-kit68-1632843772987-1536x1024-1-1000x667.jpg 1000w\" sizes=\"(max-width: 1536px) 100vw, 1536px\" title=\"\">\t\t\t\t\t\t\t\t\t\t\t<\/div>\n\t\t\t\t\t<\/div>\n\n\t\t<div class=\"box-text text-center\" >\n\t\t\t<div class=\"box-text-inner\">\n\t\t\t\t\n\n<h4 class=\"uppercase\">GANZK\u00d6RPERMASSAGE<\/h4>\n<p>Verw\u00f6hne deinen K\u00f6rper von Kopf bis Fu\u00df mit diesem Massagepaket.<\/p>\n\n\t\t\t<\/div>\n\t\t<\/div>\n\t<\/div>\n\t\n\n\t\t<\/div>\n\t\t\t\t\t<\/div>\n\n\t\n\n\t<div id=\"col-15481137\" class=\"col medium-4 small-12 large-4\"  >\n\t\t\t\t<div class=\"col-inner\"  >\n\t\t\t\n\t\t\t\n\n\t<div class=\"box has-hover   has-hover box-text-bottom\" >\n\n\t\t<div class=\"box-image\" style=\"width:52%;\">\n\t\t\t\t\t\t<div class=\"\" >\n\t\t\t\t<img decoding=\"async\" width=\"840\" height=\"1080\" src=\"https:\/\/wimoov.shop\/wp-content\/uploads\/2024\/05\/RAD_App_Small.webp\" class=\"attachment- size-\" alt=\"\" srcset=\"https:\/\/wimoov.shop\/wp-content\/uploads\/2024\/05\/RAD_App_Small.webp 840w, https:\/\/wimoov.shop\/wp-content\/uploads\/2024\/05\/RAD_App_Small-233x300.webp 233w, https:\/\/wimoov.shop\/wp-content\/uploads\/2024\/05\/RAD_App_Small-796x1024.webp 796w, https:\/\/wimoov.shop\/wp-content\/uploads\/2024\/05\/RAD_App_Small-768x987.webp 768w\" sizes=\"(max-width: 840px) 100vw, 840px\" title=\"\">\t\t\t\t\t\t\t\t\t\t\t<\/div>\n\t\t\t\t\t<\/div>\n\n\t\t<div class=\"box-text text-center\" >\n\t\t\t<div class=\"box-text-inner\">\n\t\t\t\t\n\n<h4>GRATIS APP<\/h4>\n<p>L\u00f6se Blockaden, verbessere deine Mobilit\u00e4t und vor allem: F\u00fchle dich besser!<\/p>\n\n\t\t\t<\/div>\n\t\t<\/div>\n\t<\/div>\n\t\n\n\t\t<\/div>\n\t\t\t\t\t<\/div>\n\n\t\n\n<\/div>\n\n\t\t<\/div>\n\n\t\t\n<style>\n#section_2086322940 {\n  padding-top: 60px;\n  padding-bottom: 60px;\n}\n<\/style>\n\t<\/section>\n\t\n\n\t<section class=\"section dark\" id=\"section_388480916\">\n\t\t<div class=\"section-bg fill\" >\n\t\t\t\t\t\t\t\t\t\n\t\t\t\n\n\t\t<\/div>\n\n\t\t\n\n\t\t<div class=\"section-content relative\">\n\t\t\t\n\n<div class=\"row align-middle\"  id=\"row-1946195815\">\n\n\n\t<div id=\"col-266044619\" class=\"col medium-8 small-12 large-8\"  >\n\t\t\t\t<div class=\"col-inner text-left\"  >\n\t\t\t\n\t\t\t\n\n<h3 class=\"accordion_title\">DETAILS<\/h3><div class=\"accordion\">\n\n\t<div id=\"accordion-2595451648\" class=\"accordion-item\">\n\t\t<a id=\"accordion-2595451648-label\" class=\"accordion-title plain\" href=\"#accordion-item-was-im-paket-enthalten-ist\" aria-expanded=\"false\" aria-controls=\"accordion-2595451648-content\">\n\t\t\t<button class=\"toggle\" aria-label=\"Umschalten\"><i class=\"icon-angle-down\" aria-hidden=\"true\"><\/i><\/button>\n\t\t\t<span>WAS IM PAKET ENTHALTEN IST<\/span>\n\t\t<\/a>\n\t\t<div id=\"accordion-2595451648-content\" class=\"accordion-inner\" aria-labelledby=\"accordion-2595451648-label\">\n\t\t\t\n\n<p>Helix, Stab, Rund, Block, normal harte Walze.<\/p>\n\n\t\t<\/div>\n\t<\/div>\n\t\n\t<div id=\"accordion-626646341\" class=\"accordion-item\">\n\t\t<a id=\"accordion-626646341-label\" class=\"accordion-title plain\" href=\"#accordion-item-zusammenfassung\" aria-expanded=\"false\" aria-controls=\"accordion-626646341-content\">\n\t\t\t<button class=\"toggle\" aria-label=\"Umschalten\"><i class=\"icon-angle-down\" aria-hidden=\"true\"><\/i><\/button>\n\t\t\t<span>ZUSAMMENFASSUNG<\/span>\n\t\t<\/a>\n\t\t<div id=\"accordion-626646341-content\" class=\"accordion-inner\" aria-labelledby=\"accordion-626646341-label\">\n\t\t\t\n\n<p><br><br><br><br> Helix: ABS, hochdichter geschlossenzelliger Schaumstoff Stab: umweltfreundliches Silikon, hochdichter Schaumstoff (Abdeckung), Stahl (Innenteil) Block: hochdichter Schaumstoff Rolle: umweltfreundliches Silikon Runden: umweltfreundliches Silikon<\/p>\n\n\t\t<\/div>\n\t<\/div>\n\t\n\t<div id=\"accordion-1164456253\" class=\"accordion-item\">\n\t\t<a id=\"accordion-1164456253-label\" class=\"accordion-title plain\" href=\"#accordion-item-abmessungen\" aria-expanded=\"false\" aria-controls=\"accordion-1164456253-content\">\n\t\t\t<button class=\"toggle\" aria-label=\"Umschalten\"><i class=\"icon-angle-down\" aria-hidden=\"true\"><\/i><\/button>\n\t\t\t<span>ABMESSUNGEN<\/span>\n\t\t<\/a>\n\t\t<div id=\"accordion-1164456253-content\" class=\"accordion-inner\" aria-labelledby=\"accordion-1164456253-label\">\n\t\t\t\n\n<p><br><br><br><br> Helix: 32 x 7,5 cm Stab: 56 x 2 cm Block: 21 x 16 x 9,5 cm Rolle: 12,5 x 6 cm Runden: 2 cm (schwarz), 4 cm (blau), 6 cm (gr\u00fcn)<\/p>\n\n\t\t<\/div>\n\t<\/div>\n\t\n\t<div id=\"accordion-1186560660\" class=\"accordion-item\">\n\t\t<a id=\"accordion-1186560660-label\" class=\"accordion-title plain\" href=\"#accordion-item-s\u00daly\" aria-expanded=\"false\" aria-controls=\"accordion-1186560660-content\">\n\t\t\t<button class=\"toggle\" aria-label=\"Umschalten\"><i class=\"icon-angle-down\" aria-hidden=\"true\"><\/i><\/button>\n\t\t\t<span>S\u00daLY<\/span>\n\t\t<\/a>\n\t\t<div id=\"accordion-1186560660-content\" class=\"accordion-inner\" aria-labelledby=\"accordion-1186560660-label\">\n\t\t\t\n\n<p><br> Helix: 453 gr Stange: 544 gr<\/p>\n\n\t\t<\/div>\n\t<\/div>\n\t\n\t<div id=\"accordion-1069845345\" class=\"accordion-item\">\n\t\t<a id=\"accordion-1069845345-label\" class=\"accordion-title plain\" href=\"#accordion-item-andere\" aria-expanded=\"false\" aria-controls=\"accordion-1069845345-content\">\n\t\t\t<button class=\"toggle\" aria-label=\"Umschalten\"><i class=\"icon-angle-down\" aria-hidden=\"true\"><\/i><\/button>\n\t\t\t<span>ANDERE<\/span>\n\t\t<\/a>\n\t\t<div id=\"accordion-1069845345-content\" class=\"accordion-inner\" aria-labelledby=\"accordion-1069845345-label\">\n\t\t\t\n\n<p><br><br> BPA-, latex- und plastikfrei Wiederverwertbare Verpackung Lebenslange Garantie des Herstellers<\/p>\n\n\t\t<\/div>\n\t<\/div>\n\t\n\n<\/div>\n\n\t\t<\/div>\n\t\t\t\t\t<\/div>\n\n\t\n\n\t<div id=\"col-1472226741\" class=\"col medium-4 small-12 large-4\"  >\n\t\t\t\t<div class=\"col-inner\"  >\n\t\t\t\n\t\t\t\n\n\t<div class=\"img has-hover x md-x lg-x y md-y lg-y\" id=\"image_239423593\">\n\t\t\t\t\t\t\t\t<div class=\"img-inner dark\" >\n\t\t\t<img decoding=\"async\" width=\"1015\" height=\"1024\" src=\"https:\/\/wimoov.shop\/wp-content\/uploads\/2024\/05\/allinkit2noshadowedited-edited-1632845253540-1523x1536-1-1015x1024.webp\" class=\"attachment-large size-large\" alt=\"\" srcset=\"https:\/\/wimoov.shop\/wp-content\/uploads\/2024\/05\/allinkit2noshadowedited-edited-1632845253540-1523x1536-1-1015x1024.webp 1015w, https:\/\/wimoov.shop\/wp-content\/uploads\/2024\/05\/allinkit2noshadowedited-edited-1632845253540-1523x1536-1-297x300.webp 297w, https:\/\/wimoov.shop\/wp-content\/uploads\/2024\/05\/allinkit2noshadowedited-edited-1632845253540-1523x1536-1-150x150.webp 150w, https:\/\/wimoov.shop\/wp-content\/uploads\/2024\/05\/allinkit2noshadowedited-edited-1632845253540-1523x1536-1-768x775.webp 768w, https:\/\/wimoov.shop\/wp-content\/uploads\/2024\/05\/allinkit2noshadowedited-edited-1632845253540-1523x1536-1-1000x1009.webp 1000w, https:\/\/wimoov.shop\/wp-content\/uploads\/2024\/05\/allinkit2noshadowedited-edited-1632845253540-1523x1536-1-100x100.webp 100w, https:\/\/wimoov.shop\/wp-content\/uploads\/2024\/05\/allinkit2noshadowedited-edited-1632845253540-1523x1536-1.webp 1523w\" sizes=\"(max-width: 1015px) 100vw, 1015px\" title=\"\">\t\t\t\t\t\t\n\t\t\t\t\t<\/div>\n\t\t\t\t\t\t\t\t\n<style>\n#image_239423593 {\n  width: 100%;\n}\n<\/style>\n\t<\/div>\n\t\n\n\n\t\t<\/div>\n\t\t\t\t\t<\/div>\n\n\t\n\n<\/div>\n\n\t\t<\/div>\n\n\t\t\n<style>\n#section_388480916 {\n  padding-top: 30px;\n  padding-bottom: 30px;\n  background-color: #54c0e8;\n}\n<\/style>\n\t<\/section>\n\t\n\n\t<section class=\"section\" id=\"section_96621216\">\n\t\t<div class=\"section-bg fill\" >\n\t\t\t\t\t\t\t\t\t\n\t\t\t\n\n\t\t<\/div>\n\n\t\t\n\n\t\t<div class=\"section-content relative\">\n\t\t\t\n\n<div class=\"row align-equal\"  id=\"row-1907550311\">\n\n\n\t<div id=\"col-432313479\" class=\"col medium-6 small-12 large-6\"  >\n\t\t\t\t<div class=\"col-inner\"  >\n\t\t\t\n\t\t\t\n\n\t<div class=\"img has-hover x md-x lg-x y md-y lg-y\" id=\"image_112710315\">\n\t\t\t\t\t\t\t\t<div class=\"img-inner dark\" >\n\t\t\t<img decoding=\"async\" width=\"1020\" height=\"680\" src=\"https:\/\/wimoov.shop\/wp-content\/uploads\/2024\/05\/muscle-flushing-kit13-1633024154491-1-1536x1024-1-1024x683.jpg\" class=\"attachment-large size-large\" alt=\"\" srcset=\"https:\/\/wimoov.shop\/wp-content\/uploads\/2024\/05\/muscle-flushing-kit13-1633024154491-1-1536x1024-1-1024x683.jpg 1024w, https:\/\/wimoov.shop\/wp-content\/uploads\/2024\/05\/muscle-flushing-kit13-1633024154491-1-1536x1024-1-300x200.jpg 300w, https:\/\/wimoov.shop\/wp-content\/uploads\/2024\/05\/muscle-flushing-kit13-1633024154491-1-1536x1024-1-768x512.jpg 768w, https:\/\/wimoov.shop\/wp-content\/uploads\/2024\/05\/muscle-flushing-kit13-1633024154491-1-1536x1024-1-1000x667.jpg 1000w, https:\/\/wimoov.shop\/wp-content\/uploads\/2024\/05\/muscle-flushing-kit13-1633024154491-1-1536x1024-1.jpg 1536w\" sizes=\"(max-width: 1020px) 100vw, 1020px\" title=\"\">\t\t\t\t\t\t\n\t\t\t\t\t<\/div>\n\t\t\t\t\t\t\t\t\n<style>\n#image_112710315 {\n  width: 100%;\n}\n<\/style>\n\t<\/div>\n\t\n\n\n\t\t<\/div>\n\t\t\t\t\t<\/div>\n\n\t\n\n\t<div id=\"col-1821429932\" class=\"col medium-6 small-12 large-6\"  >\n\t\t\t\t<div class=\"col-inner\"  >\n\t\t\t\n\t\t\t\n\n\t<div class=\"img has-hover x md-x lg-x y md-y lg-y\" id=\"image_1686606094\">\n\t\t\t\t\t\t\t\t<div class=\"img-inner dark\" >\n\t\t\t<img decoding=\"async\" width=\"1020\" height=\"680\" src=\"https:\/\/wimoov.shop\/wp-content\/uploads\/2024\/05\/dsc00331_licensed9172019-smaller-file-size-1633386433361-1536x1025-1-1024x683.jpg\" class=\"attachment-large size-large\" alt=\"\" srcset=\"https:\/\/wimoov.shop\/wp-content\/uploads\/2024\/05\/dsc00331_licensed9172019-smaller-file-size-1633386433361-1536x1025-1-1024x683.jpg 1024w, https:\/\/wimoov.shop\/wp-content\/uploads\/2024\/05\/dsc00331_licensed9172019-smaller-file-size-1633386433361-1536x1025-1-300x200.jpg 300w, https:\/\/wimoov.shop\/wp-content\/uploads\/2024\/05\/dsc00331_licensed9172019-smaller-file-size-1633386433361-1536x1025-1-768x513.jpg 768w, https:\/\/wimoov.shop\/wp-content\/uploads\/2024\/05\/dsc00331_licensed9172019-smaller-file-size-1633386433361-1536x1025-1-1000x667.jpg 1000w, https:\/\/wimoov.shop\/wp-content\/uploads\/2024\/05\/dsc00331_licensed9172019-smaller-file-size-1633386433361-1536x1025-1.jpg 1536w\" sizes=\"(max-width: 1020px) 100vw, 1020px\" title=\"\">\t\t\t\t\t\t\n\t\t\t\t\t<\/div>\n\t\t\t\t\t\t\t\t\n<style>\n#image_1686606094 {\n  width: 100%;\n}\n<\/style>\n\t<\/div>\n\t\n\n\n\t\t<\/div>\n\t\t\t\t\t<\/div>\n\n\t\n\n<\/div>\n<div class=\"row align-equal\"  id=\"row-1560504806\">\n\n\n\t<div id=\"col-1007707198\" class=\"col medium-4 small-12 large-4\"  >\n\t\t\t\t<div class=\"col-inner\"  >\n\t\t\t\n\t\t\t\n\n\t<div class=\"img has-hover x md-x lg-x y md-y lg-y\" id=\"image_71872414\">\n\t\t\t\t\t\t\t\t<div class=\"img-inner dark\" >\n\t\t\t<img decoding=\"async\" width=\"627\" height=\"800\" src=\"https:\/\/wimoov.shop\/wp-content\/uploads\/2024\/05\/Rod_5_2000x.jpg\" class=\"attachment-large size-large\" alt=\"\" srcset=\"https:\/\/wimoov.shop\/wp-content\/uploads\/2024\/05\/Rod_5_2000x.jpg 627w, https:\/\/wimoov.shop\/wp-content\/uploads\/2024\/05\/Rod_5_2000x-235x300.jpg 235w\" sizes=\"(max-width: 627px) 100vw, 627px\" title=\"\">\t\t\t\t\t\t\n\t\t\t\t\t<\/div>\n\t\t\t\t\t\t\t\t\n<style>\n#image_71872414 {\n  width: 100%;\n}\n<\/style>\n\t<\/div>\n\t\n\n\n\t\t<\/div>\n\t\t\t\t\t<\/div>\n\n\t\n\n\t<div id=\"col-2084026463\" class=\"col medium-4 small-12 large-4\"  >\n\t\t\t\t<div class=\"col-inner\"  >\n\t\t\t\n\t\t\t\n\n\t<div class=\"img has-hover x md-x lg-x y md-y lg-y\" id=\"image_1699185422\">\n\t\t\t\t\t\t\t\t<div class=\"img-inner dark\" >\n\t\t\t<img decoding=\"async\" width=\"627\" height=\"800\" src=\"https:\/\/wimoov.shop\/wp-content\/uploads\/2024\/05\/Helix_7_2000x.jpg\" class=\"attachment-large size-large\" alt=\"\" srcset=\"https:\/\/wimoov.shop\/wp-content\/uploads\/2024\/05\/Helix_7_2000x.jpg 627w, https:\/\/wimoov.shop\/wp-content\/uploads\/2024\/05\/Helix_7_2000x-235x300.jpg 235w\" sizes=\"(max-width: 627px) 100vw, 627px\" title=\"\">\t\t\t\t\t\t\n\t\t\t\t\t<\/div>\n\t\t\t\t\t\t\t\t\n<style>\n#image_1699185422 {\n  width: 100%;\n}\n<\/style>\n\t<\/div>\n\t\n\n\n\t\t<\/div>\n\t\t\t\t\t<\/div>\n\n\t\n\n\t<div id=\"col-187322863\" class=\"col medium-4 small-12 large-4\"  >\n\t\t\t\t<div class=\"col-inner\"  >\n\t\t\t\n\t\t\t\n\n\t<div class=\"img has-hover x md-x lg-x y md-y lg-y\" id=\"image_1999140386\">\n\t\t\t\t\t\t\t\t<div class=\"img-inner dark\" >\n\t\t\t<img decoding=\"async\" width=\"627\" height=\"800\" src=\"https:\/\/wimoov.shop\/wp-content\/uploads\/2024\/05\/Roller_Block_7_34dbd5b4-e7cb-4fbf-ada8-b9e565bf16b0_2000x.jpg\" class=\"attachment-large size-large\" alt=\"\" srcset=\"https:\/\/wimoov.shop\/wp-content\/uploads\/2024\/05\/Roller_Block_7_34dbd5b4-e7cb-4fbf-ada8-b9e565bf16b0_2000x.jpg 627w, https:\/\/wimoov.shop\/wp-content\/uploads\/2024\/05\/Roller_Block_7_34dbd5b4-e7cb-4fbf-ada8-b9e565bf16b0_2000x-235x300.jpg 235w\" sizes=\"(max-width: 627px) 100vw, 627px\" title=\"\">\t\t\t\t\t\t\n\t\t\t\t\t<\/div>\n\t\t\t\t\t\t\t\t\n<style>\n#image_1999140386 {\n  width: 100%;\n}\n<\/style>\n\t<\/div>\n\t\n\n\n\t\t<\/div>\n\t\t\t\t\t<\/div>\n\n\t\n\n<\/div>\n\n\t\t<\/div>\n\n\t\t\n<style>\n#section_96621216 {\n  padding-top: 30px;\n  padding-bottom: 30px;\n}\n<\/style>\n\t<\/section>\n\t\n","protected":false},"excerpt":{"rendered":"<p class=\"whitespace-pre-wrap break-words\">Entdecke das ganze Potenzial der RAD-Reihe in einem umfassenden SMR-Paket. Auch wenn ein einzelnes RAD-Werkzeug hervorragend ist, ist der Besitz der gesamten Kollektion ein&#8230; RADische Erfahrung!  <\/p>\n<p class=\"whitespace-pre-wrap break-words\">Dieser sorgf\u00e4ltig zusammengestellte Bausatz ist bereit f\u00fcr jede Herausforderung:<\/p>\n<ul class=\"-mt-1 list-disc space-y-2 pl-8\">\n<li class=\"whitespace-normal break-words\">L\u00f6sen Sie die hartn\u00e4ckigsten Muskelknoten<\/li>\n<li class=\"whitespace-normal break-words\">Verbessert die Gelenkfunktion<\/li>\n<li class=\"whitespace-normal break-words\">Optimiere deine Muskelleistung<\/li>\n<li class=\"whitespace-normal break-words\">Erweitern und erhalten Sie Ihren vollen Bewegungsspielraum<\/li>\n<li class=\"whitespace-normal break-words\">Perfektioniere deine K\u00f6rperhaltung<\/li>\n<li class=\"whitespace-normal break-words\">Genie\u00dfe eine tiefe, revitalisierende Massage mit den beheizten Rounds<\/li>\n<\/ul>\n<p class=\"whitespace-pre-wrap break-words\">Der Inhalt unseres Bestands:<\/p>\n<ul class=\"-mt-1 list-disc space-y-2 pl-8\">\n<li class=\"whitespace-normal break-words\">RAD Helix<\/li>\n<li class=\"whitespace-normal break-words\">RAD Rod<\/li>\n<li class=\"whitespace-normal break-words\">RAD Roller (mittlere H\u00e4rte)<\/li>\n<li class=\"whitespace-normal break-words\">RAD Rounds<\/li>\n<li class=\"whitespace-normal break-words\">RAD-Block<\/li>\n<\/ul>\n<p class=\"whitespace-pre-wrap break-words\">Diese Premium-Kollektion bietet nicht nur ein au\u00dfergew\u00f6hnliches Preis-Leistungs-Verh\u00e4ltnis, sondern stellt auch sicher, dass du alle Werkzeuge hast, die du brauchst, um deinen gesamten K\u00f6rper zu regenerieren und zu optimieren. Bringe deine Wellness-Routine mit dieser vielseitigen und anspruchsvollen RAD-Kollektion auf die n\u00e4chste Stufe. <\/p>\n","protected":false},"featured_media":5268,"comment_status":"open","ping_status":"closed","template":"","meta":{"bwfblock_default_font":""},"product_brand":[262],"product_cat":[123,141,199,198,140,155],"product_tag":[200,204,201,202,203,205],"class_list":{"0":"post-3986","1":"product","2":"type-product","3":"status-publish","4":"has-post-thumbnail","6":"product_brand-radroller","7":"product_cat-entspannung-regeneration","8":"product_cat-laufen","9":"product_cat-radroller","10":"product_cat-smr-pakete","11":"product_cat-workout-de","12":"product_cat-yoga-und-mobilisierung","13":"product_tag-entspannung-der-muskeln","14":"product_tag-massage-rolle","15":"product_tag-massageball","16":"product_tag-rehabilitation","17":"product_tag-schaumstoffrolle","18":"product_tag-smr-zylinder","19":"pa_marka-rad-roller","21":"first","22":"instock","23":"taxable","24":"shipping-taxable","25":"purchasable","26":"product-type-simple"},"_links":{"self":[{"href":"https:\/\/wimoov.shop\/de\/wp-json\/wp\/v2\/product\/3986","targetHints":{"allow":["GET"]}}],"collection":[{"href":"https:\/\/wimoov.shop\/de\/wp-json\/wp\/v2\/product"}],"about":[{"href":"https:\/\/wimoov.shop\/de\/wp-json\/wp\/v2\/types\/product"}],"replies":[{"embeddable":true,"href":"https:\/\/wimoov.shop\/de\/wp-json\/wp\/v2\/comments?post=3986"}],"wp:featuredmedia":[{"embeddable":true,"href":"https:\/\/wimoov.shop\/de\/wp-json\/wp\/v2\/media\/5268"}],"wp:attachment":[{"href":"https:\/\/wimoov.shop\/de\/wp-json\/wp\/v2\/media?parent=3986"}],"wp:term":[{"taxonomy":"product_brand","embeddable":true,"href":"https:\/\/wimoov.shop\/de\/wp-json\/wp\/v2\/product_brand?post=3986"},{"taxonomy":"product_cat","embeddable":true,"href":"https:\/\/wimoov.shop\/de\/wp-json\/wp\/v2\/product_cat?post=3986"},{"taxonomy":"product_tag","embeddable":true,"href":"https:\/\/wimoov.shop\/de\/wp-json\/wp\/v2\/product_tag?post=3986"}],"curies":[{"name":"wp","href":"https:\/\/api.w.org\/{rel}","templated":true}]}}