{"id":3928,"date":"2024-07-03T19:56:27","date_gmt":"2024-07-03T17:56:27","guid":{"rendered":"https:\/\/wimoov.shop\/stryve-towell-silber\/"},"modified":"2025-04-26T15:18:18","modified_gmt":"2025-04-26T13:18:18","slug":"stryve-towell-silber","status":"publish","type":"product","link":"https:\/\/wimoov.shop\/de\/stryve-towell-silber\/","title":{"rendered":"STRYVE Towell+ Silber"},"content":{"rendered":"\n\t<section class=\"section\" id=\"section_1826822364\">\n\t\t<div class=\"section-bg fill\" >\n\t\t\t\t\t\t\t\t\t\n\t\t\t\n\t<div class=\"is-border\"\n\t\tstyle=\"border-color:rgb(0, 0, 0);border-radius:20px;border-width:2px 2px 2px 2px;\">\n\t<\/div>\n\n\t\t<\/div>\n\n\t\t\n\n\t\t<div class=\"section-content relative\">\n\t\t\t\n<h2>Das funktionellste Sporthandtuch. Jetzt mit Silvershield. <\/h2>\n<h4><strong>Die antibakterielle Version von Deutschlands beliebtestem Sporthandtuch.<\/strong><\/h4>\n<p>Qualit\u00e4t und Hygiene. Durch die Verwendung von STRYVE Silvershield-Material im Towell+ Silver wird das Training noch hygienischer. Zus\u00e4tzliche Funktionen wie ein Magnetclip, eine Handytasche und ein Anti-Rutsch-System bieten einen weiteren Mehrwert.<\/p>\n<div class=\"row\"  id=\"row-922269194\">\n\n\t<div id=\"col-556830092\" class=\"col medium-6 small-12 large-6\"  >\n\t\t\t\t<div class=\"col-inner\"  >\n\t\t\t\n\t\t\t\n\t<div class=\"img has-hover x md-x lg-x y md-y lg-y\" id=\"image_636462519\">\n\t\t\t\t\t\t\t\t<div class=\"img-inner dark\" >\n\t\t\t<img decoding=\"async\" width=\"480\" height=\"320\" src=\"https:\/\/wimoov.shop\/wp-content\/uploads\/2024\/07\/TowellPlusSilver_Feature_Bakterienabweisend_HU.gif\" class=\"attachment-original size-original\" alt=\"\" title=\"\">\t\t\t\t\t\t\n\t\t\t\t\t<\/div>\n\t\t\t\t\t\t\t\t\n<style>\n#image_636462519 {\n  width: 100%;\n}\n<\/style>\n\t<\/div>\n\t\n\t\t<\/div>\n\t\t\t\t\t<\/div>\n\n\t\n\n\t<div id=\"col-1476296192\" class=\"col medium-6 small-12 large-6\"  >\n\t\t\t\t<div class=\"col-inner\"  >\n\t\t\t\n\t\t\t\n<h3>Bakterien- und geruchsabweisend<\/h3>\n<p>Sch\u00fctzt vor dem Wachstum von Bakterien und Pilzen. Die spezielle Beschichtung auf der Baumwolle verhindert das Wachstum von Bakterien, die Schwei\u00dfgeruch verursachen.<\/p>\n\t\t<\/div>\n\t\t\t\t\t<\/div>\n\n\t\n<\/div>\n<div class=\"row\"  id=\"row-1376217728\">\n\n\t<div id=\"col-1012687900\" class=\"col medium-6 small-12 large-6\"  >\n\t\t\t\t<div class=\"col-inner\"  >\n\t\t\t\n\t\t\t\n\t<div class=\"img has-hover x md-x lg-x y md-y lg-y\" id=\"image_540686005\">\n\t\t\t\t\t\t\t\t<div class=\"img-inner dark\" >\n\t\t\t<img decoding=\"async\" width=\"480\" height=\"320\" src=\"https:\/\/wimoov.shop\/wp-content\/uploads\/2024\/07\/STRYVE-Towell-Pro-Handtuch-Magnet-Clip_HU.gif\" class=\"attachment-original size-original\" alt=\"\" title=\"\">\t\t\t\t\t\t\n\t\t\t\t\t<\/div>\n\t\t\t\t\t\t\t\t\n<style>\n#image_540686005 {\n  width: 100%;\n}\n<\/style>\n\t<\/div>\n\t\n\t\t<\/div>\n\t\t\t\t\t<\/div>\n\n\t\n\n\t<div id=\"col-1090499990\" class=\"col medium-6 small-12 large-6\"  >\n\t\t\t\t<div class=\"col-inner\"  >\n\t\t\t\n\t\t\t\n<h3>Magnetischer Clip<\/h3>\n<p>Towell+ hat einen starken Magnetclip, mit dem es sich leicht an Fitnessger\u00e4ten und anderen Metalloberfl\u00e4chen befestigen l\u00e4sst. Das bedeutet, dass du das Handtuch w\u00e4hrend deines Trainings nicht mehr auf den Boden legen musst, sondern es einfach und bequem direkt an den Ger\u00e4ten befestigen kannst.<\/p>\n\t\t<\/div>\n\t\t\t\t\t<\/div>\n\n\t\n<\/div>\n<div class=\"row\"  id=\"row-374777530\">\n\n\t<div id=\"col-1697187033\" class=\"col medium-6 small-12 large-6\"  >\n\t\t\t\t<div class=\"col-inner\"  >\n\t\t\t\n\t\t\t\n\t<div class=\"img has-hover x md-x lg-x y md-y lg-y\" id=\"image_1816272353\">\n\t\t\t\t\t\t\t\t<div class=\"img-inner dark\" >\n\t\t\t<img decoding=\"async\" width=\"480\" height=\"320\" src=\"https:\/\/wimoov.shop\/wp-content\/uploads\/2024\/07\/STRYVE-Towell-Pro-Handtuch_HU.gif\" class=\"attachment-original size-original\" alt=\"\" title=\"\">\t\t\t\t\t\t\n\t\t\t\t\t<\/div>\n\t\t\t\t\t\t\t\t\n<style>\n#image_1816272353 {\n  width: 100%;\n}\n<\/style>\n\t<\/div>\n\t\n\t\t<\/div>\n\t\t\t\t\t<\/div>\n\n\t\n\n\t<div id=\"col-53401548\" class=\"col medium-6 small-12 large-6\"  >\n\t\t\t\t<div class=\"col-inner\"  >\n\t\t\t\n\t\t\t\n<h3>Anti-Rutsch<\/h3>\n<p>Verhindert, dass das Towell+ von den Sportger\u00e4ten f\u00e4llt. Besonders bei anstrengenden \u00dcbungen kann ein normales Handtuch schnell verrutschen und von der Bank fallen. Mit der Towell+ Reihe wird das nie wieder passieren.<\/p>\n\t\t<\/div>\n\t\t\t\t\t<\/div>\n\n\t\n<\/div>\n<div class=\"row\"  id=\"row-1606966958\">\n\n\t<div id=\"col-1510133446\" class=\"col medium-6 small-12 large-6\"  >\n\t\t\t\t<div class=\"col-inner\"  >\n\t\t\t\n\t\t\t\n\t<div class=\"img has-hover x md-x lg-x y md-y lg-y\" id=\"image_1708922619\">\n\t\t\t\t\t\t\t\t<div class=\"img-inner dark\" >\n\t\t\t<img decoding=\"async\" width=\"480\" height=\"320\" src=\"https:\/\/wimoov.shop\/wp-content\/uploads\/2024\/07\/STRYVE-Towell-Pro-Handtuch-Baumwolle_HU.gif\" class=\"attachment-original size-original\" alt=\"\" title=\"\">\t\t\t\t\t\t\n\t\t\t\t\t<\/div>\n\t\t\t\t\t\t\t\t\n<style>\n#image_1708922619 {\n  width: 100%;\n}\n<\/style>\n\t<\/div>\n\t\n\t\t<\/div>\n\t\t\t\t\t<\/div>\n\n\t\n\n\t<div id=\"col-453893500\" class=\"col medium-6 small-12 large-6\"  >\n\t\t\t\t<div class=\"col-inner\"  >\n\t\t\t\n\t\t\t\n<h3>Werkzeuge und K\u00f6rper Seite<\/h3>\n<p>Das Towell+ Silver hat au\u00dferdem eine gut erkennbare Vorder- und R\u00fcckseite f\u00fcr mehr Hygiene bei sportlichen Aktivit\u00e4ten. Au\u00dferdem ist es deutlich l\u00e4nger als das Towell+: 105 cm.<\/p>\n\t\t<\/div>\n\t\t\t\t\t<\/div>\n\n\t\n<\/div>\n<div class=\"row\"  id=\"row-416415021\">\n\n\t<div id=\"col-665518954\" class=\"col medium-6 small-12 large-6\"  >\n\t\t\t\t<div class=\"col-inner\"  >\n\t\t\t\n\t\t\t\n\t<div class=\"img has-hover x md-x lg-x y md-y lg-y\" id=\"image_177802526\">\n\t\t\t\t\t\t\t\t<div class=\"img-inner dark\" >\n\t\t\t<img decoding=\"async\" width=\"480\" height=\"320\" src=\"https:\/\/wimoov.shop\/wp-content\/uploads\/2024\/07\/STRYVE-Towell-Pro-Sporthandtuch_HU.gif\" class=\"attachment-large size-large\" alt=\"\" title=\"\">\t\t\t\t\t\t\n\t\t\t\t\t<\/div>\n\t\t\t\t\t\t\t\t\n<style>\n#image_177802526 {\n  width: 100%;\n}\n<\/style>\n\t<\/div>\n\t\n\t\t<\/div>\n\t\t\t\t\t<\/div>\n\n\t\n\n\t<div id=\"col-825251449\" class=\"col medium-6 small-12 large-6\"  >\n\t\t\t\t<div class=\"col-inner\"  >\n\t\t\t\n\t\t\t\n<h3>Praktische Tasche<\/h3>\n<p>Du kannst deine Schl\u00fcssel, deinen Mitgliedsausweis usw. in der versenkten Tasche verstauen und alles mit einem Rei\u00dfverschluss verschlie\u00dfen. Das Besondere am Towell+ Silver ist der Baumwollstoff, der um die Tasche gewebt ist.<\/p>\n\t\t<\/div>\n\t\t\t\t\t<\/div>\n\n\t\n<\/div>\n<div class=\"row\"  id=\"row-1589345378\">\n\n\t<div id=\"col-1447081301\" class=\"col medium-6 small-12 large-6\"  >\n\t\t\t\t<div class=\"col-inner\"  >\n\t\t\t\n\t\t\t\n\t<div class=\"img has-hover x md-x lg-x y md-y lg-y\" id=\"image_230494589\">\n\t\t\t\t\t\t\t\t<div class=\"img-inner dark\" >\n\t\t\t<img decoding=\"async\" width=\"480\" height=\"320\" src=\"https:\/\/wimoov.shop\/wp-content\/uploads\/2024\/07\/STRYVE-Towell-Pro-Training_HU.gif\" class=\"attachment-large size-large\" alt=\"\" title=\"\">\t\t\t\t\t\t\n\t\t\t\t\t<\/div>\n\t\t\t\t\t\t\t\t\n<style>\n#image_230494589 {\n  width: 100%;\n}\n<\/style>\n\t<\/div>\n\t\n\t\t<\/div>\n\t\t\t\t\t<\/div>\n\n\t\n\n\t<div id=\"col-696088373\" class=\"col medium-6 small-12 large-6\"  >\n\t\t\t\t<div class=\"col-inner\"  >\n\t\t\t\n\t\t\t\n<h3>Internes Fach f\u00fcr das Mobiltelefon<\/h3>\n<p>Dank des ber\u00fchrungsempfindlichen Netzes im Inneren der Tasche kannst du dein Handy ganz einfach bedienen. So kannst du Nachrichten lesen oder einfach die Musik auf deinem Handy wechseln, w\u00e4hrend du trainierst, ohne es herauszunehmen.<\/p>\n\t\t<\/div>\n\t\t\t\t\t<\/div>\n\n\t\n<\/div>\n<div class=\"row\"  id=\"row-65310860\">\n\n\t<div id=\"col-456341206\" class=\"col medium-6 small-12 large-6\"  >\n\t\t\t\t<div class=\"col-inner\"  >\n\t\t\t\n\t\t\t\n\t<div class=\"img has-hover x md-x lg-x y md-y lg-y\" id=\"image_103270242\">\n\t\t\t\t\t\t\t\t<div class=\"img-inner dark\" >\n\t\t\t<img decoding=\"async\" width=\"480\" height=\"320\" src=\"https:\/\/wimoov.shop\/wp-content\/uploads\/2024\/07\/STRYVE-Towell-Pro-Hochwertig_HU.gif\" class=\"attachment-large size-large\" alt=\"\" title=\"\">\t\t\t\t\t\t\n\t\t\t\t\t<\/div>\n\t\t\t\t\t\t\t\t\n<style>\n#image_103270242 {\n  width: 100%;\n}\n<\/style>\n\t<\/div>\n\t\n\t\t<\/div>\n\t\t\t\t\t<\/div>\n\n\t\n\n\t<div id=\"col-1021019728\" class=\"col medium-6 small-12 large-6\"  >\n\t\t\t\t<div class=\"col-inner\"  >\n\t\t\t\n\t\t\t\n<h3>Hochwertige Materialien<\/h3>\n<p>Die neueste Version des Sporthandtuchs besteht aus Zero-Twist-Baumwolle und verf\u00fcgt \u00fcber einen Magnetclip, der das Handtuch dank Neodym-Magneten auch dann an Ort und Stelle h\u00e4lt, wenn die Tasche voll ist.<\/p>\n\t\t<\/div>\n\t\t\t\t\t<\/div>\n\n\t\n<\/div>\n\t\t<\/div>\n\n\t\t\n<style>\n#section_1826822364 {\n  padding-top: 30px;\n  padding-bottom: 30px;\n}\n<\/style>\n\t<\/section>\n\t\n\n\t<section class=\"section\" id=\"section_1301821982\">\n\t\t<div class=\"section-bg fill\" >\n\t\t\t\t\t\t\t\t\t\n\t\t\t\n\t<div class=\"is-border\"\n\t\tstyle=\"border-color:rgb(0, 0, 0);border-radius:20px;border-width:2px 2px 2px 2px;margin:15px 0px 0px 0px;\">\n\t<\/div>\n\n\t\t<\/div>\n\n\t\t\n\n\t\t<div class=\"section-content relative\">\n\t\t\t\n<h3>Andere Informationen<\/h3>\n<p><strong>Material: <\/strong>96% Baumwolle, 4% Polyester, Silberionen<br \/>\n<strong>Clips:<\/strong> Silikon<br \/>\n<strong>Magnet<\/strong>: Neodym-Magnet<\/p>\n<p><strong>Ma\u00dfe:<\/strong><br \/>\nDas Handtuch ist 105 x 42,5 cm gro\u00df. Die Tasche ist 42,5 cm lang und 15 cm breit.<\/p>\n\t<div class=\"img has-hover x md-x lg-x y md-y lg-y\" id=\"image_710155711\">\n\t\t\t\t\t\t\t\t<div class=\"img-inner dark\" >\n\t\t\t<img decoding=\"async\" width=\"1080\" height=\"1080\" src=\"https:\/\/wimoov.shop\/wp-content\/uploads\/2024\/07\/220325-STRYVE-Towell-Plus-Pro-Shop-Avatar-Visuals.webp\" class=\"attachment-original size-original\" alt=\"\" srcset=\"https:\/\/wimoov.shop\/wp-content\/uploads\/2024\/07\/220325-STRYVE-Towell-Plus-Pro-Shop-Avatar-Visuals.webp 1080w, https:\/\/wimoov.shop\/wp-content\/uploads\/2024\/07\/220325-STRYVE-Towell-Plus-Pro-Shop-Avatar-Visuals-300x300.webp 300w, https:\/\/wimoov.shop\/wp-content\/uploads\/2024\/07\/220325-STRYVE-Towell-Plus-Pro-Shop-Avatar-Visuals-1024x1024.webp 1024w, https:\/\/wimoov.shop\/wp-content\/uploads\/2024\/07\/220325-STRYVE-Towell-Plus-Pro-Shop-Avatar-Visuals-150x150.webp 150w, https:\/\/wimoov.shop\/wp-content\/uploads\/2024\/07\/220325-STRYVE-Towell-Plus-Pro-Shop-Avatar-Visuals-768x768.webp 768w, https:\/\/wimoov.shop\/wp-content\/uploads\/2024\/07\/220325-STRYVE-Towell-Plus-Pro-Shop-Avatar-Visuals-1000x1000.webp 1000w, https:\/\/wimoov.shop\/wp-content\/uploads\/2024\/07\/220325-STRYVE-Towell-Plus-Pro-Shop-Avatar-Visuals-100x100.webp 100w\" sizes=\"(max-width: 1080px) 100vw, 1080px\" title=\"\">\t\t\t\t\t\t\n\t\t\t\t\t<\/div>\n\t\t\t\t\t\t\t\t\n<style>\n#image_710155711 {\n  width: 100%;\n}\n<\/style>\n\t<\/div>\n\t\n<p><strong>Selection<\/strong><br \/>\nHandt\u00fccher sind in zwei Farben (schwarz und hellgrau) und in Sets erh\u00e4ltlich.<\/p>\n<p><strong>Verwendung<\/strong><br \/>\nAufgrund seiner Eigenschaften ist das Fitnesshandtuch ein Must-have in der Sporttasche jedes Mannes und jeder Frau. Nat\u00fcrlich kannst du es auch auf einen Strandausflug, eine Wanderung oder zum Camping mitnehmen.<\/p>\n<div class=\"row\"  id=\"row-669923431\">\n\n\t<div id=\"col-986325573\" class=\"col medium-2 small-12 large-2\"  >\n\t\t\t\t<div class=\"col-inner text-center\"  >\n\t\t\t\n\t\t\t\n\t<div class=\"img has-hover x md-x lg-x y md-y lg-y\" id=\"image_1671568136\">\n\t\t\t\t\t\t\t\t<div class=\"img-inner dark\" >\n\t\t\t<img decoding=\"async\" width=\"160\" height=\"95\" src=\"https:\/\/wimoov.shop\/wp-content\/uploads\/2024\/07\/Element_12_160x160.avif\" class=\"attachment-large size-large\" alt=\"\" title=\"\">\t\t\t\t\t\t\n\t\t\t\t\t<\/div>\n\t\t\t\t\t\t\t\t\n<style>\n#image_1671568136 {\n  width: 50%;\n}\n<\/style>\n\t<\/div>\n\t\n\t\t<\/div>\n\t\t\t\t\t<\/div>\n\n\t\n\n\t<div id=\"col-34094671\" class=\"col medium-8 small-12 large-8\"  >\n\t\t\t\t<div class=\"col-inner\"  >\n\t\t\t\n\t\t\t\n<p>Wasche bei einer Temperatur von 60 Grad.<\/p>\n\t\t<\/div>\n\t\t\t\t\t<\/div>\n\n\t\n<\/div>\n<div class=\"row\"  id=\"row-2132472216\">\n\n\t<div id=\"col-339440961\" class=\"col medium-2 small-12 large-2\"  >\n\t\t\t\t<div class=\"col-inner text-center\"  >\n\t\t\t\n\t\t\t\n\t<div class=\"img has-hover x md-x lg-x y md-y lg-y\" id=\"image_429704183\">\n\t\t\t\t\t\t\t\t<div class=\"img-inner dark\" >\n\t\t\t<img decoding=\"async\" width=\"160\" height=\"134\" src=\"https:\/\/wimoov.shop\/wp-content\/uploads\/2024\/07\/Element_13_160x160.avif\" class=\"attachment-large size-large\" alt=\"\" title=\"\">\t\t\t\t\t\t\n\t\t\t\t\t<\/div>\n\t\t\t\t\t\t\t\t\n<style>\n#image_429704183 {\n  width: 50%;\n}\n<\/style>\n\t<\/div>\n\t\n\t\t<\/div>\n\t\t\t\t\t<\/div>\n\n\t\n\n\t<div id=\"col-1351048883\" class=\"col medium-8 small-12 large-8\"  >\n\t\t\t\t<div class=\"col-inner\"  >\n\t\t\t\n\t\t\t\n<p>Nicht bleichen.<\/p>\n\t\t<\/div>\n\t\t\t\t\t<\/div>\n\n\t\n<\/div>\n<div class=\"row\"  id=\"row-2025344345\">\n\n\t<div id=\"col-370768823\" class=\"col medium-2 small-12 large-2\"  >\n\t\t\t\t<div class=\"col-inner text-center\"  >\n\t\t\t\n\t\t\t\n\t<div class=\"img has-hover x md-x lg-x y md-y lg-y\" id=\"image_1291108609\">\n\t\t\t\t\t\t\t\t<div class=\"img-inner dark\" >\n\t\t\t<img decoding=\"async\" width=\"160\" height=\"133\" src=\"https:\/\/wimoov.shop\/wp-content\/uploads\/2024\/07\/Element_14_160x160.avif\" class=\"attachment-large size-large\" alt=\"\" title=\"\">\t\t\t\t\t\t\n\t\t\t\t\t<\/div>\n\t\t\t\t\t\t\t\t\n<style>\n#image_1291108609 {\n  width: 50%;\n}\n<\/style>\n\t<\/div>\n\t\n\t\t<\/div>\n\t\t\t\t\t<\/div>\n\n\t\n\n\t<div id=\"col-2058313592\" class=\"col medium-8 small-12 large-8\"  >\n\t\t\t\t<div class=\"col-inner\"  >\n\t\t\t\n\t\t\t\n<p>Nicht im Trockner trocknen.<\/p>\n\t\t<\/div>\n\t\t\t\t\t<\/div>\n\n\t\n<\/div>\n<div class=\"row\"  id=\"row-1278270125\">\n\n\t<div id=\"col-718291786\" class=\"col medium-2 small-12 large-2\"  >\n\t\t\t\t<div class=\"col-inner text-center\"  >\n\t\t\t\n\t\t\t\n\t<div class=\"img has-hover x md-x lg-x y md-y lg-y\" id=\"image_1394480058\">\n\t\t\t\t\t\t\t\t<div class=\"img-inner dark\" >\n\t\t\t<img decoding=\"async\" width=\"160\" height=\"101\" src=\"https:\/\/wimoov.shop\/wp-content\/uploads\/2024\/07\/Element_15_25f8e7a5-3eba-4552-8009-760029df7c72_160x160.avif\" class=\"attachment-large size-large\" alt=\"\" title=\"\">\t\t\t\t\t\t\n\t\t\t\t\t<\/div>\n\t\t\t\t\t\t\t\t\n<style>\n#image_1394480058 {\n  width: 50%;\n}\n<\/style>\n\t<\/div>\n\t\n\t\t<\/div>\n\t\t\t\t\t<\/div>\n\n\t\n\n\t<div id=\"col-700504094\" class=\"col medium-8 small-12 large-8\"  >\n\t\t\t\t<div class=\"col-inner\"  >\n\t\t\t\n\t\t\t\n<p>B\u00fcgele auf m\u00e4\u00dfig hei\u00df.<\/p>\n\t\t<\/div>\n\t\t\t\t\t<\/div>\n\n\t\n<\/div>\n<div class=\"row\"  id=\"row-89899684\">\n\n\t<div id=\"col-1013663239\" class=\"col medium-2 small-12 large-2\"  >\n\t\t\t\t<div class=\"col-inner text-center\"  >\n\t\t\t\n\t\t\t\n\t<div class=\"img has-hover x md-x lg-x y md-y lg-y\" id=\"image_1445076397\">\n\t\t\t\t\t\t\t\t<div class=\"img-inner dark\" >\n\t\t\t<img decoding=\"async\" width=\"157\" height=\"140\" src=\"https:\/\/wimoov.shop\/wp-content\/uploads\/2024\/07\/Element_16_160x160.webp\" class=\"attachment-large size-large\" alt=\"\" title=\"\">\t\t\t\t\t\t\n\t\t\t\t\t<\/div>\n\t\t\t\t\t\t\t\t\n<style>\n#image_1445076397 {\n  width: 50%;\n}\n<\/style>\n\t<\/div>\n\t\n\t\t<\/div>\n\t\t\t\t\t<\/div>\n\n\t\n\n\t<div id=\"col-115739989\" class=\"col medium-8 small-12 large-8\"  >\n\t\t\t\t<div class=\"col-inner\"  >\n\t\t\t\n\t\t\t\n<p>Nicht chemisch reinigen.<\/p>\n\t\t<\/div>\n\t\t\t\t\t<\/div>\n\n\t\n<\/div>\n<p><strong>Nicht geeignet f\u00fcr Menschen mit einem Herzschrittmacher!<\/strong><\/p>\n\t\t<\/div>\n\n\t\t\n<style>\n#section_1301821982 {\n  padding-top: 30px;\n  padding-bottom: 30px;\n}\n<\/style>\n\t<\/section>\n\t\n","protected":false},"excerpt":{"rendered":"<ul>\n<li>Towell+ Pro bietet alle Eigenschaften von Towell+ Pro und zus\u00e4tzlich antibakterielle Silberpartikel, die Bakterien und Ger\u00fcche abwehren.<\/li>\n<li>Magnetischer Clip. Leicht und stark, um auf jeder Metalloberfl\u00e4che zu halten. <\/li>\n<li>Rutschfestes Design, damit es dort bleibt, wo es hingeh\u00f6rt: an der Maschine.<\/li>\n<li>Rei\u00dfverschlusstasche und Handyfach f\u00fcr einfache Aufbewahrung.<\/li>\n<li>Leicht identifizierbare Werkzeug- und K\u00f6rperseite f\u00fcr optimale Hygiene.<\/li>\n<li>Towell+ Sporthandt\u00fccher werden t\u00e4glich von \u00fcber 1 Million zufriedenen Kunden benutzt.<\/li>\n<\/ul>\n<div style=\"width: 1020px;\" class=\"wp-video\"><video class=\"wp-video-shortcode\" id=\"video-3928-1\" width=\"1020\" height=\"574\" preload=\"metadata\" controls=\"controls\"><source type=\"video\/webm\" src=\"https:\/\/wimoov.shop\/wp-content\/uploads\/2024\/07\/STRYVE_TowellPlusPro_Features-Trim.webm?_=1\" \/><a href=\"https:\/\/wimoov.shop\/wp-content\/uploads\/2024\/07\/STRYVE_TowellPlusPro_Features-Trim.webm\">https:\/\/wimoov.shop\/wp-content\/uploads\/2024\/07\/STRYVE_TowellPlusPro_Features-Trim.webm<\/a><\/video><\/div>\n","protected":false},"featured_media":3394,"comment_status":"open","ping_status":"closed","template":"","meta":{"bwfblock_default_font":""},"product_brand":[],"product_cat":[141,154,120,140,155],"product_tag":[],"class_list":{"0":"post-3928","1":"product","2":"type-product","3":"status-publish","4":"has-post-thumbnail","6":"product_cat-laufen","7":"product_cat-sporthandtucher","8":"product_cat-stryve","9":"product_cat-workout-de","10":"product_cat-yoga-und-mobilisierung","11":"pa_marka-stryve","12":"pa_szin-schwarz-und-silber","13":"pa_szin-silber-grau","15":"first","16":"instock","17":"sale","18":"featured","19":"taxable","20":"shipping-taxable","21":"purchasable","22":"product-type-variable","23":"has-default-attributes"},"_links":{"self":[{"href":"https:\/\/wimoov.shop\/de\/wp-json\/wp\/v2\/product\/3928","targetHints":{"allow":["GET"]}}],"collection":[{"href":"https:\/\/wimoov.shop\/de\/wp-json\/wp\/v2\/product"}],"about":[{"href":"https:\/\/wimoov.shop\/de\/wp-json\/wp\/v2\/types\/product"}],"replies":[{"embeddable":true,"href":"https:\/\/wimoov.shop\/de\/wp-json\/wp\/v2\/comments?post=3928"}],"wp:featuredmedia":[{"embeddable":true,"href":"https:\/\/wimoov.shop\/de\/wp-json\/wp\/v2\/media\/3394"}],"wp:attachment":[{"href":"https:\/\/wimoov.shop\/de\/wp-json\/wp\/v2\/media?parent=3928"}],"wp:term":[{"taxonomy":"product_brand","embeddable":true,"href":"https:\/\/wimoov.shop\/de\/wp-json\/wp\/v2\/product_brand?post=3928"},{"taxonomy":"product_cat","embeddable":true,"href":"https:\/\/wimoov.shop\/de\/wp-json\/wp\/v2\/product_cat?post=3928"},{"taxonomy":"product_tag","embeddable":true,"href":"https:\/\/wimoov.shop\/de\/wp-json\/wp\/v2\/product_tag?post=3928"}],"curies":[{"name":"wp","href":"https:\/\/api.w.org\/{rel}","templated":true}]}}