{"id":3923,"date":"2024-07-03T19:56:27","date_gmt":"2024-07-03T17:56:27","guid":{"rendered":"https:\/\/wimoov.shop\/stryve-mini-bands-set\/"},"modified":"2025-04-26T15:17:44","modified_gmt":"2025-04-26T13:17:44","slug":"stryve-mini-bands-set","status":"publish","type":"product","link":"https:\/\/wimoov.shop\/de\/stryve-mini-bands-set\/","title":{"rendered":"STRYVE Mini Bands | Set"},"content":{"rendered":"\n\t<section class=\"section\" id=\"section_237190107\">\n\t\t<div class=\"section-bg fill\" >\n\t\t\t\t\t\t\t\t\t\n\t\t\t\n\t<div class=\"is-border\"\n\t\tstyle=\"border-color:rgb(0, 0, 0);border-radius:20px;border-width:2px 2px 2px 2px;\">\n\t<\/div>\n\n\t\t<\/div>\n\n\t\t\n\n\t\t<div class=\"section-content relative\">\n\t\t\t\n<h2>Vier Fitnessb\u00e4nder &#8211; vier Widerstandsstufen.<\/h2>\n<h4>Warum wir bessere Fitnessb\u00e4nder entwickelt haben:<\/h4>\n<p>Die STRYVE Mini Bands bieten optimale Unterst\u00fctzung beim Krafttraining, indem sie f\u00fcr mehr Stabilit\u00e4t sorgen. Schlichte Graut\u00f6ne machen die Power Bands zu einem stylischen Begleiter. Dank des breiten Einsatzspektrums ist das Set ein Erlebnis f\u00fcr alle M\u00e4nner und Frauen. Die Powerbands sind leicht zu transportieren und damit perfekt f\u00fcr das Fitnessstudio, das Training zu Hause oder auf Reisen. Spitzenqualit\u00e4t und \u00c4sthetik f\u00fcr ein funktionelles und anpassungsf\u00e4higes Training.<\/p>\n<div class=\"row\"  id=\"row-573158401\">\n\n\t<div id=\"col-692126856\" class=\"col medium-6 small-12 large-6\"  >\n\t\t\t\t<div class=\"col-inner\"  >\n\t\t\t\n\t\t\t\n\t<div class=\"img has-hover x md-x lg-x y md-y lg-y\" id=\"image_1494122674\">\n\t\t\t\t\t\t\t\t<div class=\"img-inner dark\" >\n\t\t\t<img decoding=\"async\" width=\"301\" height=\"301\" src=\"https:\/\/wimoov.shop\/wp-content\/uploads\/2024\/07\/Zeichenflaeche_1_36c1b415-747c-4435-80c0-4b0153121b60_480x480-1.avif\" class=\"attachment-original size-original\" alt=\"\" srcset=\"https:\/\/wimoov.shop\/wp-content\/uploads\/2024\/07\/Zeichenflaeche_1_36c1b415-747c-4435-80c0-4b0153121b60_480x480-1.avif 301w, https:\/\/wimoov.shop\/wp-content\/uploads\/2024\/07\/Zeichenflaeche_1_36c1b415-747c-4435-80c0-4b0153121b60_480x480-1-150x150.avif 150w, https:\/\/wimoov.shop\/wp-content\/uploads\/2024\/07\/Zeichenflaeche_1_36c1b415-747c-4435-80c0-4b0153121b60_480x480-1-100x100.avif 100w\" sizes=\"(max-width: 301px) 100vw, 301px\" title=\"\">\t\t\t\t\t\t\n\t\t\t\t\t<\/div>\n\t\t\t\t\t\t\t\t\n<style>\n#image_1494122674 {\n  width: 100%;\n}\n<\/style>\n\t<\/div>\n\t\n\t\t<\/div>\n\t\t\t\t\t<\/div>\n\n\t\n\n\t<div id=\"col-1578627089\" class=\"col medium-6 small-12 large-6\"  >\n\t\t\t\t<div class=\"col-inner\"  >\n\t\t\t\n\t\t\t\n<h3>Inklusive Trainingsplan<\/h3>\n<p>Au\u00dferdem erh\u00e4ltst du einen Online-Trainingsplan, um das Beste aus den B\u00e4ndern herauszuholen.<\/p>\n\t\t<\/div>\n\t\t\t\t\t<\/div>\n\n\t\n<\/div>\n<div class=\"row\"  id=\"row-1912281084\">\n\n\t<div id=\"col-468708210\" class=\"col medium-6 small-12 large-6\"  >\n\t\t\t\t<div class=\"col-inner\"  >\n\t\t\t\n\t\t\t\n\t<div class=\"img has-hover x md-x lg-x y md-y lg-y\" id=\"image_1820903237\">\n\t\t\t\t\t\t\t\t<div class=\"img-inner dark\" >\n\t\t\t<img decoding=\"async\" width=\"301\" height=\"301\" src=\"https:\/\/wimoov.shop\/wp-content\/uploads\/2024\/07\/Zeichenflaeche_1_31_480x480.avif\" class=\"attachment-original size-original\" alt=\"\" srcset=\"https:\/\/wimoov.shop\/wp-content\/uploads\/2024\/07\/Zeichenflaeche_1_31_480x480.avif 301w, https:\/\/wimoov.shop\/wp-content\/uploads\/2024\/07\/Zeichenflaeche_1_31_480x480-150x150.avif 150w, https:\/\/wimoov.shop\/wp-content\/uploads\/2024\/07\/Zeichenflaeche_1_31_480x480-100x100.avif 100w\" sizes=\"(max-width: 301px) 100vw, 301px\" title=\"\">\t\t\t\t\t\t\n\t\t\t\t\t<\/div>\n\t\t\t\t\t\t\t\t\n<style>\n#image_1820903237 {\n  width: 100%;\n}\n<\/style>\n\t<\/div>\n\t\n\t\t<\/div>\n\t\t\t\t\t<\/div>\n\n\t\n\n\t<div id=\"col-1820038291\" class=\"col medium-6 small-12 large-6\"  >\n\t\t\t\t<div class=\"col-inner\"  >\n\t\t\t\n\t\t\t\n<h3>Widerstand oder Erleichterung<\/h3>\n<p>Leichtere Klimmz\u00fcge, effektives Aufw\u00e4rmen oder zus\u00e4tzlicher Widerstand. Du kannst sie zur Kr\u00e4ftigung oder sogar zur Erleichterung einer \u00dcbung verwenden.<\/p>\n\t\t<\/div>\n\t\t\t\t\t<\/div>\n\n\t\n<\/div>\n<div class=\"row\"  id=\"row-1262376544\">\n\n\t<div id=\"col-1869462785\" class=\"col medium-6 small-12 large-6\"  >\n\t\t\t\t<div class=\"col-inner\"  >\n\t\t\t\n\t\t\t\n\t<div class=\"img has-hover x md-x lg-x y md-y lg-y\" id=\"image_2080322620\">\n\t\t\t\t\t\t\t\t<div class=\"img-inner dark\" >\n\t\t\t<img decoding=\"async\" width=\"301\" height=\"301\" src=\"https:\/\/wimoov.shop\/wp-content\/uploads\/2024\/07\/Zeichenflaeche_1_1_94688dda-3f45-4bc3-9df5-6b0cef48763e_480x480-1.avif\" class=\"attachment-original size-original\" alt=\"\" srcset=\"https:\/\/wimoov.shop\/wp-content\/uploads\/2024\/07\/Zeichenflaeche_1_1_94688dda-3f45-4bc3-9df5-6b0cef48763e_480x480-1.avif 301w, https:\/\/wimoov.shop\/wp-content\/uploads\/2024\/07\/Zeichenflaeche_1_1_94688dda-3f45-4bc3-9df5-6b0cef48763e_480x480-1-150x150.avif 150w, https:\/\/wimoov.shop\/wp-content\/uploads\/2024\/07\/Zeichenflaeche_1_1_94688dda-3f45-4bc3-9df5-6b0cef48763e_480x480-1-100x100.avif 100w\" sizes=\"(max-width: 301px) 100vw, 301px\" title=\"\">\t\t\t\t\t\t\n\t\t\t\t\t<\/div>\n\t\t\t\t\t\t\t\t\n<style>\n#image_2080322620 {\n  width: 100%;\n}\n<\/style>\n\t<\/div>\n\t\n\t\t<\/div>\n\t\t\t\t\t<\/div>\n\n\t\n\n\t<div id=\"col-207935236\" class=\"col medium-6 small-12 large-6\"  >\n\t\t\t\t<div class=\"col-inner\"  >\n\t\t\t\n\t\t\t\n<h3>Hochwertige Materialien<\/h3>\n<p>Die Fitnessb\u00e4nder bestehen aus 100 % Naturlatex f\u00fcr eine lange Lebensdauer.  <em>Latex kann bei manchen Menschen allergische Reaktionen hervorrufen. Bei den ersten Anzeichen einer allergischen Reaktion solltest du einen Arzt aufsuchen.   <\/em><\/p>\n\t\t<\/div>\n\t\t\t\t\t<\/div>\n\n\t\n<\/div>\n<div class=\"row\"  id=\"row-480477498\">\n\n\t<div id=\"col-9932968\" class=\"col medium-6 small-12 large-6\"  >\n\t\t\t\t<div class=\"col-inner\"  >\n\t\t\t\n\t\t\t\n\t<div class=\"img has-hover x md-x lg-x y md-y lg-y\" id=\"image_81507161\">\n\t\t\t\t\t\t\t\t<div class=\"img-inner dark\" >\n\t\t\t<img decoding=\"async\" width=\"301\" height=\"301\" src=\"https:\/\/wimoov.shop\/wp-content\/uploads\/2024\/07\/Zeichenflaeche_1_2_b8cb1792-9691-4974-97c6-195db85b7cf7_480x480-1.avif\" class=\"attachment-original size-original\" alt=\"\" srcset=\"https:\/\/wimoov.shop\/wp-content\/uploads\/2024\/07\/Zeichenflaeche_1_2_b8cb1792-9691-4974-97c6-195db85b7cf7_480x480-1.avif 301w, https:\/\/wimoov.shop\/wp-content\/uploads\/2024\/07\/Zeichenflaeche_1_2_b8cb1792-9691-4974-97c6-195db85b7cf7_480x480-1-150x150.avif 150w, https:\/\/wimoov.shop\/wp-content\/uploads\/2024\/07\/Zeichenflaeche_1_2_b8cb1792-9691-4974-97c6-195db85b7cf7_480x480-1-100x100.avif 100w\" sizes=\"(max-width: 301px) 100vw, 301px\" title=\"\">\t\t\t\t\t\t\n\t\t\t\t\t<\/div>\n\t\t\t\t\t\t\t\t\n<style>\n#image_81507161 {\n  width: 100%;\n}\n<\/style>\n\t<\/div>\n\t\n\t\t<\/div>\n\t\t\t\t\t<\/div>\n\n\t\n\n\t<div id=\"col-68985645\" class=\"col medium-6 small-12 large-6\"  >\n\t\t\t\t<div class=\"col-inner\"  >\n\t\t\t\n\t\t\t\n<h3>Unbegrenzte Ausbildung<\/h3>\n<p>Mit vier Widerstandsstufen vom Anf\u00e4nger bis zum Profi. Von leicht bis mittel und stark bis schwer.   <em>Die genauen Widerstandswerte sind unten angegeben.<\/em><\/p>\n\t\t<\/div>\n\t\t\t\t\t<\/div>\n\n\t\n<\/div>\n\t\t<\/div>\n\n\t\t\n<style>\n#section_237190107 {\n  padding-top: 30px;\n  padding-bottom: 30px;\n}\n<\/style>\n\t<\/section>\n\t\n\n\t<section class=\"section\" id=\"section_1288542546\">\n\t\t<div class=\"section-bg fill\" >\n\t\t\t\t\t\t\t\t\t\n\t\t\t\n\t<div class=\"is-border\"\n\t\tstyle=\"border-color:rgb(0, 0, 0);border-radius:20px;border-width:2px 2px 2px 2px;margin:15px 0px 0px 0px;\">\n\t<\/div>\n\n\t\t<\/div>\n\n\t\t\n\n\t\t<div class=\"section-content relative\">\n\t\t\t\n<h3>Andere Informationen<\/h3>\n<p><strong>Material: <\/strong>100% Naturlatex<\/p>\n<p>Latex kann bei manchen Menschen allergische Reaktionen hervorrufen. Bei den ersten Anzeichen einer allergischen Reaktion solltest du einen Arzt aufsuchen. <\/p>\n<p><strong>Abmessungen<br \/>\n<\/strong>Der Umfang der B\u00e4nder ist 30 cm und die Breite betr\u00e4gt 5 cm.<\/p>\n<p><strong>Verwendung<\/strong><br \/>\n\u00dcbungsband (auch bekannt als Fitnessband oder &#8220;Theraband&#8221;) ist ideal f\u00fcr eine Vielzahl von \u00dcbungen und Sportarten. Zum Beispiel f\u00fcr Fitnesstraining, Workouts zu Hause oder im Fitnessstudio, f\u00fcr Muskelaufbau durch Kraft- und Ausdauertraining, f\u00fcr Oberk\u00f6rpertraining wie Arm\u00fcbungen, Brusttraining, R\u00fccken, Beine, Ges\u00e4\u00df oder Bauchmuskeln und sogar f\u00fcr Yoga, Crossfit oder Pilates. Das \u00dcbungsband bietet unz\u00e4hlige M\u00f6glichkeiten und ist besonders leicht zu handhaben. Das Gummiband kann einfach an der T\u00fcrklinke oder an einer Stange im heimischen Fitnessstudio befestigt werden. Ein ideales Ger\u00e4t und Zubeh\u00f6r f\u00fcr M\u00e4nner und Frauen.    <\/p>\n<p><strong>Inhalt des Pakets<\/strong><br \/>\nDas Trainingspaket besteht aus vier Kassetten und dem Zugang zu online herunterladbaren Trainings\u00fcbungen.<\/p>\n\t\t<\/div>\n\n\t\t\n<style>\n#section_1288542546 {\n  padding-top: 30px;\n  padding-bottom: 30px;\n}\n<\/style>\n\t<\/section>\n\t\n\n\t<section class=\"section\" id=\"section_187044364\">\n\t\t<div class=\"section-bg fill\" >\n\t\t\t\t\t\t\t\t\t\n\t\t\t\n\t<div class=\"is-border\"\n\t\tstyle=\"border-color:rgb(0, 0, 0);border-radius:20px;border-width:2px 2px 2px 2px;margin:15px 0px 0px 0px;\">\n\t<\/div>\n\n\t\t<\/div>\n\n\t\t\n\n\t\t<div class=\"section-content relative\">\n\t\t\t\n<h3>Tabelle der Gewichte<\/h3>\n\t<div class=\"img has-hover x md-x lg-x y md-y lg-y\" id=\"image_131440319\">\n\t\t\t\t\t\t\t\t<div class=\"img-inner dark\" >\n\t\t\t<img decoding=\"async\" width=\"1020\" height=\"681\" src=\"https:\/\/wimoov.shop\/wp-content\/uploads\/2024\/07\/Sulytablazat__MiniBands_1024x1024.webp\" class=\"attachment-large size-large\" alt=\"\" srcset=\"https:\/\/wimoov.shop\/wp-content\/uploads\/2024\/07\/Sulytablazat__MiniBands_1024x1024.webp 1024w, https:\/\/wimoov.shop\/wp-content\/uploads\/2024\/07\/Sulytablazat__MiniBands_1024x1024-300x200.webp 300w, https:\/\/wimoov.shop\/wp-content\/uploads\/2024\/07\/Sulytablazat__MiniBands_1024x1024-768x513.webp 768w, https:\/\/wimoov.shop\/wp-content\/uploads\/2024\/07\/Sulytablazat__MiniBands_1024x1024-1000x668.webp 1000w\" sizes=\"(max-width: 1020px) 100vw, 1020px\" title=\"\">\t\t\t\t\t\t\n\t\t\t\t\t<\/div>\n\t\t\t\t\t\t\t\t\n<style>\n#image_131440319 {\n  width: 100%;\n}\n<\/style>\n\t<\/div>\n\t\n<h3>Unverzichtbar f\u00fcr ein gutes Workout<\/h3>\n<p>Der Gurt belastet die Muskeln anders als herk\u00f6mmliche Gewichte und stimuliert so das Muskelwachstum auf eine ganz neue Weise.<\/p>\n\t\t<\/div>\n\n\t\t\n<style>\n#section_187044364 {\n  padding-top: 30px;\n  padding-bottom: 30px;\n}\n<\/style>\n\t<\/section>\n\t\n","protected":false},"excerpt":{"rendered":"<ul>\n<li>Vier Widerstandsstufen f\u00fcr individuelles Training vom Anf\u00e4nger bis zum Profi<\/li>\n<li>Hergestellt aus 100% Naturlatex f\u00fcr Langlebigkeit<\/li>\n<li>Enth\u00e4lt einen herunterladbaren Trainingsplan f\u00fcr optimale \u00dcbungen<\/li>\n<\/ul>\n","protected":false},"featured_media":3336,"comment_status":"open","ping_status":"closed","template":"","meta":{"bwfblock_default_font":""},"product_brand":[264],"product_cat":[120,182,140,155],"product_tag":[],"class_list":{"0":"post-3923","1":"product","2":"type-product","3":"status-publish","4":"has-post-thumbnail","6":"product_brand-stryve","7":"product_cat-stryve","8":"product_cat-tools-fur-funktionales-training","9":"product_cat-workout-de","10":"product_cat-yoga-und-mobilisierung","11":"pa_marka-stryve","13":"first","14":"instock","15":"taxable","16":"shipping-taxable","17":"purchasable","18":"product-type-simple"},"_links":{"self":[{"href":"https:\/\/wimoov.shop\/de\/wp-json\/wp\/v2\/product\/3923","targetHints":{"allow":["GET"]}}],"collection":[{"href":"https:\/\/wimoov.shop\/de\/wp-json\/wp\/v2\/product"}],"about":[{"href":"https:\/\/wimoov.shop\/de\/wp-json\/wp\/v2\/types\/product"}],"replies":[{"embeddable":true,"href":"https:\/\/wimoov.shop\/de\/wp-json\/wp\/v2\/comments?post=3923"}],"wp:featuredmedia":[{"embeddable":true,"href":"https:\/\/wimoov.shop\/de\/wp-json\/wp\/v2\/media\/3336"}],"wp:attachment":[{"href":"https:\/\/wimoov.shop\/de\/wp-json\/wp\/v2\/media?parent=3923"}],"wp:term":[{"taxonomy":"product_brand","embeddable":true,"href":"https:\/\/wimoov.shop\/de\/wp-json\/wp\/v2\/product_brand?post=3923"},{"taxonomy":"product_cat","embeddable":true,"href":"https:\/\/wimoov.shop\/de\/wp-json\/wp\/v2\/product_cat?post=3923"},{"taxonomy":"product_tag","embeddable":true,"href":"https:\/\/wimoov.shop\/de\/wp-json\/wp\/v2\/product_tag?post=3923"}],"curies":[{"name":"wp","href":"https:\/\/api.w.org\/{rel}","templated":true}]}}