{"id":3922,"date":"2024-07-03T19:56:27","date_gmt":"2024-07-03T17:56:27","guid":{"rendered":"https:\/\/wimoov.shop\/stryve-grip-pads\/"},"modified":"2025-04-26T13:13:19","modified_gmt":"2025-04-26T11:13:19","slug":"stryve-grip-pads","status":"publish","type":"product","link":"https:\/\/wimoov.shop\/de\/stryve-grip-pads\/","title":{"rendered":"STRYVE Grip Pads"},"content":{"rendered":"\n\t<section class=\"section\" id=\"section_660432456\">\n\t\t<div class=\"section-bg fill\" >\n\t\t\t\t\t\t\t\t\t\n\t\t\t\n\t<div class=\"is-border\"\n\t\tstyle=\"border-color:rgb(0, 0, 0);border-radius:20px;border-width:2px 2px 2px 2px;\">\n\t<\/div>\n\n\t\t<\/div>\n\n\t\t\n\n\t\t<div class=\"section-content relative\">\n\t\t\t\n<h2>Ergonomische Griffpolster: perfekter Griff, maximale Hygiene<\/h2>\n<p class=\"whitespace-pre-wrap break-words\">Sein einzigartiges Design bietet einen sicheren Griff f\u00fcr die intensivsten \u00dcbungen und erm\u00f6glicht es dir, die Griffe einfach zu wechseln, ohne dass sich die Eins\u00e4tze verschieben.<\/p>\n<p class=\"whitespace-pre-wrap break-words\">Schluss mit der Sorge um gemeinsame Gegenst\u00e4nde. Die STRYVE Grip Pads schaffen eine pers\u00f6nliche Hygienezone f\u00fcr dich, die das Risiko der Verbreitung von Krankheitserregern im Fitnessstudio deutlich reduziert. <\/p>\n<p class=\"whitespace-pre-wrap break-words\">In den Trainingspausen musst du nicht mehr nach einem Platz f\u00fcr deinen Griff suchen &#8211; die Grip Pads bleiben fest an der Stange, damit du dein Training fortsetzen kannst. Das ist nicht nur bequem, sondern spart dir auch Zeit, sodass du effizienter trainieren kannst. <\/p>\n<div class=\"row\"  id=\"row-675221555\">\n\n\t<div id=\"col-1266270749\" class=\"col medium-6 small-12 large-6\"  >\n\t\t\t\t<div class=\"col-inner\"  >\n\t\t\t\n\t\t\t\n\t<div class=\"img has-hover x md-x lg-x y md-y lg-y\" id=\"image_609302838\">\n\t\t\t\t\t\t\t\t<div class=\"img-inner dark\" >\n\t\t\t<img decoding=\"async\" width=\"301\" height=\"301\" src=\"https:\/\/wimoov.shop\/wp-content\/uploads\/2024\/07\/Zeichenflaeche_1_25_480x480.avif\" class=\"attachment-original size-original\" alt=\"\" srcset=\"https:\/\/wimoov.shop\/wp-content\/uploads\/2024\/07\/Zeichenflaeche_1_25_480x480.avif 301w, https:\/\/wimoov.shop\/wp-content\/uploads\/2024\/07\/Zeichenflaeche_1_25_480x480-150x150.avif 150w, https:\/\/wimoov.shop\/wp-content\/uploads\/2024\/07\/Zeichenflaeche_1_25_480x480-100x100.avif 100w\" sizes=\"(max-width: 301px) 100vw, 301px\" title=\"\">\t\t\t\t\t\t\n\t\t\t\t\t<\/div>\n\t\t\t\t\t\t\t\t\n<style>\n#image_609302838 {\n  width: 100%;\n}\n<\/style>\n\t<\/div>\n\t\n\t\t<\/div>\n\t\t\t\t\t<\/div>\n\n\t\n\n\t<div id=\"col-585788663\" class=\"col medium-6 small-12 large-6\"  >\n\t\t\t\t<div class=\"col-inner\"  >\n\t\t\t\n\t\t\t\n<h3>Schnappeffekt<\/h3>\n<p>Die Griffe wickeln sich automatisch um die Griffe der Ger\u00e4te.<\/p>\n\t\t<\/div>\n\t\t\t\t\t<\/div>\n\n\t\n<\/div>\n<div class=\"row\"  id=\"row-954499201\">\n\n\t<div id=\"col-814856714\" class=\"col medium-6 small-12 large-6\"  >\n\t\t\t\t<div class=\"col-inner\"  >\n\t\t\t\n\t\t\t\n\t<div class=\"img has-hover x md-x lg-x y md-y lg-y\" id=\"image_1433886969\">\n\t\t\t\t\t\t\t\t<div class=\"img-inner dark\" >\n\t\t\t<img decoding=\"async\" width=\"301\" height=\"301\" src=\"https:\/\/wimoov.shop\/wp-content\/uploads\/2024\/07\/Zeichenflaeche_1_26_480x480.png\" class=\"attachment-original size-original\" alt=\"\" srcset=\"https:\/\/wimoov.shop\/wp-content\/uploads\/2024\/07\/Zeichenflaeche_1_26_480x480.png 301w, https:\/\/wimoov.shop\/wp-content\/uploads\/2024\/07\/Zeichenflaeche_1_26_480x480-150x150.png 150w, https:\/\/wimoov.shop\/wp-content\/uploads\/2024\/07\/Zeichenflaeche_1_26_480x480-100x100.png 100w\" sizes=\"(max-width: 301px) 100vw, 301px\" title=\"\">\t\t\t\t\t\t\n\t\t\t\t\t<\/div>\n\t\t\t\t\t\t\t\t\n<style>\n#image_1433886969 {\n  width: 100%;\n}\n<\/style>\n\t<\/div>\n\t\n\t\t<\/div>\n\t\t\t\t\t<\/div>\n\n\t\n\n\t<div id=\"col-973527520\" class=\"col medium-6 small-12 large-6\"  >\n\t\t\t\t<div class=\"col-inner\"  >\n\t\t\t\n\t\t\t\n<h3>Anti-Rutsch<\/h3>\n<p>Die Oberfl\u00e4che bietet einen festen Halt beim Training.<\/p>\n\t\t<\/div>\n\t\t\t\t\t<\/div>\n\n\t\n<\/div>\n<div class=\"row\"  id=\"row-47110054\">\n\n\t<div id=\"col-363401903\" class=\"col medium-6 small-12 large-6\"  >\n\t\t\t\t<div class=\"col-inner\"  >\n\t\t\t\n\t\t\t\n\t<div class=\"img has-hover x md-x lg-x y md-y lg-y\" id=\"image_1025878544\">\n\t\t\t\t\t\t\t\t<div class=\"img-inner dark\" >\n\t\t\t<img decoding=\"async\" width=\"301\" height=\"301\" src=\"https:\/\/wimoov.shop\/wp-content\/uploads\/2024\/07\/Zeichenflaeche_1_27_480x480.avif\" class=\"attachment-original size-original\" alt=\"\" srcset=\"https:\/\/wimoov.shop\/wp-content\/uploads\/2024\/07\/Zeichenflaeche_1_27_480x480.avif 301w, https:\/\/wimoov.shop\/wp-content\/uploads\/2024\/07\/Zeichenflaeche_1_27_480x480-150x150.avif 150w, https:\/\/wimoov.shop\/wp-content\/uploads\/2024\/07\/Zeichenflaeche_1_27_480x480-100x100.avif 100w\" sizes=\"(max-width: 301px) 100vw, 301px\" title=\"\">\t\t\t\t\t\t\n\t\t\t\t\t<\/div>\n\t\t\t\t\t\t\t\t\n<style>\n#image_1025878544 {\n  width: 100%;\n}\n<\/style>\n\t<\/div>\n\t\n\t\t<\/div>\n\t\t\t\t\t<\/div>\n\n\t\n\n\t<div id=\"col-1221256306\" class=\"col medium-6 small-12 large-6\"  >\n\t\t\t\t<div class=\"col-inner\"  >\n\t\t\t\n\t\t\t\n<h3>Ger\u00e4teseite \/ K\u00f6rperseite<\/h3>\n<p>Reinige innen und au\u00dfen f\u00fcr bessere Hygiene.<\/p>\n\t\t<\/div>\n\t\t\t\t\t<\/div>\n\n\t\n<\/div>\n<div class=\"row\"  id=\"row-774579127\">\n\n\t<div id=\"col-1593182931\" class=\"col medium-6 small-12 large-6\"  >\n\t\t\t\t<div class=\"col-inner\"  >\n\t\t\t\n\t\t\t\n\t<div class=\"img has-hover x md-x lg-x y md-y lg-y\" id=\"image_345352277\">\n\t\t\t\t\t\t\t\t<div class=\"img-inner dark\" >\n\t\t\t<img decoding=\"async\" width=\"301\" height=\"301\" src=\"https:\/\/wimoov.shop\/wp-content\/uploads\/2024\/07\/Zeichenflaeche_1_28_480x480.avif\" class=\"attachment-original size-original\" alt=\"\" srcset=\"https:\/\/wimoov.shop\/wp-content\/uploads\/2024\/07\/Zeichenflaeche_1_28_480x480.avif 301w, https:\/\/wimoov.shop\/wp-content\/uploads\/2024\/07\/Zeichenflaeche_1_28_480x480-150x150.avif 150w, https:\/\/wimoov.shop\/wp-content\/uploads\/2024\/07\/Zeichenflaeche_1_28_480x480-100x100.avif 100w\" sizes=\"(max-width: 301px) 100vw, 301px\" title=\"\">\t\t\t\t\t\t\n\t\t\t\t\t<\/div>\n\t\t\t\t\t\t\t\t\n<style>\n#image_345352277 {\n  width: 100%;\n}\n<\/style>\n\t<\/div>\n\t\n\t\t<\/div>\n\t\t\t\t\t<\/div>\n\n\t\n\n\t<div id=\"col-1375450989\" class=\"col medium-6 small-12 large-6\"  >\n\t\t\t\t<div class=\"col-inner\"  >\n\t\t\t\n\t\t\t\n<h3>Ergonomisch<\/h3>\n<p>Ergonomisches Design f\u00fcr einen besseren Griff.<\/p>\n\t\t<\/div>\n\t\t\t\t\t<\/div>\n\n\t\n<\/div>\n<div class=\"row\"  id=\"row-805596772\">\n\n\t<div id=\"col-1382152889\" class=\"col medium-6 small-12 large-6\"  >\n\t\t\t\t<div class=\"col-inner\"  >\n\t\t\t\n\t\t\t\n\t<div class=\"img has-hover x md-x lg-x y md-y lg-y\" id=\"image_1605919985\">\n\t\t\t\t\t\t\t\t<div class=\"img-inner dark\" >\n\t\t\t<img decoding=\"async\" width=\"301\" height=\"301\" src=\"https:\/\/wimoov.shop\/wp-content\/uploads\/2024\/07\/Zeichenflaeche_1_29_480x480.avif\" class=\"attachment-large size-large\" alt=\"\" srcset=\"https:\/\/wimoov.shop\/wp-content\/uploads\/2024\/07\/Zeichenflaeche_1_29_480x480.avif 301w, https:\/\/wimoov.shop\/wp-content\/uploads\/2024\/07\/Zeichenflaeche_1_29_480x480-150x150.avif 150w, https:\/\/wimoov.shop\/wp-content\/uploads\/2024\/07\/Zeichenflaeche_1_29_480x480-100x100.avif 100w\" sizes=\"(max-width: 301px) 100vw, 301px\" title=\"\">\t\t\t\t\t\t\n\t\t\t\t\t<\/div>\n\t\t\t\t\t\t\t\t\n<style>\n#image_1605919985 {\n  width: 100%;\n}\n<\/style>\n\t<\/div>\n\t\n\t\t<\/div>\n\t\t\t\t\t<\/div>\n\n\t\n\n\t<div id=\"col-1896132949\" class=\"col medium-6 small-12 large-6\"  >\n\t\t\t\t<div class=\"col-inner\"  >\n\t\t\t\n\t\t\t\n<h3>Hochwertige Materialien<\/h3>\n<p>Wie alle Produkte von STRYVE ist es f\u00fcr eine lange Lebensdauer konzipiert.<\/p>\n\t\t<\/div>\n\t\t\t\t\t<\/div>\n\n\t\n<\/div>\n\t\t<\/div>\n\n\t\t\n<style>\n#section_660432456 {\n  padding-top: 30px;\n  padding-bottom: 30px;\n}\n<\/style>\n\t<\/section>\n\t\n\n\t<section class=\"section\" id=\"section_2046922720\">\n\t\t<div class=\"section-bg fill\" >\n\t\t\t\t\t\t\t\t\t\n\t\t\t\n\t<div class=\"is-border\"\n\t\tstyle=\"border-color:rgb(0, 0, 0);border-radius:20px;border-width:2px 2px 2px 2px;margin:15px 0px 0px 0px;\">\n\t<\/div>\n\n\t\t<\/div>\n\n\t\t\n\n\t\t<div class=\"section-content relative\">\n\t\t\t\n<h3>Andere Informationen<\/h3>\n<p><strong>Material:<\/strong> 100% Neopren<\/p>\n<p><strong>Gr\u00f6\u00dfe:<\/strong> Die Griffpolster sind 12,5 cm breit und 9,5 cm hoch. Sie passen sich jedem Griff an und bieten ausreichend Grifffl\u00e4che f\u00fcr die Hand.<\/p>\n\t<div class=\"img has-hover x md-x lg-x y md-y lg-y\" id=\"image_126018774\">\n\t\t\t\t\t\t\t\t<div class=\"img-inner dark\" >\n\t\t\t<img decoding=\"async\" width=\"553\" height=\"1024\" src=\"https:\/\/wimoov.shop\/wp-content\/uploads\/2024\/07\/Bildschirmfoto_2020-10-26_um_18.49.39_1024x1024.webp\" class=\"attachment-large size-large\" alt=\"\" srcset=\"https:\/\/wimoov.shop\/wp-content\/uploads\/2024\/07\/Bildschirmfoto_2020-10-26_um_18.49.39_1024x1024.webp 553w, https:\/\/wimoov.shop\/wp-content\/uploads\/2024\/07\/Bildschirmfoto_2020-10-26_um_18.49.39_1024x1024-162x300.webp 162w\" sizes=\"(max-width: 553px) 100vw, 553px\" title=\"\">\t\t\t\t\t\t\n\t\t\t\t\t<\/div>\n\t\t\t\t\t\t\t\t\n<style>\n#image_126018774 {\n  width: 40%;\n}\n<\/style>\n\t<\/div>\n\t\n\t\t<\/div>\n\n\t\t\n<style>\n#section_2046922720 {\n  padding-top: 30px;\n  padding-bottom: 30px;\n}\n<\/style>\n\t<\/section>\n\t\n","protected":false},"excerpt":{"rendered":"<ul>\n<li>Einfach an der Stange einrasten: Sie faltet sich automatisch<\/li>\n<li>Anti-Rutsch-Oberfl\u00e4che f\u00fcr sicheren Halt beim Training<\/li>\n<li>Saubere Vorder- und R\u00fcckseite f\u00fcr bessere Hygiene<\/li>\n<\/ul>\n<div style=\"width: 1020px;\" class=\"wp-video\"><video class=\"wp-video-shortcode\" id=\"video-3922-1\" width=\"1020\" height=\"574\" preload=\"metadata\" controls=\"controls\"><source type=\"video\/webm\" src=\"https:\/\/wimoov.shop\/wp-content\/uploads\/2024\/07\/grip_pads_video.webm?_=1\" \/><a href=\"https:\/\/wimoov.shop\/wp-content\/uploads\/2024\/07\/grip_pads_video.webm\">https:\/\/wimoov.shop\/wp-content\/uploads\/2024\/07\/grip_pads_video.webm<\/a><\/video><\/div>\n","protected":false},"featured_media":3272,"comment_status":"open","ping_status":"closed","template":"","meta":{"bwfblock_default_font":""},"product_brand":[],"product_cat":[120,182,140],"product_tag":[],"class_list":{"0":"post-3922","1":"product","2":"type-product","3":"status-publish","4":"has-post-thumbnail","6":"product_cat-stryve","7":"product_cat-tools-fur-funktionales-training","8":"product_cat-workout-de","9":"pa_marka-stryve","11":"first","12":"outofstock","13":"taxable","14":"shipping-taxable","15":"purchasable","16":"product-type-simple"},"_links":{"self":[{"href":"https:\/\/wimoov.shop\/de\/wp-json\/wp\/v2\/product\/3922","targetHints":{"allow":["GET"]}}],"collection":[{"href":"https:\/\/wimoov.shop\/de\/wp-json\/wp\/v2\/product"}],"about":[{"href":"https:\/\/wimoov.shop\/de\/wp-json\/wp\/v2\/types\/product"}],"replies":[{"embeddable":true,"href":"https:\/\/wimoov.shop\/de\/wp-json\/wp\/v2\/comments?post=3922"}],"wp:featuredmedia":[{"embeddable":true,"href":"https:\/\/wimoov.shop\/de\/wp-json\/wp\/v2\/media\/3272"}],"wp:attachment":[{"href":"https:\/\/wimoov.shop\/de\/wp-json\/wp\/v2\/media?parent=3922"}],"wp:term":[{"taxonomy":"product_brand","embeddable":true,"href":"https:\/\/wimoov.shop\/de\/wp-json\/wp\/v2\/product_brand?post=3922"},{"taxonomy":"product_cat","embeddable":true,"href":"https:\/\/wimoov.shop\/de\/wp-json\/wp\/v2\/product_cat?post=3922"},{"taxonomy":"product_tag","embeddable":true,"href":"https:\/\/wimoov.shop\/de\/wp-json\/wp\/v2\/product_tag?post=3922"}],"curies":[{"name":"wp","href":"https:\/\/api.w.org\/{rel}","templated":true}]}}