{"id":3919,"date":"2024-07-03T19:56:27","date_gmt":"2024-07-03T17:56:27","guid":{"rendered":"https:\/\/wimoov.shop\/stryve-power-bands-set\/"},"modified":"2025-04-26T15:17:45","modified_gmt":"2025-04-26T13:17:45","slug":"stryve-power-bands-set","status":"publish","type":"product","link":"https:\/\/wimoov.shop\/de\/stryve-power-bands-set\/","title":{"rendered":"STRYVE Power Bands | Set"},"content":{"rendered":"\n\t<section class=\"section\" id=\"section_1996112429\">\n\t\t<div class=\"section-bg fill\" >\n\t\t\t\t\t\t\t\t\t\n\t\t\t\n\t<div class=\"is-border\"\n\t\tstyle=\"border-color:rgb(0, 0, 0);border-radius:20px;border-width:2px 2px 2px 2px;\">\n\t<\/div>\n\n\t\t<\/div>\n\n\t\t\n\n\t\t<div class=\"section-content relative\">\n\t\t\t\n<h2>Drei Gurte &#8211; drei Widerstandsstufen.<\/h2>\n<h4>Warum wir bessere Fitnessb\u00e4nder entwickelt haben:<\/h4>\n<p>Die STRYVE Power Bands bieten optimale Unterst\u00fctzung beim Krafttraining, indem sie f\u00fcr mehr Stabilit\u00e4t sorgen. Die schlichten Graut\u00f6ne machen die Power Bands zu einem stylischen Begleiter. Dank des breiten Einsatzspektrums ist das Set ein Erlebnis f\u00fcr alle M\u00e4nner und Frauen. Die Powerbands sind leicht zu transportieren und damit perfekt f\u00fcr das Fitnessstudio, das Training zu Hause oder auf Reisen. Spitzenqualit\u00e4t und \u00c4sthetik f\u00fcr ein funktionelles und anpassungsf\u00e4higes Training.<\/p>\n<div class=\"row\"  id=\"row-1619582109\">\n\n\t<div id=\"col-1396048520\" class=\"col medium-6 small-12 large-6\"  >\n\t\t\t\t<div class=\"col-inner\"  >\n\t\t\t\n\t\t\t\n\t<div class=\"img has-hover x md-x lg-x y md-y lg-y\" id=\"image_1741926053\">\n\t\t\t\t\t\t\t\t<div class=\"img-inner dark\" >\n\t\t\t<img decoding=\"async\" width=\"301\" height=\"301\" src=\"https:\/\/wimoov.shop\/wp-content\/uploads\/2024\/07\/Zeichenflaeche_1_36c1b415-747c-4435-80c0-4b0153121b60_480x480-1.avif\" class=\"attachment-original size-original\" alt=\"\" srcset=\"https:\/\/wimoov.shop\/wp-content\/uploads\/2024\/07\/Zeichenflaeche_1_36c1b415-747c-4435-80c0-4b0153121b60_480x480-1.avif 301w, https:\/\/wimoov.shop\/wp-content\/uploads\/2024\/07\/Zeichenflaeche_1_36c1b415-747c-4435-80c0-4b0153121b60_480x480-1-150x150.avif 150w, https:\/\/wimoov.shop\/wp-content\/uploads\/2024\/07\/Zeichenflaeche_1_36c1b415-747c-4435-80c0-4b0153121b60_480x480-1-100x100.avif 100w\" sizes=\"(max-width: 301px) 100vw, 301px\" title=\"\">\t\t\t\t\t\t\n\t\t\t\t\t<\/div>\n\t\t\t\t\t\t\t\t\n<style>\n#image_1741926053 {\n  width: 100%;\n}\n<\/style>\n\t<\/div>\n\t\n\t\t<\/div>\n\t\t\t\t\t<\/div>\n\n\t\n\n\t<div id=\"col-802789694\" class=\"col medium-6 small-12 large-6\"  >\n\t\t\t\t<div class=\"col-inner\"  >\n\t\t\t\n\t\t\t\n<h3>Inklusive Trainingsplan<\/h3>\n<p>Au\u00dferdem erh\u00e4ltst du einen Online-Trainingsplan, um das Beste aus den B\u00e4ndern herauszuholen.<\/p>\n\t\t<\/div>\n\t\t\t\t\t<\/div>\n\n\t\n<\/div>\n<div class=\"row\"  id=\"row-684623557\">\n\n\t<div id=\"col-1631264089\" class=\"col medium-6 small-12 large-6\"  >\n\t\t\t\t<div class=\"col-inner\"  >\n\t\t\t\n\t\t\t\n\t<div class=\"img has-hover x md-x lg-x y md-y lg-y\" id=\"image_1038553016\">\n\t\t\t\t\t\t\t\t<div class=\"img-inner dark\" >\n\t\t\t<img decoding=\"async\" width=\"301\" height=\"301\" src=\"https:\/\/wimoov.shop\/wp-content\/uploads\/2024\/07\/Zeichenflaeche_1_31_480x480.avif\" class=\"attachment-original size-original\" alt=\"\" srcset=\"https:\/\/wimoov.shop\/wp-content\/uploads\/2024\/07\/Zeichenflaeche_1_31_480x480.avif 301w, https:\/\/wimoov.shop\/wp-content\/uploads\/2024\/07\/Zeichenflaeche_1_31_480x480-150x150.avif 150w, https:\/\/wimoov.shop\/wp-content\/uploads\/2024\/07\/Zeichenflaeche_1_31_480x480-100x100.avif 100w\" sizes=\"(max-width: 301px) 100vw, 301px\" title=\"\">\t\t\t\t\t\t\n\t\t\t\t\t<\/div>\n\t\t\t\t\t\t\t\t\n<style>\n#image_1038553016 {\n  width: 100%;\n}\n<\/style>\n\t<\/div>\n\t\n\t\t<\/div>\n\t\t\t\t\t<\/div>\n\n\t\n\n\t<div id=\"col-160782371\" class=\"col medium-6 small-12 large-6\"  >\n\t\t\t\t<div class=\"col-inner\"  >\n\t\t\t\n\t\t\t\n<h3>Widerstand oder Erleichterung<\/h3>\n<p>Leichtere Klimmz\u00fcge, effektives Aufw\u00e4rmen oder zus\u00e4tzlicher Widerstand. Du kannst sie zur Kr\u00e4ftigung oder sogar zur Erleichterung einer \u00dcbung verwenden.<\/p>\n\t\t<\/div>\n\t\t\t\t\t<\/div>\n\n\t\n<\/div>\n<div class=\"row\"  id=\"row-725448147\">\n\n\t<div id=\"col-1353574298\" class=\"col medium-6 small-12 large-6\"  >\n\t\t\t\t<div class=\"col-inner\"  >\n\t\t\t\n\t\t\t\n\t<div class=\"img has-hover x md-x lg-x y md-y lg-y\" id=\"image_620902863\">\n\t\t\t\t\t\t\t\t<div class=\"img-inner dark\" >\n\t\t\t<img decoding=\"async\" width=\"301\" height=\"301\" src=\"https:\/\/wimoov.shop\/wp-content\/uploads\/2024\/07\/Zeichenflaeche_1_1_94688dda-3f45-4bc3-9df5-6b0cef48763e_480x480-1.avif\" class=\"attachment-original size-original\" alt=\"\" srcset=\"https:\/\/wimoov.shop\/wp-content\/uploads\/2024\/07\/Zeichenflaeche_1_1_94688dda-3f45-4bc3-9df5-6b0cef48763e_480x480-1.avif 301w, https:\/\/wimoov.shop\/wp-content\/uploads\/2024\/07\/Zeichenflaeche_1_1_94688dda-3f45-4bc3-9df5-6b0cef48763e_480x480-1-150x150.avif 150w, https:\/\/wimoov.shop\/wp-content\/uploads\/2024\/07\/Zeichenflaeche_1_1_94688dda-3f45-4bc3-9df5-6b0cef48763e_480x480-1-100x100.avif 100w\" sizes=\"(max-width: 301px) 100vw, 301px\" title=\"\">\t\t\t\t\t\t\n\t\t\t\t\t<\/div>\n\t\t\t\t\t\t\t\t\n<style>\n#image_620902863 {\n  width: 100%;\n}\n<\/style>\n\t<\/div>\n\t\n\t\t<\/div>\n\t\t\t\t\t<\/div>\n\n\t\n\n\t<div id=\"col-1881964893\" class=\"col medium-6 small-12 large-6\"  >\n\t\t\t\t<div class=\"col-inner\"  >\n\t\t\t\n\t\t\t\n<h3>Hochwertige Materialien<\/h3>\n<p>Die Fitnessb\u00e4nder bestehen aus 100 % Naturlatex f\u00fcr eine lange Lebensdauer.  <em>Latex kann bei manchen Menschen allergische Reaktionen hervorrufen. Bei den ersten Anzeichen einer allergischen Reaktion solltest du einen Arzt aufsuchen.   <\/em><\/p>\n\t\t<\/div>\n\t\t\t\t\t<\/div>\n\n\t\n<\/div>\n<div class=\"row\"  id=\"row-1730156870\">\n\n\t<div id=\"col-1399027488\" class=\"col medium-6 small-12 large-6\"  >\n\t\t\t\t<div class=\"col-inner\"  >\n\t\t\t\n\t\t\t\n\t<div class=\"img has-hover x md-x lg-x y md-y lg-y\" id=\"image_615402877\">\n\t\t\t\t\t\t\t\t<div class=\"img-inner dark\" >\n\t\t\t<img decoding=\"async\" width=\"301\" height=\"301\" src=\"https:\/\/wimoov.shop\/wp-content\/uploads\/2024\/07\/Zeichenflaeche_1_2_b8cb1792-9691-4974-97c6-195db85b7cf7_480x480-1.avif\" class=\"attachment-original size-original\" alt=\"\" srcset=\"https:\/\/wimoov.shop\/wp-content\/uploads\/2024\/07\/Zeichenflaeche_1_2_b8cb1792-9691-4974-97c6-195db85b7cf7_480x480-1.avif 301w, https:\/\/wimoov.shop\/wp-content\/uploads\/2024\/07\/Zeichenflaeche_1_2_b8cb1792-9691-4974-97c6-195db85b7cf7_480x480-1-150x150.avif 150w, https:\/\/wimoov.shop\/wp-content\/uploads\/2024\/07\/Zeichenflaeche_1_2_b8cb1792-9691-4974-97c6-195db85b7cf7_480x480-1-100x100.avif 100w\" sizes=\"(max-width: 301px) 100vw, 301px\" title=\"\">\t\t\t\t\t\t\n\t\t\t\t\t<\/div>\n\t\t\t\t\t\t\t\t\n<style>\n#image_615402877 {\n  width: 100%;\n}\n<\/style>\n\t<\/div>\n\t\n\t\t<\/div>\n\t\t\t\t\t<\/div>\n\n\t\n\n\t<div id=\"col-1405739134\" class=\"col medium-6 small-12 large-6\"  >\n\t\t\t\t<div class=\"col-inner\"  >\n\t\t\t\n\t\t\t\n<h3>Unbegrenzte Ausbildung<\/h3>\n<p>Mit drei Widerstandsstufen vom Anf\u00e4nger bis zum Profi. Von leicht \u00fcber mittel bis stark.  <em>Die genauen Widerstandswerte sind unten angegeben.<\/em><\/p>\n\t\t<\/div>\n\t\t\t\t\t<\/div>\n\n\t\n<\/div>\n\t\t<\/div>\n\n\t\t\n<style>\n#section_1996112429 {\n  padding-top: 30px;\n  padding-bottom: 30px;\n}\n<\/style>\n\t<\/section>\n\t\n\n\t<section class=\"section\" id=\"section_570613547\">\n\t\t<div class=\"section-bg fill\" >\n\t\t\t\t\t\t\t\t\t\n\t\t\t\n\t<div class=\"is-border\"\n\t\tstyle=\"border-color:rgb(0, 0, 0);border-radius:20px;border-width:2px 2px 2px 2px;margin:15px 0px 0px 0px;\">\n\t<\/div>\n\n\t\t<\/div>\n\n\t\t\n\n\t\t<div class=\"section-content relative\">\n\t\t\t\n<h3>Andere Informationen<\/h3>\n<p><strong>Material: <\/strong>100% Naturlatex<\/p>\n<p>Latex kann bei manchen Menschen allergische Reaktionen hervorrufen. Bei den ersten Anzeichen einer allergischen Reaktion solltest du einen Arzt aufsuchen. <\/p>\n<p><strong>Abmessungen<br \/>\n<\/strong>Der Umfang der Widerstandsb\u00e4nder betr\u00e4gt etwa 110 cm. Das Light-Band ist etwa 0,7 cm breit, das Medium-Band etwa 1,2 cm und das Strong-Band etwa 2 cm breit.     <\/p>\n<p><strong>Verwendung<\/strong><br \/>\nWiderstandsb\u00e4nder (auch bekannt als Fitnessb\u00e4nder oder &#8220;Therab\u00e4nder&#8221;) sind ideal f\u00fcr eine Vielzahl von \u00dcbungen und Sportarten. Zum Beispiel f\u00fcr Fitnesstraining, Workouts zu Hause oder im Fitnessstudio, f\u00fcr Muskelaufbau durch Kraft- und Ausdauertraining, f\u00fcr Oberk\u00f6rpertraining wie Arm\u00fcbungen, Brusttraining, R\u00fccken, Beine, Ges\u00e4\u00df oder Bauchmuskeln und sogar f\u00fcr Yoga, Crossfit oder Pilates. Das \u00dcbungsband bietet unz\u00e4hlige M\u00f6glichkeiten und ist besonders leicht zu handhaben. Das Gummiband kann einfach an der T\u00fcrklinke oder an einer Stange im heimischen Fitnessstudio befestigt werden. Ein ideales Ger\u00e4t und Zubeh\u00f6r f\u00fcr M\u00e4nner und Frauen.    <\/p>\n<p><strong>Inhalt des Pakets<\/strong><br \/>\nDas Trainingspaket besteht aus drei Kassetten und dem Zugang zu herunterladbaren Online-Trainings\u00fcbungen.<\/p>\n\t\t<\/div>\n\n\t\t\n<style>\n#section_570613547 {\n  padding-top: 30px;\n  padding-bottom: 30px;\n}\n<\/style>\n\t<\/section>\n\t\n\n\t<section class=\"section\" id=\"section_1518503531\">\n\t\t<div class=\"section-bg fill\" >\n\t\t\t\t\t\t\t\t\t\n\t\t\t\n\t<div class=\"is-border\"\n\t\tstyle=\"border-color:rgb(0, 0, 0);border-radius:20px;border-width:2px 2px 2px 2px;margin:15px 0px 0px 0px;\">\n\t<\/div>\n\n\t\t<\/div>\n\n\t\t\n\n\t\t<div class=\"section-content relative\">\n\t\t\t\n<h3>Tabelle der Gewichte<\/h3>\n\t<div class=\"img has-hover x md-x lg-x y md-y lg-y\" id=\"image_674817532\">\n\t\t\t\t\t\t\t\t<div class=\"img-inner dark\" >\n\t\t\t<img decoding=\"async\" width=\"1020\" height=\"681\" src=\"https:\/\/wimoov.shop\/wp-content\/uploads\/2024\/07\/Sulytablazat__PowerBands_1024x1024.webp\" class=\"attachment-large size-large\" alt=\"\" srcset=\"https:\/\/wimoov.shop\/wp-content\/uploads\/2024\/07\/Sulytablazat__PowerBands_1024x1024.webp 1024w, https:\/\/wimoov.shop\/wp-content\/uploads\/2024\/07\/Sulytablazat__PowerBands_1024x1024-300x200.webp 300w, https:\/\/wimoov.shop\/wp-content\/uploads\/2024\/07\/Sulytablazat__PowerBands_1024x1024-768x513.webp 768w, https:\/\/wimoov.shop\/wp-content\/uploads\/2024\/07\/Sulytablazat__PowerBands_1024x1024-1000x668.webp 1000w\" sizes=\"(max-width: 1020px) 100vw, 1020px\" title=\"\">\t\t\t\t\t\t\n\t\t\t\t\t<\/div>\n\t\t\t\t\t\t\t\t\n<style>\n#image_674817532 {\n  width: 100%;\n}\n<\/style>\n\t<\/div>\n\t\n<h3>Unverzichtbar f\u00fcr ein gutes Workout<\/h3>\n<p>Der Gurt belastet die Muskeln anders als herk\u00f6mmliche Gewichte und stimuliert so das Muskelwachstum auf eine ganz neue Weise.<\/p>\n\t\t<\/div>\n\n\t\t\n<style>\n#section_1518503531 {\n  padding-top: 30px;\n  padding-bottom: 30px;\n}\n<\/style>\n\t<\/section>\n\t\n","protected":false},"excerpt":{"rendered":"<ul>\n<li>Drei Widerstandsstufen von leicht bis stark f\u00fcr alle Fitnesslevel<\/li>\n<li>Hergestellt aus 100% Naturlatex f\u00fcr Haltbarkeit und Flexibilit\u00e4t<\/li>\n<li>Enth\u00e4lt einen online herunterladbaren Trainingsplan f\u00fcr unbegrenzte Trainingsm\u00f6glichkeiten<\/li>\n<\/ul>\n","protected":false},"featured_media":3664,"comment_status":"open","ping_status":"closed","template":"","meta":{"bwfblock_default_font":""},"product_brand":[],"product_cat":[120,182,140,155],"product_tag":[],"class_list":{"0":"post-3919","1":"product","2":"type-product","3":"status-publish","4":"has-post-thumbnail","6":"product_cat-stryve","7":"product_cat-tools-fur-funktionales-training","8":"product_cat-workout-de","9":"product_cat-yoga-und-mobilisierung","10":"pa_marka-stryve","12":"first","13":"instock","14":"sale","15":"taxable","16":"shipping-taxable","17":"purchasable","18":"product-type-simple"},"_links":{"self":[{"href":"https:\/\/wimoov.shop\/de\/wp-json\/wp\/v2\/product\/3919","targetHints":{"allow":["GET"]}}],"collection":[{"href":"https:\/\/wimoov.shop\/de\/wp-json\/wp\/v2\/product"}],"about":[{"href":"https:\/\/wimoov.shop\/de\/wp-json\/wp\/v2\/types\/product"}],"replies":[{"embeddable":true,"href":"https:\/\/wimoov.shop\/de\/wp-json\/wp\/v2\/comments?post=3919"}],"wp:featuredmedia":[{"embeddable":true,"href":"https:\/\/wimoov.shop\/de\/wp-json\/wp\/v2\/media\/3664"}],"wp:attachment":[{"href":"https:\/\/wimoov.shop\/de\/wp-json\/wp\/v2\/media?parent=3919"}],"wp:term":[{"taxonomy":"product_brand","embeddable":true,"href":"https:\/\/wimoov.shop\/de\/wp-json\/wp\/v2\/product_brand?post=3919"},{"taxonomy":"product_cat","embeddable":true,"href":"https:\/\/wimoov.shop\/de\/wp-json\/wp\/v2\/product_cat?post=3919"},{"taxonomy":"product_tag","embeddable":true,"href":"https:\/\/wimoov.shop\/de\/wp-json\/wp\/v2\/product_tag?post=3919"}],"curies":[{"name":"wp","href":"https:\/\/api.w.org\/{rel}","templated":true}]}}