{"id":3914,"date":"2024-07-03T19:56:36","date_gmt":"2024-07-03T17:56:36","guid":{"rendered":"https:\/\/wimoov.shop\/stryve-prime-trainings-t-shirt-womens\/"},"modified":"2025-06-08T15:02:11","modified_gmt":"2025-06-08T13:02:11","slug":"stryve-prime-trainings-t-shirt-womens","status":"publish","type":"product","link":"https:\/\/wimoov.shop\/de\/stryve-prime-trainings-t-shirt-womens\/","title":{"rendered":"STRYVE Prime | Trainings-T-Shirt | Women&#8217;s"},"content":{"rendered":"\n\t<section class=\"section\" id=\"section_701186185\">\n\t\t<div class=\"section-bg fill\" >\n\t\t\t\t\t\t\t\t\t\n\t\t\t\n\t<div class=\"is-border\"\n\t\tstyle=\"border-color:rgb(0, 0, 0);border-radius:20px;border-width:2px 2px 2px 2px;\">\n\t<\/div>\n\n\t\t<\/div>\n\n\t\t\n\n\t\t<div class=\"section-content relative\">\n\t\t\t\n<h2>Locker sitzendes Trainingsshirt f\u00fcr maximale Bewegungsfreiheit.<\/h2>\n<p class=\"whitespace-pre-wrap break-words\">Die schwarze STRYVE Sportbekleidungskollektion f\u00fcr Frauen ist auf die Bed\u00fcrfnisse der modernen Frau zugeschnitten. Sie verbindet Funktionalit\u00e4t mit \u00c4sthetik und sorgt daf\u00fcr, dass du dich bei jeder Bewegung selbstbewusst und stilvoll f\u00fchlst &#8211; egal ob beim intensiven Training oder im Alltag. <\/p>\n<p class=\"whitespace-pre-wrap break-words\">Perfekt f\u00fcr Fitness, Yoga, Laufen oder sogar Erholungsphasen. STRYVE ist nicht nur ein Kleidungsst\u00fcck &#8211; es ist ein Symbol f\u00fcr ein bewusstes Leben. <\/p>\n<div class=\"row\"  id=\"row-1401663156\">\n\n\t<div id=\"col-1698376669\" class=\"col medium-6 small-12 large-6\"  >\n\t\t\t\t<div class=\"col-inner\"  >\n\t\t\t\n\t\t\t\n\t<div class=\"img has-hover x md-x lg-x y md-y lg-y\" id=\"image_1945741725\">\n\t\t\t\t\t\t\t\t<div class=\"img-inner dark\" >\n\t\t\t<img decoding=\"async\" width=\"606\" height=\"631\" src=\"https:\/\/wimoov.shop\/wp-content\/uploads\/2024\/07\/211121-STRYVE-Wear-Icons-02.webp\" class=\"attachment-original size-original\" alt=\"\" srcset=\"https:\/\/wimoov.shop\/wp-content\/uploads\/2024\/07\/211121-STRYVE-Wear-Icons-02.webp 606w, https:\/\/wimoov.shop\/wp-content\/uploads\/2024\/07\/211121-STRYVE-Wear-Icons-02-288x300.webp 288w\" sizes=\"(max-width: 606px) 100vw, 606px\" title=\"\">\t\t\t\t\t\t\n\t\t\t\t\t<\/div>\n\t\t\t\t\t\t\t\t\n<style>\n#image_1945741725 {\n  width: 100%;\n}\n<\/style>\n\t<\/div>\n\t\n\t\t<\/div>\n\t\t\t\t\t<\/div>\n\n\t\n\n\t<div id=\"col-92772707\" class=\"col medium-6 small-12 large-6\"  >\n\t\t\t\t<div class=\"col-inner\"  >\n\t\t\t\n\t\t\t\n<h3>Stilvolles Aussehen<\/h3>\n<p>Mit ihrem minimalistischen Design und dem sportlichen Schnitt passt sich die STRYVE Sportbekleidung perfekt an den K\u00f6rper an und sorgt f\u00fcr einen stilvollen Look.<\/p>\n\t\t<\/div>\n\t\t\t\t\t<\/div>\n\n\t\n<\/div>\n<div class=\"row\"  id=\"row-1930031662\">\n\n\t<div id=\"col-834263528\" class=\"col medium-6 small-12 large-6\"  >\n\t\t\t\t<div class=\"col-inner\"  >\n\t\t\t\n\t\t\t\n\t<div class=\"img has-hover x md-x lg-x y md-y lg-y\" id=\"image_2126320473\">\n\t\t\t\t\t\t\t\t<div class=\"img-inner dark\" >\n\t\t\t<img decoding=\"async\" width=\"606\" height=\"632\" src=\"https:\/\/wimoov.shop\/wp-content\/uploads\/2024\/07\/211121-STRYVE-Wear-Icons-03.webp\" class=\"attachment-original size-original\" alt=\"\" srcset=\"https:\/\/wimoov.shop\/wp-content\/uploads\/2024\/07\/211121-STRYVE-Wear-Icons-03.webp 606w, https:\/\/wimoov.shop\/wp-content\/uploads\/2024\/07\/211121-STRYVE-Wear-Icons-03-288x300.webp 288w\" sizes=\"(max-width: 606px) 100vw, 606px\" title=\"\">\t\t\t\t\t\t\n\t\t\t\t\t<\/div>\n\t\t\t\t\t\t\t\t\n<style>\n#image_2126320473 {\n  width: 100%;\n}\n<\/style>\n\t<\/div>\n\t\n\t\t<\/div>\n\t\t\t\t\t<\/div>\n\n\t\n\n\t<div id=\"col-580287110\" class=\"col medium-6 small-12 large-6\"  >\n\t\t\t\t<div class=\"col-inner\"  >\n\t\t\t\n\t\t\t\n<h3>Sich perfekt f\u00fchlen<\/h3>\n<p>Der gut sitzende Schnitt sorgt f\u00fcr eine bequeme Passform. Die STRYVE Sportbekleidung unterst\u00fctzt dich mit maximaler Bewegungsfreiheit beim Sport.  So kannst du dich ganz auf das Training konzentrieren.<\/p>\n\t\t<\/div>\n\t\t\t\t\t<\/div>\n\n\t\n<\/div>\n<div class=\"row\"  id=\"row-695243448\">\n\n\t<div id=\"col-460620378\" class=\"col medium-6 small-12 large-6\"  >\n\t\t\t\t<div class=\"col-inner\"  >\n\t\t\t\n\t\t\t\n\t<div class=\"img has-hover x md-x lg-x y md-y lg-y\" id=\"image_687824547\">\n\t\t\t\t\t\t\t\t<div class=\"img-inner dark\" >\n\t\t\t<img decoding=\"async\" width=\"606\" height=\"631\" src=\"https:\/\/wimoov.shop\/wp-content\/uploads\/2024\/07\/211121-STRYVE-Wear-Icons-01.webp\" class=\"attachment-original size-original\" alt=\"\" srcset=\"https:\/\/wimoov.shop\/wp-content\/uploads\/2024\/07\/211121-STRYVE-Wear-Icons-01.webp 606w, https:\/\/wimoov.shop\/wp-content\/uploads\/2024\/07\/211121-STRYVE-Wear-Icons-01-288x300.webp 288w\" sizes=\"(max-width: 606px) 100vw, 606px\" title=\"\">\t\t\t\t\t\t\n\t\t\t\t\t<\/div>\n\t\t\t\t\t\t\t\t\n<style>\n#image_687824547 {\n  width: 100%;\n}\n<\/style>\n\t<\/div>\n\t\n\t\t<\/div>\n\t\t\t\t\t<\/div>\n\n\t\n\n\t<div id=\"col-1983657685\" class=\"col medium-6 small-12 large-6\"  >\n\t\t\t\t<div class=\"col-inner\"  >\n\t\t\t\n\t\t\t\n<h3>Hochwertige Materialien<\/h3>\n<p>Die ausgew\u00e4hlten Materialien bieten ein hohes Ma\u00df an Komfort und maximale Atmungsaktivit\u00e4t. Wir achten besonders darauf, dass die von uns verwendeten Materialien schnell trocknen und sich angenehm anf\u00fchlen.<\/p>\n\t\t<\/div>\n\t\t\t\t\t<\/div>\n\n\t\n<\/div>\n\t\t<\/div>\n\n\t\t\n<style>\n#section_701186185 {\n  padding-top: 30px;\n  padding-bottom: 30px;\n}\n<\/style>\n\t<\/section>\n\t\n\n\t<section class=\"section\" id=\"section_1217246408\">\n\t\t<div class=\"section-bg fill\" >\n\t\t\t\t\t\t\t\t\t\n\t\t\t\n\t<div class=\"is-border\"\n\t\tstyle=\"border-color:rgb(0, 0, 0);border-radius:20px;border-width:2px 2px 2px 2px;margin:15px 0px 0px 0px;\">\n\t<\/div>\n\n\t\t<\/div>\n\n\t\t\n\n\t\t<div class=\"section-content relative\">\n\t\t\t\n<h3>Andere Informationen<\/h3>\n<p>Material: 82% Nylon, 18% Elastan<\/p>\n<div class=\"row\"  id=\"row-1884550793\">\n\n\t<div id=\"col-1947324382\" class=\"col medium-2 small-12 large-2\"  >\n\t\t\t\t<div class=\"col-inner text-center\"  >\n\t\t\t\n\t\t\t\n\t<div class=\"img has-hover x md-x lg-x y md-y lg-y\" id=\"image_5119631\">\n\t\t\t\t\t\t\t\t<div class=\"img-inner dark\" >\n\t\t\t<img decoding=\"async\" width=\"101\" height=\"102\" src=\"https:\/\/wimoov.shop\/wp-content\/uploads\/2024\/07\/Element_7_3x_9bf62288-c4bf-40ad-a974-2595d26c3af4_480x480.webp\" class=\"attachment-large size-large\" alt=\"\" srcset=\"https:\/\/wimoov.shop\/wp-content\/uploads\/2024\/07\/Element_7_3x_9bf62288-c4bf-40ad-a974-2595d26c3af4_480x480.webp 101w, https:\/\/wimoov.shop\/wp-content\/uploads\/2024\/07\/Element_7_3x_9bf62288-c4bf-40ad-a974-2595d26c3af4_480x480-100x100.webp 100w\" sizes=\"(max-width: 101px) 100vw, 101px\" title=\"\">\t\t\t\t\t\t\n\t\t\t\t\t<\/div>\n\t\t\t\t\t\t\t\t\n<style>\n#image_5119631 {\n  width: 50%;\n}\n<\/style>\n\t<\/div>\n\t\n\t\t<\/div>\n\t\t\t\t\t<\/div>\n\n\t\n\n\t<div id=\"col-1360204844\" class=\"col medium-8 small-12 large-8\"  >\n\t\t\t\t<div class=\"col-inner\"  >\n\t\t\t\n\t\t\t\n<p>Wasche mit \u00e4hnlichen Farben.<\/p>\n\t\t<\/div>\n\t\t\t\t\t<\/div>\n\n\t\n<\/div>\n<div class=\"row\"  id=\"row-1397374395\">\n\n\t<div id=\"col-820517812\" class=\"col medium-2 small-12 large-2\"  >\n\t\t\t\t<div class=\"col-inner text-center\"  >\n\t\t\t\n\t\t\t\n\t<div class=\"img has-hover x md-x lg-x y md-y lg-y\" id=\"image_460530929\">\n\t\t\t\t\t\t\t\t<div class=\"img-inner dark\" >\n\t\t\t<img decoding=\"async\" width=\"125\" height=\"101\" src=\"https:\/\/wimoov.shop\/wp-content\/uploads\/2024\/07\/Element_3_3x_b69754d9-fe8f-4b8c-b721-cbdf585b8e26_480x480.webp\" class=\"attachment-large size-large\" alt=\"\" title=\"\">\t\t\t\t\t\t\n\t\t\t\t\t<\/div>\n\t\t\t\t\t\t\t\t\n<style>\n#image_460530929 {\n  width: 50%;\n}\n<\/style>\n\t<\/div>\n\t\n\t\t<\/div>\n\t\t\t\t\t<\/div>\n\n\t\n\n\t<div id=\"col-130493462\" class=\"col medium-8 small-12 large-8\"  >\n\t\t\t\t<div class=\"col-inner\"  >\n\t\t\t\n\t\t\t\n<p>Bei niedriger Temperatur waschen.<\/p>\n\t\t<\/div>\n\t\t\t\t\t<\/div>\n\n\t\n<\/div>\n<div class=\"row\"  id=\"row-718840768\">\n\n\t<div id=\"col-1944247070\" class=\"col medium-2 small-12 large-2\"  >\n\t\t\t\t<div class=\"col-inner text-center\"  >\n\t\t\t\n\t\t\t\n\t<div class=\"img has-hover x md-x lg-x y md-y lg-y\" id=\"image_489352206\">\n\t\t\t\t\t\t\t\t<div class=\"img-inner dark\" >\n\t\t\t<img decoding=\"async\" width=\"118\" height=\"97\" src=\"https:\/\/wimoov.shop\/wp-content\/uploads\/2024\/07\/Element_6_3x_d0afe3d1-8fd6-4c99-bbba-60c181452619_480x480.webp\" class=\"attachment-large size-large\" alt=\"\" title=\"\">\t\t\t\t\t\t\n\t\t\t\t\t<\/div>\n\t\t\t\t\t\t\t\t\n<style>\n#image_489352206 {\n  width: 50%;\n}\n<\/style>\n\t<\/div>\n\t\n\t\t<\/div>\n\t\t\t\t\t<\/div>\n\n\t\n\n\t<div id=\"col-66942704\" class=\"col medium-8 small-12 large-8\"  >\n\t\t\t\t<div class=\"col-inner\"  >\n\t\t\t\n\t\t\t\n<p>Nicht bleichen.<\/p>\n\t\t<\/div>\n\t\t\t\t\t<\/div>\n\n\t\n<\/div>\n<div class=\"row\"  id=\"row-361953761\">\n\n\t<div id=\"col-2091203307\" class=\"col medium-2 small-12 large-2\"  >\n\t\t\t\t<div class=\"col-inner text-center\"  >\n\t\t\t\n\t\t\t\n\t<div class=\"img has-hover x md-x lg-x y md-y lg-y\" id=\"image_1610447085\">\n\t\t\t\t\t\t\t\t<div class=\"img-inner dark\" >\n\t\t\t<img decoding=\"async\" width=\"102\" height=\"102\" src=\"https:\/\/wimoov.shop\/wp-content\/uploads\/2024\/07\/Element_1_3x_42d05a94-875a-4f8a-80b0-4594940701fc_480x480.webp\" class=\"attachment-large size-large\" alt=\"\" srcset=\"https:\/\/wimoov.shop\/wp-content\/uploads\/2024\/07\/Element_1_3x_42d05a94-875a-4f8a-80b0-4594940701fc_480x480.webp 102w, https:\/\/wimoov.shop\/wp-content\/uploads\/2024\/07\/Element_1_3x_42d05a94-875a-4f8a-80b0-4594940701fc_480x480-100x100.webp 100w\" sizes=\"(max-width: 102px) 100vw, 102px\" title=\"\">\t\t\t\t\t\t\n\t\t\t\t\t<\/div>\n\t\t\t\t\t\t\t\t\n<style>\n#image_1610447085 {\n  width: 50%;\n}\n<\/style>\n\t<\/div>\n\t\n\t\t<\/div>\n\t\t\t\t\t<\/div>\n\n\t\n\n\t<div id=\"col-1631307603\" class=\"col medium-8 small-12 large-8\"  >\n\t\t\t\t<div class=\"col-inner\"  >\n\t\t\t\n\t\t\t\n<p>Bei niedrigen Temperaturen maschinentrockenbar.<\/p>\n\t\t<\/div>\n\t\t\t\t\t<\/div>\n\n\t\n<\/div>\n<div class=\"row\"  id=\"row-378888871\">\n\n\t<div id=\"col-1829473346\" class=\"col medium-2 small-12 large-2\"  >\n\t\t\t\t<div class=\"col-inner text-center\"  >\n\t\t\t\n\t\t\t\n\t<div class=\"img has-hover x md-x lg-x y md-y lg-y\" id=\"image_427152216\">\n\t\t\t\t\t\t\t\t<div class=\"img-inner dark\" >\n\t\t\t<img decoding=\"async\" width=\"135\" height=\"99\" src=\"https:\/\/wimoov.shop\/wp-content\/uploads\/2024\/07\/Element_5_3x_2f4f701f-fcff-475e-a62b-4974b5ac7ec0_480x480.webp\" class=\"attachment-large size-large\" alt=\"\" title=\"\">\t\t\t\t\t\t\n\t\t\t\t\t<\/div>\n\t\t\t\t\t\t\t\t\n<style>\n#image_427152216 {\n  width: 50%;\n}\n<\/style>\n\t<\/div>\n\t\n\t\t<\/div>\n\t\t\t\t\t<\/div>\n\n\t\n\n\t<div id=\"col-1861492855\" class=\"col medium-8 small-12 large-8\"  >\n\t\t\t\t<div class=\"col-inner\"  >\n\t\t\t\n\t\t\t\n<p>Nicht b\u00fcgeln.<\/p>\n\t\t<\/div>\n\t\t\t\t\t<\/div>\n\n\t\n<\/div>\n<div class=\"row\"  id=\"row-860392376\">\n\n\t<div id=\"col-1469431634\" class=\"col medium-2 small-12 large-2\"  >\n\t\t\t\t<div class=\"col-inner text-center\"  >\n\t\t\t\n\t\t\t\n\t<div class=\"img has-hover x md-x lg-x y md-y lg-y\" id=\"image_1592379207\">\n\t\t\t\t\t\t\t\t<div class=\"img-inner dark\" >\n\t\t\t<img decoding=\"async\" width=\"118\" height=\"103\" src=\"https:\/\/wimoov.shop\/wp-content\/uploads\/2024\/07\/Element_4_3x_0eeb74eb-78dc-4d89-99f5-b19fb9211c47_480x480.webp\" class=\"attachment-large size-large\" alt=\"\" title=\"\">\t\t\t\t\t\t\n\t\t\t\t\t<\/div>\n\t\t\t\t\t\t\t\t\n<style>\n#image_1592379207 {\n  width: 50%;\n}\n<\/style>\n\t<\/div>\n\t\n\t\t<\/div>\n\t\t\t\t\t<\/div>\n\n\t\n\n\t<div id=\"col-1412723505\" class=\"col medium-8 small-12 large-8\"  >\n\t\t\t\t<div class=\"col-inner\"  >\n\t\t\t\n\t\t\t\n<p>Nicht chemisch reinigbar.<\/p>\n\t\t<\/div>\n\t\t\t\t\t<\/div>\n\n\t\n<\/div>\n\t\t<\/div>\n\n\t\t\n<style>\n#section_1217246408 {\n  padding-top: 30px;\n  padding-bottom: 30px;\n}\n<\/style>\n\t<\/section>\n\t\n\n\t<section class=\"section\" id=\"section_1408388971\">\n\t\t<div class=\"section-bg fill\" >\n\t\t\t\t\t\t\t\t\t\n\t\t\t\n\t<div class=\"is-border\"\n\t\tstyle=\"border-color:rgb(0, 0, 0);border-radius:20px;border-width:2px 2px 2px 2px;margin:15px 0px 0px 0px;\">\n\t<\/div>\n\n\t\t<\/div>\n\n\t\t\n\n\t\t<div class=\"section-content relative\">\n\t\t\t\n<h3>Gr\u00f6\u00dfentabelle<\/h3>\n<p>Die Gr\u00f6\u00dfen in der Gr\u00f6\u00dfentabelle sind EU-Gr\u00f6\u00dfen. Verwende die Tabelle unten, um die perfekte Gr\u00f6\u00dfe zu finden. <\/p>\n<p>Die Sportbekleidung wird in etwas kleineren Gr\u00f6\u00dfen produziert. Wenn du zwischen zwei Gr\u00f6\u00dfen liegst, bestelle die gr\u00f6\u00dfere Gr\u00f6\u00dfe.<\/p>\n\t<div class=\"img has-hover x md-x lg-x y md-y lg-y\" id=\"image_918391646\">\n\t\t\t\t\t\t\t\t<div class=\"img-inner dark\" >\n\t\t\t<img decoding=\"async\" width=\"1929\" height=\"1313\" src=\"https:\/\/wimoov.shop\/wp-content\/uploads\/2024\/07\/Stryve-Merettablazat.webp\" class=\"attachment-original size-original\" alt=\"\" srcset=\"https:\/\/wimoov.shop\/wp-content\/uploads\/2024\/07\/Stryve-Merettablazat.webp 1929w, https:\/\/wimoov.shop\/wp-content\/uploads\/2024\/07\/Stryve-Merettablazat-300x204.webp 300w, https:\/\/wimoov.shop\/wp-content\/uploads\/2024\/07\/Stryve-Merettablazat-1024x697.webp 1024w, https:\/\/wimoov.shop\/wp-content\/uploads\/2024\/07\/Stryve-Merettablazat-768x523.webp 768w, https:\/\/wimoov.shop\/wp-content\/uploads\/2024\/07\/Stryve-Merettablazat-1536x1045.webp 1536w, https:\/\/wimoov.shop\/wp-content\/uploads\/2024\/07\/Stryve-Merettablazat-1000x681.webp 1000w\" sizes=\"(max-width: 1929px) 100vw, 1929px\" title=\"\">\t\t\t\t\t\t\n\t\t\t\t\t<\/div>\n\t\t\t\t\t\t\t\t\n<style>\n#image_918391646 {\n  width: 100%;\n}\n<\/style>\n\t<\/div>\n\t\n\t\t<\/div>\n\n\t\t\n<style>\n#section_1408388971 {\n  padding-top: 30px;\n  padding-bottom: 30px;\n}\n<\/style>\n\t<\/section>\n\t\n","protected":false},"excerpt":{"rendered":"<ul>\n<li>Minimalistisches Design f\u00fcr einen stilvollen Look<\/li>\n<li>Lockerer Schnitt f\u00fcr maximale Bewegungsfreiheit<\/li>\n<li>Hochwertige Stoffzusammensetzung f\u00fcr hohe Atmungsaktivit\u00e4t und schnelles Trocknen<\/li>\n<\/ul>\n","protected":false},"featured_media":3124,"comment_status":"open","ping_status":"closed","template":"","meta":{"bwfblock_default_font":""},"product_brand":[264],"product_cat":[161,141,120,140,155],"product_tag":[],"class_list":{"0":"post-3914","1":"product","2":"type-product","3":"status-publish","4":"has-post-thumbnail","6":"product_brand-stryve","7":"product_cat-kleidung","8":"product_cat-laufen","9":"product_cat-stryve","10":"product_cat-workout-de","11":"product_cat-yoga-und-mobilisierung","12":"pa_marka-stryve","13":"pa_meret-extra-gros-xl","14":"pa_meret-gros-l","15":"pa_meret-klein-s","16":"pa_meret-mittel-m","17":"pa_nem-damen","18":"pa_szin-schwarz","20":"first","21":"instock","22":"taxable","23":"shipping-taxable","24":"purchasable","25":"product-type-variable"},"_links":{"self":[{"href":"https:\/\/wimoov.shop\/de\/wp-json\/wp\/v2\/product\/3914","targetHints":{"allow":["GET"]}}],"collection":[{"href":"https:\/\/wimoov.shop\/de\/wp-json\/wp\/v2\/product"}],"about":[{"href":"https:\/\/wimoov.shop\/de\/wp-json\/wp\/v2\/types\/product"}],"replies":[{"embeddable":true,"href":"https:\/\/wimoov.shop\/de\/wp-json\/wp\/v2\/comments?post=3914"}],"wp:featuredmedia":[{"embeddable":true,"href":"https:\/\/wimoov.shop\/de\/wp-json\/wp\/v2\/media\/3124"}],"wp:attachment":[{"href":"https:\/\/wimoov.shop\/de\/wp-json\/wp\/v2\/media?parent=3914"}],"wp:term":[{"taxonomy":"product_brand","embeddable":true,"href":"https:\/\/wimoov.shop\/de\/wp-json\/wp\/v2\/product_brand?post=3914"},{"taxonomy":"product_cat","embeddable":true,"href":"https:\/\/wimoov.shop\/de\/wp-json\/wp\/v2\/product_cat?post=3914"},{"taxonomy":"product_tag","embeddable":true,"href":"https:\/\/wimoov.shop\/de\/wp-json\/wp\/v2\/product_tag?post=3914"}],"curies":[{"name":"wp","href":"https:\/\/api.w.org\/{rel}","templated":true}]}}