{"id":3900,"date":"2024-07-03T19:56:36","date_gmt":"2024-07-03T17:56:36","guid":{"rendered":"https:\/\/wimoov.shop\/stryve-trigger-tool\/"},"modified":"2025-04-26T15:17:46","modified_gmt":"2025-04-26T13:17:46","slug":"stryve-trigger-tool","status":"publish","type":"product","link":"https:\/\/wimoov.shop\/de\/stryve-trigger-tool\/","title":{"rendered":"STRYVE Trigger Tool"},"content":{"rendered":"\n\t<section class=\"section\" id=\"section_754991392\">\n\t\t<div class=\"section-bg fill\" >\n\t\t\t\t\t\t\t\t\t\n\t\t\t\n\t<div class=\"is-border\"\n\t\tstyle=\"border-color:rgb(0, 0, 0);border-radius:20px;border-width:2px 2px 2px 2px;\">\n\t<\/div>\n\n\t\t<\/div>\n\n\t\t\n\n\t\t<div class=\"section-content relative\">\n\t\t\t\n<h2>Das ideale Massageger\u00e4t f\u00fcr die Selbstbehandlung.<\/h2>\n<p class=\"whitespace-pre-wrap break-words\">Warum hebt sich STRYVE von anderen Triggerpunkt-Management-Tools ab?<\/p>\n<p class=\"whitespace-pre-wrap break-words\">Pr\u00e4zision: zielt perfekt auf verspannte Muskelknoten Effizienz: schnellere Erholung und Schmerzlinderung Vielseitigkeit: f\u00fcr die meisten K\u00f6rperteile geeignet<\/p>\n\t<div class=\"img has-hover x md-x lg-x y md-y lg-y\" id=\"image_2088838108\">\n\t\t\t\t\t\t\t\t<div class=\"img-inner dark\" style=\"margin:0px 0px 15px 0px;\">\n\t\t\t<img decoding=\"async\" width=\"473\" height=\"480\" src=\"https:\/\/wimoov.shop\/wp-content\/uploads\/2024\/07\/Trigger_Tool_480x480.webp\" class=\"attachment-original size-original\" alt=\"\" srcset=\"https:\/\/wimoov.shop\/wp-content\/uploads\/2024\/07\/Trigger_Tool_480x480.webp 473w, https:\/\/wimoov.shop\/wp-content\/uploads\/2024\/07\/Trigger_Tool_480x480-296x300.webp 296w, https:\/\/wimoov.shop\/wp-content\/uploads\/2024\/07\/Trigger_Tool_480x480-100x100.webp 100w\" sizes=\"(max-width: 473px) 100vw, 473px\" title=\"\">\t\t\t\t\t\t\n\t\t\t\t\t<\/div>\n\t\t\t\t\t\t\t\t\n<style>\n#image_2088838108 {\n  width: 48%;\n}\n<\/style>\n\t<\/div>\n\t\n<div class=\"row\"  id=\"row-46953276\">\n\n\t<div id=\"col-1071677327\" class=\"col medium-6 small-12 large-6\"  >\n\t\t\t\t<div class=\"col-inner\"  >\n\t\t\t\n\t\t\t\n\t<div class=\"img has-hover x md-x lg-x y md-y lg-y\" id=\"image_183947187\">\n\t\t\t\t\t\t\t\t<div class=\"img-inner dark\" >\n\t\t\t<img decoding=\"async\" width=\"301\" height=\"301\" src=\"https:\/\/wimoov.shop\/wp-content\/uploads\/2024\/07\/Zeichenflaeche_1_15_480x480.avif\" class=\"attachment-original size-original\" alt=\"\" srcset=\"https:\/\/wimoov.shop\/wp-content\/uploads\/2024\/07\/Zeichenflaeche_1_15_480x480.avif 301w, https:\/\/wimoov.shop\/wp-content\/uploads\/2024\/07\/Zeichenflaeche_1_15_480x480-150x150.avif 150w, https:\/\/wimoov.shop\/wp-content\/uploads\/2024\/07\/Zeichenflaeche_1_15_480x480-100x100.avif 100w\" sizes=\"(max-width: 301px) 100vw, 301px\" title=\"\">\t\t\t\t\t\t\n\t\t\t\t\t<\/div>\n\t\t\t\t\t\t\t\t\n<style>\n#image_183947187 {\n  width: 100%;\n}\n<\/style>\n\t<\/div>\n\t\n\t\t<\/div>\n\t\t\t\t\t<\/div>\n\n\t\n\n\t<div id=\"col-1495333395\" class=\"col medium-6 small-12 large-6\"  >\n\t\t\t\t<div class=\"col-inner\"  >\n\t\t\t\n\t\t\t\n<h3>Mehr Optionen<\/h3>\n<p>Dank des Saugnapfes sind auch schwer zug\u00e4ngliche K\u00f6rperteile leicht zu handhaben.<\/p>\n\t\t<\/div>\n\t\t\t\t\t<\/div>\n\n\t\n<\/div>\n<div class=\"row\"  id=\"row-510221194\">\n\n\t<div id=\"col-1944976958\" class=\"col medium-6 small-12 large-6\"  >\n\t\t\t\t<div class=\"col-inner\"  >\n\t\t\t\n\t\t\t\n\t<div class=\"img has-hover x md-x lg-x y md-y lg-y\" id=\"image_1813129965\">\n\t\t\t\t\t\t\t\t<div class=\"img-inner dark\" >\n\t\t\t<img decoding=\"async\" width=\"301\" height=\"301\" src=\"https:\/\/wimoov.shop\/wp-content\/uploads\/2024\/07\/Zeichenflaeche_1_17_480x480.avif\" class=\"attachment-original size-original\" alt=\"\" srcset=\"https:\/\/wimoov.shop\/wp-content\/uploads\/2024\/07\/Zeichenflaeche_1_17_480x480.avif 301w, https:\/\/wimoov.shop\/wp-content\/uploads\/2024\/07\/Zeichenflaeche_1_17_480x480-150x150.avif 150w, https:\/\/wimoov.shop\/wp-content\/uploads\/2024\/07\/Zeichenflaeche_1_17_480x480-100x100.avif 100w\" sizes=\"(max-width: 301px) 100vw, 301px\" title=\"\">\t\t\t\t\t\t\n\t\t\t\t\t<\/div>\n\t\t\t\t\t\t\t\t\n<style>\n#image_1813129965 {\n  width: 100%;\n}\n<\/style>\n\t<\/div>\n\t\n\t\t<\/div>\n\t\t\t\t\t<\/div>\n\n\t\n\n\t<div id=\"col-1110554314\" class=\"col medium-6 small-12 large-6\"  >\n\t\t\t\t<div class=\"col-inner\"  >\n\t\t\t\n\t\t\t\n<h3>Magnetisches Zubeh\u00f6r<\/h3>\n<p>Leicht austauschbare Elemente f\u00fcr noch vielf\u00e4ltigere Behandlungen.<\/p>\n\t\t<\/div>\n\t\t\t\t\t<\/div>\n\n\t\n<\/div>\n<div class=\"row\"  id=\"row-168672335\">\n\n\t<div id=\"col-485426978\" class=\"col medium-6 small-12 large-6\"  >\n\t\t\t\t<div class=\"col-inner\"  >\n\t\t\t\n\t\t\t\n\t<div class=\"img has-hover x md-x lg-x y md-y lg-y\" id=\"image_313811945\">\n\t\t\t\t\t\t\t\t<div class=\"img-inner dark\" >\n\t\t\t<img decoding=\"async\" width=\"301\" height=\"301\" src=\"https:\/\/wimoov.shop\/wp-content\/uploads\/2024\/07\/Zeichenflaeche_1_16_480x480.avif\" class=\"attachment-original size-original\" alt=\"\" srcset=\"https:\/\/wimoov.shop\/wp-content\/uploads\/2024\/07\/Zeichenflaeche_1_16_480x480.avif 301w, https:\/\/wimoov.shop\/wp-content\/uploads\/2024\/07\/Zeichenflaeche_1_16_480x480-150x150.avif 150w, https:\/\/wimoov.shop\/wp-content\/uploads\/2024\/07\/Zeichenflaeche_1_16_480x480-100x100.avif 100w\" sizes=\"(max-width: 301px) 100vw, 301px\" title=\"\">\t\t\t\t\t\t\n\t\t\t\t\t<\/div>\n\t\t\t\t\t\t\t\t\n<style>\n#image_313811945 {\n  width: 100%;\n}\n<\/style>\n\t<\/div>\n\t\n\t\t<\/div>\n\t\t\t\t\t<\/div>\n\n\t\n\n\t<div id=\"col-443939692\" class=\"col medium-6 small-12 large-6\"  >\n\t\t\t\t<div class=\"col-inner\"  >\n\t\t\t\n\t\t\t\n<h3>F\u00fcr den individuellen Gebrauch<\/h3>\n<p>Entweder an der Wand, auf dem Boden oder komplett frei rollend ohne Unterlage.<\/p>\n\t\t<\/div>\n\t\t\t\t\t<\/div>\n\n\t\n<\/div>\n<div class=\"row\"  id=\"row-223115462\">\n\n\t<div id=\"col-1155389885\" class=\"col medium-6 small-12 large-6\"  >\n\t\t\t\t<div class=\"col-inner\"  >\n\t\t\t\n\t\t\t\n\t<div class=\"img has-hover x md-x lg-x y md-y lg-y\" id=\"image_1175681179\">\n\t\t\t\t\t\t\t\t<div class=\"img-inner dark\" >\n\t\t\t<img decoding=\"async\" width=\"301\" height=\"301\" src=\"https:\/\/wimoov.shop\/wp-content\/uploads\/2024\/07\/Zeichenflaeche_1_18_480x480.avif\" class=\"attachment-original size-original\" alt=\"\" srcset=\"https:\/\/wimoov.shop\/wp-content\/uploads\/2024\/07\/Zeichenflaeche_1_18_480x480.avif 301w, https:\/\/wimoov.shop\/wp-content\/uploads\/2024\/07\/Zeichenflaeche_1_18_480x480-150x150.avif 150w, https:\/\/wimoov.shop\/wp-content\/uploads\/2024\/07\/Zeichenflaeche_1_18_480x480-100x100.avif 100w\" sizes=\"(max-width: 301px) 100vw, 301px\" title=\"\">\t\t\t\t\t\t\n\t\t\t\t\t<\/div>\n\t\t\t\t\t\t\t\t\n<style>\n#image_1175681179 {\n  width: 100%;\n}\n<\/style>\n\t<\/div>\n\t\n\t\t<\/div>\n\t\t\t\t\t<\/div>\n\n\t\n\n\t<div id=\"col-1640685452\" class=\"col medium-6 small-12 large-6\"  >\n\t\t\t\t<div class=\"col-inner\"  >\n\t\t\t\n\t\t\t\n<h3>Genau<\/h3>\n<p>Zum gezielten L\u00f6sen von Triggerpunkten und zur Behandlung von Muskelverspannungen.<\/p>\n\t\t<\/div>\n\t\t\t\t\t<\/div>\n\n\t\n<\/div>\n\t\t<\/div>\n\n\t\t\n<style>\n#section_754991392 {\n  padding-top: 30px;\n  padding-bottom: 30px;\n}\n<\/style>\n\t<\/section>\n\t\n\n\t<section class=\"section\" id=\"section_2135231063\">\n\t\t<div class=\"section-bg fill\" >\n\t\t\t\t\t\t\t\t\t\n\t\t\t\n\t<div class=\"is-border\"\n\t\tstyle=\"border-color:rgb(0, 0, 0);border-radius:20px;border-width:2px 2px 2px 2px;margin:15px 0px 0px 0px;\">\n\t<\/div>\n\n\t\t<\/div>\n\n\t\t\n\n\t\t<div class=\"section-content relative\">\n\t\t\t\n<h3>Andere Informationen<\/h3>\n<p><strong>Material:<\/strong> ABS, Silikon, Stahl<\/p>\n<p><strong>Gr\u00f6\u00dfe:<\/strong> Der Durchmesser des Saugnapfes betr\u00e4gt 9 cm.<\/p>\n<p><strong>In der Verpackung:<\/strong> Das Produkt enth\u00e4lt eine Brosch\u00fcre mit Anweisungen f\u00fcr den gezielten Einsatz.<\/p>\n\t<div class=\"img has-hover x md-x lg-x y md-y lg-y\" id=\"image_643406914\">\n\t\t\t\t\t\t\t\t<div class=\"img-inner dark\" >\n\t\t\t<img decoding=\"async\" width=\"480\" height=\"364\" src=\"https:\/\/wimoov.shop\/wp-content\/uploads\/2024\/07\/Bildschirmfoto_2022-05-13_um_08.31.37_480x480.webp\" class=\"attachment-original size-original\" alt=\"\" srcset=\"https:\/\/wimoov.shop\/wp-content\/uploads\/2024\/07\/Bildschirmfoto_2022-05-13_um_08.31.37_480x480.webp 480w, https:\/\/wimoov.shop\/wp-content\/uploads\/2024\/07\/Bildschirmfoto_2022-05-13_um_08.31.37_480x480-300x228.webp 300w\" sizes=\"(max-width: 480px) 100vw, 480px\" title=\"\">\t\t\t\t\t\t\n\t\t\t\t\t<\/div>\n\t\t\t\t\t\t\t\t\n<style>\n#image_643406914 {\n  width: 73%;\n}\n<\/style>\n\t<\/div>\n\t\n\t\t<\/div>\n\n\t\t\n<style>\n#section_2135231063 {\n  padding-top: 30px;\n  padding-bottom: 30px;\n}\n<\/style>\n\t<\/section>\n\t\n","protected":false},"excerpt":{"rendered":"<ul>\n<li>Saugnapf erm\u00f6glicht Selbstmassage an schwer zug\u00e4nglichen Stellen<\/li>\n<li>Magnetische Elemente f\u00fcr vielseitige und personalisierte Anwendungen<\/li>\n<li>Punktuelle Behandlung von Triggerpunkten und Verspannungen<\/li>\n<\/ul>\n","protected":false},"featured_media":3094,"comment_status":"open","ping_status":"closed","template":"","meta":{"bwfblock_default_font":""},"product_brand":[],"product_cat":[123,183,120],"product_tag":[],"class_list":{"0":"post-3900","1":"product","2":"type-product","3":"status-publish","4":"has-post-thumbnail","6":"product_cat-entspannung-regeneration","7":"product_cat-mobilitatsgerate","8":"product_cat-stryve","9":"pa_marka-stryve","11":"first","12":"instock","13":"sale","14":"taxable","15":"shipping-taxable","16":"purchasable","17":"product-type-simple"},"_links":{"self":[{"href":"https:\/\/wimoov.shop\/de\/wp-json\/wp\/v2\/product\/3900","targetHints":{"allow":["GET"]}}],"collection":[{"href":"https:\/\/wimoov.shop\/de\/wp-json\/wp\/v2\/product"}],"about":[{"href":"https:\/\/wimoov.shop\/de\/wp-json\/wp\/v2\/types\/product"}],"replies":[{"embeddable":true,"href":"https:\/\/wimoov.shop\/de\/wp-json\/wp\/v2\/comments?post=3900"}],"wp:featuredmedia":[{"embeddable":true,"href":"https:\/\/wimoov.shop\/de\/wp-json\/wp\/v2\/media\/3094"}],"wp:attachment":[{"href":"https:\/\/wimoov.shop\/de\/wp-json\/wp\/v2\/media?parent=3900"}],"wp:term":[{"taxonomy":"product_brand","embeddable":true,"href":"https:\/\/wimoov.shop\/de\/wp-json\/wp\/v2\/product_brand?post=3900"},{"taxonomy":"product_cat","embeddable":true,"href":"https:\/\/wimoov.shop\/de\/wp-json\/wp\/v2\/product_cat?post=3900"},{"taxonomy":"product_tag","embeddable":true,"href":"https:\/\/wimoov.shop\/de\/wp-json\/wp\/v2\/product_tag?post=3900"}],"curies":[{"name":"wp","href":"https:\/\/api.w.org\/{rel}","templated":true}]}}