{"id":3884,"date":"2024-07-03T19:56:41","date_gmt":"2024-07-03T17:56:41","guid":{"rendered":"https:\/\/wimoov.shop\/stryve-perfromance-turnbeutel\/"},"modified":"2026-03-28T15:06:12","modified_gmt":"2026-03-28T13:06:12","slug":"stryve-perfromance-turnbeutel","status":"publish","type":"product","link":"https:\/\/wimoov.shop\/de\/stryve-perfromance-turnbeutel\/","title":{"rendered":"STRYVE Performance Turnbeutel"},"content":{"rendered":"\n\t<section class=\"section\" id=\"section_1022368165\">\n\t\t<div class=\"section-bg fill\" >\n\t\t\t\t\t\t\t\t\t\n\t\t\t\n\t<div class=\"is-border\"\n\t\tstyle=\"border-color:rgb(0, 0, 0);border-radius:20px;border-width:2px 2px 2px 2px;\">\n\t<\/div>\n\n\t\t<\/div>\n\n\t\t\n\n\t\t<div class=\"section-content relative\">\n\t\t\t\n<h2>Eine funktionale Sporttasche mit einem durchdachten Design, hergestellt aus recycelten Materialien.<\/h2>\n<p>Eine funktionale Sporttasche, die dank ihres durchdachten Designs und der recycelten Materialien eine umweltbewusste Wahl ist.<\/p>\n<p>Die STRYVE Performance Training Bag ist sowohl praktisch als auch \u00e4sthetisch ansprechend und bietet gleichzeitig eine Reihe von zus\u00e4tzlichen Funktionen. Ein automatisch einziehbarer Schultergurt, transparente F\u00e4cher und ein Feuchtigkeitsfach sorgen daf\u00fcr, dass du deine getragene und saubere Kleidung ganz einfach getrennt halten kannst.<\/p>\n<div class=\"row\"  id=\"row-486625954\">\n\n\t<div id=\"col-964452065\" class=\"col medium-6 small-12 large-6\"  >\n\t\t\t\t<div class=\"col-inner\"  >\n\t\t\t\n\t\t\t\n\t<div class=\"img has-hover x md-x lg-x y md-y lg-y\" id=\"image_788940377\">\n\t\t\t\t\t\t\t\t<div class=\"img-inner dark\" >\n\t\t\t<img decoding=\"async\" width=\"400\" height=\"400\" src=\"https:\/\/wimoov.shop\/wp-content\/uploads\/2024\/07\/230726-STRYVE-Performance-Sportsbag-Icons-Shop-Gurt_480x480.webp\" class=\"attachment-original size-original\" alt=\"\" srcset=\"https:\/\/wimoov.shop\/wp-content\/uploads\/2024\/07\/230726-STRYVE-Performance-Sportsbag-Icons-Shop-Gurt_480x480.webp 400w, https:\/\/wimoov.shop\/wp-content\/uploads\/2024\/07\/230726-STRYVE-Performance-Sportsbag-Icons-Shop-Gurt_480x480-300x300.webp 300w, https:\/\/wimoov.shop\/wp-content\/uploads\/2024\/07\/230726-STRYVE-Performance-Sportsbag-Icons-Shop-Gurt_480x480-150x150.webp 150w, https:\/\/wimoov.shop\/wp-content\/uploads\/2024\/07\/230726-STRYVE-Performance-Sportsbag-Icons-Shop-Gurt_480x480-100x100.webp 100w\" sizes=\"(max-width: 400px) 100vw, 400px\" title=\"\">\t\t\t\t\t\t\n\t\t\t\t\t<\/div>\n\t\t\t\t\t\t\t\t\n<style>\n#image_788940377 {\n  width: 100%;\n}\n<\/style>\n\t<\/div>\n\t\n\t\t<\/div>\n\t\t\t\t\t<\/div>\n\n\t\n\n\t<div id=\"col-918731776\" class=\"col medium-6 small-12 large-6\"  >\n\t\t\t\t<div class=\"col-inner\"  >\n\t\t\t\n\t\t\t\n<h3>Wertsch\u00f6pfende Funktionen<\/h3>\n<p>Dank ihres Designs, bei dem Funktionalit\u00e4t an erster Stelle steht, ist diese Sporttasche perfekt f\u00fcr den Alltag geeignet. Clevere Features wie der sichere, automatisch einziehende Schultergurt mit Magnetbefestigung bieten optimalen Halt f\u00fcr deinen Alltag.<\/p>\n\t\t<\/div>\n\t\t\t\t\t<\/div>\n\n\t\n<\/div>\n<div class=\"row\"  id=\"row-185778946\">\n\n\t<div id=\"col-2064011906\" class=\"col medium-6 small-12 large-6\"  >\n\t\t\t\t<div class=\"col-inner\"  >\n\t\t\t\n\t\t\t\n\t<div class=\"img has-hover x md-x lg-x y md-y lg-y\" id=\"image_570984174\">\n\t\t\t\t\t\t\t\t<div class=\"img-inner dark\" >\n\t\t\t<img decoding=\"async\" width=\"400\" height=\"400\" src=\"https:\/\/wimoov.shop\/wp-content\/uploads\/2024\/07\/230726-STRYVE-Performance-Sportsbag-Icons-Shop-Nassfach_480x480.webp\" class=\"attachment-original size-original\" alt=\"\" srcset=\"https:\/\/wimoov.shop\/wp-content\/uploads\/2024\/07\/230726-STRYVE-Performance-Sportsbag-Icons-Shop-Nassfach_480x480.webp 400w, https:\/\/wimoov.shop\/wp-content\/uploads\/2024\/07\/230726-STRYVE-Performance-Sportsbag-Icons-Shop-Nassfach_480x480-300x300.webp 300w, https:\/\/wimoov.shop\/wp-content\/uploads\/2024\/07\/230726-STRYVE-Performance-Sportsbag-Icons-Shop-Nassfach_480x480-150x150.webp 150w, https:\/\/wimoov.shop\/wp-content\/uploads\/2024\/07\/230726-STRYVE-Performance-Sportsbag-Icons-Shop-Nassfach_480x480-100x100.webp 100w\" sizes=\"(max-width: 400px) 100vw, 400px\" title=\"\">\t\t\t\t\t\t\n\t\t\t\t\t<\/div>\n\t\t\t\t\t\t\t\t\n<style>\n#image_570984174 {\n  width: 100%;\n}\n<\/style>\n\t<\/div>\n\t\n\t\t<\/div>\n\t\t\t\t\t<\/div>\n\n\t\n\n\t<div id=\"col-1597145292\" class=\"col medium-6 small-12 large-6\"  >\n\t\t\t\t<div class=\"col-inner\"  >\n\t\t\t\n\t\t\t\n<h3>Sauber vs. schmutzig<\/h3>\n<p>Nach dem Sport saubere, trockene Kleidung tragen und schmutzige Kleidung getrennt aufbewahren? Deinen Badeanzug nach dem Strandbesuch weglegen? Bislang waren diese Dinge eher l\u00e4stig. Dank der maximalen Gr\u00f6\u00dfe seines atmungsaktiven, feuchtigkeitsspeichernden Fachs ist der Performance Training Bag endlich die perfekte L\u00f6sung.<\/p>\n\t\t<\/div>\n\t\t\t\t\t<\/div>\n\n\t\n<\/div>\n<div class=\"row\"  id=\"row-1328565699\">\n\n\t<div id=\"col-136668338\" class=\"col medium-6 small-12 large-6\"  >\n\t\t\t\t<div class=\"col-inner\"  >\n\t\t\t\n\t\t\t\n\t<div class=\"img has-hover x md-x lg-x y md-y lg-y\" id=\"image_670203269\">\n\t\t\t\t\t\t\t\t<div class=\"img-inner dark\" >\n\t\t\t<img decoding=\"async\" width=\"400\" height=\"400\" src=\"https:\/\/wimoov.shop\/wp-content\/uploads\/2024\/07\/230726-STRYVE-Performance-Sportsbag-Icons-Shop-Recycling_480x480.webp\" class=\"attachment-original size-original\" alt=\"\" srcset=\"https:\/\/wimoov.shop\/wp-content\/uploads\/2024\/07\/230726-STRYVE-Performance-Sportsbag-Icons-Shop-Recycling_480x480.webp 400w, https:\/\/wimoov.shop\/wp-content\/uploads\/2024\/07\/230726-STRYVE-Performance-Sportsbag-Icons-Shop-Recycling_480x480-300x300.webp 300w, https:\/\/wimoov.shop\/wp-content\/uploads\/2024\/07\/230726-STRYVE-Performance-Sportsbag-Icons-Shop-Recycling_480x480-150x150.webp 150w, https:\/\/wimoov.shop\/wp-content\/uploads\/2024\/07\/230726-STRYVE-Performance-Sportsbag-Icons-Shop-Recycling_480x480-100x100.webp 100w\" sizes=\"(max-width: 400px) 100vw, 400px\" title=\"\">\t\t\t\t\t\t\n\t\t\t\t\t<\/div>\n\t\t\t\t\t\t\t\t\n<style>\n#image_670203269 {\n  width: 100%;\n}\n<\/style>\n\t<\/div>\n\t\n\t\t<\/div>\n\t\t\t\t\t<\/div>\n\n\t\n\n\t<div id=\"col-1779677452\" class=\"col medium-6 small-12 large-6\"  >\n\t\t\t\t<div class=\"col-inner\"  >\n\t\t\t\n\t\t\t\n<h3>hergestellt aus 70% recycelten Materialien<\/h3>\n<p>Ausgew\u00e4hlte recycelte Materialien sorgen f\u00fcr ein modernes, nachhaltiges Produkt. Wir legen besonderen Wert auf Materialien, die nicht nur nachhaltig sind, sondern auch eine h\u00f6here Funktionalit\u00e4t als neue Materialien bieten.<\/p>\n\t\t<\/div>\n\t\t\t\t\t<\/div>\n\n\t\n<\/div>\n\t\t<\/div>\n\n\t\t\n<style>\n#section_1022368165 {\n  padding-top: 30px;\n  padding-bottom: 30px;\n}\n<\/style>\n\t<\/section>\n\t\n","protected":false},"excerpt":{"rendered":"<ul>\n<li>Automatischer Schultergurt f\u00fcr bequemes Tragen.<\/li>\n<li>Klare Aufteilung f\u00fcr optimale Ordnung.<\/li>\n<li>Gro\u00dfes wasserdichtes Fach f\u00fcr nasse oder schmutzige Kleidung.<\/li>\n<\/ul>\n","protected":false},"featured_media":3034,"comment_status":"open","ping_status":"closed","template":"","meta":{"bwfblock_default_font":""},"product_brand":[],"product_cat":[161,141,120,140,155],"product_tag":[],"class_list":{"0":"post-3884","1":"product","2":"type-product","3":"status-publish","4":"has-post-thumbnail","6":"product_cat-kleidung","7":"product_cat-laufen","8":"product_cat-stryve","9":"product_cat-workout-de","10":"product_cat-yoga-und-mobilisierung","11":"pa_marka-stryve","13":"first","14":"instock","15":"sale","16":"taxable","17":"shipping-taxable","18":"purchasable","19":"product-type-simple"},"_links":{"self":[{"href":"https:\/\/wimoov.shop\/de\/wp-json\/wp\/v2\/product\/3884","targetHints":{"allow":["GET"]}}],"collection":[{"href":"https:\/\/wimoov.shop\/de\/wp-json\/wp\/v2\/product"}],"about":[{"href":"https:\/\/wimoov.shop\/de\/wp-json\/wp\/v2\/types\/product"}],"replies":[{"embeddable":true,"href":"https:\/\/wimoov.shop\/de\/wp-json\/wp\/v2\/comments?post=3884"}],"wp:featuredmedia":[{"embeddable":true,"href":"https:\/\/wimoov.shop\/de\/wp-json\/wp\/v2\/media\/3034"}],"wp:attachment":[{"href":"https:\/\/wimoov.shop\/de\/wp-json\/wp\/v2\/media?parent=3884"}],"wp:term":[{"taxonomy":"product_brand","embeddable":true,"href":"https:\/\/wimoov.shop\/de\/wp-json\/wp\/v2\/product_brand?post=3884"},{"taxonomy":"product_cat","embeddable":true,"href":"https:\/\/wimoov.shop\/de\/wp-json\/wp\/v2\/product_cat?post=3884"},{"taxonomy":"product_tag","embeddable":true,"href":"https:\/\/wimoov.shop\/de\/wp-json\/wp\/v2\/product_tag?post=3884"}],"curies":[{"name":"wp","href":"https:\/\/api.w.org\/{rel}","templated":true}]}}