{"id":3881,"date":"2024-07-03T19:56:41","date_gmt":"2024-07-03T17:56:41","guid":{"rendered":"https:\/\/wimoov.shop\/stryve-trigger-spot\/"},"modified":"2025-05-13T09:52:42","modified_gmt":"2025-05-13T07:52:42","slug":"stryve-trigger-spot","status":"publish","type":"product","link":"https:\/\/wimoov.shop\/de\/stryve-trigger-spot\/","title":{"rendered":"STRYVE Trigger Spot"},"content":{"rendered":"\n\t<section class=\"section\" id=\"section_1523414832\">\n\t\t<div class=\"section-bg fill\" >\n\t\t\t\t\t\t\t\t\t\n\t\t\t\n\t<div class=\"is-border\"\n\t\tstyle=\"border-color:rgb(0, 0, 0);border-radius:20px;border-width:2px 2px 2px 2px;\">\n\t<\/div>\n\n\t\t<\/div>\n\n\t\t\n\n\t\t<div class=\"section-content relative\">\n\t\t\t\n<h3>Triggerpunkt-Massageger\u00e4t f\u00fcr optimale Pr\u00e4zision<\/h3>\n<h4>In Zusammenarbeit mit onpoint\u00ae haben wir ein Faszienbehandlungsger\u00e4t entwickelt, das eine pr\u00e4zise Behandlung von Triggerpunkten erm\u00f6glicht. Das Trigger Spot Ger\u00e4t l\u00f6st gezielt die Spannung in den Faszien und l\u00f6st Verspannungen. Dank der Saugnapfbefestigung k\u00f6nnen auch schwer zug\u00e4ngliche Punkte leicht behandelt werden, egal ob an einer Wand, einer T\u00fcr oder auf dem Boden.  <\/h4>\n<div class=\"row\"  id=\"row-766093563\">\n\n\t<div id=\"col-1980659392\" class=\"col medium-6 small-12 large-6\"  >\n\t\t\t\t<div class=\"col-inner\"  >\n\t\t\t\n\t\t\t\n\t<div class=\"img has-hover x md-x lg-x y md-y lg-y\" id=\"image_1586405393\">\n\t\t\t\t\t\t\t\t<div class=\"img-inner dark\" >\n\t\t\t<img decoding=\"async\" width=\"301\" height=\"301\" src=\"https:\/\/wimoov.shop\/wp-content\/uploads\/2024\/07\/Zeichenflaeche_1_11_480x480.avif\" class=\"attachment-original size-original\" alt=\"\" srcset=\"https:\/\/wimoov.shop\/wp-content\/uploads\/2024\/07\/Zeichenflaeche_1_11_480x480.avif 301w, https:\/\/wimoov.shop\/wp-content\/uploads\/2024\/07\/Zeichenflaeche_1_11_480x480-150x150.avif 150w, https:\/\/wimoov.shop\/wp-content\/uploads\/2024\/07\/Zeichenflaeche_1_11_480x480-100x100.avif 100w\" sizes=\"(max-width: 301px) 100vw, 301px\" title=\"\">\t\t\t\t\t\t\n\t\t\t\t\t<\/div>\n\t\t\t\t\t\t\t\t\n<style>\n#image_1586405393 {\n  width: 100%;\n}\n<\/style>\n\t<\/div>\n\t\n\t\t<\/div>\n\t\t\t\t\t<\/div>\n\n\t\n\n\t<div id=\"col-1700068427\" class=\"col medium-6 small-12 large-6\"  >\n\t\t\t\t<div class=\"col-inner\"  >\n\t\t\t\n\t\t\t\n<h3>Selbstmassage<\/h3>\n<p>Der Saugnapf macht es einfacher, schwer zug\u00e4ngliche K\u00f6rperstellen zu erreichen.<\/p>\n\t\t<\/div>\n\t\t\t\t\t<\/div>\n\n\t\n<\/div>\n<div class=\"row\"  id=\"row-175530975\">\n\n\t<div id=\"col-662067799\" class=\"col medium-6 small-12 large-6\"  >\n\t\t\t\t<div class=\"col-inner\"  >\n\t\t\t\n\t\t\t\n\t<div class=\"img has-hover x md-x lg-x y md-y lg-y\" id=\"image_1317181262\">\n\t\t\t\t\t\t\t\t<div class=\"img-inner dark\" >\n\t\t\t<img decoding=\"async\" width=\"301\" height=\"301\" src=\"https:\/\/wimoov.shop\/wp-content\/uploads\/2024\/07\/Zeichenflaeche_1_12_480x480.avif\" class=\"attachment-original size-original\" alt=\"\" srcset=\"https:\/\/wimoov.shop\/wp-content\/uploads\/2024\/07\/Zeichenflaeche_1_12_480x480.avif 301w, https:\/\/wimoov.shop\/wp-content\/uploads\/2024\/07\/Zeichenflaeche_1_12_480x480-150x150.avif 150w, https:\/\/wimoov.shop\/wp-content\/uploads\/2024\/07\/Zeichenflaeche_1_12_480x480-100x100.avif 100w\" sizes=\"(max-width: 301px) 100vw, 301px\" title=\"\">\t\t\t\t\t\t\n\t\t\t\t\t<\/div>\n\t\t\t\t\t\t\t\t\n<style>\n#image_1317181262 {\n  width: 100%;\n}\n<\/style>\n\t<\/div>\n\t\n\t\t<\/div>\n\t\t\t\t\t<\/div>\n\n\t\n\n\t<div id=\"col-204192660\" class=\"col medium-6 small-12 large-6\"  >\n\t\t\t\t<div class=\"col-inner\"  >\n\t\t\t\n\t\t\t\n<h3>Vielseitig einsetzbar<\/h3>\n<p>Ob an der Wand, auf dem Boden oder einfach in deiner Hand.<\/p>\n\t\t<\/div>\n\t\t\t\t\t<\/div>\n\n\t\n<\/div>\n<div class=\"row\"  id=\"row-1254195386\">\n\n\t<div id=\"col-775146614\" class=\"col medium-6 small-12 large-6\"  >\n\t\t\t\t<div class=\"col-inner\"  >\n\t\t\t\n\t\t\t\n\t<div class=\"img has-hover x md-x lg-x y md-y lg-y\" id=\"image_751043288\">\n\t\t\t\t\t\t\t\t<div class=\"img-inner dark\" >\n\t\t\t<img decoding=\"async\" width=\"301\" height=\"301\" src=\"https:\/\/wimoov.shop\/wp-content\/uploads\/2024\/07\/Zeichenflaeche_1_13_480x480.avif\" class=\"attachment-original size-original\" alt=\"\" srcset=\"https:\/\/wimoov.shop\/wp-content\/uploads\/2024\/07\/Zeichenflaeche_1_13_480x480.avif 301w, https:\/\/wimoov.shop\/wp-content\/uploads\/2024\/07\/Zeichenflaeche_1_13_480x480-150x150.avif 150w, https:\/\/wimoov.shop\/wp-content\/uploads\/2024\/07\/Zeichenflaeche_1_13_480x480-100x100.avif 100w\" sizes=\"(max-width: 301px) 100vw, 301px\" title=\"\">\t\t\t\t\t\t\n\t\t\t\t\t<\/div>\n\t\t\t\t\t\t\t\t\n<style>\n#image_751043288 {\n  width: 100%;\n}\n<\/style>\n\t<\/div>\n\t\n\t\t<\/div>\n\t\t\t\t\t<\/div>\n\n\t\n\n\t<div id=\"col-1276588944\" class=\"col medium-6 small-12 large-6\"  >\n\t\t\t\t<div class=\"col-inner\"  >\n\t\t\t\n\t\t\t\n<h3>Hochwertige Materialien<\/h3>\n<p>F\u00fcr ein lang anhaltendes Produkt.<\/p>\n\t\t<\/div>\n\t\t\t\t\t<\/div>\n\n\t\n<\/div>\n<div class=\"row\"  id=\"row-1481604349\">\n\n\t<div id=\"col-1818443615\" class=\"col medium-6 small-12 large-6\"  >\n\t\t\t\t<div class=\"col-inner\"  >\n\t\t\t\n\t\t\t\n\t<div class=\"img has-hover x md-x lg-x y md-y lg-y\" id=\"image_818627836\">\n\t\t\t\t\t\t\t\t<div class=\"img-inner dark\" >\n\t\t\t<img decoding=\"async\" width=\"301\" height=\"301\" src=\"https:\/\/wimoov.shop\/wp-content\/uploads\/2024\/07\/Zeichenflaeche_1_14_480x480.avif\" class=\"attachment-original size-original\" alt=\"\" srcset=\"https:\/\/wimoov.shop\/wp-content\/uploads\/2024\/07\/Zeichenflaeche_1_14_480x480.avif 301w, https:\/\/wimoov.shop\/wp-content\/uploads\/2024\/07\/Zeichenflaeche_1_14_480x480-150x150.avif 150w, https:\/\/wimoov.shop\/wp-content\/uploads\/2024\/07\/Zeichenflaeche_1_14_480x480-100x100.avif 100w\" sizes=\"(max-width: 301px) 100vw, 301px\" title=\"\">\t\t\t\t\t\t\n\t\t\t\t\t<\/div>\n\t\t\t\t\t\t\t\t\n<style>\n#image_818627836 {\n  width: 100%;\n}\n<\/style>\n\t<\/div>\n\t\n\t\t<\/div>\n\t\t\t\t\t<\/div>\n\n\t\n\n\t<div id=\"col-1448635608\" class=\"col medium-6 small-12 large-6\"  >\n\t\t\t\t<div class=\"col-inner\"  >\n\t\t\t\n\t\t\t\n<h3>Behandlung mit einer Spot-Behandlung<\/h3>\n<p>Gezieltes L\u00f6sen von Triggerpunkten und Verspannungen.<\/p>\n\t\t<\/div>\n\t\t\t\t\t<\/div>\n\n\t\n<\/div>\n\t\t<\/div>\n\n\t\t\n<style>\n#section_1523414832 {\n  padding-top: 30px;\n  padding-bottom: 30px;\n}\n<\/style>\n\t<\/section>\n\t\n\n\t<section class=\"section\" id=\"section_1133576348\">\n\t\t<div class=\"section-bg fill\" >\n\t\t\t\t\t\t\t\t\t\n\t\t\t\n\t<div class=\"is-border\"\n\t\tstyle=\"border-color:rgb(0, 0, 0);border-radius:20px;border-width:2px 2px 2px 2px;margin:15px 0px 0px 0px;\">\n\t<\/div>\n\n\t\t<\/div>\n\n\t\t\n\n\t\t<div class=\"section-content relative\">\n\t\t\t\n<h3>Andere Informationen<\/h3>\n<p>Zum Produkt geh\u00f6rt ein Heft mit \u00dcbungsanleitungen f\u00fcr den gezielten Einsatz.<\/p>\n<p>Der Durchmesser des Produkts betr\u00e4gt 9,1 cm.<\/p>\n\t<div class=\"img has-hover x md-x lg-x y md-y lg-y\" id=\"image_304249481\">\n\t\t\t\t\t\t\t\t<div class=\"img-inner dark\" >\n\t\t\t<img decoding=\"async\" width=\"480\" height=\"443\" src=\"https:\/\/wimoov.shop\/wp-content\/uploads\/2024\/07\/Bildschirmfoto_2022-06-07_um_17.26.11_480x480.webp\" class=\"attachment-original size-original\" alt=\"\" srcset=\"https:\/\/wimoov.shop\/wp-content\/uploads\/2024\/07\/Bildschirmfoto_2022-06-07_um_17.26.11_480x480.webp 480w, https:\/\/wimoov.shop\/wp-content\/uploads\/2024\/07\/Bildschirmfoto_2022-06-07_um_17.26.11_480x480-300x277.webp 300w\" sizes=\"(max-width: 480px) 100vw, 480px\" title=\"\">\t\t\t\t\t\t\n\t\t\t\t\t<\/div>\n\t\t\t\t\t\t\t\t\n<style>\n#image_304249481 {\n  width: 100%;\n}\n<\/style>\n\t<\/div>\n\t\n\t\t<\/div>\n\n\t\t\n<style>\n#section_1133576348 {\n  padding-top: 30px;\n  padding-bottom: 30px;\n}\n<\/style>\n\t<\/section>\n\t\n","protected":false},"excerpt":{"rendered":"<ul>\n<li>Ergonomisches Design f\u00fcr einfache Bedienung<\/li>\n<li>Pr\u00e4zise Triggerpunktmassage zur Schmerzlinderung<\/li>\n<li>Kompakt und tragbar f\u00fcr unterwegs<\/li>\n<\/ul>\n","protected":false},"featured_media":2872,"comment_status":"open","ping_status":"closed","template":"","meta":{"bwfblock_default_font":""},"product_brand":[],"product_cat":[123,183,120,155],"product_tag":[],"class_list":{"0":"post-3881","1":"product","2":"type-product","3":"status-publish","4":"has-post-thumbnail","6":"product_cat-entspannung-regeneration","7":"product_cat-mobilitatsgerate","8":"product_cat-stryve","9":"product_cat-yoga-und-mobilisierung","10":"pa_marka-stryve","12":"first","13":"instock","14":"sale","15":"taxable","16":"shipping-taxable","17":"purchasable","18":"product-type-simple"},"_links":{"self":[{"href":"https:\/\/wimoov.shop\/de\/wp-json\/wp\/v2\/product\/3881","targetHints":{"allow":["GET"]}}],"collection":[{"href":"https:\/\/wimoov.shop\/de\/wp-json\/wp\/v2\/product"}],"about":[{"href":"https:\/\/wimoov.shop\/de\/wp-json\/wp\/v2\/types\/product"}],"replies":[{"embeddable":true,"href":"https:\/\/wimoov.shop\/de\/wp-json\/wp\/v2\/comments?post=3881"}],"wp:featuredmedia":[{"embeddable":true,"href":"https:\/\/wimoov.shop\/de\/wp-json\/wp\/v2\/media\/2872"}],"wp:attachment":[{"href":"https:\/\/wimoov.shop\/de\/wp-json\/wp\/v2\/media?parent=3881"}],"wp:term":[{"taxonomy":"product_brand","embeddable":true,"href":"https:\/\/wimoov.shop\/de\/wp-json\/wp\/v2\/product_brand?post=3881"},{"taxonomy":"product_cat","embeddable":true,"href":"https:\/\/wimoov.shop\/de\/wp-json\/wp\/v2\/product_cat?post=3881"},{"taxonomy":"product_tag","embeddable":true,"href":"https:\/\/wimoov.shop\/de\/wp-json\/wp\/v2\/product_tag?post=3881"}],"curies":[{"name":"wp","href":"https:\/\/api.w.org\/{rel}","templated":true}]}}