{"id":3845,"date":"2024-07-08T18:16:11","date_gmt":"2024-07-08T16:16:11","guid":{"rendered":"https:\/\/wimoov.shop\/stryve-active-ball-mit-segeltuch-ueberzogener-fitnessball\/"},"modified":"2026-03-28T15:10:35","modified_gmt":"2026-03-28T13:10:35","slug":"stryve-active-ball-mit-segeltuch-ueberzogener-fitnessball","status":"publish","type":"product","link":"https:\/\/wimoov.shop\/de\/stryve-active-ball-mit-segeltuch-ueberzogener-fitnessball\/","title":{"rendered":"STRYVE Active Ball | Mit Segeltuch \u00fcberzogener Fitnessball"},"content":{"rendered":"\n\t<section class=\"section\" id=\"section_1892669048\">\n\t\t<div class=\"section-bg fill\" >\n\t\t\t\t\t\t\t\t\t\n\t\t\t\n\t<div class=\"is-border\"\n\t\tstyle=\"border-color:rgb(0, 0, 0);border-radius:20px;border-width:2px 2px 2px 2px;\">\n\t<\/div>\n\n\t\t<\/div>\n\n\t\t\n\n\t\t<div class=\"section-content relative\">\n\t\t\t\n<h2>Aktives Training auf dem STRYVE Fitnessball. Sowohl \u00e4sthetisch als auch funktional. <\/h2>\n<h4>Der STRYVE Active Ball ist nicht nur stylisch, sondern auch extrem praktisch.<\/h4>\n<h4>Dieser Trainingsball hat viele innovative Eigenschaften, die ihn wirklich besonders machen. Er ist die perfekte Wahl anstelle eines B\u00fcrostuhls oder f\u00fcr eine Vielzahl von \u00dcbungen, sei es f\u00fcr R\u00fccken- und Bauchmuskeltraining oder sogar f\u00fcr \u00dcbungen w\u00e4hrend der Schwangerschaft. <\/h4>\n<div class=\"row\"  id=\"row-1169638258\">\n\n\t<div id=\"col-374602218\" class=\"col medium-6 small-12 large-6\"  >\n\t\t\t\t<div class=\"col-inner\"  >\n\t\t\t\n\t\t\t\n\t<div class=\"img has-hover x md-x lg-x y md-y lg-y\" id=\"image_866901021\">\n\t\t\t\t\t\t\t\t<div class=\"img-inner dark\" >\n\t\t\t<img decoding=\"async\" width=\"920\" height=\"613\" src=\"https:\/\/wimoov.shop\/wp-content\/uploads\/2024\/07\/STRYVE-Shop-2K18-Content-Ball-Features-01_HU.gif\" class=\"attachment-original size-original\" alt=\"\" title=\"\">\t\t\t\t\t\t\n\t\t\t\t\t<\/div>\n\t\t\t\t\t\t\t\t\n<style>\n#image_866901021 {\n  width: 100%;\n}\n<\/style>\n\t<\/div>\n\t\n\t\t<\/div>\n\t\t\t\t\t<\/div>\n\n\t\n\n\t<div id=\"col-158236158\" class=\"col medium-6 small-12 large-6\"  >\n\t\t\t\t<div class=\"col-inner\"  >\n\t\t\t\n\t\t\t\n<h3>Selbstbalancierend<\/h3>\n<p>Dank der eingebauten Gewichtselemente balanciert sich der Active Ball automatisch aus. Der Ball rollt nicht au\u00dfer Kontrolle und bleibt dort, wo du ihn haben willst. Du brauchst also keinen Ballhalter.<\/p>\n\t\t<\/div>\n\t\t\t\t\t<\/div>\n\n\t\n<\/div>\n<div class=\"row\"  id=\"row-291337337\">\n\n\t<div id=\"col-1747831336\" class=\"col medium-6 small-12 large-6\"  >\n\t\t\t\t<div class=\"col-inner\"  >\n\t\t\t\n\t\t\t\n\t<div class=\"img has-hover x md-x lg-x y md-y lg-y\" id=\"image_1355577132\">\n\t\t\t\t\t\t\t\t<div class=\"img-inner dark\" >\n\t\t\t<img decoding=\"async\" width=\"920\" height=\"613\" src=\"https:\/\/wimoov.shop\/wp-content\/uploads\/2024\/07\/STRYVE-Shop-2K18-Content-Ball-Features-02_HU.gif\" class=\"attachment-original size-original\" alt=\"\" title=\"\">\t\t\t\t\t\t\n\t\t\t\t\t<\/div>\n\t\t\t\t\t\t\t\t\n<style>\n#image_1355577132 {\n  width: 100%;\n}\n<\/style>\n\t<\/div>\n\t\n\t\t<\/div>\n\t\t\t\t\t<\/div>\n\n\t\n\n\t<div id=\"col-308017411\" class=\"col medium-6 small-12 large-6\"  >\n\t\t\t\t<div class=\"col-inner\"  >\n\t\t\t\n\t\t\t\n<h3>Funktionsetikett<\/h3>\n<p>Wir haben sogar an die Details gedacht: Dank des rutschfesten Etiketts l\u00e4sst sich der STRYVE Active Ball leicht anheben, transportieren und verwalten.<\/p>\n\t\t<\/div>\n\t\t\t\t\t<\/div>\n\n\t\n<\/div>\n<div class=\"row\"  id=\"row-1328289011\">\n\n\t<div id=\"col-229006908\" class=\"col medium-6 small-12 large-6\"  >\n\t\t\t\t<div class=\"col-inner\"  >\n\t\t\t\n\t\t\t\n\t<div class=\"img has-hover x md-x lg-x y md-y lg-y\" id=\"image_408345293\">\n\t\t\t\t\t\t\t\t<div class=\"img-inner dark\" >\n\t\t\t<img decoding=\"async\" width=\"920\" height=\"613\" src=\"https:\/\/wimoov.shop\/wp-content\/uploads\/2024\/07\/STRYVE-Shop-2K18-Content-Ball-Features-04_HU.gif\" class=\"attachment-original size-original\" alt=\"\" title=\"\">\t\t\t\t\t\t\n\t\t\t\t\t<\/div>\n\t\t\t\t\t\t\t\t\n<style>\n#image_408345293 {\n  width: 100%;\n}\n<\/style>\n\t<\/div>\n\t\n\t\t<\/div>\n\t\t\t\t\t<\/div>\n\n\t\n\n\t<div id=\"col-227675695\" class=\"col medium-6 small-12 large-6\"  >\n\t\t\t\t<div class=\"col-inner\"  >\n\t\t\t\n\t\t\t\n<h3>Ergonomische Sitzposition<\/h3>\n<p>Dank seiner Form h\u00e4lt dich der Active Ball in st\u00e4ndiger Bewegung und hilft dir, ges\u00fcnder zu sitzen. Der Ball ist die perfekte Alternative zu einem B\u00fcrostuhl. Die ergonomische Sitzposition bietet au\u00dferdem eine optimale Unterst\u00fctzung f\u00fcr den Beckenboden und hilft, R\u00fcckenschmerzen vorzubeugen. Der Ball eignet sich f\u00fcr K\u00f6rpergewichtstraining, Mobilisations\u00fcbungen wie R\u00fccken-, Ges\u00e4\u00df- und Bauchmuskel\u00fcbungen.<\/p>\n\t\t<\/div>\n\t\t\t\t\t<\/div>\n\n\t\n<\/div>\n<div class=\"row\"  id=\"row-400701979\">\n\n\t<div id=\"col-775086461\" class=\"col medium-6 small-12 large-6\"  >\n\t\t\t\t<div class=\"col-inner\"  >\n\t\t\t\n\t\t\t\n\t<div class=\"img has-hover x md-x lg-x y md-y lg-y\" id=\"image_728014773\">\n\t\t\t\t\t\t\t\t<div class=\"img-inner dark\" >\n\t\t\t<img decoding=\"async\" width=\"920\" height=\"613\" src=\"https:\/\/wimoov.shop\/wp-content\/uploads\/2024\/07\/STRYVE-Shop-2K18-Content-Ball-Features-03_HU.gif\" class=\"attachment-original size-original\" alt=\"\" title=\"\">\t\t\t\t\t\t\n\t\t\t\t\t<\/div>\n\t\t\t\t\t\t\t\t\n<style>\n#image_728014773 {\n  width: 100%;\n}\n<\/style>\n\t<\/div>\n\t\n\t\t<\/div>\n\t\t\t\t\t<\/div>\n\n\t\n\n\t<div id=\"col-1797944425\" class=\"col medium-6 small-12 large-6\"  >\n\t\t\t\t<div class=\"col-inner\"  >\n\t\t\t\n\t\t\t\n<h3>Abgestaubte Oberfl\u00e4che<\/h3>\n<p>Der Kunstlederbezug h\u00e4lt den Ball staubfrei und deine Kleidung sauber.<\/p>\n\t\t<\/div>\n\t\t\t\t\t<\/div>\n\n\t\n<\/div>\n<div class=\"row\"  id=\"row-2119091296\">\n\n\t<div id=\"col-1311732026\" class=\"col medium-6 small-12 large-6\"  >\n\t\t\t\t<div class=\"col-inner\"  >\n\t\t\t\n\t\t\t\n\t<div class=\"img has-hover x md-x lg-x y md-y lg-y\" id=\"image_1370623474\">\n\t\t\t\t\t\t\t\t<div class=\"img-inner dark\" >\n\t\t\t<img decoding=\"async\" width=\"920\" height=\"613\" src=\"https:\/\/wimoov.shop\/wp-content\/uploads\/2024\/07\/STRYVE-Shop-2K18-Content-Ball-Features-05_HU.gif\" class=\"attachment-large size-large\" alt=\"\" title=\"\">\t\t\t\t\t\t\n\t\t\t\t\t<\/div>\n\t\t\t\t\t\t\t\t\n<style>\n#image_1370623474 {\n  width: 100%;\n}\n<\/style>\n\t<\/div>\n\t\n\t\t<\/div>\n\t\t\t\t\t<\/div>\n\n\t\n\n\t<div id=\"col-893763601\" class=\"col medium-6 small-12 large-6\"  >\n\t\t\t\t<div class=\"col-inner\"  >\n\t\t\t\n\t\t\t\n<h3>Preisgekr\u00f6ntes Design<\/h3>\n<p>Dank seines minimalistischen Designs und der Qualit\u00e4tswirkung, die er auf den ersten Blick ausstrahlt, harmoniert der Ball mit einer Vielzahl von Inneneinrichtungen. Der STRYVE Active Ball mit Kunstlederbezug ist in vier Farben erh\u00e4ltlich (braun, blau, grau und schwarz).<\/p>\n\t\t<\/div>\n\t\t\t\t\t<\/div>\n\n\t\n<\/div>\n<div class=\"row\"  id=\"row-372846786\">\n\n\t<div id=\"col-1304866740\" class=\"col medium-6 small-12 large-6\"  >\n\t\t\t\t<div class=\"col-inner\"  >\n\t\t\t\n\t\t\t\n\t<div class=\"img has-hover x md-x lg-x y md-y lg-y\" id=\"image_352349697\">\n\t\t\t\t\t\t\t\t<div class=\"img-inner dark\" >\n\t\t\t<img decoding=\"async\" width=\"920\" height=\"613\" src=\"https:\/\/wimoov.shop\/wp-content\/uploads\/2024\/07\/STRYVE-Shop-2K18-Content-Ball-Features-06_HU.gif\" class=\"attachment-large size-large\" alt=\"\" title=\"\">\t\t\t\t\t\t\n\t\t\t\t\t<\/div>\n\t\t\t\t\t\t\t\t\n<style>\n#image_352349697 {\n  width: 100%;\n}\n<\/style>\n\t<\/div>\n\t\n\t\t<\/div>\n\t\t\t\t\t<\/div>\n\n\t\n\n\t<div id=\"col-1631527366\" class=\"col medium-6 small-12 large-6\"  >\n\t\t\t\t<div class=\"col-inner\"  >\n\t\t\t\n\t\t\t\n<h3>Hochwertige Materialien<\/h3>\n<p>Der STRYVE Active Ball bietet dir einen pr\u00e4zise verarbeiteten Kunstlederbezug in vier verschiedenen Farben, der sich leicht abnehmen und reinigen l\u00e4sst.<\/p>\n\t\t<\/div>\n\t\t\t\t\t<\/div>\n\n\t\n<\/div>\n\t\t<\/div>\n\n\t\t\n<style>\n#section_1892669048 {\n  padding-top: 30px;\n  padding-bottom: 30px;\n}\n<\/style>\n\t<\/section>\n\t\n\n\t<section class=\"section\" id=\"section_1792539312\">\n\t\t<div class=\"section-bg fill\" >\n\t\t\t\t\t\t\t\t\t\n\t\t\t\n\t<div class=\"is-border\"\n\t\tstyle=\"border-color:rgb(0, 0, 0);border-radius:20px;border-width:2px 2px 2px 2px;margin:15px 0px 0px 0px;\">\n\t<\/div>\n\n\t\t<\/div>\n\n\t\t\n\n\t\t<div class=\"section-content relative\">\n\t\t\t\n<h3>Andere Informationen:<\/h3>\n<h3>Verwendung von Materialien:<\/h3>\n<div><strong>\u00c4u\u00dfere Oberfl\u00e4che<\/strong>: 60% Polyester, 40% Baumwolle<\/div>\n<div><strong>Innenkugel:<\/strong> 100% PVC (explosionsgesch\u00fctzt)<\/div>\n<div><strong>Gewicht<\/strong>: 100% Naturkautschuk<\/div>\n<div><\/div>\n<div><strong>mit REACH-Zertifikat<\/strong><\/div>\n<div><strong>Abriebfestigkeitstest \u00fcber 102 400 Zyklen<\/strong><\/div>\n<div><\/div>\n<h3>Hohes Ma\u00df an Sicherheit<\/h3>\n<div>Dank seiner Material- und Fertigungstechnologie kann der Active Ball schweren Lasten (bis zu 250 kg) standhalten und ist daher sicherer und langlebiger als ein durchschnittlicher Pilates-\/Fitnessball. Der Ball l\u00e4sst sich mit der mitgelieferten Pumpe leicht auf die optimale Gr\u00f6\u00dfe aufpumpen. <\/div>\n<div><\/div>\n<h3>Informationen zum Paket<\/h3>\n<div>Das Paket enth\u00e4lt die Au\u00dfenh\u00fclle deiner Wahl, einen Innenball und eine Handpumpe zum einfachen Aufpumpen des Balls, einen Pumpenadapter und einen Ventilstopfen.<\/div>\n<div><\/div>\n<div>\n<h3>Informationen zur Gr\u00f6\u00dfe<\/h3>\n<\/div>\n\t<div class=\"img has-hover x md-x lg-x y md-y lg-y\" id=\"image_761988520\">\n\t\t\t\t\t\t\t\t<div class=\"img-inner dark\" >\n\t\t\t<img decoding=\"async\" width=\"1024\" height=\"682\" src=\"https:\/\/wimoov.shop\/wp-content\/uploads\/2024\/07\/Merettablazat_1024x1024.webp\" class=\"attachment-original size-original\" alt=\"\" srcset=\"https:\/\/wimoov.shop\/wp-content\/uploads\/2024\/07\/Merettablazat_1024x1024.webp 1024w, https:\/\/wimoov.shop\/wp-content\/uploads\/2024\/07\/Merettablazat_1024x1024-300x200.webp 300w, https:\/\/wimoov.shop\/wp-content\/uploads\/2024\/07\/Merettablazat_1024x1024-768x512.webp 768w, https:\/\/wimoov.shop\/wp-content\/uploads\/2024\/07\/Merettablazat_1024x1024-1000x666.webp 1000w\" sizes=\"(max-width: 1024px) 100vw, 1024px\" title=\"\">\t\t\t\t\t\t\n\t\t\t\t\t<\/div>\n\t\t\t\t\t\t\t\t\n<style>\n#image_761988520 {\n  width: 100%;\n}\n<\/style>\n\t<\/div>\n\t\n\t\t<\/div>\n\n\t\t\n<style>\n#section_1792539312 {\n  padding-top: 30px;\n  padding-bottom: 30px;\n}\n<\/style>\n\t<\/section>\n\t\n\n\t<section class=\"section\" id=\"section_1883390209\">\n\t\t<div class=\"section-bg fill\" >\n\t\t\t\t\t\t\t\t\t\n\t\t\t\n\n\t\t<\/div>\n\n\t\t\n\n\t\t<div class=\"section-content relative\">\n\t\t\t\n\t\t<\/div>\n\n\t\t\n<style>\n#section_1883390209 {\n  padding-top: 30px;\n  padding-bottom: 30px;\n}\n<\/style>\n\t<\/section>\n\t\n","protected":false},"excerpt":{"rendered":"<p>Ergonomischer, stilvoll gestalteter, leicht selbstbalancierender Fitnessball f\u00fcr aktives Sitzen und ein stilvolles Workout. Mit einer hochwertigen Canvas-Oberfl\u00e4che f\u00fcr eine angenehme Haptik und zur Dekoration deines Zuhauses oder Fitnessstudios. <\/p>\n","protected":false},"featured_media":3624,"comment_status":"open","ping_status":"closed","template":"","meta":{"bwfblock_default_font":""},"product_brand":[],"product_cat":[169,120,140,155],"product_tag":[],"class_list":{"0":"post-3845","1":"product","2":"type-product","3":"status-publish","4":"has-post-thumbnail","6":"product_cat-fitnessballe","7":"product_cat-stryve","8":"product_cat-workout-de","9":"product_cat-yoga-und-mobilisierung","10":"pa_marka-stryve","11":"pa_szin-lose-grau","13":"first","14":"instock","15":"sale","16":"featured","17":"taxable","18":"shipping-taxable","19":"purchasable","20":"product-type-variable"},"_links":{"self":[{"href":"https:\/\/wimoov.shop\/de\/wp-json\/wp\/v2\/product\/3845","targetHints":{"allow":["GET"]}}],"collection":[{"href":"https:\/\/wimoov.shop\/de\/wp-json\/wp\/v2\/product"}],"about":[{"href":"https:\/\/wimoov.shop\/de\/wp-json\/wp\/v2\/types\/product"}],"replies":[{"embeddable":true,"href":"https:\/\/wimoov.shop\/de\/wp-json\/wp\/v2\/comments?post=3845"}],"wp:featuredmedia":[{"embeddable":true,"href":"https:\/\/wimoov.shop\/de\/wp-json\/wp\/v2\/media\/3624"}],"wp:attachment":[{"href":"https:\/\/wimoov.shop\/de\/wp-json\/wp\/v2\/media?parent=3845"}],"wp:term":[{"taxonomy":"product_brand","embeddable":true,"href":"https:\/\/wimoov.shop\/de\/wp-json\/wp\/v2\/product_brand?post=3845"},{"taxonomy":"product_cat","embeddable":true,"href":"https:\/\/wimoov.shop\/de\/wp-json\/wp\/v2\/product_cat?post=3845"},{"taxonomy":"product_tag","embeddable":true,"href":"https:\/\/wimoov.shop\/de\/wp-json\/wp\/v2\/product_tag?post=3845"}],"curies":[{"name":"wp","href":"https:\/\/api.w.org\/{rel}","templated":true}]}}