{"id":3807,"date":"2024-07-12T14:05:57","date_gmt":"2024-07-12T12:05:57","guid":{"rendered":"https:\/\/wimoov.shop\/stryve-prime-basic-training-shirt-maenner\/"},"modified":"2025-04-26T12:49:32","modified_gmt":"2025-04-26T10:49:32","slug":"stryve-prime-basic-training-shirt-maenner","status":"publish","type":"product","link":"https:\/\/wimoov.shop\/de\/stryve-prime-basic-training-shirt-maenner\/","title":{"rendered":"STRYVE Prime | Basic Training Shirt | M\u00e4nner"},"content":{"rendered":"\n\t<section class=\"section\" id=\"section_905772306\">\n\t\t<div class=\"section-bg fill\" >\n\t\t\t\t\t\t\t\t\t\n\t\t\t\n\t<div class=\"is-border\"\n\t\tstyle=\"border-color:rgb(0, 0, 0);border-radius:20px;border-width:2px 2px 2px 2px;\">\n\t<\/div>\n\n\t\t<\/div>\n\n\t\t\n\n\t\t<div class=\"section-content relative\">\n\t\t\t\n<h2>Eng anliegendes, weiches Sport-T-Shirt f\u00fcr maximalen Komfort und Bewegungsfreiheit.<\/h2>\n<p class=\"whitespace-pre-wrap break-words\">Wir haben das Trainingsshirt neu \u00fcberdacht:<\/p>\n<p class=\"whitespace-pre-wrap break-words\">Innovatives Material f\u00fcr maximale Leistung. Atmungsaktives Design f\u00fcr Komfort. Durchdachtes Design f\u00fcr ein gutes Gef\u00fchl in deiner Haut.  <\/p>\n<p>Die schwarze Sportbekleidung von STRYVE f\u00fcr M\u00e4nner bietet smarte L\u00f6sungen f\u00fcr eine optimale Unterst\u00fctzung bei deinen sportlichen Aktivit\u00e4ten. Bequemer Tragekomfort beim Training und ein stylischer Look f\u00fcr den Alltag. Egal ob Fitness, Yoga, Joggen oder Erholung. Hol dir eine STRYVE f\u00fcr dein Workout.<\/p>\n<div class=\"row\"  id=\"row-864061458\">\n\n\t<div id=\"col-536312323\" class=\"col medium-6 small-12 large-6\"  >\n\t\t\t\t<div class=\"col-inner\"  >\n\t\t\t\n\t\t\t\n\t<div class=\"img has-hover x md-x lg-x y md-y lg-y\" id=\"image_1654707637\">\n\t\t\t\t\t\t\t\t<div class=\"img-inner dark\" >\n\t\t\t<img decoding=\"async\" width=\"606\" height=\"631\" src=\"https:\/\/wimoov.shop\/wp-content\/uploads\/2024\/07\/211121-STRYVE-Wear-Icons-02.webp\" class=\"attachment-original size-original\" alt=\"\" srcset=\"https:\/\/wimoov.shop\/wp-content\/uploads\/2024\/07\/211121-STRYVE-Wear-Icons-02.webp 606w, https:\/\/wimoov.shop\/wp-content\/uploads\/2024\/07\/211121-STRYVE-Wear-Icons-02-288x300.webp 288w\" sizes=\"(max-width: 606px) 100vw, 606px\" title=\"\">\t\t\t\t\t\t\n\t\t\t\t\t<\/div>\n\t\t\t\t\t\t\t\t\n<style>\n#image_1654707637 {\n  width: 100%;\n}\n<\/style>\n\t<\/div>\n\t\n\t\t<\/div>\n\t\t\t\t\t<\/div>\n\n\t\n\n\t<div id=\"col-1303734229\" class=\"col medium-6 small-12 large-6\"  >\n\t\t\t\t<div class=\"col-inner\"  >\n\t\t\t\n\t\t\t\n<h3>Stilvolles Aussehen<\/h3>\n<p>Mit ihrem minimalistischen Design und dem sportlichen Schnitt passt sich die STRYVE Sportbekleidung perfekt an den K\u00f6rper an und sorgt f\u00fcr einen stilvollen Look.<\/p>\n\t\t<\/div>\n\t\t\t\t\t<\/div>\n\n\t\n<\/div>\n<div class=\"row\"  id=\"row-2084703444\">\n\n\t<div id=\"col-1516092985\" class=\"col medium-6 small-12 large-6\"  >\n\t\t\t\t<div class=\"col-inner\"  >\n\t\t\t\n\t\t\t\n\t<div class=\"img has-hover x md-x lg-x y md-y lg-y\" id=\"image_1400304979\">\n\t\t\t\t\t\t\t\t<div class=\"img-inner dark\" >\n\t\t\t<img decoding=\"async\" width=\"606\" height=\"632\" src=\"https:\/\/wimoov.shop\/wp-content\/uploads\/2024\/07\/211121-STRYVE-Wear-Icons-03.webp\" class=\"attachment-original size-original\" alt=\"\" srcset=\"https:\/\/wimoov.shop\/wp-content\/uploads\/2024\/07\/211121-STRYVE-Wear-Icons-03.webp 606w, https:\/\/wimoov.shop\/wp-content\/uploads\/2024\/07\/211121-STRYVE-Wear-Icons-03-288x300.webp 288w\" sizes=\"(max-width: 606px) 100vw, 606px\" title=\"\">\t\t\t\t\t\t\n\t\t\t\t\t<\/div>\n\t\t\t\t\t\t\t\t\n<style>\n#image_1400304979 {\n  width: 100%;\n}\n<\/style>\n\t<\/div>\n\t\n\t\t<\/div>\n\t\t\t\t\t<\/div>\n\n\t\n\n\t<div id=\"col-2033132840\" class=\"col medium-6 small-12 large-6\"  >\n\t\t\t\t<div class=\"col-inner\"  >\n\t\t\t\n\t\t\t\n<h3>Sich perfekt f\u00fchlen<\/h3>\n<p>Der gut sitzende Schnitt sorgt f\u00fcr eine bequeme Passform. Die STRYVE Sportbekleidung unterst\u00fctzt dich mit maximaler Bewegungsfreiheit beim Sport.  So kannst du dich ganz auf das Training konzentrieren.<\/p>\n\t\t<\/div>\n\t\t\t\t\t<\/div>\n\n\t\n<\/div>\n<div class=\"row\"  id=\"row-1981549183\">\n\n\t<div id=\"col-1456472217\" class=\"col medium-6 small-12 large-6\"  >\n\t\t\t\t<div class=\"col-inner\"  >\n\t\t\t\n\t\t\t\n\t<div class=\"img has-hover x md-x lg-x y md-y lg-y\" id=\"image_665975051\">\n\t\t\t\t\t\t\t\t<div class=\"img-inner dark\" >\n\t\t\t<img decoding=\"async\" width=\"606\" height=\"631\" src=\"https:\/\/wimoov.shop\/wp-content\/uploads\/2024\/07\/211121-STRYVE-Wear-Icons-01.webp\" class=\"attachment-original size-original\" alt=\"\" srcset=\"https:\/\/wimoov.shop\/wp-content\/uploads\/2024\/07\/211121-STRYVE-Wear-Icons-01.webp 606w, https:\/\/wimoov.shop\/wp-content\/uploads\/2024\/07\/211121-STRYVE-Wear-Icons-01-288x300.webp 288w\" sizes=\"(max-width: 606px) 100vw, 606px\" title=\"\">\t\t\t\t\t\t\n\t\t\t\t\t<\/div>\n\t\t\t\t\t\t\t\t\n<style>\n#image_665975051 {\n  width: 100%;\n}\n<\/style>\n\t<\/div>\n\t\n\t\t<\/div>\n\t\t\t\t\t<\/div>\n\n\t\n\n\t<div id=\"col-748853683\" class=\"col medium-6 small-12 large-6\"  >\n\t\t\t\t<div class=\"col-inner\"  >\n\t\t\t\n\t\t\t\n<h3>Hochwertige Materialien<\/h3>\n<p>Die ausgew\u00e4hlten Materialien bieten ein hohes Ma\u00df an Komfort und maximale Atmungsaktivit\u00e4t. Wir achten besonders darauf, dass die von uns verwendeten Materialien schnell trocknen und sich angenehm anf\u00fchlen.<\/p>\n\t\t<\/div>\n\t\t\t\t\t<\/div>\n\n\t\n<\/div>\n\t\t<\/div>\n\n\t\t\n<style>\n#section_905772306 {\n  padding-top: 30px;\n  padding-bottom: 30px;\n}\n<\/style>\n\t<\/section>\n\t\n\n\t<section class=\"section\" id=\"section_434761648\">\n\t\t<div class=\"section-bg fill\" >\n\t\t\t\t\t\t\t\t\t\n\t\t\t\n\t<div class=\"is-border\"\n\t\tstyle=\"border-color:rgb(0, 0, 0);border-radius:20px;border-width:2px 2px 2px 2px;margin:15px 0px 0px 0px;\">\n\t<\/div>\n\n\t\t<\/div>\n\n\t\t\n\n\t\t<div class=\"section-content relative\">\n\t\t\t\n<h3>Andere Informationen<\/h3>\n<p>Material: 65% Polyester, 30% Baumwolle, 5% Elasthan<\/p>\n<div class=\"row\"  id=\"row-28339756\">\n\n\t<div id=\"col-48434122\" class=\"col medium-2 small-12 large-2\"  >\n\t\t\t\t<div class=\"col-inner text-center\"  >\n\t\t\t\n\t\t\t\n\t<div class=\"img has-hover x md-x lg-x y md-y lg-y\" id=\"image_1108170639\">\n\t\t\t\t\t\t\t\t<div class=\"img-inner dark\" >\n\t\t\t<img decoding=\"async\" width=\"101\" height=\"102\" src=\"https:\/\/wimoov.shop\/wp-content\/uploads\/2024\/07\/Element_7_3x_9bf62288-c4bf-40ad-a974-2595d26c3af4_480x480.webp\" class=\"attachment-large size-large\" alt=\"\" srcset=\"https:\/\/wimoov.shop\/wp-content\/uploads\/2024\/07\/Element_7_3x_9bf62288-c4bf-40ad-a974-2595d26c3af4_480x480.webp 101w, https:\/\/wimoov.shop\/wp-content\/uploads\/2024\/07\/Element_7_3x_9bf62288-c4bf-40ad-a974-2595d26c3af4_480x480-100x100.webp 100w\" sizes=\"(max-width: 101px) 100vw, 101px\" title=\"\">\t\t\t\t\t\t\n\t\t\t\t\t<\/div>\n\t\t\t\t\t\t\t\t\n<style>\n#image_1108170639 {\n  width: 50%;\n}\n<\/style>\n\t<\/div>\n\t\n\t\t<\/div>\n\t\t\t\t\t<\/div>\n\n\t\n\n\t<div id=\"col-2042612658\" class=\"col medium-8 small-12 large-8\"  >\n\t\t\t\t<div class=\"col-inner\"  >\n\t\t\t\n\t\t\t\n<p>Wasche mit \u00e4hnlichen Farben.<\/p>\n\t\t<\/div>\n\t\t\t\t\t<\/div>\n\n\t\n<\/div>\n<div class=\"row\"  id=\"row-1323764571\">\n\n\t<div id=\"col-1649743912\" class=\"col medium-2 small-12 large-2\"  >\n\t\t\t\t<div class=\"col-inner text-center\"  >\n\t\t\t\n\t\t\t\n\t<div class=\"img has-hover x md-x lg-x y md-y lg-y\" id=\"image_231218984\">\n\t\t\t\t\t\t\t\t<div class=\"img-inner dark\" >\n\t\t\t<img decoding=\"async\" width=\"125\" height=\"101\" src=\"https:\/\/wimoov.shop\/wp-content\/uploads\/2024\/07\/Element_3_3x_b69754d9-fe8f-4b8c-b721-cbdf585b8e26_480x480.webp\" class=\"attachment-large size-large\" alt=\"\" title=\"\">\t\t\t\t\t\t\n\t\t\t\t\t<\/div>\n\t\t\t\t\t\t\t\t\n<style>\n#image_231218984 {\n  width: 50%;\n}\n<\/style>\n\t<\/div>\n\t\n\t\t<\/div>\n\t\t\t\t\t<\/div>\n\n\t\n\n\t<div id=\"col-1818916840\" class=\"col medium-8 small-12 large-8\"  >\n\t\t\t\t<div class=\"col-inner\"  >\n\t\t\t\n\t\t\t\n<p>Bei niedriger Temperatur waschen.<\/p>\n\t\t<\/div>\n\t\t\t\t\t<\/div>\n\n\t\n<\/div>\n<div class=\"row\"  id=\"row-975434696\">\n\n\t<div id=\"col-2075145225\" class=\"col medium-2 small-12 large-2\"  >\n\t\t\t\t<div class=\"col-inner text-center\"  >\n\t\t\t\n\t\t\t\n\t<div class=\"img has-hover x md-x lg-x y md-y lg-y\" id=\"image_1843877006\">\n\t\t\t\t\t\t\t\t<div class=\"img-inner dark\" >\n\t\t\t<img decoding=\"async\" width=\"118\" height=\"97\" src=\"https:\/\/wimoov.shop\/wp-content\/uploads\/2024\/07\/Element_6_3x_d0afe3d1-8fd6-4c99-bbba-60c181452619_480x480.webp\" class=\"attachment-large size-large\" alt=\"\" title=\"\">\t\t\t\t\t\t\n\t\t\t\t\t<\/div>\n\t\t\t\t\t\t\t\t\n<style>\n#image_1843877006 {\n  width: 50%;\n}\n<\/style>\n\t<\/div>\n\t\n\t\t<\/div>\n\t\t\t\t\t<\/div>\n\n\t\n\n\t<div id=\"col-601869460\" class=\"col medium-8 small-12 large-8\"  >\n\t\t\t\t<div class=\"col-inner\"  >\n\t\t\t\n\t\t\t\n<p>Nicht bleichen.<\/p>\n\t\t<\/div>\n\t\t\t\t\t<\/div>\n\n\t\n<\/div>\n<div class=\"row\"  id=\"row-1014700962\">\n\n\t<div id=\"col-763841193\" class=\"col medium-2 small-12 large-2\"  >\n\t\t\t\t<div class=\"col-inner text-center\"  >\n\t\t\t\n\t\t\t\n\t<div class=\"img has-hover x md-x lg-x y md-y lg-y\" id=\"image_1617015518\">\n\t\t\t\t\t\t\t\t<div class=\"img-inner dark\" >\n\t\t\t<img decoding=\"async\" width=\"102\" height=\"102\" src=\"https:\/\/wimoov.shop\/wp-content\/uploads\/2024\/07\/Element_1_3x_42d05a94-875a-4f8a-80b0-4594940701fc_480x480.webp\" class=\"attachment-large size-large\" alt=\"\" srcset=\"https:\/\/wimoov.shop\/wp-content\/uploads\/2024\/07\/Element_1_3x_42d05a94-875a-4f8a-80b0-4594940701fc_480x480.webp 102w, https:\/\/wimoov.shop\/wp-content\/uploads\/2024\/07\/Element_1_3x_42d05a94-875a-4f8a-80b0-4594940701fc_480x480-100x100.webp 100w\" sizes=\"(max-width: 102px) 100vw, 102px\" title=\"\">\t\t\t\t\t\t\n\t\t\t\t\t<\/div>\n\t\t\t\t\t\t\t\t\n<style>\n#image_1617015518 {\n  width: 50%;\n}\n<\/style>\n\t<\/div>\n\t\n\t\t<\/div>\n\t\t\t\t\t<\/div>\n\n\t\n\n\t<div id=\"col-2120272275\" class=\"col medium-8 small-12 large-8\"  >\n\t\t\t\t<div class=\"col-inner\"  >\n\t\t\t\n\t\t\t\n<p>Bei niedrigen Temperaturen maschinentrockenbar.<\/p>\n\t\t<\/div>\n\t\t\t\t\t<\/div>\n\n\t\n<\/div>\n<div class=\"row\"  id=\"row-1817358453\">\n\n\t<div id=\"col-1851529754\" class=\"col medium-2 small-12 large-2\"  >\n\t\t\t\t<div class=\"col-inner text-center\"  >\n\t\t\t\n\t\t\t\n\t<div class=\"img has-hover x md-x lg-x y md-y lg-y\" id=\"image_1608406344\">\n\t\t\t\t\t\t\t\t<div class=\"img-inner dark\" >\n\t\t\t<img decoding=\"async\" width=\"135\" height=\"99\" src=\"https:\/\/wimoov.shop\/wp-content\/uploads\/2024\/07\/Element_5_3x_2f4f701f-fcff-475e-a62b-4974b5ac7ec0_480x480.webp\" class=\"attachment-large size-large\" alt=\"\" title=\"\">\t\t\t\t\t\t\n\t\t\t\t\t<\/div>\n\t\t\t\t\t\t\t\t\n<style>\n#image_1608406344 {\n  width: 50%;\n}\n<\/style>\n\t<\/div>\n\t\n\t\t<\/div>\n\t\t\t\t\t<\/div>\n\n\t\n\n\t<div id=\"col-474727643\" class=\"col medium-8 small-12 large-8\"  >\n\t\t\t\t<div class=\"col-inner\"  >\n\t\t\t\n\t\t\t\n<p>Nicht b\u00fcgeln.<\/p>\n\t\t<\/div>\n\t\t\t\t\t<\/div>\n\n\t\n<\/div>\n<div class=\"row\"  id=\"row-1004081325\">\n\n\t<div id=\"col-457027844\" class=\"col medium-2 small-12 large-2\"  >\n\t\t\t\t<div class=\"col-inner text-center\"  >\n\t\t\t\n\t\t\t\n\t<div class=\"img has-hover x md-x lg-x y md-y lg-y\" id=\"image_330891359\">\n\t\t\t\t\t\t\t\t<div class=\"img-inner dark\" >\n\t\t\t<img decoding=\"async\" width=\"118\" height=\"103\" src=\"https:\/\/wimoov.shop\/wp-content\/uploads\/2024\/07\/Element_4_3x_0eeb74eb-78dc-4d89-99f5-b19fb9211c47_480x480.webp\" class=\"attachment-large size-large\" alt=\"\" title=\"\">\t\t\t\t\t\t\n\t\t\t\t\t<\/div>\n\t\t\t\t\t\t\t\t\n<style>\n#image_330891359 {\n  width: 50%;\n}\n<\/style>\n\t<\/div>\n\t\n\t\t<\/div>\n\t\t\t\t\t<\/div>\n\n\t\n\n\t<div id=\"col-983567793\" class=\"col medium-8 small-12 large-8\"  >\n\t\t\t\t<div class=\"col-inner\"  >\n\t\t\t\n\t\t\t\n<p>Nicht chemisch reinigbar.<\/p>\n\t\t<\/div>\n\t\t\t\t\t<\/div>\n\n\t\n<\/div>\n\t\t<\/div>\n\n\t\t\n<style>\n#section_434761648 {\n  padding-top: 30px;\n  padding-bottom: 30px;\n}\n<\/style>\n\t<\/section>\n\t\n\n\t<section class=\"section\" id=\"section_1668015361\">\n\t\t<div class=\"section-bg fill\" >\n\t\t\t\t\t\t\t\t\t\n\t\t\t\n\t<div class=\"is-border\"\n\t\tstyle=\"border-color:rgb(0, 0, 0);border-radius:20px;border-width:2px 2px 2px 2px;margin:15px 0px 0px 0px;\">\n\t<\/div>\n\n\t\t<\/div>\n\n\t\t\n\n\t\t<div class=\"section-content relative\">\n\t\t\t\n<h3>Gr\u00f6\u00dfentabelle<\/h3>\n<p>Die Gr\u00f6\u00dfen in der Gr\u00f6\u00dfentabelle sind EU-Gr\u00f6\u00dfen. Verwende die Tabelle unten, um die perfekte Gr\u00f6\u00dfe zu finden. <\/p>\n<p>Die Sportbekleidung wird in etwas kleineren Gr\u00f6\u00dfen produziert. Wenn du zwischen zwei Gr\u00f6\u00dfen liegst, bestelle die gr\u00f6\u00dfere Gr\u00f6\u00dfe.<\/p>\n\t<div class=\"img has-hover x md-x lg-x y md-y lg-y\" id=\"image_364499086\">\n\t\t\t\t\t\t\t\t<div class=\"img-inner dark\" >\n\t\t\t<img decoding=\"async\" width=\"1929\" height=\"1313\" src=\"https:\/\/wimoov.shop\/wp-content\/uploads\/2024\/07\/Stryve-Merettablazat.webp\" class=\"attachment-original size-original\" alt=\"\" srcset=\"https:\/\/wimoov.shop\/wp-content\/uploads\/2024\/07\/Stryve-Merettablazat.webp 1929w, https:\/\/wimoov.shop\/wp-content\/uploads\/2024\/07\/Stryve-Merettablazat-300x204.webp 300w, https:\/\/wimoov.shop\/wp-content\/uploads\/2024\/07\/Stryve-Merettablazat-1024x697.webp 1024w, https:\/\/wimoov.shop\/wp-content\/uploads\/2024\/07\/Stryve-Merettablazat-768x523.webp 768w, https:\/\/wimoov.shop\/wp-content\/uploads\/2024\/07\/Stryve-Merettablazat-1536x1045.webp 1536w, https:\/\/wimoov.shop\/wp-content\/uploads\/2024\/07\/Stryve-Merettablazat-1000x681.webp 1000w\" sizes=\"(max-width: 1929px) 100vw, 1929px\" title=\"\">\t\t\t\t\t\t\n\t\t\t\t\t<\/div>\n\t\t\t\t\t\t\t\t\n<style>\n#image_364499086 {\n  width: 100%;\n}\n<\/style>\n\t<\/div>\n\t\n\t\t<\/div>\n\n\t\t\n<style>\n#section_1668015361 {\n  padding-top: 30px;\n  padding-bottom: 30px;\n}\n<\/style>\n\t<\/section>\n\t\n","protected":false},"excerpt":{"rendered":"<ul>\n<li>Minimalistisches Design f\u00fcr einen stilvollen Look.<\/li>\n<li>Gut sitzender Schnitt f\u00fcr maximale Bewegungsfreiheit und Komfort.<\/li>\n<li>Hochwertige Stoffzusammensetzung f\u00fcr hohe Atmungsaktivit\u00e4t und schnelles Trocknen.<\/li>\n<\/ul>\n","protected":false},"featured_media":3214,"comment_status":"open","ping_status":"closed","template":"","meta":{"bwfblock_default_font":""},"product_brand":[264],"product_cat":[161,141,120,140,155],"product_tag":[],"class_list":{"0":"post-3807","1":"product","2":"type-product","3":"status-publish","4":"has-post-thumbnail","6":"product_brand-stryve","7":"product_cat-kleidung","8":"product_cat-laufen","9":"product_cat-stryve","10":"product_cat-workout-de","11":"product_cat-yoga-und-mobilisierung","12":"pa_marka-stryve","13":"pa_meret-extra-gros-xl","14":"pa_meret-gros-l","15":"pa_meret-klein-s","16":"pa_meret-mittel-m","17":"pa_nem-herren","18":"pa_szin-schwarz","20":"first","21":"instock","22":"taxable","23":"shipping-taxable","24":"purchasable","25":"product-type-variable"},"_links":{"self":[{"href":"https:\/\/wimoov.shop\/de\/wp-json\/wp\/v2\/product\/3807","targetHints":{"allow":["GET"]}}],"collection":[{"href":"https:\/\/wimoov.shop\/de\/wp-json\/wp\/v2\/product"}],"about":[{"href":"https:\/\/wimoov.shop\/de\/wp-json\/wp\/v2\/types\/product"}],"replies":[{"embeddable":true,"href":"https:\/\/wimoov.shop\/de\/wp-json\/wp\/v2\/comments?post=3807"}],"wp:featuredmedia":[{"embeddable":true,"href":"https:\/\/wimoov.shop\/de\/wp-json\/wp\/v2\/media\/3214"}],"wp:attachment":[{"href":"https:\/\/wimoov.shop\/de\/wp-json\/wp\/v2\/media?parent=3807"}],"wp:term":[{"taxonomy":"product_brand","embeddable":true,"href":"https:\/\/wimoov.shop\/de\/wp-json\/wp\/v2\/product_brand?post=3807"},{"taxonomy":"product_cat","embeddable":true,"href":"https:\/\/wimoov.shop\/de\/wp-json\/wp\/v2\/product_cat?post=3807"},{"taxonomy":"product_tag","embeddable":true,"href":"https:\/\/wimoov.shop\/de\/wp-json\/wp\/v2\/product_tag?post=3807"}],"curies":[{"name":"wp","href":"https:\/\/api.w.org\/{rel}","templated":true}]}}