{"id":3758,"date":"2024-07-19T19:57:17","date_gmt":"2024-07-19T17:57:17","guid":{"rendered":"https:\/\/wimoov.shop\/stryve-towell-micro\/"},"modified":"2026-03-28T15:10:41","modified_gmt":"2026-03-28T13:10:41","slug":"stryve-towell-micro","status":"publish","type":"product","link":"https:\/\/wimoov.shop\/de\/stryve-towell-micro\/","title":{"rendered":"STRYVE Towell+ Micro"},"content":{"rendered":"\n\t<section class=\"section\" id=\"section_133726164\">\n\t\t<div class=\"section-bg fill\" >\n\t\t\t\t\t\t\t\t\t\n\t\t\t\n\t<div class=\"is-border\"\n\t\tstyle=\"border-color:rgb(0, 0, 0);border-radius:20px;border-width:2px 2px 2px 2px;\">\n\t<\/div>\n\n\t\t<\/div>\n\n\t\t\n\n\t\t<div class=\"section-content relative\">\n\t\t\t\n<h2>Das Towell+ Sporthandtuch &#8211; jetzt auch in Mikrofaser erh\u00e4ltlich.<\/h2>\n<p>Qualit\u00e4t und Hygiene sind f\u00fcr uns wichtig. Der STRYVE Towell+ Micro verf\u00fcgt \u00fcber praktische Eigenschaften wie Anti-Rutsch, eine Rei\u00dfverschlusstasche f\u00fcr Wertsachen oder eine klar erkennbare K\u00f6rper- und Werkzeugseite f\u00fcr bessere Hygiene.<\/p>\n<div class=\"row\"  id=\"row-361737804\">\n\n\t<div id=\"col-2068158594\" class=\"col medium-6 small-12 large-6\"  >\n\t\t\t\t<div class=\"col-inner\"  >\n\t\t\t\n\t\t\t\n\t<div class=\"img has-hover x md-x lg-x y md-y lg-y\" id=\"image_1338184144\">\n\t\t\t\t\t\t\t\t<div class=\"img-inner dark\" >\n\t\t\t<img decoding=\"async\" width=\"480\" height=\"320\" src=\"https:\/\/wimoov.shop\/wp-content\/uploads\/2024\/07\/STRYVE-Towell-Pro-Sporthandtuch_HU.gif\" class=\"attachment-large size-large\" alt=\"\" title=\"\">\t\t\t\t\t\t\n\t\t\t\t\t<\/div>\n\t\t\t\t\t\t\t\t\n<style>\n#image_1338184144 {\n  width: 100%;\n}\n<\/style>\n\t<\/div>\n\t\n\t\t<\/div>\n\t\t\t\t\t<\/div>\n\n\t\n\n\t<div id=\"col-1345082878\" class=\"col medium-6 small-12 large-6\"  >\n\t\t\t\t<div class=\"col-inner\"  >\n\t\t\t\n\t\t\t\n<h3>Praktische Tasche<\/h3>\n<p>Du kannst deine Schl\u00fcssel, deinen Mitgliedsausweis usw. in der versenkten Tasche verstauen und alles mit einem Rei\u00dfverschluss verschlie\u00dfen. Das Besondere am Towell+ Silver ist der Baumwollstoff, der um die Tasche gewebt ist.<\/p>\n\t\t<\/div>\n\t\t\t\t\t<\/div>\n\n\t\n<\/div>\n<div class=\"row\"  id=\"row-899462388\">\n\n\t<div id=\"col-1884345616\" class=\"col medium-6 small-12 large-6\"  >\n\t\t\t\t<div class=\"col-inner\"  >\n\t\t\t\n\t\t\t\n\t<div class=\"img has-hover x md-x lg-x y md-y lg-y\" id=\"image_1126948373\">\n\t\t\t\t\t\t\t\t<div class=\"img-inner dark\" >\n\t\t\t<img decoding=\"async\" width=\"480\" height=\"320\" src=\"https:\/\/wimoov.shop\/wp-content\/uploads\/2024\/07\/STRYVE-Towell-Pro-Handtuch_HU.gif\" class=\"attachment-original size-original\" alt=\"\" title=\"\">\t\t\t\t\t\t\n\t\t\t\t\t<\/div>\n\t\t\t\t\t\t\t\t\n<style>\n#image_1126948373 {\n  width: 100%;\n}\n<\/style>\n\t<\/div>\n\t\n\t\t<\/div>\n\t\t\t\t\t<\/div>\n\n\t\n\n\t<div id=\"col-1714768130\" class=\"col medium-6 small-12 large-6\"  >\n\t\t\t\t<div class=\"col-inner\"  >\n\t\t\t\n\t\t\t\n<h3>Anti-Rutsch<\/h3>\n<p>Verhindert, dass das Towell+ von den Sportger\u00e4ten f\u00e4llt. Besonders bei anstrengenden \u00dcbungen kann ein normales Handtuch schnell verrutschen und von der Bank fallen. Mit der Towell+ Reihe wird das nie wieder passieren.<\/p>\n\t\t<\/div>\n\t\t\t\t\t<\/div>\n\n\t\n<\/div>\n<div class=\"row\"  id=\"row-1884036185\">\n\n\t<div id=\"col-909917563\" class=\"col medium-6 small-12 large-6\"  >\n\t\t\t\t<div class=\"col-inner\"  >\n\t\t\t\n\t\t\t\n\t<div class=\"img has-hover x md-x lg-x y md-y lg-y\" id=\"image_1054655118\">\n\t\t\t\t\t\t\t\t<div class=\"img-inner dark\" >\n\t\t\t<img decoding=\"async\" width=\"480\" height=\"320\" src=\"https:\/\/wimoov.shop\/wp-content\/uploads\/2024\/07\/STRYVE-Towell-Pro-Handtuch-Baumwolle_HU.gif\" class=\"attachment-original size-original\" alt=\"\" title=\"\">\t\t\t\t\t\t\n\t\t\t\t\t<\/div>\n\t\t\t\t\t\t\t\t\n<style>\n#image_1054655118 {\n  width: 100%;\n}\n<\/style>\n\t<\/div>\n\t\n\t\t<\/div>\n\t\t\t\t\t<\/div>\n\n\t\n\n\t<div id=\"col-1707046437\" class=\"col medium-6 small-12 large-6\"  >\n\t\t\t\t<div class=\"col-inner\"  >\n\t\t\t\n\t\t\t\n<h3>Werkzeuge und K\u00f6rper Seite<\/h3>\n<p>Das Towell+ Micro hat au\u00dferdem eine deutlich sichtbare Vorder- und R\u00fcckseite f\u00fcr bessere Hygiene bei sportlichen Aktivit\u00e4ten. Au\u00dferdem ist es deutlich l\u00e4nger als das Towell+: 105 cm.<\/p>\n\t\t<\/div>\n\t\t\t\t\t<\/div>\n\n\t\n<\/div>\n<div class=\"row\"  id=\"row-889016145\">\n\n\t<div id=\"col-834762603\" class=\"col medium-6 small-12 large-6\"  >\n\t\t\t\t<div class=\"col-inner\"  >\n\t\t\t\n\t\t\t\n\t<div class=\"img has-hover x md-x lg-x y md-y lg-y\" id=\"image_1907204819\">\n\t\t\t\t\t\t\t\t<div class=\"img-inner dark\" >\n\t\t\t<img decoding=\"async\" width=\"480\" height=\"320\" src=\"https:\/\/wimoov.shop\/wp-content\/uploads\/2024\/07\/STRYVE-Towell-Pro-Training_HU.gif\" class=\"attachment-large size-large\" alt=\"\" title=\"\">\t\t\t\t\t\t\n\t\t\t\t\t<\/div>\n\t\t\t\t\t\t\t\t\n<style>\n#image_1907204819 {\n  width: 100%;\n}\n<\/style>\n\t<\/div>\n\t\n\t\t<\/div>\n\t\t\t\t\t<\/div>\n\n\t\n\n\t<div id=\"col-1543044059\" class=\"col medium-6 small-12 large-6\"  >\n\t\t\t\t<div class=\"col-inner\"  >\n\t\t\t\n\t\t\t\n<h3>Internes Fach f\u00fcr das Mobiltelefon<\/h3>\n<p>Dank des ber\u00fchrungsempfindlichen Netzes im Inneren der Tasche kannst du dein Handy ganz einfach bedienen. So kannst du Nachrichten lesen oder einfach die Musik auf deinem Handy wechseln, w\u00e4hrend du trainierst, ohne es herauszunehmen.<\/p>\n\t\t<\/div>\n\t\t\t\t\t<\/div>\n\n\t\n<\/div>\n<div class=\"row\"  id=\"row-759611017\">\n\n\t<div id=\"col-770663820\" class=\"col medium-6 small-12 large-6\"  >\n\t\t\t\t<div class=\"col-inner\"  >\n\t\t\t\n\t\t\t\n\t<div class=\"img has-hover x md-x lg-x y md-y lg-y\" id=\"image_291451673\">\n\t\t\t\t\t\t\t\t<div class=\"img-inner dark\" >\n\t\t\t<img decoding=\"async\" width=\"480\" height=\"320\" src=\"https:\/\/wimoov.shop\/wp-content\/uploads\/2024\/07\/STRYVE-Towell-Pro-Hochwertig_HU.gif\" class=\"attachment-large size-large\" alt=\"\" title=\"\">\t\t\t\t\t\t\n\t\t\t\t\t<\/div>\n\t\t\t\t\t\t\t\t\n<style>\n#image_291451673 {\n  width: 100%;\n}\n<\/style>\n\t<\/div>\n\t\n\t\t<\/div>\n\t\t\t\t\t<\/div>\n\n\t\n\n\t<div id=\"col-380512443\" class=\"col medium-6 small-12 large-6\"  >\n\t\t\t\t<div class=\"col-inner\"  >\n\t\t\t\n\t\t\t\n<h3>Hochwertige Materialien<\/h3>\n<p>Towell+ Micro verwendet die feinsten Mikrofasern mit Alcantara-Optik. F\u00fcr ein angenehmes Gef\u00fchl beim Training, das das Handtuch au\u00dferdem besonders schnell trocknen l\u00e4sst. Ein Must-Have f\u00fcr alle M\u00e4nner und Frauen.<\/p>\n\t\t<\/div>\n\t\t\t\t\t<\/div>\n\n\t\n<\/div>\n\t\t<\/div>\n\n\t\t\n<style>\n#section_133726164 {\n  padding-top: 30px;\n  padding-bottom: 30px;\n}\n<\/style>\n\t<\/section>\n\t\n\n\t<section class=\"section\" id=\"section_1892874446\">\n\t\t<div class=\"section-bg fill\" >\n\t\t\t\t\t\t\t\t\t\n\t\t\t\n\t<div class=\"is-border\"\n\t\tstyle=\"border-color:rgb(0, 0, 0);border-radius:20px;border-width:2px 2px 2px 2px;margin:15px 0px 0px 0px;\">\n\t<\/div>\n\n\t\t<\/div>\n\n\t\t\n\n\t\t<div class=\"section-content relative\">\n\t\t\t\n<h3>Andere Informationen<\/h3>\n<p><strong>Material: <\/strong>85% Polyester, 15% Polyamid<\/p>\n<p><strong>Ma\u00dfe:<\/strong><br \/>\nDas Handtuch ist 105 x 42,5 cm gro\u00df. Die Tasche ist 42,5 cm lang und 15 cm breit.<\/p>\n\t<div class=\"img has-hover x md-x lg-x y md-y lg-y\" id=\"image_1112431853\">\n\t\t\t\t\t\t\t\t<div class=\"img-inner dark\" >\n\t\t\t<img decoding=\"async\" width=\"1080\" height=\"1080\" src=\"https:\/\/wimoov.shop\/wp-content\/uploads\/2024\/07\/220325-STRYVE-Towell-Plus-Pro-Shop-Avatar-Visuals.webp\" class=\"attachment-original size-original\" alt=\"\" srcset=\"https:\/\/wimoov.shop\/wp-content\/uploads\/2024\/07\/220325-STRYVE-Towell-Plus-Pro-Shop-Avatar-Visuals.webp 1080w, https:\/\/wimoov.shop\/wp-content\/uploads\/2024\/07\/220325-STRYVE-Towell-Plus-Pro-Shop-Avatar-Visuals-300x300.webp 300w, https:\/\/wimoov.shop\/wp-content\/uploads\/2024\/07\/220325-STRYVE-Towell-Plus-Pro-Shop-Avatar-Visuals-1024x1024.webp 1024w, https:\/\/wimoov.shop\/wp-content\/uploads\/2024\/07\/220325-STRYVE-Towell-Plus-Pro-Shop-Avatar-Visuals-150x150.webp 150w, https:\/\/wimoov.shop\/wp-content\/uploads\/2024\/07\/220325-STRYVE-Towell-Plus-Pro-Shop-Avatar-Visuals-768x768.webp 768w, https:\/\/wimoov.shop\/wp-content\/uploads\/2024\/07\/220325-STRYVE-Towell-Plus-Pro-Shop-Avatar-Visuals-1000x1000.webp 1000w, https:\/\/wimoov.shop\/wp-content\/uploads\/2024\/07\/220325-STRYVE-Towell-Plus-Pro-Shop-Avatar-Visuals-100x100.webp 100w\" sizes=\"(max-width: 1080px) 100vw, 1080px\" title=\"\">\t\t\t\t\t\t\n\t\t\t\t\t<\/div>\n\t\t\t\t\t\t\t\t\n<style>\n#image_1112431853 {\n  width: 100%;\n}\n<\/style>\n\t<\/div>\n\t\n<p><strong>Selection<\/strong><br \/>\nHandt\u00fccher sind in drei Farben erh\u00e4ltlich (schwarz, grau und rot).<\/p>\n<p><strong>Verwendung<\/strong><br \/>\nDas Mikrofaserhandtuch ist schnelltrocknend, kompakt und ultraleicht. Das macht das Handtuch ideal f\u00fcr deine Sporttasche, als Duschtuch nach dem Sport, f\u00fcr K\u00f6rper und Haare, als Badetuch oder Reisehandtuch. Das Badetuch ist ein Grundnahrungsmittel f\u00fcr jeden Mann und jede Frau, ob im Fitnessstudio, im Freien oder auf Reisen.<\/p>\n<div class=\"row\"  id=\"row-40502645\">\n\n\t<div id=\"col-302395576\" class=\"col medium-2 small-12 large-2\"  >\n\t\t\t\t<div class=\"col-inner text-center\"  >\n\t\t\t\n\t\t\t\n\t<div class=\"img has-hover x md-x lg-x y md-y lg-y\" id=\"image_684819138\">\n\t\t\t\t\t\t\t\t<div class=\"img-inner dark\" >\n\t\t\t<img decoding=\"async\" width=\"125\" height=\"101\" src=\"https:\/\/wimoov.shop\/wp-content\/uploads\/2024\/07\/Element_3_3x_b69754d9-fe8f-4b8c-b721-cbdf585b8e26_480x480.webp\" class=\"attachment-large size-large\" alt=\"\" title=\"\">\t\t\t\t\t\t\n\t\t\t\t\t<\/div>\n\t\t\t\t\t\t\t\t\n<style>\n#image_684819138 {\n  width: 50%;\n}\n<\/style>\n\t<\/div>\n\t\n\t\t<\/div>\n\t\t\t\t\t<\/div>\n\n\t\n\n\t<div id=\"col-1364246663\" class=\"col medium-8 small-12 large-8\"  >\n\t\t\t\t<div class=\"col-inner\"  >\n\t\t\t\n\t\t\t\n<p>Max. Waschen bei einer Temperatur von 40 Grad.<\/p>\n\t\t<\/div>\n\t\t\t\t\t<\/div>\n\n\t\n<\/div>\n<div class=\"row\"  id=\"row-1201518588\">\n\n\t<div id=\"col-585469056\" class=\"col medium-2 small-12 large-2\"  >\n\t\t\t\t<div class=\"col-inner text-center\"  >\n\t\t\t\n\t\t\t\n\t<div class=\"img has-hover x md-x lg-x y md-y lg-y\" id=\"image_1235924003\">\n\t\t\t\t\t\t\t\t<div class=\"img-inner dark\" >\n\t\t\t<img decoding=\"async\" width=\"160\" height=\"134\" src=\"https:\/\/wimoov.shop\/wp-content\/uploads\/2024\/07\/Element_13_160x160.avif\" class=\"attachment-large size-large\" alt=\"\" title=\"\">\t\t\t\t\t\t\n\t\t\t\t\t<\/div>\n\t\t\t\t\t\t\t\t\n<style>\n#image_1235924003 {\n  width: 50%;\n}\n<\/style>\n\t<\/div>\n\t\n\t\t<\/div>\n\t\t\t\t\t<\/div>\n\n\t\n\n\t<div id=\"col-150782067\" class=\"col medium-8 small-12 large-8\"  >\n\t\t\t\t<div class=\"col-inner\"  >\n\t\t\t\n\t\t\t\n<p>Nicht bleichen.<\/p>\n\t\t<\/div>\n\t\t\t\t\t<\/div>\n\n\t\n<\/div>\n<div class=\"row\"  id=\"row-1590678788\">\n\n\t<div id=\"col-1071948463\" class=\"col medium-2 small-12 large-2\"  >\n\t\t\t\t<div class=\"col-inner text-center\"  >\n\t\t\t\n\t\t\t\n\t<div class=\"img has-hover x md-x lg-x y md-y lg-y\" id=\"image_661816609\">\n\t\t\t\t\t\t\t\t<div class=\"img-inner dark\" >\n\t\t\t<img decoding=\"async\" width=\"102\" height=\"102\" src=\"https:\/\/wimoov.shop\/wp-content\/uploads\/2024\/07\/Element_1_3x_42d05a94-875a-4f8a-80b0-4594940701fc_480x480.webp\" class=\"attachment-large size-large\" alt=\"\" srcset=\"https:\/\/wimoov.shop\/wp-content\/uploads\/2024\/07\/Element_1_3x_42d05a94-875a-4f8a-80b0-4594940701fc_480x480.webp 102w, https:\/\/wimoov.shop\/wp-content\/uploads\/2024\/07\/Element_1_3x_42d05a94-875a-4f8a-80b0-4594940701fc_480x480-100x100.webp 100w\" sizes=\"(max-width: 102px) 100vw, 102px\" title=\"\">\t\t\t\t\t\t\n\t\t\t\t\t<\/div>\n\t\t\t\t\t\t\t\t\n<style>\n#image_661816609 {\n  width: 50%;\n}\n<\/style>\n\t<\/div>\n\t\n\t\t<\/div>\n\t\t\t\t\t<\/div>\n\n\t\n\n\t<div id=\"col-920916855\" class=\"col medium-8 small-12 large-8\"  >\n\t\t\t\t<div class=\"col-inner\"  >\n\t\t\t\n\t\t\t\n<p>Trockne bei einer niedrigen Temperatur.<\/p>\n\t\t<\/div>\n\t\t\t\t\t<\/div>\n\n\t\n<\/div>\n<div class=\"row\"  id=\"row-1577241853\">\n\n\t<div id=\"col-1446958154\" class=\"col medium-2 small-12 large-2\"  >\n\t\t\t\t<div class=\"col-inner text-center\"  >\n\t\t\t\n\t\t\t\n\t<div class=\"img has-hover x md-x lg-x y md-y lg-y\" id=\"image_366208978\">\n\t\t\t\t\t\t\t\t<div class=\"img-inner dark\" >\n\t\t\t<img decoding=\"async\" width=\"135\" height=\"99\" src=\"https:\/\/wimoov.shop\/wp-content\/uploads\/2024\/07\/Element_5_3x_2f4f701f-fcff-475e-a62b-4974b5ac7ec0_480x480.webp\" class=\"attachment-large size-large\" alt=\"\" title=\"\">\t\t\t\t\t\t\n\t\t\t\t\t<\/div>\n\t\t\t\t\t\t\t\t\n<style>\n#image_366208978 {\n  width: 50%;\n}\n<\/style>\n\t<\/div>\n\t\n\t\t<\/div>\n\t\t\t\t\t<\/div>\n\n\t\n\n\t<div id=\"col-1255810969\" class=\"col medium-8 small-12 large-8\"  >\n\t\t\t\t<div class=\"col-inner\"  >\n\t\t\t\n\t\t\t\n<p>Nicht b\u00fcgeln.<\/p>\n\t\t<\/div>\n\t\t\t\t\t<\/div>\n\n\t\n<\/div>\n<div class=\"row\"  id=\"row-964740998\">\n\n\t<div id=\"col-538702695\" class=\"col medium-2 small-12 large-2\"  >\n\t\t\t\t<div class=\"col-inner text-center\"  >\n\t\t\t\n\t\t\t\n\t<div class=\"img has-hover x md-x lg-x y md-y lg-y\" id=\"image_1786867811\">\n\t\t\t\t\t\t\t\t<div class=\"img-inner dark\" >\n\t\t\t<img decoding=\"async\" width=\"157\" height=\"140\" src=\"https:\/\/wimoov.shop\/wp-content\/uploads\/2024\/07\/Element_16_160x160.webp\" class=\"attachment-large size-large\" alt=\"\" title=\"\">\t\t\t\t\t\t\n\t\t\t\t\t<\/div>\n\t\t\t\t\t\t\t\t\n<style>\n#image_1786867811 {\n  width: 50%;\n}\n<\/style>\n\t<\/div>\n\t\n\t\t<\/div>\n\t\t\t\t\t<\/div>\n\n\t\n\n\t<div id=\"col-483228907\" class=\"col medium-8 small-12 large-8\"  >\n\t\t\t\t<div class=\"col-inner\"  >\n\t\t\t\n\t\t\t\n<p>Nicht chemisch reinigen.<\/p>\n\t\t<\/div>\n\t\t\t\t\t<\/div>\n\n\t\n<\/div>\n\t\t<\/div>\n\n\t\t\n<style>\n#section_1892874446 {\n  padding-top: 30px;\n  padding-bottom: 30px;\n}\n<\/style>\n\t<\/section>\n\t\n","protected":false},"excerpt":{"rendered":"<ul>\n<li>Alcantara-feel Mikrofasergewebe f\u00fcr schnelles Trocknen und ein angenehmes Gef\u00fchl.<\/li>\n<li>Magnetischer Clip. Leicht und stark, um auf jeder Metalloberfl\u00e4che zu halten. <\/li>\n<li>Rutschfestes Design, damit es dort bleibt, wo es hingeh\u00f6rt: an der Maschine.<\/li>\n<li>Rei\u00dfverschlusstasche und Handyfach f\u00fcr einfache Aufbewahrung.<\/li>\n<li>Leicht identifizierbare Werkzeug- und K\u00f6rperseite f\u00fcr optimale Hygiene.<\/li>\n<li>Towell+ Sporthandt\u00fccher werden t\u00e4glich von \u00fcber 1 Million zufriedenen Kunden benutzt.<\/li>\n<\/ul>\n","protected":false},"featured_media":3446,"comment_status":"open","ping_status":"closed","template":"","meta":{"bwfblock_default_font":""},"product_brand":[],"product_cat":[141,154,120,140,155],"product_tag":[],"class_list":{"0":"post-3758","1":"product","2":"type-product","3":"status-publish","4":"has-post-thumbnail","6":"product_cat-laufen","7":"product_cat-sporthandtucher","8":"product_cat-stryve","9":"product_cat-workout-de","10":"product_cat-yoga-und-mobilisierung","11":"pa_marka-stryve","12":"pa_szin-leuchtend-rot","13":"pa_szin-schwarz","14":"pa_szin-stahlgrau","16":"first","17":"instock","18":"sale","19":"taxable","20":"shipping-taxable","21":"purchasable","22":"product-type-variable","23":"has-default-attributes"},"_links":{"self":[{"href":"https:\/\/wimoov.shop\/de\/wp-json\/wp\/v2\/product\/3758","targetHints":{"allow":["GET"]}}],"collection":[{"href":"https:\/\/wimoov.shop\/de\/wp-json\/wp\/v2\/product"}],"about":[{"href":"https:\/\/wimoov.shop\/de\/wp-json\/wp\/v2\/types\/product"}],"replies":[{"embeddable":true,"href":"https:\/\/wimoov.shop\/de\/wp-json\/wp\/v2\/comments?post=3758"}],"wp:featuredmedia":[{"embeddable":true,"href":"https:\/\/wimoov.shop\/de\/wp-json\/wp\/v2\/media\/3446"}],"wp:attachment":[{"href":"https:\/\/wimoov.shop\/de\/wp-json\/wp\/v2\/media?parent=3758"}],"wp:term":[{"taxonomy":"product_brand","embeddable":true,"href":"https:\/\/wimoov.shop\/de\/wp-json\/wp\/v2\/product_brand?post=3758"},{"taxonomy":"product_cat","embeddable":true,"href":"https:\/\/wimoov.shop\/de\/wp-json\/wp\/v2\/product_cat?post=3758"},{"taxonomy":"product_tag","embeddable":true,"href":"https:\/\/wimoov.shop\/de\/wp-json\/wp\/v2\/product_tag?post=3758"}],"curies":[{"name":"wp","href":"https:\/\/api.w.org\/{rel}","templated":true}]}}