{"id":3714,"date":"2024-07-21T16:33:57","date_gmt":"2024-07-21T14:33:57","guid":{"rendered":"https:\/\/wimoov.shop\/rueckkehr-zu\/"},"modified":"2025-07-01T16:26:38","modified_gmt":"2025-07-01T14:26:38","slug":"rueckgabe","status":"publish","type":"page","link":"https:\/\/wimoov.shop\/de\/rueckgabe\/","title":{"rendered":"R\u00fcckgabe"},"content":{"rendered":"\n<h1>R\u00dcCKGABE\/WIDERRUF<\/h1>\n<p>Wenn du deine Meinung <strong>innerhalb von 30 Tagen<\/strong> nach Erhalt deiner Lieferung von wiMOov.shop \u00e4nderst, kannst du deinen Kauf stornieren. Schicke uns das bestellte Produkt zur\u00fcck und wir erstatten dir den Preis.<\/p>\n<p>Die nachstehende Gesetzgebung regelt Ihr Recht &#8211; das wir auf 30 Tage verl\u00e4ngert haben:<\/p>\n<p><em>Gem\u00e4\u00df der Regelung der &#8220;Regierungsverordnung Nr. 17\/1999 (II.5.) Nr. 45\/2014 (II. 26.) \u00fcber die detaillierten Regeln f\u00fcr Vertr\u00e4ge zwischen Verbrauchern und Unternehmen&#8221; kann der Verbraucher innerhalb von 14 Tagen nach Erhalt des bestellten Produkts ohne Angabe von Gr\u00fcnden vom Vertrag zur\u00fccktreten und das bestellte Produkt zur\u00fcckgeben. Bei Aus\u00fcbung des Widerrufsrechts tr\u00e4gt der Verbraucher keine anderen Kosten als die Kosten f\u00fcr die R\u00fccksendung des Produkts, aber das Unternehmen kann Ersatz f\u00fcr Sachsch\u00e4den verlangen, die durch unsachgem\u00e4\u00dfen Gebrauch entstanden sind.    <\/em><\/p>\n<p><em>Der Gewerbetreibende erstattet dem Verbraucher den Kaufpreis des Produkts und die zum Zeitpunkt des Kaufs angefallenen Lieferkosten sofort nach R\u00fcckgabe des Produkts, sp\u00e4testens jedoch innerhalb von 14 Tagen, gem\u00e4\u00df der Regierungsverordnung.<\/em><\/p>\n<p><em>Die Gesetzgebung im Detail: <a href=\"http:\/\/www.kozlonyok.hu\/nkonline\/MKPDF\/hiteles\/MK14030.pdf\" target=\"_blank\" rel=\"noreferrer noopener\">http:\/\/www.kozlonyok.hu\/nkonline\/MKPDF\/hiteles\/MK14030.pdf<\/a><\/em><\/p>\n<h3><strong>Wie Sie Ihr Widerrufsrecht aus\u00fcben k\u00f6nnen<\/strong><\/h3>\n<p>Wenn Sie von Ihrem Widerrufsrecht Gebrauch machen m\u00f6chten, m\u00fcssen Sie dies innerhalb von 30 Tagen nach Erhalt des Produkts tun, indem Sie sich mit uns in Verbindung setzen (per Post, E-Mail oder Telefon), vorzugsweise in schriftlicher Form. Wenn Sie uns per Post benachrichtigen, ber\u00fccksichtigen wir das Datum des Postversands, wenn Sie uns per Telefon benachrichtigen, ber\u00fccksichtigen wir das Datum des Telefonats. Wenn Sie uns per Post benachrichtigen, vergewissern Sie sich bitte, dass Sie Ihr Schreiben per Einschreiben verschicken, denn nur so k\u00f6nnen wir das Datum der Aufgabe best\u00e4tigen. Es ist wichtig, dass das Produkt innerhalb von 14 Tagen nach dem Datum des Widerrufs versandt oder einem Kurierdienst \u00fcbergeben wird.    <strong>Die Kosten f\u00fcr die R\u00fccksendung und Austausch musst du selbst \u00fcbernehmen.<\/strong> Achten Sie besonders auf die ordnungsgem\u00e4\u00dfe Verwendung des Produkts, da der Kunde f\u00fcr Sch\u00e4den haftet, die durch unsachgem\u00e4\u00dfe Verwendung entstehen. Bitte bewahren Sie aus Gr\u00fcnden des Umweltschutzes die Originalverpackung auf und senden Sie das Produkt, wenn m\u00f6glich, in dieser zur\u00fcck.   <\/p>\n<p>Wenn Sie ein Produkt zur\u00fcckgeben, weil es fehlerhaft oder besch\u00e4digt ist, teilen Sie uns dies bitte mit.<\/p>\n<h3><strong>Das R\u00fcckgabeverfahren<\/strong><\/h3>\n<p>Melden Sie die R\u00fccksendung schriftlich an <a href=\"mailto:info@wimoov.shop\">info@wimoov.shop.<\/a> In dem Antwortschreiben erhalten Sie einen Link, mit dem Sie einen Paketcode im GLS-System generieren k\u00f6nnen. Dann brauchen Sie das Paket nur noch bei einem beliebigen GLS-Paketautomaten im Land abzugeben.  <\/p>\n<h3><strong>Verfahren zum Austausch von Produkten<\/strong><\/h3>\n<p>Senden Sie Ihre Anfrage f\u00fcr einen Produktumtausch &#8211; unter Angabe des Grundes und des Produkts, das Sie umtauschen m\u00f6chten &#8211; schriftlich an <a href=\"mailto:info@wimoov.shop\">info@wimoov.shop.<\/a> Bitte teilen Sie uns auch mit, wohin wir einen Kurier schicken k\u00f6nnen, um das neue Produkt abzuholen und das alte zur\u00fcckzuschicken. Wir ben\u00f6tigen au\u00dferdem Ihre Telefonnummer, unter der der Kurier Sie vor der Lieferung erreichen kann.  <\/p>\n<h3><strong>Erstattung<\/strong><\/h3>\n<p>Nachdem das Produkt zur\u00fcckgeschickt wurde, pr\u00fcfen wir seinen Zustand und erstatten den Kaufpreis des Produkts und die bei der Bestellung bezahlten Versandkosten innerhalb von 14 Tagen auf das vom Kunden angegebene Bankkonto. Bitte geben Sie die f\u00fcr die R\u00fcckerstattung erforderlichen Angaben &#8211; Name und Kontonummer &#8211; per E-Mail oder schriftlich im zur\u00fcckgesandten Paket an. Wenn Sie mit Kreditkarte bezahlt haben, erhalten Sie ebenfalls eine R\u00fcckerstattung auf Ihre Kreditkarte.  <\/p>\n<h3><strong>Nicht erhaltene Nachnahmepakete<\/strong><\/h3>\n<p>Im Falle eines nicht abgeholten Pakets wird die R\u00fccksendegeb\u00fchr dem Kunden in Rechnung gestellt. Wenn Sie Ihr Paket erneut zustellen lassen m\u00f6chten, wird die Zustellgeb\u00fchr erneut berechnet. <\/p>\n<p>Vielen Dank f\u00fcr Ihre Mitarbeit!<\/p>\n\n","protected":false},"excerpt":{"rendered":"","protected":false},"author":2,"featured_media":0,"parent":0,"menu_order":0,"comment_status":"closed","ping_status":"closed","template":"","meta":{"bwfblock_default_font":"","footnotes":""},"class_list":["post-3714","page","type-page","status-publish","hentry"],"_links":{"self":[{"href":"https:\/\/wimoov.shop\/de\/wp-json\/wp\/v2\/pages\/3714","targetHints":{"allow":["GET"]}}],"collection":[{"href":"https:\/\/wimoov.shop\/de\/wp-json\/wp\/v2\/pages"}],"about":[{"href":"https:\/\/wimoov.shop\/de\/wp-json\/wp\/v2\/types\/page"}],"author":[{"embeddable":true,"href":"https:\/\/wimoov.shop\/de\/wp-json\/wp\/v2\/users\/2"}],"replies":[{"embeddable":true,"href":"https:\/\/wimoov.shop\/de\/wp-json\/wp\/v2\/comments?post=3714"}],"version-history":[{"count":0,"href":"https:\/\/wimoov.shop\/de\/wp-json\/wp\/v2\/pages\/3714\/revisions"}],"wp:attachment":[{"href":"https:\/\/wimoov.shop\/de\/wp-json\/wp\/v2\/media?parent=3714"}],"curies":[{"name":"wp","href":"https:\/\/api.w.org\/{rel}","templated":true}]}}